{"id":4381,"date":"2017-11-03T16:45:47","date_gmt":"2017-11-03T16:45:47","guid":{"rendered":"https:\/\/rcn-ong.be\/?page_id=4381\/"},"modified":"2025-04-23T14:08:24","modified_gmt":"2025-04-23T12:08:24","slug":"maroc","status":"publish","type":"page","link":"https:\/\/rcn-ong.be\/en\/que-faisons-nous\/nos-pays-d-intervention\/maroc\/","title":{"rendered":"Maroc"},"content":{"rendered":"<p><em><span style=\"color: #808080;\">Derni\u00e8re mise \u00e0 jour Ao\u00fbt 2024<\/span><\/em><\/p>\n<h1>Nos partenaires<\/h1>\n<p style=\"text-align: left;\"><a href=\"https:\/\/youtu.be\/1_VwokzallY\" target=\"_blank\" rel=\"noopener noreferrer\"><img loading=\"lazy\" decoding=\"async\" class=\"wp-image-10526 alignnone\" src=\"https:\/\/rcn-ong.be\/wp-content\/uploads\/2024\/05\/OAG-site-web-300x300.png\" alt=\"\" width=\"175\" height=\"175\" srcset=\"https:\/\/rcn-ong.be\/wp-content\/uploads\/2024\/05\/OAG-site-web-300x300.png 300w, https:\/\/rcn-ong.be\/wp-content\/uploads\/2024\/05\/OAG-site-web-150x150.png 150w, https:\/\/rcn-ong.be\/wp-content\/uploads\/2024\/05\/OAG-site-web-100x100.png 100w, https:\/\/rcn-ong.be\/wp-content\/uploads\/2024\/05\/OAG-site-web-200x200.png 200w, https:\/\/rcn-ong.be\/wp-content\/uploads\/2024\/05\/OAG-site-web-450x450.png 450w, https:\/\/rcn-ong.be\/wp-content\/uploads\/2024\/05\/OAG-site-web.png 500w\" sizes=\"auto, (max-width: 175px) 100vw, 175px\" \/><\/a>D\u00e9couvrez l&#8217;association <a href=\"https:\/\/youtu.be\/1_VwokzallY\" target=\"_blank\" rel=\"noopener noreferrer\">Oujda Ain Ghazal 2000<\/a>, notre partenaire local !<\/p>\n<h1>Programme en cours<\/h1>\n<p><strong>2022 &#8211; 2026 : &#8220;TAMALLOUK 2 : Promouvoir l\u2019\u00e9galit\u00e9 homme-femme, dans la r\u00e9gion de l\u2019Oriental au Maroc, par l\u2019am\u00e9lioration des m\u00e9canismes de pr\u00e9vention et de lutte contre les violences bas\u00e9es sur le genre (VBG)&#8221;<\/strong><\/p>\n<p><span data-contrast=\"auto\">Le programme Tamallouk 2, financ\u00e9 par le Coop\u00e9ration belge au d\u00e9veloppement et mis en \u0153uvre en partenariat avec l&#8217;Association Oujda Ain Ghazal (OAG2000), s\u2019inscrit dans la continuit\u00e9 du programme 2017-2021, qui visait \u00e0 contribuer au \u00ab\u202fchangement d\u2019attitudes sociales et judiciaires face aux VBG\u202f\u00bb.<\/span><\/p>\n<p><span data-contrast=\"auto\">Par son approche holistique et multifocale, le programme souhaite \u00e9largir l\u2019acc\u00e8s \u00e0 la justice des victimes de VBG, en renfor\u00e7ant les m\u00e9canismes de pr\u00e9vention et de lutte contre ce type de violences, afin de promouvoir l\u2019\u00e9galit\u00e9 homme-femme dans la r\u00e9gion de\u00a0 l\u2019Oriental. <\/span><span data-contrast=\"auto\">Trois vecteurs de changement ont \u00e9t\u00e9 identifi\u00e9s\u202f:<\/span><span data-ccp-props=\"{&quot;335551550&quot;:6,&quot;335551620&quot;:6,&quot;335559738&quot;:120,&quot;469777462&quot;:[426],&quot;469777927&quot;:[0],&quot;469777928&quot;:[1]}\">\u00a0<\/span><\/p>\n<ol>\n<li><span data-contrast=\"auto\">L\u2019appui aux acteurs de la justice et aux acteurs associatifs de prise en charge de femmes et filles victimes de violence pour am\u00e9liorer la protection et leur capacit\u00e9 de r\u00e9ponse aux victimes de VBG ;<\/span><span data-ccp-props=\"{&quot;335551550&quot;:6,&quot;335551620&quot;:6,&quot;335559685&quot;:0,&quot;335559738&quot;:120,&quot;469777462&quot;:[426],&quot;469777927&quot;:[0],&quot;469777928&quot;:[1]}\">\u00a0<\/span><\/li>\n<li><span data-contrast=\"auto\">La sensibilisation des femmes victimes de violence \u00e0 leurs droits et de la population en g\u00e9n\u00e9ral pour \u00e9veiller la conscience collective sur les questions d\u2019\u00e9galit\u00e9 de genre et pr\u00e9venir les VBG<\/span><span data-ccp-props=\"{&quot;335551550&quot;:6,&quot;335551620&quot;:6,&quot;335559685&quot;:0,&quot;335559738&quot;:120,&quot;469777462&quot;:[426],&quot;469777927&quot;:[0],&quot;469777928&quot;:[1]}\"> ;<\/span><\/li>\n<li><span data-contrast=\"auto\">La promotion d\u2019une dynamique multi-acteurs r\u00e9gionaux\/locaux et internationaux pour mieux lutter contre les VBG, travailler sur des outils innovants et \u00e9changer les pratiques.<\/span><span data-ccp-props=\"{&quot;335551550&quot;:6,&quot;335551620&quot;:6,&quot;335559685&quot;:0,&quot;335559738&quot;:120,&quot;469777462&quot;:[426],&quot;469777927&quot;:[0],&quot;469777928&quot;:[1]}\">\u00a0<\/span><\/li>\n<\/ol>\n<p><span data-ccp-props=\"{&quot;335551550&quot;:6,&quot;335551620&quot;:6,&quot;335559738&quot;:120,&quot;469777462&quot;:[426],&quot;469777927&quot;:[0],&quot;469777928&quot;:[1]}\">\u00a0<\/span><\/p>\n<h1>Programme ant\u00e9rieur<\/h1>\n<p><strong>2017 &#8211; 2021 : &#8220;TAMALLOUK : Contribuer au changement d\u2019attitudes sociales et judiciaires face aux violences bas\u00e9es sur le genre dans la R\u00e9gion de l\u2019Oriental au Maroc&#8221;<\/strong><\/p>\n<p>Au Maroc, les droits des femmes et les principes d\u2019\u00e9galit\u00e9 genre sont inscrits dans la Constitution et connus par la population. Cependant, les perceptions socioculturelles tendent plut\u00f4t vers les id\u00e9es traditionnelles d\u2019in\u00e9galit\u00e9, qui se traduisent dans les violences bas\u00e9es sur le genre (VBG) et dans un taux tr\u00e8s r\u00e9duit de plaintes et de condamnations. RCN J&amp;D et son partenaire souhaitent contribuer au changement des attitudes sociales et judicaires face aux VBG dans la R\u00e9gion de l\u2019Orientale du Maroc, notamment en amenant \u00a0la population \u00e0 adopter une attitude de rejet des VBG et d\u2019appui aux victimes \u00e0 travers une s\u00e9rie d\u2019activit\u00e9s, mais aussi en travaillant avec les acteurs sociaux, judiciaires et m\u00e9diatiques afin qu\u2019ils apportent une r\u00e9ponse plus efficace aux victimes de VGB.<\/p>\n<p><a href=\"https:\/\/rcn-ong.be\/wp-content\/uploads\/2019\/10\/20190725_D\u00e9pliant-pr\u00e9sentation-Maroc_VIN.pdf\">Plus d&#8217;informations<\/a><\/p>\n\n\n<h5 class=\"wp-block-heading\"><\/h5>\n","protected":false},"excerpt":{"rendered":"<p><em><span style=\"color: #808080;\">Derni\u00e8re mise \u00e0 jour Ao\u00fbt 2024<\/span><\/em><\/p>\n<p>Nos partenaires<\/p>\n<p style=\"text-align: left;\"><a href=\"https:\/\/youtu.be\/1_VwokzallY\" target=\"_blank\" rel=\"noopener noreferrer\"><img loading=\"lazy\" decoding=\"async\" class=\"wp-image-10526 alignnone\" src=\"https:\/\/rcn-ong.be\/wp-content\/uploads\/2024\/05\/OAG-site-web-300x300.png\" alt=\"\" width=\"175\" height=\"175\" srcset=\"https:\/\/rcn-ong.be\/wp-content\/uploads\/2024\/05\/OAG-site-web-300x300.png 300w, https:\/\/rcn-ong.be\/wp-content\/uploads\/2024\/05\/OAG-site-web-150x150.png 150w, https:\/\/rcn-ong.be\/wp-content\/uploads\/2024\/05\/OAG-site-web-100x100.png 100w, https:\/\/rcn-ong.be\/wp-content\/uploads\/2024\/05\/OAG-site-web-200x200.png 200w, https:\/\/rcn-ong.be\/wp-content\/uploads\/2024\/05\/OAG-site-web-450x450.png 450w, https:\/\/rcn-ong.be\/wp-content\/uploads\/2024\/05\/OAG-site-web.png 500w\" sizes=\"auto, (max-width: 175px) 100vw, 175px\" \/><\/a>D\u00e9couvrez l&#8217;association <a href=\"https:\/\/youtu.be\/1_VwokzallY\" target=\"_blank\" rel=\"noopener noreferrer\">Oujda Ain Ghazal 2000<\/a>, notre partenaire local !<\/p>\n<p>Programme en cours<\/p>\n<p><strong>2022 &#8211; 2026 : &#8220;TAMALLOUK 2 : Promouvoir l\u2019\u00e9galit\u00e9 homme-femme,<\/strong><\/p>\n<p><span class=\"ellipsis\">&hellip;<\/span><\/p>\n<div class=\"read-more\"><a href=\"https:\/\/rcn-ong.be\/en\/que-faisons-nous\/nos-pays-d-intervention\/maroc\/\">Read more &#8250;<\/a><\/div>\n<p><!-- end of .read-more --><\/p>\n","protected":false},"author":3,"featured_media":0,"parent":2069,"menu_order":0,"comment_status":"closed","ping_status":"closed","template":"sidebar-content-page.php","meta":{"footnotes":""},"class_list":["post-4381","page","type-page","status-publish","hentry"],"_links":{"self":[{"href":"https:\/\/rcn-ong.be\/en\/wp-json\/wp\/v2\/pages\/4381","targetHints":{"allow":["GET"]}}],"collection":[{"href":"https:\/\/rcn-ong.be\/en\/wp-json\/wp\/v2\/pages"}],"about":[{"href":"https:\/\/rcn-ong.be\/en\/wp-json\/wp\/v2\/types\/page"}],"author":[{"embeddable":true,"href":"https:\/\/rcn-ong.be\/en\/wp-json\/wp\/v2\/users\/3"}],"replies":[{"embeddable":true,"href":"https:\/\/rcn-ong.be\/en\/wp-json\/wp\/v2\/comments?post=4381"}],"version-history":[{"count":30,"href":"https:\/\/rcn-ong.be\/en\/wp-json\/wp\/v2\/pages\/4381\/revisions"}],"predecessor-version":[{"id":11717,"href":"https:\/\/rcn-ong.be\/en\/wp-json\/wp\/v2\/pages\/4381\/revisions\/11717"}],"up":[{"embeddable":true,"href":"https:\/\/rcn-ong.be\/en\/wp-json\/wp\/v2\/pages\/2069"}],"wp:attachment":[{"href":"https:\/\/rcn-ong.be\/en\/wp-json\/wp\/v2\/media?parent=4381"}],"curies":[{"name":"wp","href":"https:\/\/api.w.org\/{rel}","templated":true}]}}