{"id":4467,"date":"2018-01-10T16:41:23","date_gmt":"2018-01-10T16:41:23","guid":{"rendered":"https:\/\/rcn-ong.be\/?page_id=4467\/"},"modified":"2018-01-11T14:42:34","modified_gmt":"2018-01-11T14:42:34","slug":"kuleta-haki-provide-justice","status":"publish","type":"page","link":"https:\/\/rcn-ong.be\/en\/que-faisons-nous\/nos-pays-d-intervention\/republique-democratique-du-congo\/realisations-anterieures\/kuleta-haki-provide-justice\/","title":{"rendered":"&#8220;KULETA HAKI &#8211; Provide Justice&#8221;"},"content":{"rendered":"<p><a href=\"https:\/\/rcn-ong.be\/wp-content\/uploads\/2018\/01\/RDC-Kuleta-Haki.jpg\"><img loading=\"lazy\" decoding=\"async\" class=\"wp-image-4468 size-full aligncenter\" src=\"https:\/\/rcn-ong.be\/wp-content\/uploads\/2018\/01\/RDC-Kuleta-Haki.jpg\" alt=\"\" width=\"427\" height=\"188\" srcset=\"https:\/\/rcn-ong.be\/wp-content\/uploads\/2018\/01\/RDC-Kuleta-Haki.jpg 427w, https:\/\/rcn-ong.be\/wp-content\/uploads\/2018\/01\/RDC-Kuleta-Haki-300x132.jpg 300w, https:\/\/rcn-ong.be\/wp-content\/uploads\/2018\/01\/RDC-Kuleta-Haki-100x44.jpg 100w, https:\/\/rcn-ong.be\/wp-content\/uploads\/2018\/01\/RDC-Kuleta-Haki-150x66.jpg 150w, https:\/\/rcn-ong.be\/wp-content\/uploads\/2018\/01\/RDC-Kuleta-Haki-200x88.jpg 200w\" sizes=\"auto, (max-width: 427px) 100vw, 427px\" \/><\/a><\/p>\n<p>La pratique de la corruption est profond\u00e9ment ancr\u00e9e dans les institutions \u00e9tatiques en R\u00e9publique d\u00e9mocratique du Congo (RDC). Dans le syst\u00e8me judiciaire congolais, la corruption emp\u00eache la mise en place de la primaut\u00e9 du droit et emp\u00eache de donner acc\u00e8s \u00e0 la justice \u00e0 la population. Selon un acteur judiciaire exp\u00e9riment\u00e9, les pressions politiques et la corruption mon\u00e9taire ont produit une justice d\u00e9r\u00e9gul\u00e9e et dysfonctionnelle.<\/p>\n<p>Depuis plus de 20 ans, RCN J&amp;D a mis en oeuvre de nombreux programmes d\u2019appui \u00e0 la justice. Toutefois, le constat est que la question de la corruption est parfois difficile \u00e0 aborder, alors m\u00eame qu\u2019elle constitue un frein \u00e0 la r\u00e9ussite de certains programmes d\u2019appui et de r\u00e9forme. Ainsi, l\u2019\u00e9valuation du Programme d\u2019appui au renforcement de la justice \u00e0 l\u2019Est de la RDC (PARJ-E\/ UHAKI SAFI), dans lequel RCN J&amp;D a mis en oeuvre la composante \u2018offre de justice\u2019, a conclu\u00a0: \u00ab\u00a0Comment imaginer qu\u2019un simple appui technique et des actions de sensibilisation \/ information pourraient suffire \u00e0 g\u00e9n\u00e9rer la confiance n\u00e9cessaire de la population \u00e0 l\u2019\u00e9gard de l\u2019institution judiciaire, si cette question du fonctionnement de l\u2019Etat et de la corruption n\u2019est pas trait\u00e9e concomitamment\u00a0? Le d\u00e9veloppement d\u2019une r\u00e9flexion sur la \u00ab\u00a0non nocivit\u00e9\u00a0\u00bb de l\u2019aide institutionnelle dans un tel environnement nous semble imp\u00e9rative dans le contexte congolais\u00a0\u00bb. D\u2019o\u00f9 la volont\u00e9, du c\u00f4t\u00e9 de RCN J&amp;D, d\u2019adresser la probl\u00e9matique de la corruption dans ses programmes de soutien \u00e0 l\u2019institution judiciaire, en commen\u00e7ant par un projet pilote tel que Kuleta Haki. Pour cela, l\u2019approche l\u00e9galiste qui consiste \u00e0 renforcer les cadres l\u00e9gaux et \u00e0 sensibiliser les acteurs aux risques de sanctions a montr\u00e9 ses limites. Le projet pilote Kuleta Haki propose une approche plus sociologique de la probl\u00e9matique, bas\u00e9e sur une analyse syst\u00e9mique et la th\u00e9orie du changement.<\/p>\n<p><a href=\"https:\/\/rcn-ong.be\/wp-content\/uploads\/2018\/01\/Fiche-Projet-KULETA-HAKI-VOUT.pdf\">Plus d&#8217;informations<\/a><\/p>\n","protected":false},"excerpt":{"rendered":"<p><a href=\"https:\/\/rcn-ong.be\/wp-content\/uploads\/2018\/01\/RDC-Kuleta-Haki.jpg\"><img loading=\"lazy\" decoding=\"async\" class=\"wp-image-4468 size-full aligncenter\" src=\"https:\/\/rcn-ong.be\/wp-content\/uploads\/2018\/01\/RDC-Kuleta-Haki.jpg\" alt=\"\" width=\"427\" height=\"188\" srcset=\"https:\/\/rcn-ong.be\/wp-content\/uploads\/2018\/01\/RDC-Kuleta-Haki.jpg 427w, https:\/\/rcn-ong.be\/wp-content\/uploads\/2018\/01\/RDC-Kuleta-Haki-300x132.jpg 300w, https:\/\/rcn-ong.be\/wp-content\/uploads\/2018\/01\/RDC-Kuleta-Haki-100x44.jpg 100w, https:\/\/rcn-ong.be\/wp-content\/uploads\/2018\/01\/RDC-Kuleta-Haki-150x66.jpg 150w, https:\/\/rcn-ong.be\/wp-content\/uploads\/2018\/01\/RDC-Kuleta-Haki-200x88.jpg 200w\" sizes=\"auto, (max-width: 427px) 100vw, 427px\" \/><\/a><\/p>\n<p>La pratique de la corruption est profond\u00e9ment ancr\u00e9e dans les institutions \u00e9tatiques en R\u00e9publique d\u00e9mocratique du Congo (RDC). Dans le syst\u00e8me judiciaire congolais, la corruption emp\u00eache la mise en place de la primaut\u00e9 du droit et emp\u00eache de donner acc\u00e8s \u00e0 la justice \u00e0 la population.<\/p>\n<p><span class=\"ellipsis\">&hellip;<\/span><\/p>\n<div class=\"read-more\"><a href=\"https:\/\/rcn-ong.be\/en\/que-faisons-nous\/nos-pays-d-intervention\/republique-democratique-du-congo\/realisations-anterieures\/kuleta-haki-provide-justice\/\">Read more &#8250;<\/a><\/div>\n<p><!-- end of .read-more --><\/p>\n","protected":false},"author":3,"featured_media":0,"parent":2964,"menu_order":0,"comment_status":"closed","ping_status":"closed","template":"","meta":{"footnotes":""},"class_list":["post-4467","page","type-page","status-publish","hentry"],"_links":{"self":[{"href":"https:\/\/rcn-ong.be\/en\/wp-json\/wp\/v2\/pages\/4467","targetHints":{"allow":["GET"]}}],"collection":[{"href":"https:\/\/rcn-ong.be\/en\/wp-json\/wp\/v2\/pages"}],"about":[{"href":"https:\/\/rcn-ong.be\/en\/wp-json\/wp\/v2\/types\/page"}],"author":[{"embeddable":true,"href":"https:\/\/rcn-ong.be\/en\/wp-json\/wp\/v2\/users\/3"}],"replies":[{"embeddable":true,"href":"https:\/\/rcn-ong.be\/en\/wp-json\/wp\/v2\/comments?post=4467"}],"version-history":[{"count":3,"href":"https:\/\/rcn-ong.be\/en\/wp-json\/wp\/v2\/pages\/4467\/revisions"}],"predecessor-version":[{"id":4472,"href":"https:\/\/rcn-ong.be\/en\/wp-json\/wp\/v2\/pages\/4467\/revisions\/4472"}],"up":[{"embeddable":true,"href":"https:\/\/rcn-ong.be\/en\/wp-json\/wp\/v2\/pages\/2964"}],"wp:attachment":[{"href":"https:\/\/rcn-ong.be\/en\/wp-json\/wp\/v2\/media?parent=4467"}],"curies":[{"name":"wp","href":"https:\/\/api.w.org\/{rel}","templated":true}]}}