{"id":4509,"date":"2018-01-11T16:35:03","date_gmt":"2018-01-11T16:35:03","guid":{"rendered":"https:\/\/rcn-ong.be\/?page_id=4509\/"},"modified":"2018-01-11T16:35:49","modified_gmt":"2018-01-11T16:35:49","slug":"mars-2016-etude-sur-les-modes-de-resolution-formels-et-informels-des-conflits-fonciers","status":"publish","type":"page","link":"https:\/\/rcn-ong.be\/en\/publications\/etudes\/mars-2016-etude-sur-les-modes-de-resolution-formels-et-informels-des-conflits-fonciers\/","title":{"rendered":"Mars 2016 : Etude sur les modes de r\u00e9solution formels et informels des conflits fonciers"},"content":{"rendered":"<p>&nbsp;<\/p>\n<p>La pr<a href=\"https:\/\/rcn-ong.be\/wp-content\/uploads\/2018\/01\/2015-_rcn_jd_rdc_etude_foncier_2015.pdf\"><img loading=\"lazy\" decoding=\"async\" class=\"alignleft wp-image-4512 size-medium\" src=\"https:\/\/rcn-ong.be\/wp-content\/uploads\/2018\/01\/2016-RDC-etude-foncier-vignette-211x300.jpg\" alt=\"\" width=\"211\" height=\"300\" srcset=\"https:\/\/rcn-ong.be\/wp-content\/uploads\/2018\/01\/2016-RDC-etude-foncier-vignette-211x300.jpg 211w, https:\/\/rcn-ong.be\/wp-content\/uploads\/2018\/01\/2016-RDC-etude-foncier-vignette-100x142.jpg 100w, https:\/\/rcn-ong.be\/wp-content\/uploads\/2018\/01\/2016-RDC-etude-foncier-vignette-150x213.jpg 150w, https:\/\/rcn-ong.be\/wp-content\/uploads\/2018\/01\/2016-RDC-etude-foncier-vignette-200x284.jpg 200w, https:\/\/rcn-ong.be\/wp-content\/uploads\/2018\/01\/2016-RDC-etude-foncier-vignette-300x427.jpg 300w, https:\/\/rcn-ong.be\/wp-content\/uploads\/2018\/01\/2016-RDC-etude-foncier-vignette-450x640.jpg 450w, https:\/\/rcn-ong.be\/wp-content\/uploads\/2018\/01\/2016-RDC-etude-foncier-vignette.jpg 547w\" sizes=\"auto, (max-width: 211px) 100vw, 211px\" \/><\/a>obl\u00e9matique des conflits fonciers en RDC est un d\u00e9fi connu et reconnu de tous, de par son ampleur, sa complexit\u00e9 et ses cons\u00e9quences. La pr\u00e9sente \u00e9tude, commandit\u00e9e par RCN Justice &amp; D\u00e9mocratie dans le cadre d\u2019un projet visant \u00e0 am\u00e9liorer la s\u00e9curit\u00e9 juridique des citoyens congolais dans les provinces de Kinshasa et du Kasa\u00ef Occidental, a un double objectif\u00a0: d\u2019une part disposer d\u2019une meilleure compr\u00e9hension des dynamiques locales en terme de gestion des conflits fonciers, et d\u2019autre part apporter une contribution \u00e0 la r\u00e9forme fonci\u00e8re, particuli\u00e8rement dans son axe d\u2019am\u00e9lioration de la chaine de gestion des conflits fonciers.<\/p>\n<p>De fa\u00e7on plus sp\u00e9cifique, cette recherche vise \u00e0 informer sur les principaux types de conflits en pr\u00e9sence dans les deux provinces, leurs causes, et les modes de r\u00e9solution que les citoyens choisissent pour y apporter une solution. Il s\u2019agit donc de documenter par des cas concrets les modes formels et informels de r\u00e9solution des conflits fonciers et d\u2019apporter des propositions afin de mieux articuler ces syst\u00e8mes pour une meilleure prise en charge de ces conflits.<\/p>\n<p>Nous esp\u00e9rons, modestement, que ces quelques r\u00e9flexions pratiques contribueront \u00e0 une r\u00e9forme fonci\u00e8re efficace et adapt\u00e9e aux besoins des justiciables congolais.<\/p>\n<p><a href=\"https:\/\/rcn-ong.be\/wp-content\/uploads\/2018\/01\/2015-_rcn_jd_rdc_etude_foncier_2015.pdf\">2015-_rcn_jd_rdc_etude_foncier_2015<\/a><\/p>\n","protected":false},"excerpt":{"rendered":"<p>&nbsp;<\/p>\n<p>La pr<a href=\"https:\/\/rcn-ong.be\/wp-content\/uploads\/2018\/01\/2015-_rcn_jd_rdc_etude_foncier_2015.pdf\"><img loading=\"lazy\" decoding=\"async\" class=\"alignleft wp-image-4512 size-medium\" src=\"https:\/\/rcn-ong.be\/wp-content\/uploads\/2018\/01\/2016-RDC-etude-foncier-vignette-211x300.jpg\" alt=\"\" width=\"211\" height=\"300\" srcset=\"https:\/\/rcn-ong.be\/wp-content\/uploads\/2018\/01\/2016-RDC-etude-foncier-vignette-211x300.jpg 211w, https:\/\/rcn-ong.be\/wp-content\/uploads\/2018\/01\/2016-RDC-etude-foncier-vignette-100x142.jpg 100w, https:\/\/rcn-ong.be\/wp-content\/uploads\/2018\/01\/2016-RDC-etude-foncier-vignette-150x213.jpg 150w, https:\/\/rcn-ong.be\/wp-content\/uploads\/2018\/01\/2016-RDC-etude-foncier-vignette-200x284.jpg 200w, https:\/\/rcn-ong.be\/wp-content\/uploads\/2018\/01\/2016-RDC-etude-foncier-vignette-300x427.jpg 300w, https:\/\/rcn-ong.be\/wp-content\/uploads\/2018\/01\/2016-RDC-etude-foncier-vignette-450x640.jpg 450w, https:\/\/rcn-ong.be\/wp-content\/uploads\/2018\/01\/2016-RDC-etude-foncier-vignette.jpg 547w\" sizes=\"auto, (max-width: 211px) 100vw, 211px\" \/><\/a>obl\u00e9matique des conflits fonciers en RDC est un d\u00e9fi connu et reconnu de tous, de par son ampleur, sa complexit\u00e9 et ses cons\u00e9quences. La pr\u00e9sente \u00e9tude, commandit\u00e9e par RCN Justice &amp; D\u00e9mocratie dans le cadre d\u2019un projet visant \u00e0 am\u00e9liorer la s\u00e9curit\u00e9 juridique des citoyens congolais dans les provinces de Kinshasa et du Kasa\u00ef Occidental,<\/p>\n<p><span class=\"ellipsis\">&hellip;<\/span><\/p>\n<div class=\"read-more\"><a href=\"https:\/\/rcn-ong.be\/en\/publications\/etudes\/mars-2016-etude-sur-les-modes-de-resolution-formels-et-informels-des-conflits-fonciers\/\">Read more &#8250;<\/a><\/div>\n<p><!-- end of .read-more --><\/p>\n","protected":false},"author":3,"featured_media":0,"parent":2077,"menu_order":0,"comment_status":"closed","ping_status":"closed","template":"","meta":{"footnotes":""},"class_list":["post-4509","page","type-page","status-publish","hentry"],"_links":{"self":[{"href":"https:\/\/rcn-ong.be\/en\/wp-json\/wp\/v2\/pages\/4509","targetHints":{"allow":["GET"]}}],"collection":[{"href":"https:\/\/rcn-ong.be\/en\/wp-json\/wp\/v2\/pages"}],"about":[{"href":"https:\/\/rcn-ong.be\/en\/wp-json\/wp\/v2\/types\/page"}],"author":[{"embeddable":true,"href":"https:\/\/rcn-ong.be\/en\/wp-json\/wp\/v2\/users\/3"}],"replies":[{"embeddable":true,"href":"https:\/\/rcn-ong.be\/en\/wp-json\/wp\/v2\/comments?post=4509"}],"version-history":[{"count":2,"href":"https:\/\/rcn-ong.be\/en\/wp-json\/wp\/v2\/pages\/4509\/revisions"}],"predecessor-version":[{"id":4514,"href":"https:\/\/rcn-ong.be\/en\/wp-json\/wp\/v2\/pages\/4509\/revisions\/4514"}],"up":[{"embeddable":true,"href":"https:\/\/rcn-ong.be\/en\/wp-json\/wp\/v2\/pages\/2077"}],"wp:attachment":[{"href":"https:\/\/rcn-ong.be\/en\/wp-json\/wp\/v2\/media?parent=4509"}],"curies":[{"name":"wp","href":"https:\/\/api.w.org\/{rel}","templated":true}]}}