{"id":4748,"date":"2019-10-07T12:14:37","date_gmt":"2019-10-07T10:14:37","guid":{"rendered":"https:\/\/rcn-ong.be\/?page_id=4748"},"modified":"2019-10-07T12:41:52","modified_gmt":"2019-10-07T10:41:52","slug":"stagiaire-sous-convention-dimmersion-professionnelle","status":"publish","type":"page","link":"https:\/\/rcn-ong.be\/en\/agir-participer\/offres-demploi\/stagiaire-sous-convention-dimmersion-professionnelle\/","title":{"rendered":"Stagiaire sous Convention d\u2019Immersion Professionnelle"},"content":{"rendered":"\n<h2 class=\"wp-block-heading\"><\/h2>\n\n\n\n<p>RCN J&amp;D est une ONG belge qui m\u00e8ne depuis 1994 des projets de reconstruction de l\u2019Etat de droit dans diff\u00e9rents pays en transition ou en d\u00e9veloppement.  Pour servir la soci\u00e9t\u00e9 et les personnes, la justice doit s\u2019adapter aux r\u00e9alit\u00e9s et besoins sociaux, \u00e9conomiques et culturels&nbsp;; permettre le dialogue et le maintien du lien social&nbsp;; \u00eatre accessible \u00e0 tous&nbsp;; instituer des normes et des pratiques positives garantissant les libert\u00e9s et l\u2019\u00e9galit\u00e9 devant la loi&nbsp;; lutter contre l\u2019impunit\u00e9 des crimes les plus graves et enfin respecter les principes de l\u2019Etat de droit.<\/p>\n\n\n\n<p>La mission de RCN J&amp;D est de \u00ab&nbsp;Promouvoir et appuyer une Justice de Proximit\u00e9 et une Justice Transitionnelle, ainsi que des pratiques d\u00e9mocratiques dans des soci\u00e9t\u00e9s et des Etats en transition ou en d\u00e9veloppement et sensibiliser le public europ\u00e9en \u00e0 la pr\u00e9vention des conflits.&nbsp;\u00bb. RCN J&amp;D identifie le renforcement des principes et m\u00e9canismes de la justice comme vecteur essentiel pour le d\u00e9veloppement et la paix durables.<\/p>\n\n\n\n<p>Ses actions de soutien \u00e0 la reconstruction du syst\u00e8me judiciaire s\u2019adressent tant aux op\u00e9rateurs institutionnels qu\u2019\u00e0 la soci\u00e9t\u00e9 civile. A travers ses activit\u00e9s, RCN J&amp;D contribue \u00e0 l\u2019institution d\u2019une justice au service de la soci\u00e9t\u00e9 et des personnes, garantissant les droits des plus vuln\u00e9rables.<\/p>\n\n\n\n<p>RCN J&amp;D intervient actuellement en RDC, au Rwanda, au Maroc et en Europe.<\/p>\n\n\n\n<p><strong>Vous \u00eates passionn\u00e9-e par la justice et le d\u00e9veloppement&nbsp;?<br>\nVous avez envie de contribuer \u00e0 l\u2019organisation des \u00e9v\u00e9nements de c\u00e9l\u00e9bration des 25 ans de RCN J&amp;D&nbsp;?<br>\nVenez rejoindre l\u2019\u00e9quipe de RCN J&amp;D \u00e0 Bruxelles pour mettre \u00e0 contribution votre engagement&nbsp;!<\/strong><\/p>\n\n\n\n<p><strong>Responsabilit\u00e9s<\/strong><br>\nSous la supervision du comit\u00e9 d\u2019organisation, vous serez responsable de la coordination des \u00e9v\u00e9nements relatifs \u00e0 la c\u00e9l\u00e9bration des 25 ans de RCN et plus particuli\u00e8rement de ceux organis\u00e9s sur Bruxelles et en Belgique.<br>\nCela comporte notamment les responsabilit\u00e9s suivantes&nbsp;:<br>\n<em>Concernant \u00ab&nbsp;r\u00e9flexion th\u00e9matique et apport de contenu&nbsp;\u00bb\u2026<\/em><\/p>\n\n\n\n<ul class=\"wp-block-list\"><li> Animer et coordonner le travail quotidien du r\u00e9seau compos\u00e9 de l\u2019\u00e9quipe de RCN J&amp;D, de son CA, de ses membres et d\u2019experts b\u00e9n\u00e9voles \u0153uvrant sur les th\u00e9matiques qui seront mises en avant dans le cadre de cette 25\u00e8me ann\u00e9e de l\u2019association (Etat de Droit, transmission de la m\u00e9moire, r\u00f4le de la justice, dialogue social\u2026)&nbsp;;<\/li><li> Effectuer des recherches th\u00e9matiques et coordonner les publications dans le domaine&nbsp;;<\/li><li> D\u00e9velopper un r\u00e9seau de contacts et des partenariats&nbsp;;<\/li><li> G\u00e9rer le budget op\u00e9rationnel d\u00e9di\u00e9 au projet avec l\u2019appui de notre d\u00e9partement Administration- finances et logistiques&nbsp;;<\/li><li> Coordonner et organiser les \u00e9v\u00e9nements publics d\u00e9coulant du travail du r\u00e9seau de b\u00e9n\u00e9voles et experts<\/li><li> Intervenir activement dans la recherche de soutiens ext\u00e9rieurs (b\u00e9n\u00e9voles, appuis financiers, mat\u00e9riels\u2026)<\/li><\/ul>\n\n\n\n<p><em>Mais aussi, pour l\u2019axe communication\u2026<\/em><\/p>\n\n\n\n<ul class=\"wp-block-list\"><li> Coordonner la r\u00e9alisation de la strat\u00e9gie de communication globale de l\u2019organisation, cr\u00e9ation d\u2019outils et mise en \u0153uvre des activit\u00e9s&nbsp;;<\/li><li> Assurer la communication interne et externe de l\u2019organisation autour de votre projet et de mani\u00e8re plus large apporter un appui en communication \u00e0 l\u2019\u00e9quipe en fonction (si\u00e8ge et terrains)&nbsp;;<\/li><li> S\u2019assurer de la coh\u00e9rence des messages et de l\u2019identit\u00e9 visuelle de l\u2019organisation, notamment en veillant au respect de la ligne \u00e9ditoriale et de la charte graphique&nbsp;;<\/li><li> Assurer la gestion du site web et des plateformes en ligne&nbsp;: mise \u00e0 jour, mise en ligne, organisation des pages, enrichissement du contenu (textes, vid\u00e9os, photos)&nbsp;;<\/li><li> Gestion de la newsletter et participation \u00e0 la r\u00e9daction des rapports&nbsp;: collecte d\u2019info et\/ou de t\u00e9moignages, r\u00e9daction d\u2019articles, relecture, mise en ligne, diffusion, gestion de la liste de contacts&nbsp;;<\/li><li> Identifier, d\u00e9velopper et animer des outils de communication interne (ayant pour but d\u2019informer et de motiver les \u00e9quipes, d\u2019assurer une communication optimale entre tous les collaborateurs de RCN J&amp;D.et externe) et externe&nbsp;;<\/li><\/ul>\n\n\n\n<p><em>Enfin,<\/em><\/p>\n\n\n\n<ul class=\"wp-block-list\"><li> Participer aux dossiers transversaux organis\u00e9s au niveau de l\u2019association<\/li><li> Participer activement aux r\u00e9unions d\u2019\u00e9quipe et programmatique&nbsp;;<\/li><\/ul>\n\n\n\n<p><strong>Profil recherch\u00e9&nbsp;:<\/strong><\/p>\n\n\n\n<ul class=\"wp-block-list\"><li> Dipl\u00f4me universitaire en droit, en sciences politiques ou tout autre domaine pertinent (niveau master ou licence)&nbsp;;<\/li><li> Pas d\u2019exp\u00e9rience professionnelle r\u00e9mun\u00e9r\u00e9e requise mais quelques stages dans le milieu des ONG et du d\u00e9veloppement et\/ou dans des fonctions juridiques sont des atouts consid\u00e9r\u00e9s&nbsp;;<\/li><li> Capacit\u00e9s d\u2019analyse politique, de conceptualisation et esprit de synth\u00e8se&nbsp;;<\/li><li> Tr\u00e8s bonne connaissance du fran\u00e7ais et de l\u2019anglais (lu, \u00e9crit, parl\u00e9)&nbsp;;<\/li><li> Bonne connaissance du n\u00e9erlandais \u00e9tant un atout&nbsp;;<\/li><li> Sensibilit\u00e9 \u00e0 la probl\u00e9matique du d\u00e9veloppement &amp; de la justice&nbsp;;<\/li><li> Ma\u00eetrise du pack Office aini que de Publisher ou autre logiciel de mise en page&nbsp;;<\/li><li> Connaissance de la gestion d\u2019un site web et alimentation des r\u00e9seaux sociaux<\/li><\/ul>\n\n\n\n<p><strong>Dur\u00e9e <\/strong>&nbsp;: RCN Justice &amp; D\u00e9mocratie propose une stage de 6 mois<\/p>\n\n\n\n<p><strong>Quand <\/strong>&nbsp;: d\u00e8s que possible et apr\u00e8s avis favorable de Bruxelles Formation<\/p>\n\n\n\n<p><strong>Lieu <\/strong>&nbsp;: Bruxelles (Belgique)<\/p>\n\n\n\n<p><strong>Conditions <\/strong>&nbsp;: bar\u00e8me de l\u2019apprentissage industriel<\/p>\n\n\n\n<p>Une lettre de motivation accompagn\u00e9e d\u2019un CV en fran\u00e7ais doit \u00eatre adress\u00e9s <strong>au plus tard le 13 octobre 2019 <\/strong> par email \u00e0 Patricia KELA job@rcn-ong.be  en mentionnant \u00ab&nbsp;Charg\u00e9-e \u00e9v\u00e9nements&nbsp;\u00bb dans l\u2019objet du mail. <br>\nLes candidat-e-s sont invit\u00e9-es \u00e0 mentionner leurs disponibilit\u00e9s dans la lettre de motivation et d\u2019ajouter les coordonn\u00e9es de deux personnes de r\u00e9f\u00e9rences.<\/p>\n\n\n\n<p>Des informations sur RCN Justice &amp; D\u00e9mocratie sont accessibles sur le site <a href=\"http:\/\/www.rcn-ong.be\/\" target=\"_blank\" rel=\"noreferrer noopener\">www.rcn-ong.be<\/a><\/p>\n\n\n\n<p><strong>RCN J&amp;D se r\u00e9serve la possibilit\u00e9 de finaliser la s\u00e9lection avant la date de cl\u00f4ture de r\u00e9ception des candidatures. Merci pour votre compr\u00e9hension.<\/strong><\/p>\n\n\n\n<p><em>Seuls les candidat-e-s retenu-e s seront contact\u00e9-e s.<\/em><\/p>\n\n\n\n<p><a href=\"https:\/\/rcn-ong.be\/wp-content\/uploads\/2019\/10\/20190911_rcn_jd_-_offre_etat_de_droit_-_25_ans_com_vout.pdf\">PDF<\/a><\/p>\n","protected":false},"excerpt":{"rendered":"<p>RCN J&amp;D est une ONG belge qui m\u00e8ne depuis 1994 des projets de reconstruction de l\u2019Etat de droit dans diff\u00e9rents pays en transition ou en d\u00e9veloppement.  Pour servir la soci\u00e9t\u00e9 et les personnes, la justice doit s\u2019adapter aux r\u00e9alit\u00e9s et besoins sociaux,<\/p>\n<p><span class=\"ellipsis\">&hellip;<\/span><\/p>\n<div class=\"read-more\"><a href=\"https:\/\/rcn-ong.be\/en\/agir-participer\/offres-demploi\/stagiaire-sous-convention-dimmersion-professionnelle\/\">Read more &#8250;<\/a><\/div>\n<p><!-- end of .read-more --><\/p>\n","protected":false},"author":3,"featured_media":0,"parent":2085,"menu_order":0,"comment_status":"closed","ping_status":"closed","template":"","meta":{"footnotes":""},"class_list":["post-4748","page","type-page","status-publish","hentry"],"_links":{"self":[{"href":"https:\/\/rcn-ong.be\/en\/wp-json\/wp\/v2\/pages\/4748","targetHints":{"allow":["GET"]}}],"collection":[{"href":"https:\/\/rcn-ong.be\/en\/wp-json\/wp\/v2\/pages"}],"about":[{"href":"https:\/\/rcn-ong.be\/en\/wp-json\/wp\/v2\/types\/page"}],"author":[{"embeddable":true,"href":"https:\/\/rcn-ong.be\/en\/wp-json\/wp\/v2\/users\/3"}],"replies":[{"embeddable":true,"href":"https:\/\/rcn-ong.be\/en\/wp-json\/wp\/v2\/comments?post=4748"}],"version-history":[{"count":5,"href":"https:\/\/rcn-ong.be\/en\/wp-json\/wp\/v2\/pages\/4748\/revisions"}],"predecessor-version":[{"id":4761,"href":"https:\/\/rcn-ong.be\/en\/wp-json\/wp\/v2\/pages\/4748\/revisions\/4761"}],"up":[{"embeddable":true,"href":"https:\/\/rcn-ong.be\/en\/wp-json\/wp\/v2\/pages\/2085"}],"wp:attachment":[{"href":"https:\/\/rcn-ong.be\/en\/wp-json\/wp\/v2\/media?parent=4748"}],"curies":[{"name":"wp","href":"https:\/\/api.w.org\/{rel}","templated":true}]}}