{"id":4791,"date":"2019-10-07T13:20:25","date_gmt":"2019-10-07T11:20:25","guid":{"rendered":"https:\/\/rcn-ong.be\/?page_id=4791"},"modified":"2019-10-07T13:20:25","modified_gmt":"2019-10-07T11:20:25","slug":"stagiaire-assistant-des-programmes-a-bruxelles","status":"publish","type":"page","link":"https:\/\/rcn-ong.be\/en\/stagiaire-assistant-des-programmes-a-bruxelles\/","title":{"rendered":"Stagiaire Assistant des programmes \u00e0 Bruxelles"},"content":{"rendered":"\n<p>RCN Justice &amp; D\u00e9mocratie est une ONG belge qui d\u00e9veloppe des actions dans le domaine de la justice aupr\u00e8s des autorit\u00e9s engag\u00e9es dans un processus d\u2019instauration ou de restauration de l\u2019Etat de droit et aupr\u00e8s de la soci\u00e9t\u00e9 civile (<a href=\"http:\/\/www.rcn-ong.be\/\" target=\"_blank\" rel=\"noreferrer noopener\">www.rcn-ong.be<\/a>). L\u2019objectif est de contribuer \u00e0 garantir le respect des droits fondamentaux de toute personne en d\u00e9fendant plus particuli\u00e8rement le droit \u00e0 la justice, ainsi que la protection des droits reconnus par les conventions internationales.<\/p>\n\n\n\n<p>RCN Justice &amp; D\u00e9mocratie travaille au Rwanda, au Burundi, en R\u00e9publique D\u00e9mocratique du Congo, au Tchad, au S\u00e9n\u00e9gal et en Belgique. Les activit\u00e9s comprennent un appui technique aux institutions judiciaires&nbsp;; le soutien \u00e0 la formation d\u2019acteurs de justice&nbsp;; le renforcement des capacit\u00e9s op\u00e9rationnelles des acteurs de la soci\u00e9t\u00e9 civile \u0153uvrant \u00e0 la promotion de la justice et des droits humains&nbsp;; la diffusion\/vulgarisation du droit aupr\u00e8s de la population&nbsp;; l\u2019appui aux espaces de dialogue, de r\u00e9flexion et d\u2019\u00e9changes sur des questions de droit et de justice entre la soci\u00e9t\u00e9 civile et les autorit\u00e9s judiciaires.<\/p>\n\n\n\n<p>RCN Justice &amp; D\u00e9mocratie recrute un\/e stagiaire Assistant des programmes&nbsp;:<\/p>\n\n\n\n<p><strong>Profil recherch\u00e9&nbsp;:<\/strong><\/p>\n\n\n\n<ul class=\"wp-block-list\"><li> Dipl\u00f4m\u00e9(e) en droit, relations internationales, sciences politiques, ou sciences sociales<\/li><li> Niveau d\u2019\u00e9tudes&nbsp;: Master<\/li><li> Capacit\u00e9 de synth\u00e8se et d\u2019analyse<\/li><li> Capacit\u00e9 r\u00e9dactionnelle<\/li><li> Ma\u00eetrise des logiciels informatiques courants (word, excel, power point\u2026)<\/li><li> Bonne ma\u00eetrise de l\u2019anglais est un atout<\/li><\/ul>\n\n\n\n<p><strong>T\u00e2ches&nbsp;:<\/strong><\/p>\n\n\n\n<ul class=\"wp-block-list\"><li> Le\/la stagiaire travaille sous la responsabilit\u00e9 des responsables de programmes&nbsp;;<\/li><li> Il\/elle contribue \u00e0 l\u2019\u00e9laboration des divers documents relatifs \u00e0 la gestion des projets (propositions, rapports etc.)<\/li><li> Il\/elle participe \u00e0 la capitalisation des r\u00e9sultats des actions, la synth\u00e8se des donn\u00e9es collect\u00e9es au niveau de chaque programme, la r\u00e9flexion sur les orientations de programme&nbsp;;<\/li><li> Il\/elle \u00e9labore des documents sur des sujets sp\u00e9cifiques relatifs aux programmes et aux probl\u00e9matiques de droit et de justice dans les contextes d\u2019intervention de RCN Justice &amp; D\u00e9mocratie.<\/li><\/ul>\n\n\n\n<p><strong>Dur\u00e9e du stage<\/strong>&nbsp;: 3 mois<br>\n<strong>Lieu <\/strong>&nbsp;: Bruxelles (si\u00e8ge de RCN J&amp;D).<br>\n<strong>Conditions <\/strong>&nbsp;: Remboursement des frais de transport, sur pr\u00e9sentation des pi\u00e8ces justificatives. <br>\nPour postuler, envoyez CV+LM en fran\u00e7ais Patricia Kela, \u00e0 l\u2019adresse suivante&nbsp;: job@rcn-ong.be.<\/p>\n\n\n\n<p>Les candidats sont invit\u00e9s \u00e0 pr\u00e9ciser leurs disponibilit\u00e9s dans la lettre de motivation.<\/p>\n\n\n\n<p><strong>Attention&nbsp;: Seuls les candidats retenus pour un entretien recevront une r\u00e9ponse. Merci de ne pas t\u00e9l\u00e9phoner.<\/strong><\/p>\n","protected":false},"excerpt":{"rendered":"<p>RCN Justice &amp; D\u00e9mocratie est une ONG belge qui d\u00e9veloppe des actions dans le domaine de la justice aupr\u00e8s des autorit\u00e9s engag\u00e9es dans un processus d\u2019instauration ou de restauration de l\u2019Etat de droit et aupr\u00e8s de la soci\u00e9t\u00e9 civile (<a href=\"http:\/\/www.rcn-ong.be\/\" target=\"_blank\" rel=\"noreferrer noopener\">www.rcn-ong.be<\/a>).<\/p>\n<p><span class=\"ellipsis\">&hellip;<\/span><\/p>\n<div class=\"read-more\"><a href=\"https:\/\/rcn-ong.be\/en\/stagiaire-assistant-des-programmes-a-bruxelles\/\">Read more &#8250;<\/a><\/div>\n<p><!-- end of .read-more --><\/p>\n","protected":false},"author":3,"featured_media":0,"parent":0,"menu_order":0,"comment_status":"closed","ping_status":"closed","template":"","meta":{"footnotes":""},"class_list":["post-4791","page","type-page","status-publish","hentry"],"_links":{"self":[{"href":"https:\/\/rcn-ong.be\/en\/wp-json\/wp\/v2\/pages\/4791","targetHints":{"allow":["GET"]}}],"collection":[{"href":"https:\/\/rcn-ong.be\/en\/wp-json\/wp\/v2\/pages"}],"about":[{"href":"https:\/\/rcn-ong.be\/en\/wp-json\/wp\/v2\/types\/page"}],"author":[{"embeddable":true,"href":"https:\/\/rcn-ong.be\/en\/wp-json\/wp\/v2\/users\/3"}],"replies":[{"embeddable":true,"href":"https:\/\/rcn-ong.be\/en\/wp-json\/wp\/v2\/comments?post=4791"}],"version-history":[{"count":1,"href":"https:\/\/rcn-ong.be\/en\/wp-json\/wp\/v2\/pages\/4791\/revisions"}],"predecessor-version":[{"id":4792,"href":"https:\/\/rcn-ong.be\/en\/wp-json\/wp\/v2\/pages\/4791\/revisions\/4792"}],"wp:attachment":[{"href":"https:\/\/rcn-ong.be\/en\/wp-json\/wp\/v2\/media?parent=4791"}],"curies":[{"name":"wp","href":"https:\/\/api.w.org\/{rel}","templated":true}]}}