{"id":5420,"date":"2020-01-21T13:30:49","date_gmt":"2020-01-21T11:30:49","guid":{"rendered":"https:\/\/rcn-ong.be\/?page_id=5420"},"modified":"2025-04-22T16:54:00","modified_gmt":"2025-04-22T14:54:00","slug":"decolle-tes-etiquettes","status":"publish","type":"page","link":"https:\/\/rcn-ong.be\/en\/que-faisons-nous\/nos-outils-pedagogiques\/decolle-tes-etiquettes\/","title":{"rendered":"Module 1 &#8211; D\u00e9colle tes \u00e9tiquettes"},"content":{"rendered":"<p><span style=\"color: #808080;\"><em>Derni\u00e8re mise \u00e0 jour Mars 2024<\/em><\/span><\/p>\n\n\n<p>Dans nos modules interactifs et participatifs nous abordons diff\u00e9rentes th\u00e9matiques\u00a0: les crimes internationaux ici et ailleurs et leurs cons\u00e9quences, les m\u00e9canismes qui m\u00e8nent \u00e0 l\u2019extr\u00e9misme, l\u2019exclusion, la violence et la reconstruction d\u2019une citoyennet\u00e9 critique, active et engag\u00e9e.<\/p>\n\n\n\n<figure class=\"wp-block-image\"><img loading=\"lazy\" decoding=\"async\" width=\"800\" height=\"624\" src=\"https:\/\/rcn-ong.be\/wp-content\/uploads\/2020\/03\/7783029144_88f59470d9_c-1.jpg\" alt=\"\" class=\"wp-image-5810\" srcset=\"https:\/\/rcn-ong.be\/wp-content\/uploads\/2020\/03\/7783029144_88f59470d9_c-1.jpg 800w, https:\/\/rcn-ong.be\/wp-content\/uploads\/2020\/03\/7783029144_88f59470d9_c-1-300x234.jpg 300w, https:\/\/rcn-ong.be\/wp-content\/uploads\/2020\/03\/7783029144_88f59470d9_c-1-768x599.jpg 768w, https:\/\/rcn-ong.be\/wp-content\/uploads\/2020\/03\/7783029144_88f59470d9_c-1-100x78.jpg 100w, https:\/\/rcn-ong.be\/wp-content\/uploads\/2020\/03\/7783029144_88f59470d9_c-1-150x117.jpg 150w, https:\/\/rcn-ong.be\/wp-content\/uploads\/2020\/03\/7783029144_88f59470d9_c-1-200x156.jpg 200w, https:\/\/rcn-ong.be\/wp-content\/uploads\/2020\/03\/7783029144_88f59470d9_c-1-450x351.jpg 450w, https:\/\/rcn-ong.be\/wp-content\/uploads\/2020\/03\/7783029144_88f59470d9_c-1-600x468.jpg 600w\" sizes=\"auto, (max-width: 800px) 100vw, 800px\" \/><figcaption>Credit: Jennifer Wu<\/figcaption><\/figure>\n\n\n\n<p>Nous classons les gens en fonction de groupes : hommes, femmes, enfants, adultes\u2026 En soi, il n\u2019y a aucun mal \u00e0 cela. Mais lorsque ces classifications constituent un obstacle et entra\u00eenent l\u2019exclusion, la discrimination voire la violence, c\u2019est une tout autre histoire. D\u2019o\u00f9 viennent ces id\u00e9es re\u00e7ues et comment en \u00e9viter les travers ? C\u2019est ce que nous allons d\u00e9couvrir ensemble dans ce module !<\/p>\n\n\n\n<p class=\"has-text-color\" style=\"font-size:17px;color:#ff0000\"><strong><a href=\"mailto:pedagogie@rcn-ong.be\" target=\"_blank\" rel=\"noreferrer noopener\">Je r\u00e9serve ce module <\/a><\/strong>!<\/p>\n\n\n\n<p><\/p>\n\n\n\n<h4 class=\"wp-block-heading\">Manuel du professeur et support <\/h4>\n\n\n\n<ul class=\"wp-block-list\"><li><a rel=\"noreferrer noopener\" href=\"https:\/\/rcn-ong.be\/wp-content\/uploads\/2021\/11\/Manuel-du-professeur-Module-1.pdf\" data-type=\"URL\" data-id=\"https:\/\/rcn-ong.be\/wp-content\/uploads\/2021\/11\/Manuel-du-professeur-Module-1.pdf\" target=\"_blank\">Manuel du professeur &#8211; Module 1<\/a><\/li><li><a rel=\"noreferrer noopener\" href=\"https:\/\/prezi.com\/view\/kjv85Bad0aHcokH7Ymdn\/\" target=\"_blank\">Prezi Module 1<\/a> <\/li><li><a rel=\"noreferrer noopener\" href=\"https:\/\/quizizz.com\/join?gc=49362060\" target=\"_blank\">Quizizz Module 1<\/a><\/li><\/ul>\n\n\n\n<h4 class=\"wp-block-heading\">Outils<\/h4>\n\n\n\n<p><\/p>\n\n\n\n<ul class=\"wp-block-list\"><li><a rel=\"noreferrer noopener\" href=\"https:\/\/rcn-ong.be\/wp-content\/uploads\/2020\/02\/5.-Etiquettes-Duo-en-vacances-1.docx\" data-type=\"URL\" data-id=\"https:\/\/rcn-ong.be\/wp-content\/uploads\/2020\/02\/5.-Etiquettes-Duo-en-vacances-1.docx\" target=\"_blank\">Etiquettes duo en vacances partie 1<\/a><\/li><li><a rel=\"noreferrer noopener\" href=\"https:\/\/rcn-ong.be\/wp-content\/uploads\/2020\/02\/5.-Etiquettes-Duo-en-vacances-2.docx\" data-type=\"URL\" data-id=\"https:\/\/rcn-ong.be\/wp-content\/uploads\/2020\/02\/5.-Etiquettes-Duo-en-vacances-2.docx\" target=\"_blank\">Etiquettes duo en vacances partie 2<\/a><\/li><\/ul>\n\n\n\n<h4 class=\"wp-block-heading\">T\u00e9moignages<\/h4>\n\n\n\n<ul class=\"wp-block-list\"><li><a rel=\"noreferrer noopener\" aria-label=\" (s\u2019ouvre dans un nouvel onglet)\" href=\"https:\/\/www.youtube.com\/watch?v=V4RnL6Q5gWg&amp;list=PLC4CJPOFGPqqoTDUQlk3encF9n3czye4z&amp;index=1\" target=\"_blank\">Si c&#8217;est l\u00e0, c&#8217;est ici &#8211; \u00e9pisode 1 : &#8220;Des st\u00e9r\u00e9otypes aux violences de masse&#8221;<\/a><\/li><li><a href=\"https:\/\/rcn-ong.be\/wp-content\/uploads\/2021\/01\/Fiche-contextuelle-pour-les-temoignages-video.pdf\" data-type=\"URL\" data-id=\"https:\/\/rcn-ong.be\/wp-content\/uploads\/2021\/01\/Fiche-contextuelle-pour-les-temoignages-video.pdf\">Fiche contextuelle pour les t\u00e9moignages vid\u00e9os<\/a><\/li><\/ul>\n\n\n\n<h4 class=\"wp-block-heading\">Fiches th\u00e9matiques<\/h4>\n\n\n\n<ul class=\"wp-block-list\"><li><a href=\"https:\/\/rcn-ong.be\/wp-content\/uploads\/2024\/02\/Fiche-Des-stereotypes-aux-prejuges-et-a-la-discrimination.pdf\" target=\"_blank\" rel=\"noreferrer noopener\">Des st\u00e9r\u00e9otypes, aux pr\u00e9jug\u00e9s et \u00e0 la discrimination<\/a><\/li><li><a rel=\"noreferrer noopener\" href=\"https:\/\/rcn-ong.be\/wp-content\/uploads\/2020\/02\/4.-Fiche-Education-\u00e0-la-m\u00e9moire-et-ECMS.pdf\" data-type=\"URL\" data-id=\"https:\/\/rcn-ong.be\/wp-content\/uploads\/2020\/02\/4.-Fiche-Education-\u00e0-la-m\u00e9moire-et-ECMS.pdf\" target=\"_blank\">Education \u00e0 la m\u00e9moire et ECMS<\/a><\/li><\/ul>\n\n\n\n<h4 class=\"wp-block-heading\">Fiches contexte<\/h4>\n\n\n\n<ul class=\"wp-block-list\"><li><a rel=\"noreferrer noopener\" href=\"https:\/\/rcn-ong.be\/wp-content\/uploads\/2020\/02\/4.-Ligne-du-temps-Rwanda.pdf\" data-type=\"URL\" data-id=\"https:\/\/rcn-ong.be\/wp-content\/uploads\/2020\/02\/4.-Ligne-du-temps-Rwanda.pdf\" target=\"_blank\">Ligne du temps Rwanda<\/a><\/li><li><a href=\"https:\/\/rcn-ong.be\/wp-content\/uploads\/2024\/02\/Fiche-contexte-Rwanda-fevrier24-1.pdf\" target=\"_blank\" rel=\"noreferrer noopener\">Fiche pays &#8211; Contexte Rwanda<\/a><\/li><li><a href=\"https:\/\/rcn-ong.be\/wp-content\/uploads\/2024\/02\/Fiche-Rwanda-Kazerne-DossinRCN-fevrier24.pdf\" target=\"_blank\" rel=\"noreferrer noopener\">Fiche pays &#8211; Rwanda &#8211; Blessures d&#8217;images<\/a>  <\/li><li><a rel=\"noreferrer noopener\" href=\"https:\/\/rcn-ong.be\/wp-content\/uploads\/2020\/07\/Contexte-Burundi.pdf\" data-type=\"URL\" data-id=\"https:\/\/rcn-ong.be\/wp-content\/uploads\/2020\/07\/Contexte-Burundi.pdf\" target=\"_blank\">Fiche pays &#8211; Contexte Burundi<\/a><\/li><li><a rel=\"noreferrer noopener\" href=\"https:\/\/rcn-ong.be\/wp-content\/uploads\/2020\/07\/Fiche-Les-crimes-du-r\u00e9gime-Khmer-Rouge-au-Cambodge.pdf\" data-type=\"URL\" data-id=\"https:\/\/rcn-ong.be\/wp-content\/uploads\/2020\/07\/Fiche-Les-crimes-du-r\u00e9gime-Khmer-Rouge-au-Cambodge.pdf\" target=\"_blank\">Fiche pays &#8211; Contexte Cambodge<\/a><\/li><\/ul>\n\n\n\n<h4 class=\"wp-block-heading\">Vid\u00e9o<\/h4>\n\n\n\n<figure class=\"wp-block-video\"><video controls src=\"https:\/\/rcn-ong.be\/wp-content\/uploads\/2020\/01\/Always-LikeAGirl.mp4\"><\/video><figcaption>Always-LikeAGirl<\/figcaption><\/figure>\n","protected":false},"excerpt":{"rendered":"<p><span style=\"color: #808080;\"><em>Derni\u00e8re mise \u00e0 jour Mars 2024<\/em><\/span><\/p>\n<p>Dans nos modules interactifs et participatifs nous abordons diff\u00e9rentes th\u00e9matiques\u00a0: les crimes internationaux ici et ailleurs et leurs cons\u00e9quences, les m\u00e9canismes qui m\u00e8nent \u00e0 l\u2019extr\u00e9misme, l\u2019exclusion, la violence et la reconstruction d\u2019une citoyennet\u00e9 critique,<\/p>\n<p><span class=\"ellipsis\">&hellip;<\/span><\/p>\n<div class=\"read-more\"><a href=\"https:\/\/rcn-ong.be\/en\/que-faisons-nous\/nos-outils-pedagogiques\/decolle-tes-etiquettes\/\">Read more &#8250;<\/a><\/div>\n<p><!-- end of .read-more --><\/p>\n","protected":false},"author":3,"featured_media":0,"parent":2071,"menu_order":0,"comment_status":"closed","ping_status":"closed","template":"","meta":{"footnotes":""},"class_list":["post-5420","page","type-page","status-publish","hentry"],"_links":{"self":[{"href":"https:\/\/rcn-ong.be\/en\/wp-json\/wp\/v2\/pages\/5420","targetHints":{"allow":["GET"]}}],"collection":[{"href":"https:\/\/rcn-ong.be\/en\/wp-json\/wp\/v2\/pages"}],"about":[{"href":"https:\/\/rcn-ong.be\/en\/wp-json\/wp\/v2\/types\/page"}],"author":[{"embeddable":true,"href":"https:\/\/rcn-ong.be\/en\/wp-json\/wp\/v2\/users\/3"}],"replies":[{"embeddable":true,"href":"https:\/\/rcn-ong.be\/en\/wp-json\/wp\/v2\/comments?post=5420"}],"version-history":[{"count":70,"href":"https:\/\/rcn-ong.be\/en\/wp-json\/wp\/v2\/pages\/5420\/revisions"}],"predecessor-version":[{"id":11695,"href":"https:\/\/rcn-ong.be\/en\/wp-json\/wp\/v2\/pages\/5420\/revisions\/11695"}],"up":[{"embeddable":true,"href":"https:\/\/rcn-ong.be\/en\/wp-json\/wp\/v2\/pages\/2071"}],"wp:attachment":[{"href":"https:\/\/rcn-ong.be\/en\/wp-json\/wp\/v2\/media?parent=5420"}],"curies":[{"name":"wp","href":"https:\/\/api.w.org\/{rel}","templated":true}]}}