{"id":5437,"date":"2020-01-22T14:55:02","date_gmt":"2020-01-22T12:55:02","guid":{"rendered":"https:\/\/rcn-ong.be\/?page_id=5437"},"modified":"2025-04-22T16:57:34","modified_gmt":"2025-04-22T14:57:34","slug":"module-4-acteurs-de-changement","status":"publish","type":"page","link":"https:\/\/rcn-ong.be\/en\/que-faisons-nous\/nos-outils-pedagogiques\/module-4-acteurs-de-changement\/","title":{"rendered":"Module 4 &#8211; Acteur\u00b7ices de changement"},"content":{"rendered":"<p><span style=\"color: #808080;\"><em>Derni\u00e8re mise \u00e0 jour Janvier 2024<\/em><\/span><\/p>\n\n\n<p>Dans nos modules interactifs et participatifs nous abordons des  diff\u00e9rentes th\u00e9matiques\u00a0; des crimes internationaux ici et ailleurs et  leurs cons\u00e9quences, les m\u00e9canismes qui m\u00e8nent \u00e0 l\u2019extr\u00e9misme,  l\u2019exclusion et le violence et le reconstruction d\u2019une citoyennet\u00e9  critique, active et engag\u00e9e.<\/p>\n\n\n\n<figure class=\"wp-block-image\"><img loading=\"lazy\" decoding=\"async\" width=\"1024\" height=\"683\" src=\"https:\/\/rcn-ong.be\/wp-content\/uploads\/2020\/03\/1200px-Political_change_not_climate_change...-Melbourneclimatestrike_IMG_5050_48764603451-1-1024x683.jpg\" alt=\"\" class=\"wp-image-5880\" srcset=\"https:\/\/rcn-ong.be\/wp-content\/uploads\/2020\/03\/1200px-Political_change_not_climate_change...-Melbourneclimatestrike_IMG_5050_48764603451-1-1024x683.jpg 1024w, https:\/\/rcn-ong.be\/wp-content\/uploads\/2020\/03\/1200px-Political_change_not_climate_change...-Melbourneclimatestrike_IMG_5050_48764603451-1-300x200.jpg 300w, https:\/\/rcn-ong.be\/wp-content\/uploads\/2020\/03\/1200px-Political_change_not_climate_change...-Melbourneclimatestrike_IMG_5050_48764603451-1-768x512.jpg 768w, https:\/\/rcn-ong.be\/wp-content\/uploads\/2020\/03\/1200px-Political_change_not_climate_change...-Melbourneclimatestrike_IMG_5050_48764603451-1-100x67.jpg 100w, https:\/\/rcn-ong.be\/wp-content\/uploads\/2020\/03\/1200px-Political_change_not_climate_change...-Melbourneclimatestrike_IMG_5050_48764603451-1-150x100.jpg 150w, https:\/\/rcn-ong.be\/wp-content\/uploads\/2020\/03\/1200px-Political_change_not_climate_change...-Melbourneclimatestrike_IMG_5050_48764603451-1-200x133.jpg 200w, https:\/\/rcn-ong.be\/wp-content\/uploads\/2020\/03\/1200px-Political_change_not_climate_change...-Melbourneclimatestrike_IMG_5050_48764603451-1-450x300.jpg 450w, https:\/\/rcn-ong.be\/wp-content\/uploads\/2020\/03\/1200px-Political_change_not_climate_change...-Melbourneclimatestrike_IMG_5050_48764603451-1-600x400.jpg 600w, https:\/\/rcn-ong.be\/wp-content\/uploads\/2020\/03\/1200px-Political_change_not_climate_change...-Melbourneclimatestrike_IMG_5050_48764603451-1-900x600.jpg 900w, https:\/\/rcn-ong.be\/wp-content\/uploads\/2020\/03\/1200px-Political_change_not_climate_change...-Melbourneclimatestrike_IMG_5050_48764603451-1.jpg 1200w\" sizes=\"auto, (max-width: 1024px) 100vw, 1024px\" \/><figcaption>Commons Wikipedia<\/figcaption><\/figure>\n\n\n\n<p>Comment des h\u00e9ros connus ou inconnus ont-ils r\u00e9sist\u00e9 au cours de  l\u2019histoire? Laissez-vous inspirer par ces histoires afin de jouer  vous-m\u00eames un r\u00f4le actif et faire la diff\u00e9rence dans votre soci\u00e9t\u00e9.<\/p>\n\n\n\n<p class=\"has-text-color\" style=\"font-size:17px;color:#ff0000\"><u><font color=\"#000117\"><a aria-label=\" (s\u2019ouvre dans un nouvel onglet)\" rel=\"noreferrer noopener\" href=\"https:\/\/forms.office.com\/Pages\/ResponsePage.aspx?id=Jl8D50fa2UW5Jp3IUVkbteGeDWlvSZhLukRAITIe6ZhUQThCQkhMM1dOVFNTQ05LNVUxVTEwRzkyVC4u\" target=\"_blank\"><\/a><\/font><\/u><strong><a href=\"mailto:pedagogie@rcn-ong.be\" target=\"_blank\" rel=\"noreferrer noopener\">Je r\u00e9serve ce module !<\/a><\/strong><\/p>\n\n\n\n<p><\/p>\n\n\n\n<h4 class=\"wp-block-heading\">Manuel du professeur et support<\/h4>\n\n\n\n<ul class=\"wp-block-list\"><li><a rel=\"noreferrer noopener\" href=\"https:\/\/rcn-ong.be\/wp-content\/uploads\/2021\/11\/Manuel-du-professeur-Module-4.pdf\" data-type=\"URL\" data-id=\"https:\/\/rcn-ong.be\/wp-content\/uploads\/2021\/11\/Manuel-du-professeur-Module-4.pdf\" target=\"_blank\">Manuel du professeur &#8211; Module 4<\/a><\/li><li><a rel=\"noreferrer noopener\" href=\"https:\/\/prezi.com\/view\/SFtz4IN7q38RcEEK231B\/\" target=\"_blank\">Prezi &#8211; Module 4<\/a><\/li><li><a rel=\"noreferrer noopener\" href=\"https:\/\/quizizz.com\/join?gc=33600652\" target=\"_blank\">Quizizz Module 4<\/a><\/li><\/ul>\n\n\n\n<h4 class=\"wp-block-heading\">Outils<\/h4>\n\n\n\n<ul class=\"wp-block-list\"><li><a rel=\"noreferrer noopener\" href=\"https:\/\/rcn-ong.be\/wp-content\/uploads\/2020\/01\/Figures-de-r\u00e9sistance.pdf\" data-type=\"URL\" data-id=\"https:\/\/rcn-ong.be\/wp-content\/uploads\/2020\/01\/Figures-de-r\u00e9sistance.pdf\" target=\"_blank\">Figures de r\u00e9sistance <\/a><\/li><li><a rel=\"noreferrer noopener\" href=\"https:\/\/rcn-ong.be\/wp-content\/uploads\/2021\/03\/8.1-Figures-de-resistance-1.pdf\" data-type=\"URL\" data-id=\"https:\/\/rcn-ong.be\/wp-content\/uploads\/2021\/03\/8.1-Figures-de-resistance-1.pdf\" target=\"_blank\">Figures de r\u00e9sistance &#8211; Exemples compl\u00e9mentaires<\/a><\/li><\/ul>\n\n\n\n<h4 class=\"wp-block-heading\">T\u00e9moignages<\/h4>\n\n\n\n<ul class=\"wp-block-list\"><li><a rel=\"noreferrer noopener\" aria-label=\" (s\u2019ouvre dans un nouvel onglet)\" href=\"https:\/\/www.youtube.com\/watch?v=hVHksQgLKNM&amp;list=PLC4CJPOFGPqqoTDUQlk3encF9n3czye4z&amp;index=5&amp;t=2s\" target=\"_blank\">Si c&#8217;est l\u00e0, c&#8217;est ici &#8211; \u00e9pisode 4 : &#8220;R\u00e9sister ou comment devenir acteur de changement&#8221;<\/a><\/li><li><a rel=\"noreferrer noopener\" href=\"https:\/\/rcn-ong.be\/wp-content\/uploads\/2021\/01\/Fiche-contextuelle-pour-les-temoignages-video-3.pdf\" data-type=\"URL\" data-id=\"https:\/\/rcn-ong.be\/wp-content\/uploads\/2021\/01\/Fiche-contextuelle-pour-les-temoignages-video-3.pdf\" target=\"_blank\">Fiche contextuelle pour les t\u00e9moignages vid\u00e9os<\/a><\/li><\/ul>\n\n\n\n<h4 class=\"wp-block-heading\">Fiches contexte<\/h4>\n\n\n\n<ul class=\"wp-block-list\"><li><a rel=\"noreferrer noopener\" href=\"https:\/\/rcn-ong.be\/wp-content\/uploads\/2024\/02\/Fiche-Rwanda-KD.pdf\" target=\"_blank\">Contexte Rwanda &#8211; fiche p\u00e9dagogique<\/a><\/li><li><a rel=\"noreferrer noopener\" href=\"https:\/\/rcn-ong.be\/wp-content\/uploads\/2020\/01\/4.-Ligne-du-temps-Rwanda-1.pdf\" data-type=\"URL\" data-id=\"https:\/\/rcn-ong.be\/wp-content\/uploads\/2020\/01\/4.-Ligne-du-temps-Rwanda-1.pdf\" target=\"_blank\">Ligne du temps Rwanda<\/a><\/li><li><a rel=\"noreferrer noopener\" href=\"https:\/\/rcn-ong.be\/wp-content\/uploads\/2020\/07\/Fiche-Les-crimes-du-r\u00e9gime-Khmer-Rouge-au-Cambodge.pdf\" data-type=\"URL\" data-id=\"https:\/\/rcn-ong.be\/wp-content\/uploads\/2020\/07\/Fiche-Les-crimes-du-r\u00e9gime-Khmer-Rouge-au-Cambodge.pdf\" target=\"_blank\">Les crimes du r\u00e9gime Khmer Rouge au Cambodge &#8211; fiche p\u00e9dagogique<\/a><\/li><li><a rel=\"noreferrer noopener\" href=\"https:\/\/rcn-ong.be\/wp-content\/uploads\/2020\/03\/17.-ldt-cambodge.pdf\" data-type=\"URL\" data-id=\"https:\/\/rcn-ong.be\/wp-content\/uploads\/2020\/03\/17.-ldt-cambodge.pdf\" target=\"_blank\">Ligne du temps Cambodge<\/a><\/li><li><a rel=\"noreferrer noopener\" href=\"https:\/\/rcn-ong.be\/wp-content\/uploads\/2020\/07\/Contexte-Burundi.pdf\" data-type=\"URL\" data-id=\"https:\/\/rcn-ong.be\/wp-content\/uploads\/2020\/07\/Contexte-Burundi.pdf\" target=\"_blank\">Contexte Burundi &#8211; fiche p\u00e9dagogique<\/a><\/li><li><a rel=\"noreferrer noopener\" href=\"https:\/\/rcn-ong.be\/wp-content\/uploads\/2020\/03\/16.-ldt-burundi.pdf\" data-type=\"URL\" data-id=\"https:\/\/rcn-ong.be\/wp-content\/uploads\/2020\/03\/16.-ldt-burundi.pdf\" target=\"_blank\">Ligne du temps Burundi<\/a><\/li><\/ul>\n\n\n\n<h4 class=\"wp-block-heading\">Fiches th\u00e9matiques<\/h4>\n\n\n\n<ul class=\"wp-block-list\"><li><a rel=\"noreferrer noopener\" href=\"https:\/\/rcn-ong.be\/wp-content\/uploads\/2021\/01\/6.-Fiche-thematique-Les-differentes-manieres-de-resister.pdf\" data-type=\"URL\" data-id=\"https:\/\/rcn-ong.be\/wp-content\/uploads\/2021\/01\/6.-Fiche-thematique-Les-differentes-manieres-de-resister.pdf\" target=\"_blank\">Les diff\u00e9rentes mani\u00e8res de r\u00e9sister<\/a><\/li><li><a rel=\"noreferrer noopener\" href=\"https:\/\/rcn-ong.be\/wp-content\/uploads\/2020\/01\/Pistes-pour-lengagement-ici-et-ailleurs.pdf\" data-type=\"URL\" data-id=\"https:\/\/rcn-ong.be\/wp-content\/uploads\/2020\/01\/Pistes-pour-lengagement-ici-et-ailleurs.pdf\" target=\"_blank\">Pistes pour l&#8217;engagement ici et ailleurs<\/a><\/li><\/ul>\n\n\n\n<h4 class=\"wp-block-heading\">Vid\u00e9os<\/h4>\n\n\n\n<figure class=\"wp-block-video\"><video controls src=\"https:\/\/rcn-ong.be\/wp-content\/uploads\/2020\/01\/Fuites-dans-les-op\u00e9rations-de-la-police-r\u00e9actions-du-syndicat.mp4\"><\/video><figcaption>Fuites dans les op\u00e9rations de la police r\u00e9actions du syndicat<\/figcaption><\/figure>\n\n\n\n<figure class=\"wp-block-video\"><video controls src=\"https:\/\/rcn-ong.be\/wp-content\/uploads\/2020\/01\/Jugement-de-passagers-dun-avion-intervenus-lors-dune-expulsion.mp4\"><\/video><figcaption>Jugement de passagers d&#8217;un avion intervenus lors d&#8217;une expulsion<\/figcaption><\/figure>\n","protected":false},"excerpt":{"rendered":"<p><span style=\"color: #808080;\"><em>Derni\u00e8re mise \u00e0 jour Janvier 2024<\/em><\/span><\/p>\n<p>Dans nos modules interactifs et participatifs nous abordons des  diff\u00e9rentes th\u00e9matiques\u00a0; des crimes internationaux ici et ailleurs et  leurs cons\u00e9quences, les m\u00e9canismes qui m\u00e8nent \u00e0 l\u2019extr\u00e9misme,  l\u2019exclusion et le violence et le reconstruction d\u2019une citoyennet\u00e9  critique,<\/p>\n<p><span class=\"ellipsis\">&hellip;<\/span><\/p>\n<div class=\"read-more\"><a href=\"https:\/\/rcn-ong.be\/en\/que-faisons-nous\/nos-outils-pedagogiques\/module-4-acteurs-de-changement\/\">Read more &#8250;<\/a><\/div>\n<p><!-- end of .read-more --><\/p>\n","protected":false},"author":3,"featured_media":0,"parent":2071,"menu_order":0,"comment_status":"closed","ping_status":"closed","template":"","meta":{"footnotes":""},"class_list":["post-5437","page","type-page","status-publish","hentry"],"_links":{"self":[{"href":"https:\/\/rcn-ong.be\/en\/wp-json\/wp\/v2\/pages\/5437","targetHints":{"allow":["GET"]}}],"collection":[{"href":"https:\/\/rcn-ong.be\/en\/wp-json\/wp\/v2\/pages"}],"about":[{"href":"https:\/\/rcn-ong.be\/en\/wp-json\/wp\/v2\/types\/page"}],"author":[{"embeddable":true,"href":"https:\/\/rcn-ong.be\/en\/wp-json\/wp\/v2\/users\/3"}],"replies":[{"embeddable":true,"href":"https:\/\/rcn-ong.be\/en\/wp-json\/wp\/v2\/comments?post=5437"}],"version-history":[{"count":50,"href":"https:\/\/rcn-ong.be\/en\/wp-json\/wp\/v2\/pages\/5437\/revisions"}],"predecessor-version":[{"id":11698,"href":"https:\/\/rcn-ong.be\/en\/wp-json\/wp\/v2\/pages\/5437\/revisions\/11698"}],"up":[{"embeddable":true,"href":"https:\/\/rcn-ong.be\/en\/wp-json\/wp\/v2\/pages\/2071"}],"wp:attachment":[{"href":"https:\/\/rcn-ong.be\/en\/wp-json\/wp\/v2\/media?parent=5437"}],"curies":[{"name":"wp","href":"https:\/\/api.w.org\/{rel}","templated":true}]}}