{"id":7255,"date":"2021-03-02T11:36:49","date_gmt":"2021-03-02T09:36:49","guid":{"rendered":"https:\/\/rcn-ong.be\/?page_id=7255"},"modified":"2025-04-17T16:13:01","modified_gmt":"2025-04-17T14:13:01","slug":"articles","status":"publish","type":"page","link":"https:\/\/rcn-ong.be\/en\/publications\/articles\/","title":{"rendered":"Articles"},"content":{"rendered":"\n<p><a rel=\"noreferrer noopener\" href=\"https:\/\/rcn-ong.be\/refonder-le-systeme-judiciaire-en-afrique-en-revisitant-son-passe\/\" data-type=\"URL\" data-id=\"https:\/\/rcn-ong.be\/refonder-le-systeme-judiciaire-en-afrique-en-revisitant-son-passe\/\" target=\"_blank\">Refonder le syst\u00e8me judiciaire en Afrique en revisitant son pass\u00e9<\/a><br>(par Pierre Vincke, Administrateur de RCN J&amp;D, publi\u00e9 le 08\/12\/21)<\/p>\n\n\n\n<p><a rel=\"noreferrer noopener\" href=\"https:\/\/rcn-ong.be\/la-sauvegarde-de-letat-de-droit-notre-aventure-a-tous\/\" target=\"_blank\">La sauvegarde de l\u2019Etat de droit, notre aventure \u00e0 tous<\/a><br>(par Eric Gillet, Ancien pr\u00e9sident de RCN Justice &amp; D\u00e9mocratie, publi\u00e9 le 02\/03\/21)<\/p>\n","protected":false},"excerpt":{"rendered":"<p><a rel=\"noreferrer noopener\" href=\"https:\/\/rcn-ong.be\/refonder-le-systeme-judiciaire-en-afrique-en-revisitant-son-passe\/\" data-type=\"URL\" data-id=\"https:\/\/rcn-ong.be\/refonder-le-systeme-judiciaire-en-afrique-en-revisitant-son-passe\/\" target=\"_blank\">Refonder le syst\u00e8me judiciaire en Afrique en revisitant son pass\u00e9<\/a><br \/>(par Pierre Vincke, Administrateur de RCN J&amp;D, publi\u00e9 le 08\/12\/21)<\/p>\n<p><a rel=\"noreferrer noopener\" href=\"https:\/\/rcn-ong.be\/la-sauvegarde-de-letat-de-droit-notre-aventure-a-tous\/\" target=\"_blank\">La sauvegarde de l\u2019Etat de droit, notre aventure \u00e0 tous<\/a><br \/>(par Eric Gillet,<\/p>\n<p><span class=\"ellipsis\">&hellip;<\/span><\/p>\n<div class=\"read-more\"><a href=\"https:\/\/rcn-ong.be\/en\/publications\/articles\/\">Read more &#8250;<\/a><\/div>\n<p><!-- end of .read-more --><\/p>\n","protected":false},"author":3,"featured_media":0,"parent":2044,"menu_order":0,"comment_status":"closed","ping_status":"closed","template":"","meta":{"footnotes":""},"class_list":["post-7255","page","type-page","status-publish","hentry"],"_links":{"self":[{"href":"https:\/\/rcn-ong.be\/en\/wp-json\/wp\/v2\/pages\/7255","targetHints":{"allow":["GET"]}}],"collection":[{"href":"https:\/\/rcn-ong.be\/en\/wp-json\/wp\/v2\/pages"}],"about":[{"href":"https:\/\/rcn-ong.be\/en\/wp-json\/wp\/v2\/types\/page"}],"author":[{"embeddable":true,"href":"https:\/\/rcn-ong.be\/en\/wp-json\/wp\/v2\/users\/3"}],"replies":[{"embeddable":true,"href":"https:\/\/rcn-ong.be\/en\/wp-json\/wp\/v2\/comments?post=7255"}],"version-history":[{"count":6,"href":"https:\/\/rcn-ong.be\/en\/wp-json\/wp\/v2\/pages\/7255\/revisions"}],"predecessor-version":[{"id":11652,"href":"https:\/\/rcn-ong.be\/en\/wp-json\/wp\/v2\/pages\/7255\/revisions\/11652"}],"up":[{"embeddable":true,"href":"https:\/\/rcn-ong.be\/en\/wp-json\/wp\/v2\/pages\/2044"}],"wp:attachment":[{"href":"https:\/\/rcn-ong.be\/en\/wp-json\/wp\/v2\/media?parent=7255"}],"curies":[{"name":"wp","href":"https:\/\/api.w.org\/{rel}","templated":true}]}}