{"id":8125,"date":"2022-08-16T12:25:43","date_gmt":"2022-08-16T10:25:43","guid":{"rendered":"https:\/\/rcn-ong.be\/?page_id=8125"},"modified":"2025-04-22T16:59:38","modified_gmt":"2025-04-22T14:59:38","slug":"nos-videos-animees","status":"publish","type":"page","link":"https:\/\/rcn-ong.be\/en\/que-faisons-nous\/nos-outils-pedagogiques\/nos-videos-animees\/","title":{"rendered":"Nos vid\u00e9os anim\u00e9es"},"content":{"rendered":"<p><em><span style=\"color: #808080;\">Publi\u00e9 le 16\/08\/2022<\/span><\/em><\/p>\n\n\n<p>Pour faciliter l&#8217;explication de sujets complexes, nos ateliers s&#8217;appuient \u00e9galement sur des vid\u00e9os d&#8217;animation.  Toutes nos vid\u00e9os sont \u00e0 retrouver sur notre cha\u00eene <a rel=\"noreferrer noopener\" href=\"https:\/\/www.youtube.com\/channel\/UC_ONRVrv6WY4IBjiMAtXrGQ\" target=\"_blank\">Youtube<\/a> !<\/p>\n\n\n\n<h2 class=\"wp-block-heading\">L&#8217;histoire du g\u00e9nocide perp\u00e9tr\u00e9 contre les Tutsi au Rwanda en 1994<\/h2>\n\n\n\n<figure class=\"wp-block-image size-large\"><a href=\"https:\/\/www.youtube.com\/watch?v=N2doQ56sxv4&amp;feature=youtu.be\"><img loading=\"lazy\" decoding=\"async\" width=\"868\" height=\"489\" src=\"https:\/\/rcn-ong.be\/wp-content\/uploads\/2023\/08\/Capture-4.png\" alt=\"\" class=\"wp-image-9163\" srcset=\"https:\/\/rcn-ong.be\/wp-content\/uploads\/2023\/08\/Capture-4.png 868w, https:\/\/rcn-ong.be\/wp-content\/uploads\/2023\/08\/Capture-4-300x169.png 300w, https:\/\/rcn-ong.be\/wp-content\/uploads\/2023\/08\/Capture-4-768x433.png 768w, https:\/\/rcn-ong.be\/wp-content\/uploads\/2023\/08\/Capture-4-100x56.png 100w, https:\/\/rcn-ong.be\/wp-content\/uploads\/2023\/08\/Capture-4-150x85.png 150w, https:\/\/rcn-ong.be\/wp-content\/uploads\/2023\/08\/Capture-4-200x113.png 200w, https:\/\/rcn-ong.be\/wp-content\/uploads\/2023\/08\/Capture-4-450x254.png 450w, https:\/\/rcn-ong.be\/wp-content\/uploads\/2023\/08\/Capture-4-600x338.png 600w\" sizes=\"auto, (max-width: 868px) 100vw, 868px\" \/><\/a><\/figure>\n\n\n\n<h2 class=\"wp-block-heading\">Les Justices Transitionnelles<\/h2>\n\n\n\n<figure class=\"wp-block-image size-large\"><a href=\"https:\/\/www.youtube.com\/watch?v=k7mti3pkLbU\"><img loading=\"lazy\" decoding=\"async\" width=\"868\" height=\"489\" src=\"https:\/\/rcn-ong.be\/wp-content\/uploads\/2023\/08\/Capture-5.png\" alt=\"\" class=\"wp-image-9166\" srcset=\"https:\/\/rcn-ong.be\/wp-content\/uploads\/2023\/08\/Capture-5.png 868w, https:\/\/rcn-ong.be\/wp-content\/uploads\/2023\/08\/Capture-5-300x169.png 300w, https:\/\/rcn-ong.be\/wp-content\/uploads\/2023\/08\/Capture-5-768x433.png 768w, https:\/\/rcn-ong.be\/wp-content\/uploads\/2023\/08\/Capture-5-100x56.png 100w, https:\/\/rcn-ong.be\/wp-content\/uploads\/2023\/08\/Capture-5-150x85.png 150w, https:\/\/rcn-ong.be\/wp-content\/uploads\/2023\/08\/Capture-5-200x113.png 200w, https:\/\/rcn-ong.be\/wp-content\/uploads\/2023\/08\/Capture-5-450x254.png 450w, https:\/\/rcn-ong.be\/wp-content\/uploads\/2023\/08\/Capture-5-600x338.png 600w\" sizes=\"auto, (max-width: 868px) 100vw, 868px\" \/><\/a><\/figure>\n\n\n\n<h2 class=\"wp-block-heading\">Le principe de la Comp\u00e9tence Universelle<\/h2>\n\n\n\n<figure class=\"wp-block-image size-large\"><a href=\"https:\/\/www.youtube.com\/watch?v=9MgaO_YLtxg&amp;feature=youtu.be\"><img loading=\"lazy\" decoding=\"async\" width=\"874\" height=\"490\" src=\"https:\/\/rcn-ong.be\/wp-content\/uploads\/2023\/08\/Capture-6.png\" alt=\"\" class=\"wp-image-9170\" srcset=\"https:\/\/rcn-ong.be\/wp-content\/uploads\/2023\/08\/Capture-6.png 874w, https:\/\/rcn-ong.be\/wp-content\/uploads\/2023\/08\/Capture-6-300x168.png 300w, https:\/\/rcn-ong.be\/wp-content\/uploads\/2023\/08\/Capture-6-768x431.png 768w, https:\/\/rcn-ong.be\/wp-content\/uploads\/2023\/08\/Capture-6-100x56.png 100w, https:\/\/rcn-ong.be\/wp-content\/uploads\/2023\/08\/Capture-6-150x84.png 150w, https:\/\/rcn-ong.be\/wp-content\/uploads\/2023\/08\/Capture-6-200x112.png 200w, https:\/\/rcn-ong.be\/wp-content\/uploads\/2023\/08\/Capture-6-450x252.png 450w, https:\/\/rcn-ong.be\/wp-content\/uploads\/2023\/08\/Capture-6-600x336.png 600w\" sizes=\"auto, (max-width: 874px) 100vw, 874px\" \/><\/a><\/figure>\n\n\n\n<div style=\"height:100px\" aria-hidden=\"true\" class=\"wp-block-spacer\"><\/div>\n\n\n\n<p><\/p>\n","protected":false},"excerpt":{"rendered":"<p><em><span style=\"color: #808080;\">Publi\u00e9 le 16\/08\/2022<\/span><\/em><\/p>\n<p>Pour faciliter l&#8217;explication de sujets complexes, nos ateliers s&#8217;appuient \u00e9galement sur des vid\u00e9os d&#8217;animation.  Toutes nos vid\u00e9os sont \u00e0 retrouver sur notre cha\u00eene <a rel=\"noreferrer noopener\" href=\"https:\/\/www.youtube.com\/channel\/UC_ONRVrv6WY4IBjiMAtXrGQ\" target=\"_blank\">Youtube<\/a> !<\/p>\n<p>L&#8217;histoire du g\u00e9nocide perp\u00e9tr\u00e9 contre les Tutsi au Rwanda en 1994<\/p>\n<p><a href=\"https:\/\/www.youtube.com\/watch?v=N2doQ56sxv4&amp;feature=youtu.be\"><img loading=\"lazy\" decoding=\"async\" width=\"868\" height=\"489\" src=\"https:\/\/rcn-ong.be\/wp-content\/uploads\/2023\/08\/Capture-4.png\" alt=\"\" class=\"wp-image-9163\" srcset=\"https:\/\/rcn-ong.be\/wp-content\/uploads\/2023\/08\/Capture-4.png 868w, https:\/\/rcn-ong.be\/wp-content\/uploads\/2023\/08\/Capture-4-300x169.png 300w, https:\/\/rcn-ong.be\/wp-content\/uploads\/2023\/08\/Capture-4-768x433.png 768w, https:\/\/rcn-ong.be\/wp-content\/uploads\/2023\/08\/Capture-4-100x56.png 100w, https:\/\/rcn-ong.be\/wp-content\/uploads\/2023\/08\/Capture-4-150x85.png 150w, https:\/\/rcn-ong.be\/wp-content\/uploads\/2023\/08\/Capture-4-200x113.png 200w, https:\/\/rcn-ong.be\/wp-content\/uploads\/2023\/08\/Capture-4-450x254.png 450w, https:\/\/rcn-ong.be\/wp-content\/uploads\/2023\/08\/Capture-4-600x338.png 600w\" sizes=\"auto, (max-width: 868px) 100vw, 868px\" \/><\/a><\/p>\n<p>Les Justices Transitionnelles<\/p>\n<p><a href=\"https:\/\/www.youtube.com\/watch?v=k7mti3pkLbU\"><img loading=\"lazy\" decoding=\"async\" width=\"868\" height=\"489\" src=\"https:\/\/rcn-ong.be\/wp-content\/uploads\/2023\/08\/Capture-5.png\" alt=\"\" class=\"wp-image-9166\" srcset=\"https:\/\/rcn-ong.be\/wp-content\/uploads\/2023\/08\/Capture-5.png 868w, https:\/\/rcn-ong.be\/wp-content\/uploads\/2023\/08\/Capture-5-300x169.png 300w, https:\/\/rcn-ong.be\/wp-content\/uploads\/2023\/08\/Capture-5-768x433.png 768w, https:\/\/rcn-ong.be\/wp-content\/uploads\/2023\/08\/Capture-5-100x56.png 100w, https:\/\/rcn-ong.be\/wp-content\/uploads\/2023\/08\/Capture-5-150x85.png 150w, https:\/\/rcn-ong.be\/wp-content\/uploads\/2023\/08\/Capture-5-200x113.png 200w, https:\/\/rcn-ong.be\/wp-content\/uploads\/2023\/08\/Capture-5-450x254.png 450w, https:\/\/rcn-ong.be\/wp-content\/uploads\/2023\/08\/Capture-5-600x338.png 600w\" sizes=\"auto, (max-width: 868px) 100vw, 868px\" \/><\/a><\/p>\n<p>Le principe de la Comp\u00e9tence Universelle<\/p>\n<p><a href=\"https:\/\/www.youtube.com\/watch?v=9MgaO_YLtxg&amp;feature=youtu.be\"><img loading=\"lazy\" decoding=\"async\" width=\"874\" height=\"490\" src=\"https:\/\/rcn-ong.be\/wp-content\/uploads\/2023\/08\/Capture-6.png\" alt=\"\" class=\"wp-image-9170\" srcset=\"https:\/\/rcn-ong.be\/wp-content\/uploads\/2023\/08\/Capture-6.png 874w, https:\/\/rcn-ong.be\/wp-content\/uploads\/2023\/08\/Capture-6-300x168.png 300w, https:\/\/rcn-ong.be\/wp-content\/uploads\/2023\/08\/Capture-6-768x431.png 768w, https:\/\/rcn-ong.be\/wp-content\/uploads\/2023\/08\/Capture-6-100x56.png 100w, https:\/\/rcn-ong.be\/wp-content\/uploads\/2023\/08\/Capture-6-150x84.png 150w, https:\/\/rcn-ong.be\/wp-content\/uploads\/2023\/08\/Capture-6-200x112.png 200w, https:\/\/rcn-ong.be\/wp-content\/uploads\/2023\/08\/Capture-6-450x252.png 450w, https:\/\/rcn-ong.be\/wp-content\/uploads\/2023\/08\/Capture-6-600x336.png 600w\" sizes=\"auto, (max-width: 874px) 100vw, 874px\" \/><\/a><\/p>\n<div style=\"height:100px\" aria-hidden=\"true\" class=\"wp-block-spacer\"><\/div>\n<\/p>\n<p><span class=\"ellipsis\">&hellip;<\/span><\/p>\n<div class=\"read-more\"><a href=\"https:\/\/rcn-ong.be\/en\/que-faisons-nous\/nos-outils-pedagogiques\/nos-videos-animees\/\">Read more &#8250;<\/a><\/div>\n<p><!-- end of .read-more --><\/p>\n","protected":false},"author":20,"featured_media":0,"parent":2071,"menu_order":0,"comment_status":"closed","ping_status":"closed","template":"","meta":{"footnotes":""},"class_list":["post-8125","page","type-page","status-publish","hentry"],"_links":{"self":[{"href":"https:\/\/rcn-ong.be\/en\/wp-json\/wp\/v2\/pages\/8125","targetHints":{"allow":["GET"]}}],"collection":[{"href":"https:\/\/rcn-ong.be\/en\/wp-json\/wp\/v2\/pages"}],"about":[{"href":"https:\/\/rcn-ong.be\/en\/wp-json\/wp\/v2\/types\/page"}],"author":[{"embeddable":true,"href":"https:\/\/rcn-ong.be\/en\/wp-json\/wp\/v2\/users\/20"}],"replies":[{"embeddable":true,"href":"https:\/\/rcn-ong.be\/en\/wp-json\/wp\/v2\/comments?post=8125"}],"version-history":[{"count":19,"href":"https:\/\/rcn-ong.be\/en\/wp-json\/wp\/v2\/pages\/8125\/revisions"}],"predecessor-version":[{"id":11699,"href":"https:\/\/rcn-ong.be\/en\/wp-json\/wp\/v2\/pages\/8125\/revisions\/11699"}],"up":[{"embeddable":true,"href":"https:\/\/rcn-ong.be\/en\/wp-json\/wp\/v2\/pages\/2071"}],"wp:attachment":[{"href":"https:\/\/rcn-ong.be\/en\/wp-json\/wp\/v2\/media?parent=8125"}],"curies":[{"name":"wp","href":"https:\/\/api.w.org\/{rel}","templated":true}]}}