{"id":8744,"date":"2023-03-14T13:22:01","date_gmt":"2023-03-14T11:22:01","guid":{"rendered":"https:\/\/rcn-ong.be\/?page_id=8744"},"modified":"2025-04-22T17:09:43","modified_gmt":"2025-04-22T15:09:43","slug":"voyage-enseignant-e-s-belges-au-rwanda","status":"publish","type":"page","link":"https:\/\/rcn-ong.be\/en\/voyage-enseignant-e-s-belges-au-rwanda\/","title":{"rendered":"Voyage enseignant\u00b7es belges au Rwanda"},"content":{"rendered":"<p><em><span style=\"color: #808080;\">Derni\u00e8re mise \u00e0 jour Septembre 2024<\/span><\/em><\/p>\n<p>Dans le cadre de ce voyage, RCN Justice &amp; D\u00e9mocratie se rend au Rwanda avec cinq \u00e0 six enseignant\u00b7es belges pendant une semaine afin de permettre des discussions et r\u00e9flexions sur l&#8217;\u00e9ducation \u00e0 la m\u00e9moire. Les enseignant\u00b7es belges \u00e9changent avec des \u00e9l\u00e8ves et des enseignant\u00b7es rwandais\u00b7es, et rencontrent des organisations de la soci\u00e9t\u00e9 civile, ainsi que des repr\u00e9sentants institutionnels.<\/p>\n<p>L&#8217;objectif du voyage est de permettre aux enseignant\u00b7es belges de mieux comprendre l&#8217;histoire du Rwanda et r\u00e9fl\u00e9chir \u00e0 la mani\u00e8re d&#8217;aborder les atrocit\u00e9s criminelles avec leurs \u00e9l\u00e8ves. Les enseingant\u00b7es belges et rwandais \u00e9changent sur les m\u00e9thodes et bonnes pratiques en ce qui concerne la transmission de la m\u00e9moire aux jeunes, en particulier dans le cas de crimes de masse.<\/p>\n\n\n<p><\/p>\n\n\n\n<hr class=\"wp-block-separator has-text-color has-background has-black-background-color has-black-color\"\/>\n\n\n\n<h1 class=\"wp-block-heading\"><span style=\"color:#ff1e00\" class=\"has-inline-color\">Participez au voyage pour enseignant\u00b7es en 2025 !<\/span><\/h1>\n\n\n\n<figure class=\"wp-block-image size-large\"><a href=\"https:\/\/rcn-ong.be\/wp-content\/uploads\/2024\/07\/FR-Voyage-des-profs-au-Rwanda-2025-extension.pdf\" target=\"_blank\" rel=\"noopener noreferrer\"><img loading=\"lazy\" decoding=\"async\" width=\"1024\" height=\"576\" src=\"https:\/\/rcn-ong.be\/wp-content\/uploads\/2024\/05\/Voyage-detude-au-Rwanda-Format-WEB-1024x576.png\" alt=\"\" class=\"wp-image-10589\" srcset=\"https:\/\/rcn-ong.be\/wp-content\/uploads\/2024\/05\/Voyage-detude-au-Rwanda-Format-WEB-1024x576.png 1024w, https:\/\/rcn-ong.be\/wp-content\/uploads\/2024\/05\/Voyage-detude-au-Rwanda-Format-WEB-300x169.png 300w, https:\/\/rcn-ong.be\/wp-content\/uploads\/2024\/05\/Voyage-detude-au-Rwanda-Format-WEB-768x432.png 768w, https:\/\/rcn-ong.be\/wp-content\/uploads\/2024\/05\/Voyage-detude-au-Rwanda-Format-WEB-1536x864.png 1536w, https:\/\/rcn-ong.be\/wp-content\/uploads\/2024\/05\/Voyage-detude-au-Rwanda-Format-WEB-100x56.png 100w, https:\/\/rcn-ong.be\/wp-content\/uploads\/2024\/05\/Voyage-detude-au-Rwanda-Format-WEB-150x84.png 150w, https:\/\/rcn-ong.be\/wp-content\/uploads\/2024\/05\/Voyage-detude-au-Rwanda-Format-WEB-200x113.png 200w, https:\/\/rcn-ong.be\/wp-content\/uploads\/2024\/05\/Voyage-detude-au-Rwanda-Format-WEB-450x253.png 450w, https:\/\/rcn-ong.be\/wp-content\/uploads\/2024\/05\/Voyage-detude-au-Rwanda-Format-WEB-600x338.png 600w, https:\/\/rcn-ong.be\/wp-content\/uploads\/2024\/05\/Voyage-detude-au-Rwanda-Format-WEB-900x506.png 900w, https:\/\/rcn-ong.be\/wp-content\/uploads\/2024\/05\/Voyage-detude-au-Rwanda-Format-WEB.png 1920w\" sizes=\"auto, (max-width: 1024px) 100vw, 1024px\" \/><\/a><\/figure>\n\n\n\n<p>Avec trajet formatif pour votre classe.<\/p>\n\n\n\n<p>RCN J&amp;D recherche 6 enseignant\u00b7es belges, <strong>avec une pr\u00e9f\u00e9rence pour les enseignant\u00b7es bruxelloix\u00b7es<\/strong>, pour un projet \u00e9ducatif sur l&#8217;\u00e9ducation \u00e0 la m\u00e9moire, la pr\u00e9vention des violences et la promotion des droits humains.<\/p>\n\n\n\n<p>Au cours de ce projet, RCN J&amp;D soutient les enseignant\u00b7es et leurs classes dans un projet \u00e9ducatif avec diverses activit\u00e9s de classe et des excursions culturelles pendant l&#8217;ann\u00e9e scolaire 2024-2025.<\/p>\n\n\n\n<p>De plus, nous accompagnons les 5 enseignant\u00b7es belges au Rwanda pour un voyage d\u2019\u00e9changes de bonnes pratiques en mati\u00e8re d&#8217;\u00e9ducation \u00e0 la m\u00e9moire. <strong>Le voyage au Rwanda aura lieu du 27 f\u00e9vrier au 7 mars 2025&nbsp;<\/strong>et permettra aux enseignant.es de mieux comprendre l&#8217;histoire et le contexte rwandais, ainsi que d&#8217;\u00e9changer sur les m\u00e9thodologies de l&#8217;\u00e9ducation \u00e0 la m\u00e9moire des violences de masse, \u00e0 destination des jeunes.<\/p>\n\n\n\n<p><strong>Vous souhaitez plus d&#8217;informations ?<\/strong> Consultez<span class=\"has-inline-color has-blue-color\"> <a href=\"https:\/\/rcn-ong.be\/wp-content\/uploads\/2024\/09\/Voyage-des-profs-au-Rwanda-2025.pdf\" target=\"_blank\" rel=\"noreferrer noopener\">le document ci-joint<\/a><\/span> avec un t\u00e9moignage d\u2019une enseignante partie en 2023.<\/p>\n\n\n\n<p><strong>Int\u00e9ress\u00e9.e ?&nbsp;<\/strong>&nbsp;Envoyez votre candidature avant le <strong>30 septembre 2024<\/strong> \u00e0 <a href=\"mailto:pedagogie@rcn-ong.be\">pedagogie@rcn-ong.be<\/a>.<\/p>\n\n\n\n<p><strong>Vous avez encore des questions ?<\/strong> N&#8217;h\u00e9sitez pas \u00e0 nous contacter \u00e0 l&#8217;adresse <a href=\"mailto:pedagogie@rcn-ong.be\">pedagogie@rcn-ong.be<\/a> ou au 0486 65 95 31.<\/p>\n\n\n\n<h1 class=\"wp-block-heading\">D\u00e9couvrez les voyages des ann\u00e9es pass\u00e9es !<\/h1>\n\n\n\n<h2 class=\"wp-block-heading\">2023<\/h2>\n\n\n\n<p><strong>Lisez quelques t\u00e9moignages des enseignant\u00b7e\u00b7s qui sont parti\u00b7e\u00b7s en mai 2023:<\/strong><\/p>\n\n\n\n<div class=\"wp-block-file\"><a href=\"https:\/\/rcn-ong.be\/wp-content\/uploads\/2024\/04\/Temoignage-Clotilde-voyage-RW-1.pdf\" target=\"_blank\" rel=\"noreferrer noopener\">&#8211; Clotilde Toussaint &#8211; Professeur de fran\u00e7ais et religion<\/a><\/div>\n\n\n\n<div class=\"wp-block-file\"><a href=\"https:\/\/rcn-ong.be\/wp-content\/uploads\/2024\/04\/Temoignage-Valerie-voyage-RW-1.pdf\" target=\"_blank\" rel=\"noreferrer noopener\">&#8211; Val\u00e9rie Smal &#8211; Professeur de fran\u00e7ais<\/a><\/div>\n\n\n\n<h2 class=\"wp-block-heading\">2021<\/h2>\n\n\n\n<p><\/p>\n\n\n\n<p><strong>Visionnez notre vid\u00e9o sur les \u00e9changes entre enseignant\u00b7e\u00b7s du voyage au Rwanda en 2021 !<\/strong><\/p>\n\n\n\n<figure class=\"wp-block-image size-large\"><a href=\"https:\/\/www.youtube.com\/watch?v=UWSDditBQ2A\" target=\"_blank\" rel=\"noopener noreferrer\"><img loading=\"lazy\" decoding=\"async\" width=\"578\" height=\"326\" src=\"https:\/\/rcn-ong.be\/wp-content\/uploads\/2023\/09\/Capture-decran-2023-09-05-104225.png\" alt=\"\" class=\"wp-image-9606\" srcset=\"https:\/\/rcn-ong.be\/wp-content\/uploads\/2023\/09\/Capture-decran-2023-09-05-104225.png 578w, https:\/\/rcn-ong.be\/wp-content\/uploads\/2023\/09\/Capture-decran-2023-09-05-104225-300x169.png 300w, https:\/\/rcn-ong.be\/wp-content\/uploads\/2023\/09\/Capture-decran-2023-09-05-104225-100x56.png 100w, https:\/\/rcn-ong.be\/wp-content\/uploads\/2023\/09\/Capture-decran-2023-09-05-104225-150x85.png 150w, https:\/\/rcn-ong.be\/wp-content\/uploads\/2023\/09\/Capture-decran-2023-09-05-104225-200x113.png 200w, https:\/\/rcn-ong.be\/wp-content\/uploads\/2023\/09\/Capture-decran-2023-09-05-104225-450x254.png 450w\" sizes=\"auto, (max-width: 578px) 100vw, 578px\" \/><\/a><figcaption><em>Transmission de la m\u00e9moire du g\u00e9nocide des Tutsi au Rwanda : \u00e9changes entre enseignant\u00b7e\u00b7s (2021)<\/em><\/figcaption><\/figure>\n\n\n\n<h2 class=\"wp-block-heading\">2020<\/h2>\n\n\n\n<figure class=\"wp-block-image size-large\"><a href=\"https:\/\/www.youtube.com\/watch?v=zy5MoY1Pu0s\" target=\"_blank\" rel=\"noopener noreferrer\"><img loading=\"lazy\" decoding=\"async\" width=\"581\" height=\"327\" src=\"https:\/\/rcn-ong.be\/wp-content\/uploads\/2023\/09\/Capture-decran-2023-09-04-174219.png\" alt=\"\" class=\"wp-image-9598\" srcset=\"https:\/\/rcn-ong.be\/wp-content\/uploads\/2023\/09\/Capture-decran-2023-09-04-174219.png 581w, https:\/\/rcn-ong.be\/wp-content\/uploads\/2023\/09\/Capture-decran-2023-09-04-174219-300x169.png 300w, https:\/\/rcn-ong.be\/wp-content\/uploads\/2023\/09\/Capture-decran-2023-09-04-174219-100x56.png 100w, https:\/\/rcn-ong.be\/wp-content\/uploads\/2023\/09\/Capture-decran-2023-09-04-174219-150x84.png 150w, https:\/\/rcn-ong.be\/wp-content\/uploads\/2023\/09\/Capture-decran-2023-09-04-174219-200x113.png 200w, https:\/\/rcn-ong.be\/wp-content\/uploads\/2023\/09\/Capture-decran-2023-09-04-174219-450x253.png 450w\" sizes=\"auto, (max-width: 581px) 100vw, 581px\" \/><\/a><figcaption><em>Transmission de la m\u00e9moire : \u00e9changes de bonnes pratiques et m\u00e9thodologies entre enseignant\u00b7e\u00b7s belges et rwandais (2020)<\/em><\/figcaption><\/figure>\n\n\n\n<p>RCN J&amp;D a aussi publi\u00e9 un rapport sur cette semaine d&#8217;\u00e9changes qui reprend les diff\u00e9rentes pistes relev\u00e9es par des enseignantes et enseignants sur la transmission de la m\u00e9moire. Cliquez ci-dessous pour le lire !<\/p>\n\n\n\n<div class=\"wp-block-file\"><a href=\"https:\/\/rcn-ong.be\/wp-content\/uploads\/2020\/09\/Rapport-de-capitalisation-2020-VOUT.pdf\">Rapport sur la transmission de la m\u00e9moire &#8211; \u00c9changes entre enseignant\u00b7e\u00b7s (2020)<\/a><a href=\"https:\/\/rcn-ong.be\/wp-content\/uploads\/2020\/09\/Rapport-de-capitalisation-2020-VOUT.pdf\" class=\"wp-block-file__button\" download>T\u00e9l\u00e9charger<\/a><\/div>\n\n\n\n<h2 class=\"wp-block-heading\">2019<\/h2>\n\n\n\n<figure class=\"wp-block-image size-large\"><a href=\"https:\/\/www.youtube.com\/watch?v=_JDz6qp7gbo\" target=\"_blank\" rel=\"noopener noreferrer\"><img loading=\"lazy\" decoding=\"async\" width=\"578\" height=\"435\" src=\"https:\/\/rcn-ong.be\/wp-content\/uploads\/2023\/09\/Capture-decran-2023-09-05-115257.png\" alt=\"\" class=\"wp-image-9610\" srcset=\"https:\/\/rcn-ong.be\/wp-content\/uploads\/2023\/09\/Capture-decran-2023-09-05-115257.png 578w, https:\/\/rcn-ong.be\/wp-content\/uploads\/2023\/09\/Capture-decran-2023-09-05-115257-300x226.png 300w, https:\/\/rcn-ong.be\/wp-content\/uploads\/2023\/09\/Capture-decran-2023-09-05-115257-100x75.png 100w, https:\/\/rcn-ong.be\/wp-content\/uploads\/2023\/09\/Capture-decran-2023-09-05-115257-150x113.png 150w, https:\/\/rcn-ong.be\/wp-content\/uploads\/2023\/09\/Capture-decran-2023-09-05-115257-200x151.png 200w, https:\/\/rcn-ong.be\/wp-content\/uploads\/2023\/09\/Capture-decran-2023-09-05-115257-450x339.png 450w\" sizes=\"auto, (max-width: 578px) 100vw, 578px\" \/><\/a><figcaption><em>Parler du g\u00e9nocide perp\u00e9tr\u00e9 contre les Tutsi au Rwanda en classe : \u00e9changes entre enseignant\u00b7e\u00b7s belges et rwandais (2019)<\/em><\/figcaption><\/figure>\n","protected":false},"excerpt":{"rendered":"<p><em><span style=\"color: #808080;\">Derni\u00e8re mise \u00e0 jour Septembre 2024<\/span><\/em><\/p>\n<p>Dans le cadre de ce voyage, RCN Justice &amp; D\u00e9mocratie se rend au Rwanda avec cinq \u00e0 six enseignant\u00b7es belges pendant une semaine afin de permettre des discussions et r\u00e9flexions sur l&#8217;\u00e9ducation \u00e0 la m\u00e9moire.<\/p>\n<p><span class=\"ellipsis\">&hellip;<\/span><\/p>\n<div class=\"read-more\"><a href=\"https:\/\/rcn-ong.be\/en\/voyage-enseignant-e-s-belges-au-rwanda\/\">Read more &#8250;<\/a><\/div>\n<p><!-- end of .read-more --><\/p>\n","protected":false},"author":20,"featured_media":0,"parent":0,"menu_order":0,"comment_status":"closed","ping_status":"closed","template":"","meta":{"footnotes":""},"class_list":["post-8744","page","type-page","status-publish","hentry"],"_links":{"self":[{"href":"https:\/\/rcn-ong.be\/en\/wp-json\/wp\/v2\/pages\/8744","targetHints":{"allow":["GET"]}}],"collection":[{"href":"https:\/\/rcn-ong.be\/en\/wp-json\/wp\/v2\/pages"}],"about":[{"href":"https:\/\/rcn-ong.be\/en\/wp-json\/wp\/v2\/types\/page"}],"author":[{"embeddable":true,"href":"https:\/\/rcn-ong.be\/en\/wp-json\/wp\/v2\/users\/20"}],"replies":[{"embeddable":true,"href":"https:\/\/rcn-ong.be\/en\/wp-json\/wp\/v2\/comments?post=8744"}],"version-history":[{"count":45,"href":"https:\/\/rcn-ong.be\/en\/wp-json\/wp\/v2\/pages\/8744\/revisions"}],"predecessor-version":[{"id":11709,"href":"https:\/\/rcn-ong.be\/en\/wp-json\/wp\/v2\/pages\/8744\/revisions\/11709"}],"wp:attachment":[{"href":"https:\/\/rcn-ong.be\/en\/wp-json\/wp\/v2\/media?parent=8744"}],"curies":[{"name":"wp","href":"https:\/\/api.w.org\/{rel}","templated":true}]}}