{"id":10428,"date":"2024-05-02T13:49:14","date_gmt":"2024-05-02T11:49:14","guid":{"rendered":"https:\/\/rcn-ong.be\/?page_id=10428"},"modified":"2025-04-17T16:02:34","modified_gmt":"2025-04-17T14:02:34","slug":"justice-transformatrice","status":"publish","type":"page","link":"https:\/\/rcn-ong.be\/nl\/justice-transformatrice\/","title":{"rendered":"Justice transformative"},"content":{"rendered":"<p><span style=\"color: #808080;\"><em>Derni\u00e8re mise \u00e0 jour Avril 2025<\/em><\/span><\/p>\n\n\n<p><strong>Les violences syst\u00e9miques sont des violences enracin\u00e9es dans les syst\u00e8mes de pouvoir<\/strong> (violences de genre, discriminations \u00e0 l\u2019\u00e9gard des minorit\u00e9s, etc.), ayant la caract\u00e9ristique d\u2019\u00eatre invisibilis\u00e9es ou banalis\u00e9es, d\u2019assigner les individus ou groupes vis\u00e9s \u00e0 des positions subalternes, g\u00e9n\u00e9rant une d\u00e9possession de la parole et plus largement des moyens d\u2019agir, ainsi qu\u2019une int\u00e9riorisation de leurs positions subalternes. La probl\u00e9matique pos\u00e9e par ces violences ne commence pas avec l\u2019acte infractionnel appr\u00e9hend\u00e9 de mani\u00e8re individuelle, <strong>elle trouve son origine dans les conditions sociales, communautaires et institutionnelles qui l\u2019ont rendu possible<\/strong>. Selon les contextes, la r\u00e9ponse offerte par les acteurs de justice (\u00e9tatiques ou non \u00e9tatiques) est souvent inad\u00e9quate, insuffisante ou elle-m\u00eame source de violences institutionnalis\u00e9es.<\/p>\n\n\n\n<p><br>RCN J&amp;D promeut ici une approche dite de <strong>\u00ab justice transformative \u00bb<\/strong> qui vise \u00e0 apporter<strong> des r\u00e9ponses collectives et holistiques, impliquant d\u2019agir \u00e0 plusieurs niveaux, afin de <strong>traiter les causes profondes et soci\u00e9tales, qui sont \u00e0 l\u2019origine de la violence et des conflits<\/strong> <\/strong>: (1) le soutien \u00e0 la personne victime, sa s\u00e9curit\u00e9 et son autod\u00e9termination ; (2) la responsabilit\u00e9 de l\u2019agresseur et son changement de comportement ; (3) les changements communautaires en faveur de valeurs et de pratiques non oppressives et non violentes ; (4) les changements structurels ou institutionnels des conditions qui permettent au pr\u00e9judice de se produire. Une attention prioritaire est port\u00e9e aux violences bas\u00e9es sur le genre mais d\u2019autres types de violences syst\u00e9miques (\u00e0 l\u2019\u00e9gard des minorit\u00e9s ethniques, religieuses, LGBTQ+\u2026) pourront \u00eatre prises en compte selon les priorit\u00e9s contextuelles.<\/p>\n\n\n\n<p>Aujourd&#8217;hui, RCN J&amp;D est engag\u00e9, aux c\u00f4t\u00e9s de ses partenaires au Maroc, dans l\u2019acc\u00e8s \u00e0 la justice des femmes et filles victimes de violence bas\u00e9es sur le genre et dans la d\u00e9fense des droits de la femme.&nbsp;\u0153uvre dans une logique de <strong>changement des mentalit\u00e9s, d\u2019\u00e9volution des coutumes, de transformation des comportements sociaux et des pratiques judiciaires<\/strong>.<\/p>\n\n\n\n<div class=\"wp-block-image\"><figure class=\"aligncenter size-large is-resized\"><img loading=\"lazy\" decoding=\"async\" src=\"https:\/\/rcn-ong.be\/wp-content\/uploads\/2025\/04\/Maroc-1024x782.png\" alt=\"\" class=\"wp-image-11529\" width=\"369\" height=\"281\" srcset=\"https:\/\/rcn-ong.be\/wp-content\/uploads\/2025\/04\/Maroc-1024x782.png 1024w, https:\/\/rcn-ong.be\/wp-content\/uploads\/2025\/04\/Maroc-300x229.png 300w, https:\/\/rcn-ong.be\/wp-content\/uploads\/2025\/04\/Maroc-768x587.png 768w, https:\/\/rcn-ong.be\/wp-content\/uploads\/2025\/04\/Maroc-1536x1173.png 1536w, https:\/\/rcn-ong.be\/wp-content\/uploads\/2025\/04\/Maroc-100x76.png 100w, https:\/\/rcn-ong.be\/wp-content\/uploads\/2025\/04\/Maroc-150x115.png 150w, https:\/\/rcn-ong.be\/wp-content\/uploads\/2025\/04\/Maroc-200x153.png 200w, https:\/\/rcn-ong.be\/wp-content\/uploads\/2025\/04\/Maroc-450x344.png 450w, https:\/\/rcn-ong.be\/wp-content\/uploads\/2025\/04\/Maroc-600x458.png 600w, https:\/\/rcn-ong.be\/wp-content\/uploads\/2025\/04\/Maroc-900x688.png 900w, https:\/\/rcn-ong.be\/wp-content\/uploads\/2025\/04\/Maroc.png 1851w\" sizes=\"auto, (max-width: 369px) 100vw, 369px\" \/><\/figure><\/div>\n","protected":false},"excerpt":{"rendered":"<p><span style=\"color: #808080;\"><em>Derni\u00e8re mise \u00e0 jour Avril 2025<\/em><\/span><\/p>\n<p><strong>Les violences syst\u00e9miques sont des violences enracin\u00e9es dans les syst\u00e8mes de pouvoir<\/strong> (violences de genre, discriminations \u00e0 l\u2019\u00e9gard des minorit\u00e9s, etc.), ayant la caract\u00e9ristique d\u2019\u00eatre invisibilis\u00e9es ou banalis\u00e9es,<\/p>\n<p><span class=\"ellipsis\">&hellip;<\/span><\/p>\n<div class=\"read-more\"><a href=\"https:\/\/rcn-ong.be\/nl\/justice-transformatrice\/\">Lees meer &#8250;<\/a><\/div>\n<p><!-- end of .read-more --><\/p>\n","protected":false},"author":3,"featured_media":0,"parent":0,"menu_order":0,"comment_status":"closed","ping_status":"closed","template":"","meta":{"footnotes":""},"class_list":["post-10428","page","type-page","status-publish","hentry"],"_links":{"self":[{"href":"https:\/\/rcn-ong.be\/nl\/wp-json\/wp\/v2\/pages\/10428","targetHints":{"allow":["GET"]}}],"collection":[{"href":"https:\/\/rcn-ong.be\/nl\/wp-json\/wp\/v2\/pages"}],"about":[{"href":"https:\/\/rcn-ong.be\/nl\/wp-json\/wp\/v2\/types\/page"}],"author":[{"embeddable":true,"href":"https:\/\/rcn-ong.be\/nl\/wp-json\/wp\/v2\/users\/3"}],"replies":[{"embeddable":true,"href":"https:\/\/rcn-ong.be\/nl\/wp-json\/wp\/v2\/comments?post=10428"}],"version-history":[{"count":5,"href":"https:\/\/rcn-ong.be\/nl\/wp-json\/wp\/v2\/pages\/10428\/revisions"}],"predecessor-version":[{"id":11643,"href":"https:\/\/rcn-ong.be\/nl\/wp-json\/wp\/v2\/pages\/10428\/revisions\/11643"}],"wp:attachment":[{"href":"https:\/\/rcn-ong.be\/nl\/wp-json\/wp\/v2\/media?parent=10428"}],"curies":[{"name":"wp","href":"https:\/\/api.w.org\/{rel}","templated":true}]}}