{"id":2372,"date":"2014-12-02T09:02:58","date_gmt":"2014-12-02T09:02:58","guid":{"rendered":"https:\/\/rcn-ong.be\/que-faisons-nous\/nos-pays-d-intervention\/republique-democratique-du-congo\/"},"modified":"2014-12-22T10:52:56","modified_gmt":"2014-12-22T10:52:56","slug":"democratische-republiek-congo","status":"publish","type":"page","link":"https:\/\/rcn-ong.be\/nl\/wat-we-doen\/waar-we-werken\/democratische-republiek-congo\/","title":{"rendered":"Democratische Republiek Congo"},"content":{"rendered":"<pre><strong>Superficie :<\/strong> 27 830 km\u00b2 1\r\n<strong>Population :<\/strong> 8,5 millions d\u2019habitants 2\r\n<strong>RNB per capita :<\/strong> 368USD PPA en 2011 3\r\n<strong>Croissance du PIB :<\/strong> +3.9% en 20104\r\n<strong>IDH :<\/strong> 0,282 (185\/187) 5\r\n\r\n<strong>Economie :<\/strong> \r\nAffaiblie par la guerre civile, l\u2019\u00e9conomie burundaise a connu un nouvel affaissement d\u00fb \u00e0 la r\u00e9cession \u00e9conomique internationale et \u00e0 la baisse de la production du caf\u00e9 et des cultures vivri\u00e8res. Le Burundi traverse actuellement une crise alimentaire grave, de fortes pluies et averses de gr\u00eale ayant d\u00e9truit les r\u00e9coltes de f\u00e9vrier \u00e0 juin, qui repr\u00e9sentent 50% de la production\u00a0 nationale. Le pays a \u00e9galement \u00e9t\u00e9 class\u00e9 pour la 2e fois dans la liste des pays d\u2019Afrique les plus corrompus par Transparency International.\r\n\r\n<strong>Politique :<\/strong>\r\nInd\u00e9pendance\u00a0 :\u00a0 1er juillet 1962\r\nChef de l\u2019\u00c9tat : Pierre Nkurunziza (r\u00e9\u00e9lu en 2010)\r\nL'accord d\u2019Arusha pour la paix et la r\u00e9conciliation du 28 ao\u00fbt 2000, a mis fin \u00e0 une guerre civile politico-ethnique de 13 ans, ayant caus\u00e9 environ 300.000 morts.\r\n\r\n<strong>Justice :<\/strong> \r\nLes \u00e9chelons judiciaires sont calqu\u00e9s sur les divisions administratives. On compte ainsi 128 tribunaux de r\u00e9sidence, 17 tribunaux de grande instance, 3 cours d\u2019appel, une Cour supr\u00eame, 2 tribunaux du travail, 5 conseils de guerre, une Cour militaire, 2 cours administratives et une Cour constitutionnelle.<\/pre>\n<h1>Bureau national \u00e0 Kinshasa<\/h1>\n<h2>Programme en cours<\/h2>\n<ul>\n<li><a href=\"#\">Programme 2013 &#8211; 2015 &#8220;Projet d\u2019appui aux organisations paysannes pour un d\u00e9veloppement durable de l\u2019agriculture&#8221;<\/a><\/li>\n<li><a href=\"#\">Programme 2013 &#8211; 2015 &#8220;Contribuer \u00e0 la libert\u00e9 d\u2019expression en R\u00e9publique d\u00e9mocratique du Congo&#8221;<\/a><\/li>\n<li><a href=\"#\">Programme 2014 &#8211; 2016 &#8220;Pour une meilleure s\u00e9curit\u00e9 juridique en R\u00e9publique d\u00e9mocratique du Congo&#8221;<\/a><\/li>\n<li><a href=\"#\">B\u00e9n\u00e9ficiaires<\/a><\/li>\n<li><a href=\"#\">Partenaires<\/a><\/li>\n<\/ul>\n<h2>R\u00e9alisations ant\u00e9rieures<\/h2>\n<ul>\n<li>2011 &#8211; 2013 &#8220;Pour une justice de proximit\u00e9 en R\u00e9publique d\u00e9mocratique du Congo&#8221;<\/li>\n<li>2010 &#8211; 2013 &#8220;Contribuer \u00e0 la libert\u00e9 d\u2019expression en R\u00e9publique d\u00e9mocratique du Congo&#8221;<\/li>\n<li>2009 &#8211; 2011 &#8221; Appui \u00e0 la transition vers un \u00e9tat de droit, \u00e0 la justice de proximit\u00e9 et \u00e0 la pacification sociale&#8221;<\/li>\n<li>2005 &#8211; 2006 &#8220;Appui au renforcement de l\u2019Etat de droit et de la justice dans la ville de Kinshasa et dans les provinces du Bas-Congo et du Bandundu&#8221;<\/li>\n<li>2003 &#8211; 2004 &#8220;Appui institutionnel au syst\u00e8me judiciaire pour l\u2019instauration d\u2019une justice effective en R\u00e9publique d\u00e9mocratique du Congo&#8221;<\/li>\n<li>2000 &#8211; 2002 &#8220;Appui \u00e0 la justice en R\u00e9publique d\u00e9mocratique du Congo&#8221;<\/li>\n<\/ul>\n<h1>Est de la RDC<\/h1>\n<h2>Programme en cours<\/h2>\n<ul>\n<li>Programme 2012 &#8211; 2015 &#8220;Programme d\u2019Appui au Renforcement de la Justice \u00e0 l\u2019Est&#8221; (\u00ab Uhaki Safi \u00bb)<\/li>\n<\/ul>\n<h2>R\u00e9alisations ant\u00e9rieures<\/h2>\n<ul>\n<li>2008 &#8211; 2010 &#8220;Pr\u00e9vention et gestion des conflits fonciers en vue de renforcer la paix sociale&#8221; (Ituri)<\/li>\n<li>2006 &#8211; 2008 &#8220;Restauration de la justice dans le contexte du retour des d\u00e9plac\u00e9s&#8221; (Ituri)<\/li>\n<li>2004 &#8211; 2006 &#8220;Restauration de la cha\u00eene judiciaire&#8221; (Ituri)<\/li>\n<\/ul>\n<h1>Bas-Congo<\/h1>\n<h2>R\u00e9alisations ant\u00e9rieures<\/h2>\n<ul>\n<li>2009 &#8211; 2012 &#8220;Appui \u00e0 la justice de proximit\u00e9&#8221;<\/li>\n<li>2009 &#8211; 2011 &#8221; Appui \u00e0 la transition vers un \u00e9tat de droit, \u00e0 la justice de proximit\u00e9 et \u00e0 la pacification sociale&#8221;<\/li>\n<\/ul>\n<div id=\"news_by_category\" class=\"ld_block news_by_category\">\n\t\t\t<h1>\n\t\t\tNieuws Democratische Republiek Congo\t\t<\/h1>\n\t\t\t\t\t\t<div class=\"clearfix ld_block_wrapper_full post-11312 post type-post status-publish format-standard hentry category-rdc-nl category-europe-nl category-nieuws\">\n\t\t\t<div class=\"ld_block_image\"><\/div>\n\t\t\t<div class=\"ld_block_content\">\n\t\t\t\t<h3 class=\"ldrp-title\">\n\t\t\t\t\t<a href=\"https:\/\/rcn-ong.be\/nl\/de-belgische-staat-veroordeeld-voor-misdaden-tegen-de-menselijkheid-jegens-metis-kinderen-in-congo\/\" title=\"De Belgische staat veroordeeld voor misdaden tegen de menselijkheid jegens metis-kinderen in Congo\" rel=\"bookmark\">De Belgische staat veroordeeld voor misdaden tegen de menselijkheid jegens metis-kinderen in Congo<\/a>\n\n\t\t\t\t\t\t\t\t\t\t\t<span class=\"ldrp-time published\"> - 05\/12\/2024<\/span>\n\t\t\t\t\t\t\t\t\t<\/h3>\n\n\t\t\t\t<div class=\"ldrp-summary\">\n\t\t\t\t\t<a href=\"https:\/\/rcn-ong.be\/nl\/de-belgische-staat-veroordeeld-voor-misdaden-tegen-de-menselijkheid-jegens-metis-kinderen-in-congo\/\">Context van het proces Tijdens de Belgische kolonisatie van Congo werden duizenden kinderen van een blanke vader en een zwarte Congolese moeder bij hun familie weggehaald en in weeshuizen (...)<\/a>\n\t\t\t\t<\/div>\n\t\t\t<\/div>\n\t\t<\/div>\n\n\t\n\n<\/div><!-- .ldrp-block -->\n\n","protected":false},"excerpt":{"rendered":"<p><img loading=\"lazy\" decoding=\"async\" width=\"1024\" height=\"512\" src=\"https:\/\/rcn-ong.be\/wp-content\/uploads\/2024\/12\/Banniere_Affaire-Metis_NL-1024x512.png\" alt=\"\" class=\"wp-image-11313\" srcset=\"https:\/\/rcn-ong.be\/wp-content\/uploads\/2024\/12\/Banniere_Affaire-Metis_NL-1024x512.png 1024w, https:\/\/rcn-ong.be\/wp-content\/uploads\/2024\/12\/Banniere_Affaire-Metis_NL-300x150.png 300w, https:\/\/rcn-ong.be\/wp-content\/uploads\/2024\/12\/Banniere_Affaire-Metis_NL-768x384.png 768w, https:\/\/rcn-ong.be\/wp-content\/uploads\/2024\/12\/Banniere_Affaire-Metis_NL-1536x768.png 1536w, https:\/\/rcn-ong.be\/wp-content\/uploads\/2024\/12\/Banniere_Affaire-Metis_NL-2048x1024.png 2048w, https:\/\/rcn-ong.be\/wp-content\/uploads\/2024\/12\/Banniere_Affaire-Metis_NL-100x50.png 100w, https:\/\/rcn-ong.be\/wp-content\/uploads\/2024\/12\/Banniere_Affaire-Metis_NL-150x75.png 150w, https:\/\/rcn-ong.be\/wp-content\/uploads\/2024\/12\/Banniere_Affaire-Metis_NL-200x100.png 200w, https:\/\/rcn-ong.be\/wp-content\/uploads\/2024\/12\/Banniere_Affaire-Metis_NL-450x225.png 450w, https:\/\/rcn-ong.be\/wp-content\/uploads\/2024\/12\/Banniere_Affaire-Metis_NL-600x300.png 600w, https:\/\/rcn-ong.be\/wp-content\/uploads\/2024\/12\/Banniere_Affaire-Metis_NL-900x450.png 900w\" sizes=\"auto, (max-width: 1024px) 100vw, 1024px\" \/><\/p>\n<p><strong>Context van het proces<\/strong><\/p>\n<p>Tijdens de Belgische kolonisatie van Congo werden duizenden kinderen van een blanke vader en een zwarte Congolese moeder bij hun familie weggehaald en in weeshuizen geplaatst.\u00a0<br \/>\u00a0<br \/>Vijf &#8220;metis&#8221; vrouwen hebben de Belgische staat voor het gerecht gedaagd wegens misdaden tegen de menselijkheid voor hun ontvoering en gedwongen plaatsing.<\/p>\n<p><span class=\"ellipsis\">&hellip;<\/span><\/p>\n<div class=\"read-more\"><a href=\"https:\/\/rcn-ong.be\/nl\/de-belgische-staat-veroordeeld-voor-misdaden-tegen-de-menselijkheid-jegens-metis-kinderen-in-congo\/\">Lees meer &#8250;<\/a><\/div>\n<p><!-- end of .read-more --><\/p>\n","protected":false},"author":3,"featured_media":0,"parent":2342,"menu_order":0,"comment_status":"closed","ping_status":"closed","template":"sidebar-content-page.php","meta":{"footnotes":""},"class_list":["post-2372","page","type-page","status-publish","hentry"],"_links":{"self":[{"href":"https:\/\/rcn-ong.be\/nl\/wp-json\/wp\/v2\/pages\/2372","targetHints":{"allow":["GET"]}}],"collection":[{"href":"https:\/\/rcn-ong.be\/nl\/wp-json\/wp\/v2\/pages"}],"about":[{"href":"https:\/\/rcn-ong.be\/nl\/wp-json\/wp\/v2\/types\/page"}],"author":[{"embeddable":true,"href":"https:\/\/rcn-ong.be\/nl\/wp-json\/wp\/v2\/users\/3"}],"replies":[{"embeddable":true,"href":"https:\/\/rcn-ong.be\/nl\/wp-json\/wp\/v2\/comments?post=2372"}],"version-history":[{"count":2,"href":"https:\/\/rcn-ong.be\/nl\/wp-json\/wp\/v2\/pages\/2372\/revisions"}],"predecessor-version":[{"id":2693,"href":"https:\/\/rcn-ong.be\/nl\/wp-json\/wp\/v2\/pages\/2372\/revisions\/2693"}],"up":[{"embeddable":true,"href":"https:\/\/rcn-ong.be\/nl\/wp-json\/wp\/v2\/pages\/2342"}],"wp:attachment":[{"href":"https:\/\/rcn-ong.be\/nl\/wp-json\/wp\/v2\/media?parent=2372"}],"curies":[{"name":"wp","href":"https:\/\/api.w.org\/{rel}","templated":true}]}}