{"id":2619,"date":"2014-12-15T14:19:05","date_gmt":"2014-12-15T14:19:05","guid":{"rendered":"https:\/\/rcn-ong.be\/nieuws\/actualites\/"},"modified":"2020-11-19T13:39:07","modified_gmt":"2020-11-19T11:39:07","slug":"actualites","status":"publish","type":"page","link":"https:\/\/rcn-ong.be\/nl\/nieuws\/actualites\/","title":{"rendered":"Nieuws"},"content":{"rendered":"<div id=\"news_by_category\" class=\"ld_block news_by_category\">\n\t\t\t\t\t\t<div class=\"clearfix ld_block_wrapper_full post-11312 post type-post status-publish format-standard hentry category-rdc-nl category-europe-nl category-nieuws\">\n\t\t\t<div class=\"ld_block_image\"><\/div>\n\t\t\t<div class=\"ld_block_content\">\n\t\t\t\t<h3 class=\"ldrp-title\">\n\t\t\t\t\t<a href=\"https:\/\/rcn-ong.be\/nl\/de-belgische-staat-veroordeeld-voor-misdaden-tegen-de-menselijkheid-jegens-metis-kinderen-in-congo\/\" title=\"De Belgische staat veroordeeld voor misdaden tegen de menselijkheid jegens metis-kinderen in Congo\" rel=\"bookmark\">De Belgische staat veroordeeld voor misdaden tegen de menselijkheid jegens metis-kinderen in Congo<\/a>\n\n\t\t\t\t\t\t\t\t\t\t\t<span class=\"ldrp-time published\"> - 05\/12\/2024<\/span>\n\t\t\t\t\t\t\t\t\t<\/h3>\n\n\t\t\t\t<div class=\"ldrp-summary\">\n\t\t\t\t\t<a href=\"https:\/\/rcn-ong.be\/nl\/de-belgische-staat-veroordeeld-voor-misdaden-tegen-de-menselijkheid-jegens-metis-kinderen-in-congo\/\">Context van het proces Tijdens de Belgische kolonisatie van Congo werden duizenden kinderen van een blanke vader en een zwarte Congolese moeder bij hun familie weggehaald en in weeshuizen geplaatst.\u00a0\u00a0Vijf &#8220;metis&#8221; vrouwen hebben de Belgische staat voor het g (...)<\/a>\n\t\t\t\t<\/div>\n\t\t\t<\/div>\n\t\t<\/div>\n\n\t\t\t\t\t<div class=\"clearfix ld_block_wrapper_full post-10976 post type-post status-publish format-standard hentry category-europe-nl category-nieuws\">\n\t\t\t<div class=\"ld_block_image\"><\/div>\n\t\t\t<div class=\"ld_block_content\">\n\t\t\t\t<h3 class=\"ldrp-title\">\n\t\t\t\t\t<a href=\"https:\/\/rcn-ong.be\/nl\/soundtrack-to-a-coup-detat-pedagogisch-dossier\/\" title=\"Soundtrack to a Coup d&#8217;\u00c9tat &#8211; Pedagogisch dossier\" rel=\"bookmark\">Soundtrack to a Coup d&#8217;\u00c9tat &#8211; Pedagogisch dossier<\/a>\n\n\t\t\t\t\t\t\t\t\t\t\t<span class=\"ldrp-time published\"> - 11\/09\/2024<\/span>\n\t\t\t\t\t\t\t\t\t<\/h3>\n\n\t\t\t\t<div class=\"ldrp-summary\">\n\t\t\t\t\t<a href=\"https:\/\/rcn-ong.be\/nl\/soundtrack-to-a-coup-detat-pedagogisch-dossier\/\">Soundtrack to a Coup d&#8217;\u00c9tat is een film geregisseerd door Johan Grimonprez, sinds 11 september 2024 in de bioscopen en winnaar op het Sundance Film Festival 2024. Deze aangrijpende historische film verkent de &#8216;onafhankelijkheid&#8217; van Congo in de context van (...)<\/a>\n\t\t\t\t<\/div>\n\t\t\t<\/div>\n\t\t<\/div>\n\n\t\t\t\t\t<div class=\"clearfix ld_block_wrapper post-9912 post type-post status-publish format-standard has-post-thumbnail hentry category-nieuws\">\n\t\t\t<div class=\"ld_block_image\">\t\t\t\t\t\t<a href=\"https:\/\/rcn-ong.be\/nl\/workshops-een-blik-op-conflictpreventie-en-oplossing-op-lokaal-niveau\/\" title=\"Permalink to Ateliers &#8211; Een blik op conflictpreventie en -oplossing op lokaal niveau\" rel=\"bookmark\">\n\t\t\t\t\t\t\t<img loading=\"lazy\" decoding=\"async\" width=\"45\" height=\"45\" src=\"https:\/\/rcn-ong.be\/wp-content\/uploads\/2023\/10\/Resoudre-des-conflits-banniere-RCN-NL-1000px-maquette-03D-150x150.jpg\" class=\"ldrp-alignleft ldrp-thumb the-post-thumbnail wp-post-image\" alt=\"Ateliers &#8211; Een blik op conflictpreventie en -oplossing op lokaal niveau\" title=\"Ateliers &#8211; Een blik op conflictpreventie en -oplossing op lokaal niveau\" \/>\t\t\t\t\t\t<\/a>\n\t\t\t\t\t<\/div>\n\t\t\t<div class=\"ld_block_content\">\n\t\t\t\t<h3 class=\"ldrp-title\">\n\t\t\t\t\t<a href=\"https:\/\/rcn-ong.be\/nl\/workshops-een-blik-op-conflictpreventie-en-oplossing-op-lokaal-niveau\/\" title=\"Ateliers &#8211; Een blik op conflictpreventie en -oplossing op lokaal niveau\" rel=\"bookmark\">Ateliers &#8211; Een blik op conflictpreventie en -oplossing op lokaal niveau<\/a>\n\n\t\t\t\t\t\t\t\t\t\t\t<span class=\"ldrp-time published\"> - 26\/10\/2023<\/span>\n\t\t\t\t\t\t\t\t\t<\/h3>\n\n\t\t\t\t<div class=\"ldrp-summary\">\n\t\t\t\t\t<a href=\"https:\/\/rcn-ong.be\/nl\/workshops-een-blik-op-conflictpreventie-en-oplossing-op-lokaal-niveau\/\">Hoe kunnen we de capaciteit vaneen gemeenschap\/groep om hunconflicten op te lossen versterken? Gratis | Van 28 tot 30 november 2023 in Sint-Gillis Europa staat voor grote uitdagingen op het vlak van samenleven, die onder andere worden gekenmerkt door de opkomst van (...)<\/a>\n\t\t\t\t<\/div>\n\t\t\t<\/div>\n\t\t<\/div>\n\n\t\t\t\t\t<div class=\"clearfix ld_block_wrapper_full post-7886 post type-post status-publish format-standard hentry category-europe-nl category-nieuws\">\n\t\t\t<div class=\"ld_block_image\"><\/div>\n\t\t\t<div class=\"ld_block_content\">\n\t\t\t\t<h3 class=\"ldrp-title\">\n\t\t\t\t\t<a href=\"https:\/\/rcn-ong.be\/nl\/onze-mediatheek-staat-online\/\" title=\"Onze mediatheek staat online!\" rel=\"bookmark\">Onze mediatheek staat online!<\/a>\n\n\t\t\t\t\t\t\t\t\t\t\t<span class=\"ldrp-time published\"> - 23\/12\/2021<\/span>\n\t\t\t\t\t\t\t\t\t<\/h3>\n\n\t\t\t\t<div class=\"ldrp-summary\">\n\t\t\t\t\t<a href=\"https:\/\/rcn-ong.be\/nl\/onze-mediatheek-staat-online\/\">Wilt u boeken en dvd&#8217;s graag lenen? We hebben heel boeken en dvd\u2019s in het Frans, Engels en Nederlands over de thema\u2019s waarrond wij werken, zoals onder andere: solidaire wereldburgerschapseducatie, herinneringseducatie, internationale misdaden, internationale rec (...)<\/a>\n\t\t\t\t<\/div>\n\t\t\t<\/div>\n\t\t<\/div>\n\n\t\t\t\t\t<div class=\"clearfix ld_block_wrapper_full post-7697 post type-post status-publish format-standard hentry category-europe-nl category-nieuws\">\n\t\t\t<div class=\"ld_block_image\"><\/div>\n\t\t\t<div class=\"ld_block_content\">\n\t\t\t\t<h3 class=\"ldrp-title\">\n\t\t\t\t\t<a href=\"https:\/\/rcn-ong.be\/nl\/gedachtewisseling-over-het-rechtsstelsel-in-de-democratische-republiek-congo\/\" title=\"Gedachtewisseling over het rechtsstelsel in de Democratische Republiek Congo\" rel=\"bookmark\">Gedachtewisseling over het rechtsstelsel in de Democratische Republiek Congo<\/a>\n\n\t\t\t\t\t\t\t\t\t\t\t<span class=\"ldrp-time published\"> - 18\/10\/2021<\/span>\n\t\t\t\t\t\t\t\t\t<\/h3>\n\n\t\t\t\t<div class=\"ldrp-summary\">\n\t\t\t\t\t<a href=\"https:\/\/rcn-ong.be\/nl\/gedachtewisseling-over-het-rechtsstelsel-in-de-democratische-republiek-congo\/\">Artikel geschreven door Pierre Vincke, lid van de raad van bestuurd van RCN Gerechtigheid &amp; Democratie, en Laurence Dalcq, verantwoordelijke digitale projecten bij RCN Gerechtigheid &amp; Democratie In augustus had de raad van bestuur van RCN Gerechtigheid (...)<\/a>\n\t\t\t\t<\/div>\n\t\t\t<\/div>\n\t\t<\/div>\n\n\t\t\t\t\t<div class=\"clearfix ld_block_wrapper_full post-7681 post type-post status-publish format-standard hentry category-europe-nl category-nieuws\">\n\t\t\t<div class=\"ld_block_image\"><\/div>\n\t\t\t<div class=\"ld_block_content\">\n\t\t\t\t<h3 class=\"ldrp-title\">\n\t\t\t\t\t<a href=\"https:\/\/rcn-ong.be\/nl\/opleiding-voor-justitiemedewerkers\/\" title=\"Opleiding voor justitiemedewerkers\" rel=\"bookmark\">Opleiding voor justitiemedewerkers<\/a>\n\n\t\t\t\t\t\t\t\t\t\t\t<span class=\"ldrp-time published\"> - 06\/10\/2021<\/span>\n\t\t\t\t\t\t\t\t\t<\/h3>\n\n\t\t\t\t<div class=\"ldrp-summary\">\n\t\t\t\t\t<a href=\"https:\/\/rcn-ong.be\/nl\/opleiding-voor-justitiemedewerkers\/\">RCN Gerechtigheid &amp; Democratie organiseert een opleiding in het Engels en het Frans over de strijd tegen de straffeloosheid van internationale misdaad. De opleiding richt zich tot (toekomstige) medewerkers van Justitie en kreeg de volgende titel: \u201cBringing about justice to i (...)<\/a>\n\t\t\t\t<\/div>\n\t\t\t<\/div>\n\t\t<\/div>\n\n\t\t\t\t\t<div class=\"clearfix ld_block_wrapper_full post-7670 post type-post status-publish format-standard hentry category-europe-nl category-nieuws\">\n\t\t\t<div class=\"ld_block_image\"><\/div>\n\t\t\t<div class=\"ld_block_content\">\n\t\t\t\t<h3 class=\"ldrp-title\">\n\t\t\t\t\t<a href=\"https:\/\/rcn-ong.be\/nl\/salon-educ-2021\/\" title=\"Salon \u00c9duc 2021\" rel=\"bookmark\">Salon \u00c9duc 2021<\/a>\n\n\t\t\t\t\t\t\t\t\t\t\t<span class=\"ldrp-time published\"> - 30\/09\/2021<\/span>\n\t\t\t\t\t\t\t\t\t<\/h3>\n\n\t\t\t\t<div class=\"ldrp-summary\">\n\t\t\t\t\t<a href=\"https:\/\/rcn-ong.be\/nl\/salon-educ-2021\/\">Wij zullen aanwezig zijn op 14 en 15 oktober op de 27e editie van het Salon \u00c9duc, het grootste educatieve beurs in Franstalig Belgi\u00eb! Twee dagen waarin we leerkrachten uit het secundair onderwijs zullen verwelkomen en begeleiden! Met plezier stellen wij ons educatief materiaal a (...)<\/a>\n\t\t\t\t<\/div>\n\t\t\t<\/div>\n\t\t<\/div>\n\n\t\t\t\t\t<div class=\"clearfix ld_block_wrapper_full post-7627 post type-post status-publish format-standard hentry category-europe-nl category-nieuws\">\n\t\t\t<div class=\"ld_block_image\"><\/div>\n\t\t\t<div class=\"ld_block_content\">\n\t\t\t\t<h3 class=\"ldrp-title\">\n\t\t\t\t\t<a href=\"https:\/\/rcn-ong.be\/nl\/is-de-covid-19-pandemie-in-belgie-een-bedreiging-voor-de-democratie\/\" title=\"Is de COVID-19-pandemie in Belgi\u00eb een bedreiging voor de democratie?\" rel=\"bookmark\">Is de COVID-19-pandemie in Belgi\u00eb een bedreiging voor de democratie?<\/a>\n\n\t\t\t\t\t\t\t\t\t\t\t<span class=\"ldrp-time published\"> - 13\/09\/2021<\/span>\n\t\t\t\t\t\t\t\t\t<\/h3>\n\n\t\t\t\t<div class=\"ldrp-summary\">\n\t\t\t\t\t<a href=\"https:\/\/rcn-ong.be\/nl\/is-de-covid-19-pandemie-in-belgie-een-bedreiging-voor-de-democratie\/\">Artikel geschreven door Laurence Dalcq, verantwoordelijke digitaal project, RCN G&amp;DVertaling door: Joke F.J. NuyttenOp 15 september vieren we de Internationale Dag van de Democratie, een gelegenheid om de toestand van de democratie in de wereld gade te (...)<\/a>\n\t\t\t\t<\/div>\n\t\t\t<\/div>\n\t\t<\/div>\n\n\t\t\t\t\t<div class=\"clearfix ld_block_wrapper_full post-7566 post type-post status-publish format-standard hentry category-europe-nl category-nieuws\">\n\t\t\t<div class=\"ld_block_image\"><\/div>\n\t\t\t<div class=\"ld_block_content\">\n\t\t\t\t<h3 class=\"ldrp-title\">\n\t\t\t\t\t<a href=\"https:\/\/rcn-ong.be\/nl\/het-schooljaar-is-weer-begonnen\/\" title=\"Het schooljaar is weer begonnen!\" rel=\"bookmark\">Het schooljaar is weer begonnen!<\/a>\n\n\t\t\t\t\t\t\t\t\t\t\t<span class=\"ldrp-time published\"> - 02\/09\/2021<\/span>\n\t\t\t\t\t\t\t\t\t<\/h3>\n\n\t\t\t\t<div class=\"ldrp-summary\">\n\t\t\t\t\t<a href=\"https:\/\/rcn-ong.be\/nl\/het-schooljaar-is-weer-begonnen\/\">Zo aan het begin van het schooljaar nodigen wij u uit om eens te kijken naar ons educatief aanbod\u00a02021-2022. Wij bieden workshops en vormingen voor een divers publiek: leerlingen uit het secundair en hoger onderwijs, leerkrachten en opvoeders.&hellip;Lees meer (...)<\/a>\n\t\t\t\t<\/div>\n\t\t\t<\/div>\n\t\t<\/div>\n\n\t\t\t\t\t<div class=\"clearfix ld_block_wrapper_full post-7502 post type-post status-publish format-standard hentry category-europe-nl category-nieuws\">\n\t\t\t<div class=\"ld_block_image\"><\/div>\n\t\t\t<div class=\"ld_block_content\">\n\t\t\t\t<h3 class=\"ldrp-title\">\n\t\t\t\t\t<a href=\"https:\/\/rcn-ong.be\/nl\/delegatie-gondwettelijk-hof-drc\/\" title=\"Delegatie Gondwettelijk Hof DRC\" rel=\"bookmark\">Delegatie Gondwettelijk Hof DRC<\/a>\n\n\t\t\t\t\t\t\t\t\t\t\t<span class=\"ldrp-time published\"> - 26\/08\/2021<\/span>\n\t\t\t\t\t\t\t\t\t<\/h3>\n\n\t\t\t\t<div class=\"ldrp-summary\">\n\t\t\t\t\t<a href=\"https:\/\/rcn-ong.be\/nl\/delegatie-gondwettelijk-hof-drc\/\">Op dinsdag 24 augustus 2021 had onze Raad van Bestuur had de eer om de heer Dieudonn\u00e9 Kaluba Dibwa, voorzitter van het Grondwettelijk Hof en voorzitter van de Hoge Raad voor de Magistratuur van de Democratische Republiek Congo samen met een delegatie van het Hof te (...)<\/a>\n\t\t\t\t<\/div>\n\t\t\t<\/div>\n\t\t<\/div>\n\n\t\t\t\t\t<div class=\"clearfix ld_block_wrapper_full post-7458 post type-post status-publish format-standard hentry category-europe-nl category-nieuws\">\n\t\t\t<div class=\"ld_block_image\"><\/div>\n\t\t\t<div class=\"ld_block_content\">\n\t\t\t\t<h3 class=\"ldrp-title\">\n\t\t\t\t\t<a href=\"https:\/\/rcn-ong.be\/nl\/vrijwilliger-voor-vertalingen-gezocht-frans-nederlands-et-vice-versa\/\" title=\"Vrijwilliger voor vertalingen gezocht (Frans \u2013 Nederlands et vice versa)\" rel=\"bookmark\">Vrijwilliger voor vertalingen gezocht (Frans \u2013 Nederlands et vice versa)<\/a>\n\n\t\t\t\t\t\t\t\t\t\t\t<span class=\"ldrp-time published\"> - 24\/08\/2021<\/span>\n\t\t\t\t\t\t\t\t\t<\/h3>\n\n\t\t\t\t<div class=\"ldrp-summary\">\n\t\t\t\t\t<a href=\"https:\/\/rcn-ong.be\/nl\/vrijwilliger-voor-vertalingen-gezocht-frans-nederlands-et-vice-versa\/\">RCN Gerechtigheid &amp; Democratie is op zoek naar verschillende vrijwilligers voor de vertaling van educatief materiaal en onze website in detalen: Nederlands en Frans. Meer info hier.&hellip;Lees meer (...)<\/a>\n\t\t\t\t<\/div>\n\t\t\t<\/div>\n\t\t<\/div>\n\n\t\t\t\t\t<div class=\"clearfix ld_block_wrapper_full post-7195 post type-post status-publish format-standard hentry category-europe-nl category-nieuws\">\n\t\t\t<div class=\"ld_block_image\"><\/div>\n\t\t\t<div class=\"ld_block_content\">\n\t\t\t\t<h3 class=\"ldrp-title\">\n\t\t\t\t\t<a href=\"https:\/\/rcn-ong.be\/nl\/oproep-klassen-gezocht-voor-onderzoek\/\" title=\"Oproep: klassen gezocht voor onderzoek!\" rel=\"bookmark\">Oproep: klassen gezocht voor onderzoek!<\/a>\n\n\t\t\t\t\t\t\t\t\t\t\t<span class=\"ldrp-time published\"> - 28\/01\/2021<\/span>\n\t\t\t\t\t\t\t\t\t<\/h3>\n\n\t\t\t\t<div class=\"ldrp-summary\">\n\t\t\t\t\t<a href=\"https:\/\/rcn-ong.be\/nl\/oproep-klassen-gezocht-voor-onderzoek\/\">Hoe denken de jongens en meiden in uw klas over (massa)geweld? Wanneer gaat iets te ver en is ingrijpen nodig? En welke reacties zijn acceptabel? In samenwerking met Le Monde selon les Femmes doet RCN Gerechtigheid &amp;&hellip;Lees meer (...)<\/a>\n\t\t\t\t<\/div>\n\t\t\t<\/div>\n\t\t<\/div>\n\n\t\t\t\t\t<div class=\"clearfix ld_block_wrapper_full post-5483 post type-post status-publish format-standard hentry category-europe-nl category-nieuws\">\n\t\t\t<div class=\"ld_block_image\"><\/div>\n\t\t\t<div class=\"ld_block_content\">\n\t\t\t\t<h3 class=\"ldrp-title\">\n\t\t\t\t\t<a href=\"https:\/\/rcn-ong.be\/nl\/wilt-u-de-geschiedenis-een-gezicht-geven\/\" title=\"Wilt u de geschiedenis een gezicht geven?\" rel=\"bookmark\">Wilt u de geschiedenis een gezicht geven?<\/a>\n\n\t\t\t\t\t\t\t\t\t\t\t<span class=\"ldrp-time published\"> - 28\/01\/2020<\/span>\n\t\t\t\t\t\t\t\t\t<\/h3>\n\n\t\t\t\t<div class=\"ldrp-summary\">\n\t\t\t\t\t<a href=\"https:\/\/rcn-ong.be\/nl\/wilt-u-de-geschiedenis-een-gezicht-geven\/\">Komt uit Cambodja, Rwanda of Burundi en zou u graag uw verhaal willen delen? Vindt u het belangrijk dat jongeren leren over de geschiedenis van uw land? Wilt u het gesprek aangaan met leerlingen uit de 3e graad,&hellip;Lees meer (...)<\/a>\n\t\t\t\t<\/div>\n\t\t\t<\/div>\n\t\t<\/div>\n\n\t\t\t\t\t<div class=\"clearfix ld_block_wrapper_full post-2733 post type-post status-publish format-standard hentry category-europe-nl category-nieuws\">\n\t\t\t<div class=\"ld_block_image\"><\/div>\n\t\t\t<div class=\"ld_block_content\">\n\t\t\t\t<h3 class=\"ldrp-title\">\n\t\t\t\t\t<a href=\"https:\/\/rcn-ong.be\/nl\/rcn-traduction\/\" title=\"Festival des Libert\u00e9s\" rel=\"bookmark\">Festival des Libert\u00e9s<\/a>\n\n\t\t\t\t\t\t\t\t\t\t\t<span class=\"ldrp-time published\"> - 09\/01\/2015<\/span>\n\t\t\t\t\t\t\t\t\t<\/h3>\n\n\t\t\t\t<div class=\"ldrp-summary\">\n\t\t\t\t\t<a href=\"https:\/\/rcn-ong.be\/nl\/rcn-traduction\/\">Le 24 octobre \u00e0 19h, dans le cadre du festival des libert\u00e9s et en partenariat avec Bruxelles La\u00efque, RCN Justice & D\u00e9mocratie animera un d\u00e9bat autour de la projection du film \u00ab F.C Rwanda \u00bb et sur les enjeux de la r\u00e9conciliation au Rwanda. Lees meer &#8250; (...)<\/a>\n\t\t\t\t<\/div>\n\t\t\t<\/div>\n\t\t<\/div>\n\n\t\n\n<\/div><!-- .ldrp-block -->\n\n","protected":false},"excerpt":{"rendered":"<div class=\"read-more\"><a href=\"https:\/\/rcn-ong.be\/nl\/rcn-traduction\/\">Lees meer &#8250;<\/a><\/div>\n<p><!-- end of .read-more --><\/p>\n","protected":false},"author":3,"featured_media":0,"parent":2319,"menu_order":0,"comment_status":"closed","ping_status":"closed","template":"","meta":{"footnotes":""},"class_list":["post-2619","page","type-page","status-publish","hentry"],"_links":{"self":[{"href":"https:\/\/rcn-ong.be\/nl\/wp-json\/wp\/v2\/pages\/2619","targetHints":{"allow":["GET"]}}],"collection":[{"href":"https:\/\/rcn-ong.be\/nl\/wp-json\/wp\/v2\/pages"}],"about":[{"href":"https:\/\/rcn-ong.be\/nl\/wp-json\/wp\/v2\/types\/page"}],"author":[{"embeddable":true,"href":"https:\/\/rcn-ong.be\/nl\/wp-json\/wp\/v2\/users\/3"}],"replies":[{"embeddable":true,"href":"https:\/\/rcn-ong.be\/nl\/wp-json\/wp\/v2\/comments?post=2619"}],"version-history":[{"count":3,"href":"https:\/\/rcn-ong.be\/nl\/wp-json\/wp\/v2\/pages\/2619\/revisions"}],"predecessor-version":[{"id":2627,"href":"https:\/\/rcn-ong.be\/nl\/wp-json\/wp\/v2\/pages\/2619\/revisions\/2627"}],"up":[{"embeddable":true,"href":"https:\/\/rcn-ong.be\/nl\/wp-json\/wp\/v2\/pages\/2319"}],"wp:attachment":[{"href":"https:\/\/rcn-ong.be\/nl\/wp-json\/wp\/v2\/media?parent=2619"}],"curies":[{"name":"wp","href":"https:\/\/api.w.org\/{rel}","templated":true}]}}