{"id":2770,"date":"2015-03-05T12:50:28","date_gmt":"2015-03-05T12:50:28","guid":{"rendered":"https:\/\/rcn-ong.be\/?page_id=2770"},"modified":"2025-04-24T12:14:45","modified_gmt":"2025-04-24T10:14:45","slug":"structure","status":"publish","type":"page","link":"https:\/\/rcn-ong.be\/nl\/qui-sommes-nous\/structure\/","title":{"rendered":"Structure"},"content":{"rendered":"<p><span style=\"color: #808080;\"><em>Derni\u00e8re mise \u00e0 jour D\u00e9cembre 2024<\/em><\/span><\/p>\n<p>RCN Justice &amp; D\u00e9mocratie est une ONG belge cr\u00e9e sous le statut d\u2019ASBL (Association Sans But Lucratif) compos\u00e9e d\u2019un si\u00e8ge et de bureaux d\u00e9centralis\u00e9s (terrain) dans les pays o\u00f9 nos programmes sont mis en \u0153uvre. Nos collaborateurs sont des personnes aux formations et aux exp\u00e9riences multiples, r\u00e9unies par leur volont\u00e9 et leur pratique de militants pour la promotion des droits humains.<\/p>\n<p>Consultez <a href=\"https:\/\/rcn-ong.be\/wp-content\/uploads\/2024\/08\/Statuts-RCN-JD_tampon-moniteur-belge.pdf\" target=\"_blank\" rel=\"noopener noreferrer\">les statuts de l&#8217;organisation ici<\/a>.<\/p>\n<h1><strong>LES ORGANES<\/strong><\/h1>\n<h2><strong>L\u2019Assembl\u00e9e G\u00e9n\u00e9rale (AG)<\/strong><\/h2>\n<p>L\u2019AG est l\u2019organe supr\u00eame de RCN Justice &amp; D\u00e9mocratie (association sans but lucratif). Elle se compose de 55 membres, engag\u00e9s sur une base volontaire (dont 42 effectifs et 13 adh\u00e9rents).<\/p>\n<p>Ses trois fonctions principales sont : d\u00e9finir la vision et la mission de RCN J&amp;D; voter le budget annuel ; et approuver les rapports d\u2019activit\u00e9s.<\/p>\n<p>Pour devenir membre de l\u2019AG, <a href=\"https:\/\/rcn-ong.be\/?p=2087\" target=\"_blank\" rel=\"noopener noreferrer\">veuillez cliquer ici<\/a>.<\/p>\n<h2><strong>L&#8217;Organe d\u2019Administration (OA)<\/strong><\/h2>\n<p>Au moins cinq administrateurs sont \u00e9lus pour un mandat de trois ans sur une base volontaire. Le CA compte actuellement 5 membres. Il a pour mission de : veiller au respect des statuts, de la charte, de la vision et de la mission de RCN J&amp;D; concevoir et approuver la strat\u00e9gie ; et de veiller au respect du budget global.<\/p>\n<p><strong>Composition de l&#8217;OA&nbsp;<\/strong><\/p>\n\n\n<figure class=\"wp-block-image size-large\"><img loading=\"lazy\" decoding=\"async\" width=\"1024\" height=\"1016\" src=\"https:\/\/rcn-ong.be\/wp-content\/uploads\/2024\/12\/Presentation-OA-29.7-x-35-cm-1024x1016.png\" alt=\"\" class=\"wp-image-11369\" srcset=\"https:\/\/rcn-ong.be\/wp-content\/uploads\/2024\/12\/Presentation-OA-29.7-x-35-cm-1024x1016.png 1024w, https:\/\/rcn-ong.be\/wp-content\/uploads\/2024\/12\/Presentation-OA-29.7-x-35-cm-300x298.png 300w, https:\/\/rcn-ong.be\/wp-content\/uploads\/2024\/12\/Presentation-OA-29.7-x-35-cm-150x149.png 150w, https:\/\/rcn-ong.be\/wp-content\/uploads\/2024\/12\/Presentation-OA-29.7-x-35-cm-768x762.png 768w, https:\/\/rcn-ong.be\/wp-content\/uploads\/2024\/12\/Presentation-OA-29.7-x-35-cm-1536x1523.png 1536w, https:\/\/rcn-ong.be\/wp-content\/uploads\/2024\/12\/Presentation-OA-29.7-x-35-cm-100x99.png 100w, https:\/\/rcn-ong.be\/wp-content\/uploads\/2024\/12\/Presentation-OA-29.7-x-35-cm-200x198.png 200w, https:\/\/rcn-ong.be\/wp-content\/uploads\/2024\/12\/Presentation-OA-29.7-x-35-cm-450x446.png 450w, https:\/\/rcn-ong.be\/wp-content\/uploads\/2024\/12\/Presentation-OA-29.7-x-35-cm-600x595.png 600w, https:\/\/rcn-ong.be\/wp-content\/uploads\/2024\/12\/Presentation-OA-29.7-x-35-cm-900x893.png 900w, https:\/\/rcn-ong.be\/wp-content\/uploads\/2024\/12\/Presentation-OA-29.7-x-35-cm.png 1697w\" sizes=\"auto, (max-width: 1024px) 100vw, 1024px\" \/><\/figure>\n\n\n<h1>LES BUREAUX<\/h1>\n<h2><strong>Le si\u00e8ge \u00e0 Bruxelles<\/strong><\/h2>\n<p>Le\u00a0<strong><i>D\u00e9partement des Programmes<\/i>\u00a0<\/strong>coordonne et participe \u00e0 la gestion des activit\u00e9s dans les bureaux d\u00e9centralis\u00e9s (missions). Il est notamment responsable de la conception, de la mise en \u0153uvre et de l\u2019\u00e9valuation de tous les programmes.<\/p>\n<ul class=\"spip\">\n<li style=\"list-style-type: none;\">\n<ul class=\"spip\">\n<li>Charg\u00e9e de programme R\u00e9publique d\u00e9mocratique du Congo<\/li>\n<li>Charg\u00e9e de programme Maroc<\/li>\n<li>Charg\u00e9e des programmes Belgique et Rwanda<\/li>\n<li>Charg\u00e9e P\u00e9dagogique bilingue fran\u00e7ais-n\u00e9erlandais<\/li>\n<li>Assistante programme Belgique<\/li>\n<\/ul>\n<\/li>\n<\/ul>\n<p>Des b\u00e9n\u00e9voles, volontaires et stagiaires assistent le d\u00e9partement pour des missions \u00e0 court et moyen terme en tant qu\u2019assistants techniques des programmes, assistants communication ou pour des missions ponctuelles de recherche.<\/p>\n<p>Le\u00a0<strong><i>D\u00e9partement Administratif, Financier et Logistique<\/i>\u00a0<\/strong>est responsable de la gestion financi\u00e8re et comptable, des ressources humaines, de l\u2019administration et de la logistique de l\u2019association et accompagne les bureaux d\u00e9centralis\u00e9s dans ces domaines.<\/p>\n<ul class=\"spip\">\n<li style=\"list-style-type: none;\">\n<ul class=\"spip\">\n<li>Responsable Ressources Humaines, Administration, Finances &amp; Logistique<\/li>\n<li>Responsable Finances<\/li>\n<li>Office Manager<\/li>\n<\/ul>\n<\/li>\n<\/ul>\n<h2><strong>Les bureaux d\u00e9centralis\u00e9s\/Les terrains<\/strong><\/h2>\n<p>Sur chaque terrain, un bureau d\u00e9centralis\u00e9 met en \u0153uvre des programmes et est compos\u00e9 d\u2019un Chef de mission, un ou plusieurs Coordonnateur de projet, un coordonnateur Administration-Finances-Logistique et d\u2019\u00e9quipes locales.<\/p>\n<p><strong>R\u00e9publique D\u00e9mocratique du Congo<\/strong><\/p>\n<ul>\n<li style=\"list-style-type: none;\">\n<ul>\n<li>Bureau national \u00e0 <a href=\"https:\/\/rcn-ong.be\/que-faisons-nous\/nos-pays-d-intervention\/republique-democratique-du-congo\/\">Kinshasa<\/a><\/li>\n<\/ul>\n<\/li>\n<\/ul>\n<p><strong>Rwanda<\/strong><\/p>\n<ul class=\"spip\">\n<li style=\"list-style-type: none;\">\n<ul class=\"spip\">\n<li>Bureau national \u00e0\u00a0<a href=\"https:\/\/rcn-ong.be\/que-faisons-nous\/nos-pays-d-intervention\/rwanda\/\">Kigali<\/a><\/li>\n<\/ul>\n<\/li>\n<\/ul>\n<p><strong>Maroc<\/strong><\/p>\n<ul class=\"spip\">\n<li style=\"list-style-type: none;\">\n<ul class=\"spip\">\n<li>Programme <a href=\"https:\/\/rcn-ong.be\/que-faisons-nous\/nos-pays-d-intervention\/maroc\/\">Maghreb <\/a>mis en oeuvre depuis le si\u00e8ge \u00e0\u00a0Bruxelles<\/li>\n<\/ul>\n<\/li>\n<\/ul>\n<p><strong>Belgique<\/strong><\/p>\n<ul>\n<li style=\"list-style-type: none;\">\n<ul class=\"spip\">\n<li>Programme <a href=\"https:\/\/rcn-ong.be\/que-faisons-nous\/nos-pays-d-intervention\/europe\/\">Europe <\/a>mis en oeuvre depuis le si\u00e8ge \u00e0\u00a0Bruxelles<\/li>\n<\/ul>\n<\/li>\n<\/ul>\n<ul>\n<li style=\"list-style-type: none;\">\u00a0<\/li>\n<\/ul>\n<p><strong>Voir<a href=\"https:\/\/rcn-ong.be\/wp-content\/uploads\/2025\/04\/Organigramme-RCN-JD-2024_SiteWeb.pdf\" target=\"_blank\" rel=\"noopener noreferrer\"> ici notre ORGANIGRAMME.<\/a><\/strong><\/p>","protected":false},"excerpt":{"rendered":"<p><span style=\"color: #808080;\"><em>Derni\u00e8re mise \u00e0 jour D\u00e9cembre 2024<\/em><\/span><\/p>\n<p>RCN Justice &amp; D\u00e9mocratie est une ONG belge cr\u00e9e sous le statut d\u2019ASBL (Association Sans But Lucratif) compos\u00e9e d\u2019un si\u00e8ge et de bureaux d\u00e9centralis\u00e9s (terrain) dans les pays o\u00f9 nos programmes sont mis en \u0153uvre.<\/p>\n<p><span class=\"ellipsis\">&hellip;<\/span><\/p>\n<div class=\"read-more\"><a href=\"https:\/\/rcn-ong.be\/nl\/qui-sommes-nous\/structure\/\">Lees meer &#8250;<\/a><\/div>\n<p><!-- end of .read-more --><\/p>\n","protected":false},"author":3,"featured_media":0,"parent":2040,"menu_order":0,"comment_status":"closed","ping_status":"open","template":"","meta":{"footnotes":""},"class_list":["post-2770","page","type-page","status-publish","hentry"],"_links":{"self":[{"href":"https:\/\/rcn-ong.be\/nl\/wp-json\/wp\/v2\/pages\/2770","targetHints":{"allow":["GET"]}}],"collection":[{"href":"https:\/\/rcn-ong.be\/nl\/wp-json\/wp\/v2\/pages"}],"about":[{"href":"https:\/\/rcn-ong.be\/nl\/wp-json\/wp\/v2\/types\/page"}],"author":[{"embeddable":true,"href":"https:\/\/rcn-ong.be\/nl\/wp-json\/wp\/v2\/users\/3"}],"replies":[{"embeddable":true,"href":"https:\/\/rcn-ong.be\/nl\/wp-json\/wp\/v2\/comments?post=2770"}],"version-history":[{"count":60,"href":"https:\/\/rcn-ong.be\/nl\/wp-json\/wp\/v2\/pages\/2770\/revisions"}],"predecessor-version":[{"id":11750,"href":"https:\/\/rcn-ong.be\/nl\/wp-json\/wp\/v2\/pages\/2770\/revisions\/11750"}],"up":[{"embeddable":true,"href":"https:\/\/rcn-ong.be\/nl\/wp-json\/wp\/v2\/pages\/2040"}],"wp:attachment":[{"href":"https:\/\/rcn-ong.be\/nl\/wp-json\/wp\/v2\/media?parent=2770"}],"curies":[{"name":"wp","href":"https:\/\/api.w.org\/{rel}","templated":true}]}}