{"id":2801,"date":"2015-03-09T10:41:23","date_gmt":"2015-03-09T10:41:23","guid":{"rendered":"https:\/\/rcn-ong.be\/?page_id=2801"},"modified":"2015-12-08T13:09:49","modified_gmt":"2015-12-08T13:09:49","slug":"quelques-principes","status":"publish","type":"page","link":"https:\/\/rcn-ong.be\/nl\/agir-participer\/offres-demploi\/quelques-principes\/","title":{"rendered":"Quelques principes"},"content":{"rendered":"<p>&nbsp;<\/p>\n<p>Travailler chez RCN Justice &amp; D\u00e9mocratie implique d\u2019adh\u00e9rer aux principes et valeurs de l\u2019ONG et \u00e0 son projet. Outre les qualit\u00e9s de professionnalisme, travailler dans l\u2019humanitaire et le d\u00e9veloppement n\u00e9cessite une ouverture d\u2019esprit et une aisance dans les relations humaines. L\u2019engagement associatif implique une adh\u00e9sion qui d\u00e9passe le strict cadre d\u2019un contrat de travail, de b\u00e9n\u00e9volat ou de stage.<\/p>\n<p>Au futur expatri\u00e9, il est demand\u00e9 de garder \u00e0 l\u2019esprit le sens humaniste de son engagement et l\u2019importance de travailler en r\u00e9elle collaboration avec les partenaires et dans l\u2019int\u00e9r\u00eat des b\u00e9n\u00e9ficiaires.<\/p>\n<p>De mani\u00e8re g\u00e9n\u00e9rale, la langue v\u00e9hiculaire dans notre organisation est le fran\u00e7ais. L\u2019anglais tend \u00e0 se d\u00e9velopper vu notre extension en dehors des pays francophones et notre volont\u00e9 d\u2019internationalisation accrue.<\/p>\n","protected":false},"excerpt":{"rendered":"<p>&nbsp;<\/p>\n<p>Travailler chez RCN Justice &amp; D\u00e9mocratie implique d\u2019adh\u00e9rer aux principes et valeurs de l\u2019ONG et \u00e0 son projet. Outre les qualit\u00e9s de professionnalisme, travailler dans l\u2019humanitaire et le d\u00e9veloppement n\u00e9cessite une ouverture d\u2019esprit et une aisance dans les relations humaines.<\/p>\n<p><span class=\"ellipsis\">&hellip;<\/span><\/p>\n<div class=\"read-more\"><a href=\"https:\/\/rcn-ong.be\/nl\/agir-participer\/offres-demploi\/quelques-principes\/\">Lees meer &#8250;<\/a><\/div>\n<p><!-- end of .read-more --><\/p>\n","protected":false},"author":3,"featured_media":0,"parent":2085,"menu_order":0,"comment_status":"open","ping_status":"open","template":"","meta":{"footnotes":""},"class_list":["post-2801","page","type-page","status-publish","hentry"],"_links":{"self":[{"href":"https:\/\/rcn-ong.be\/nl\/wp-json\/wp\/v2\/pages\/2801","targetHints":{"allow":["GET"]}}],"collection":[{"href":"https:\/\/rcn-ong.be\/nl\/wp-json\/wp\/v2\/pages"}],"about":[{"href":"https:\/\/rcn-ong.be\/nl\/wp-json\/wp\/v2\/types\/page"}],"author":[{"embeddable":true,"href":"https:\/\/rcn-ong.be\/nl\/wp-json\/wp\/v2\/users\/3"}],"replies":[{"embeddable":true,"href":"https:\/\/rcn-ong.be\/nl\/wp-json\/wp\/v2\/comments?post=2801"}],"version-history":[{"count":1,"href":"https:\/\/rcn-ong.be\/nl\/wp-json\/wp\/v2\/pages\/2801\/revisions"}],"predecessor-version":[{"id":2802,"href":"https:\/\/rcn-ong.be\/nl\/wp-json\/wp\/v2\/pages\/2801\/revisions\/2802"}],"up":[{"embeddable":true,"href":"https:\/\/rcn-ong.be\/nl\/wp-json\/wp\/v2\/pages\/2085"}],"wp:attachment":[{"href":"https:\/\/rcn-ong.be\/nl\/wp-json\/wp\/v2\/media?parent=2801"}],"curies":[{"name":"wp","href":"https:\/\/api.w.org\/{rel}","templated":true}]}}