{"id":2805,"date":"2015-03-09T10:53:05","date_gmt":"2015-03-09T10:53:05","guid":{"rendered":"https:\/\/rcn-ong.be\/?page_id=2805"},"modified":"2017-08-25T10:43:47","modified_gmt":"2017-08-25T10:43:47","slug":"profils-recherches","status":"publish","type":"page","link":"https:\/\/rcn-ong.be\/nl\/agir-participer\/offres-demploi\/profils-recherches\/","title":{"rendered":"Profils recherch\u00e9s"},"content":{"rendered":"<h1><strong>Collaborer en tant que b\u00e9n\u00e9vole ou stagiaire au si\u00e8ge de Bruxelles<\/strong><\/h1>\n<p>RCN Justice &amp; D\u00e9mocratie fait partie du monde associatif et \u00e0 ce titre fait appel au volontariat\/b\u00e9n\u00e9volat pour soutenir ses activit\u00e9s. Nous offrons \u00e9galement diverses possibilit\u00e9s de stage pour une participation active \u00e0 nos projet.<\/p>\n<h2>\u00a0Programmes<\/h2>\n<ul>\n<li>\u00a0Assistants techniques des programmes (analyse, r\u00e9daction de proposals pour les bailleurs de fonds&#8230;)<\/li>\n<li>Assistant \u00e0 la r\u00e9alisation du bulletin trimestriel (r\u00e9daction d\u2019articles, analyse&#8230;)<\/li>\n<\/ul>\n<p><strong>Pour les candidatures spontan\u00e9es<\/strong>, envoyez votre CV ainsi que votre lettre de motivation \u00e0 <a href=\"mailto:job@rcn-ong.be\">job@rcn-ong.be<\/a> en indiquant <strong>\u2019Spontan\u00e9 b\u00e9n\u00e9volat programmes\u2019.<\/strong><\/p>\n<h2>Communication<\/h2>\n<ul>\n<li>Assistant de communication (participation \u00e0 l\u2019organisation des \u00e9v\u00e8nements, aide \u00e0 la r\u00e9daction du rapport annuel d\u2019activit\u00e9, r\u00e9colte de fonds, graphisme&#8230;)<\/li>\n<\/ul>\n<h2>Administration-secr\u00e9tariat<\/h2>\n<ul>\n<li>\u00a0Classement, archivage, gestion d\u2019une base de donn\u00e9es, r\u00e9ception et accueil t\u00e9l\u00e9phonique, webmaster, traduction<\/li>\n<li>Logistique<\/li>\n<\/ul>\n<h2>Comptabilit\u00e9<\/h2>\n<ul>\n<li>\u00a0Encodage des factures d\u2019achat et des op\u00e9rations bancaires, classement&#8230;<\/li>\n<\/ul>\n<h2>Graphisme<\/h2>\n<ul>\n<li>\u00a0Aide \u00e0 la r\u00e9alisation d\u2019une charte graphique et participation \u00e0 diverses r\u00e9alisations graphiques (affiches, publication&#8230;)<\/li>\n<\/ul>\n<h2>\u00a0Traduction<\/h2>\n<ul>\n<li>\u00a0Traduction de divers documents (rapports et demandes de financement, note interne&#8230;) : anglais-fran\u00e7ais \/ fran\u00e7ais-anglais \/ fran\u00e7ais-espagnol \/ espagnol-fran\u00e7ais<\/li>\n<\/ul>\n<p><strong>Pour les candidatures spontan\u00e9es<\/strong>, envoyez votre CV ainsi que votre lettre de motivation \u00e0 <a href=\"mailto:afl@rcn-ong.be\">afl@rcn-ong.be<\/a> en indiquant <strong>\u2019Spontan\u00e9 b\u00e9n\u00e9volat AFL\u2019<\/strong>.<\/p>\n<h1>\u00a0<strong>Travailler en expatriation<\/strong><\/h1>\n<p>Voici la description des fonctions qui composent nos \u00e9quipes sur les diff\u00e9rents terrains d\u2019intervention. Malheureusement, \u00e0 cause de ressources humaines restreintes, nous ne sommes pas en mesure de r\u00e9pondre individuellement aux candidatures spontan\u00e9es qui nous parviennent. Nous vous conseillons de consulter r\u00e9guli\u00e8rement notre site pour d\u00e9couvrir les postes \u00e0 pourvoir et de postuler quand une fonction correspondant \u00e0 votre profil est mise en ligne.<\/p>\n<h2><strong>Chef de mission<\/strong><\/h2>\n<h3>Description de la fonction<\/h3>\n<p>Il est le repr\u00e9sentant officiel de l\u2019organisation dans le pays et assure les contacts avec les autorit\u00e9s, les partenaires, les bailleurs de fonds, les ONG et les m\u00e9dias. Il est responsable de l\u2019ex\u00e9cution du programme, de son suivi et de son \u00e9valuation interne et participe \u00e9galement au d\u00e9veloppement de la mission. Il contribue \u00e0 assurer la couverture financi\u00e8re de la mission. Le coordonateur est le responsable final de la gestion financi\u00e8re, administrative, ressources humaines, logistique et s\u00e9curitaire mais d\u00e9l\u00e8gue certaines responsabilit\u00e9s et t\u00e2ches au responsable administratif, financier et logistique (AFL). Il travaille sous l\u2019autorit\u00e9 du responsable de programme \u00e0 Bruxelles.<\/p>\n<h3>Profil<\/h3>\n<ul>\n<li>\u00a0Dipl\u00f4me en droit ou exp\u00e9rience \u00e9quivalente dans le domaine<\/li>\n<li>Exp\u00e9rience professionnelle confirm\u00e9e dont deux ans minimum en coop\u00e9ration au d\u00e9veloppement \u00e0 l\u2019\u00e9tranger<\/li>\n<li>comp\u00e9tences de management, notamment en animation d\u2019\u00e9quipe et gestion RH<\/li>\n<li>Ma\u00eetrise du cycle de projet, de la compr\u00e9hension des budgets et des cofinancemement<\/li>\n<li>aisance r\u00e9dactionnelle<\/li>\n<li>capacit\u00e9s d\u2019analyse politique, de conceptualisation et de synth\u00e9tisation<\/li>\n<li>Excellente connaissance du fran\u00e7ais, bonne connaissance de l\u2019anglais<\/li>\n<\/ul>\n<h2><strong>Coordinateur de projet<\/strong><\/h2>\n<h3>Description de la fonction<\/h3>\n<p>Le responsable de projet assure l\u2019ex\u00e9cution, le suivi et l\u2019\u00e9valuation interne des actions du projet. Il participe activement au d\u00e9veloppement du programme en proposant des actions et des approches, travaille en collaboration avec le service financier et veille au suivi budg\u00e9taire des activit\u00e9s dont il a la charge. Il anime une \u00e9quipe pour atteindre ses objectifs et travaille sous l\u2019autorit\u00e9 du coordonateur.<\/p>\n<h3>\u00a0Profil<\/h3>\n<ul>\n<li>\u00a0Formation en droit\/droits humains, sociologie, politologie, anthropologie, justice transitionnelle&#8230;<\/li>\n<li>Exp\u00e9rience de terrain en ONG humanitaire et\/ou de coop\u00e9ration au d\u00e9veloppement<\/li>\n<li>Exp\u00e9rience et cr\u00e9ativit\u00e9 dans la mise en oeuvre de projets et en suivi budg\u00e9taire<\/li>\n<li>Capacit\u00e9 d\u2019organisation<\/li>\n<li>Aisance r\u00e9dactionnelle<\/li>\n<li>Capacit\u00e9 de gestion d\u2019\u00e9quipe<\/li>\n<\/ul>\n<h2><strong>Coordinateur Administration, RH, finances, comptabilit\u00e9 et logistique (AFL)<\/strong><\/h2>\n<h3>\u00a0Description de la fonction<\/h3>\n<p>Il est responsable de la gestion financi\u00e8re et comptable de la mission ainsi que des ressources humaines, de l\u2019administration, de la logistique et de la s\u00e9curit\u00e9 op\u00e9rationnelle. Il \u00e9labore et met en oeuvre les proc\u00e9dures et d\u00e9marches dans ces domaines. il anime une \u00e9quipe afin d\u2019atteindre ses objectifs. Il travaille sous l\u2019autorit\u00e9 du coordonateur.<\/p>\n<h3>\u00a0Profil<\/h3>\n<ul>\n<li>\u00a0Dipl\u00f4m\u00e9(e) de l\u2019enseignement universitaire\/sup\u00e9rieur en gestion financi\u00e8re, \u00e9conomie, administration et\/ou exp\u00e9rience \u00e9quivalente<\/li>\n<li>Exp\u00e9rience professionnelle confirm\u00e9e en gestion financi\u00e8re et administrative, id\u00e9alement en expatriation<\/li>\n<li>Capacit\u00e9 d\u2019organisation, de n\u00e9gociation, d\u2019animation d\u2019\u00e9quipe et de d\u00e9l\u00e9gation<\/li>\n<li>Exp\u00e9rience en gestion des ressources humaines Capacit\u00e9 \u00e0 travaileer de mani\u00e8re autonome et en \u00e9quipe Bonne ma\u00eetrise du fran\u00e7ais et connaissance de l\u2019anglais<\/li>\n<\/ul>\n<h2><strong>Logisticien<\/strong><\/h2>\n<h3>\u00a0Description de la fonction<\/h3>\n<p>Il organise pendant une p\u00e9riode limit\u00e9e la mise en place d\u2019un bureau lors d\u2019une ouverture de mission : identification d\u2019un bureau, des logements, l\u2019achat de mat\u00e9riel (v\u00e9hicule, mobilier, fournitures de bureau, mar\u00e9riel informatique et de communication, \u00e9lectricit\u00e9). il peut \u00e9galement \u00eatre sollicit\u00e9 pour un appui lors d\u2019une ouverture\/fermeture de mission ou d\u2019autres t\u00e2ches ponctuelles.<\/p>\n<h3>\u00a0Profil<\/h3>\n<ul>\n<li>Dipl\u00f4m\u00e9(e) de l\u2019enseignement sup\u00e9rieur ou exp\u00e9rience \u00e9quivalente. Le dipl\u00f4me Bioforce est un atout.<\/li>\n<li>Exp\u00e9rience professionnelle confirm\u00e9e en gestion logistique, approvisionnement en \u00e9lectrict\u00e9, communication ; id\u00e9alement en expatriation humanitaire<\/li>\n<li>Capacit\u00e9 d\u2019organisation, de n\u00e9gociation<\/li>\n<li>Bonne ma\u00eetrise du fran\u00e7ais et connaissance de l\u2019anglais<\/li>\n<\/ul>\n<h1><strong>Evaluateur\/Consultant<\/strong><\/h1>\n<p>L\u2019\u00e9valuateur \u00e9value pendant une p\u00e9riode limit\u00e9e l\u2019ex\u00e9cution et l\u2019impact des activit\u00e9s par rapport au plan d\u2019action\/chronogramme. Le consultant est sp\u00e9cialis\u00e9\/exp\u00e9riment\u00e9 dans un ou plusieurs domaines et pourrait mener une \u00e9tude\/recherche pendant une p\u00e9riode limit\u00e9 ou participe \u00e0 la mise en oeuvre d\u2019un projet.<\/p>\n","protected":false},"excerpt":{"rendered":"<p><strong>Collaborer en tant que b\u00e9n\u00e9vole ou stagiaire au si\u00e8ge de Bruxelles<\/strong><\/p>\n<p>RCN Justice &amp; D\u00e9mocratie fait partie du monde associatif et \u00e0 ce titre fait appel au volontariat\/b\u00e9n\u00e9volat pour soutenir ses activit\u00e9s. Nous offrons \u00e9galement diverses possibilit\u00e9s de stage pour une participation active \u00e0 nos projet.<\/p>\n<p><span class=\"ellipsis\">&hellip;<\/span><\/p>\n<div class=\"read-more\"><a href=\"https:\/\/rcn-ong.be\/nl\/agir-participer\/offres-demploi\/profils-recherches\/\">Lees meer &#8250;<\/a><\/div>\n<p><!-- end of .read-more --><\/p>\n","protected":false},"author":3,"featured_media":0,"parent":2085,"menu_order":0,"comment_status":"open","ping_status":"open","template":"","meta":{"footnotes":""},"class_list":["post-2805","page","type-page","status-publish","hentry"],"_links":{"self":[{"href":"https:\/\/rcn-ong.be\/nl\/wp-json\/wp\/v2\/pages\/2805","targetHints":{"allow":["GET"]}}],"collection":[{"href":"https:\/\/rcn-ong.be\/nl\/wp-json\/wp\/v2\/pages"}],"about":[{"href":"https:\/\/rcn-ong.be\/nl\/wp-json\/wp\/v2\/types\/page"}],"author":[{"embeddable":true,"href":"https:\/\/rcn-ong.be\/nl\/wp-json\/wp\/v2\/users\/3"}],"replies":[{"embeddable":true,"href":"https:\/\/rcn-ong.be\/nl\/wp-json\/wp\/v2\/comments?post=2805"}],"version-history":[{"count":7,"href":"https:\/\/rcn-ong.be\/nl\/wp-json\/wp\/v2\/pages\/2805\/revisions"}],"predecessor-version":[{"id":4246,"href":"https:\/\/rcn-ong.be\/nl\/wp-json\/wp\/v2\/pages\/2805\/revisions\/4246"}],"up":[{"embeddable":true,"href":"https:\/\/rcn-ong.be\/nl\/wp-json\/wp\/v2\/pages\/2085"}],"wp:attachment":[{"href":"https:\/\/rcn-ong.be\/nl\/wp-json\/wp\/v2\/media?parent=2805"}],"curies":[{"name":"wp","href":"https:\/\/api.w.org\/{rel}","templated":true}]}}