{"id":2868,"date":"2015-03-09T12:35:21","date_gmt":"2015-03-09T12:35:21","guid":{"rendered":"https:\/\/rcn-ong.be\/?page_id=2868"},"modified":"2015-03-09T12:39:12","modified_gmt":"2015-03-09T12:39:12","slug":"programmes-en-cours","status":"publish","type":"page","link":"https:\/\/rcn-ong.be\/nl\/que-faisons-nous\/nos-pays-d-intervention\/programmes-en-cours\/","title":{"rendered":"Programmes en cours"},"content":{"rendered":"<p>&nbsp;<\/p>\n<p>RCN Justice &amp; D\u00e9mocratie a d\u00e9cid\u00e9 d\u2019intervenir au Burundi en novembre 2001 pour soutenir le processus de transition initi\u00e9 par l\u2019accord d\u2019Arusha du 28 ao\u00fbt 2000. Depuis, RCN Justice &amp; D\u00e9mocratie a r\u00e9alis\u00e9 trois programmes visant \u00e0 renforcer la qualit\u00e9 de la justice rendue par les tribunaux de proximit\u00e9 et \u00e0 sensibiliser la population aux valeurs des droits humains fondamentaux.<\/p>\n<p><a href=\"https:\/\/rcn-ong.be\/?p=2871\" target=\"_blank\">Programme 2014-2016 <strong>&#8220;Pour une justice de proximit\u00e9 renforc\u00e9e et pour un meilleur acc\u00e8s des femmes \u00e0 la justice.&#8221;<\/strong><\/a><\/p>\n","protected":false},"excerpt":{"rendered":"<p>&nbsp;<\/p>\n<p>RCN Justice &amp; D\u00e9mocratie a d\u00e9cid\u00e9 d\u2019intervenir au Burundi en novembre 2001 pour soutenir le processus de transition initi\u00e9 par l\u2019accord d\u2019Arusha du 28 ao\u00fbt 2000. Depuis, RCN Justice &amp; D\u00e9mocratie a r\u00e9alis\u00e9 trois programmes visant \u00e0 renforcer la qualit\u00e9 de la justice rendue par les tribunaux de proximit\u00e9 et \u00e0 sensibiliser la population aux valeurs des droits humains fondamentaux.<\/p>\n<p><span class=\"ellipsis\">&hellip;<\/span><\/p>\n<div class=\"read-more\"><a href=\"https:\/\/rcn-ong.be\/nl\/que-faisons-nous\/nos-pays-d-intervention\/programmes-en-cours\/\">Lees meer &#8250;<\/a><\/div>\n<p><!-- end of .read-more --><\/p>\n","protected":false},"author":3,"featured_media":0,"parent":2069,"menu_order":0,"comment_status":"open","ping_status":"open","template":"","meta":{"footnotes":""},"class_list":["post-2868","page","type-page","status-publish","hentry"],"_links":{"self":[{"href":"https:\/\/rcn-ong.be\/nl\/wp-json\/wp\/v2\/pages\/2868","targetHints":{"allow":["GET"]}}],"collection":[{"href":"https:\/\/rcn-ong.be\/nl\/wp-json\/wp\/v2\/pages"}],"about":[{"href":"https:\/\/rcn-ong.be\/nl\/wp-json\/wp\/v2\/types\/page"}],"author":[{"embeddable":true,"href":"https:\/\/rcn-ong.be\/nl\/wp-json\/wp\/v2\/users\/3"}],"replies":[{"embeddable":true,"href":"https:\/\/rcn-ong.be\/nl\/wp-json\/wp\/v2\/comments?post=2868"}],"version-history":[{"count":3,"href":"https:\/\/rcn-ong.be\/nl\/wp-json\/wp\/v2\/pages\/2868\/revisions"}],"predecessor-version":[{"id":2874,"href":"https:\/\/rcn-ong.be\/nl\/wp-json\/wp\/v2\/pages\/2868\/revisions\/2874"}],"up":[{"embeddable":true,"href":"https:\/\/rcn-ong.be\/nl\/wp-json\/wp\/v2\/pages\/2069"}],"wp:attachment":[{"href":"https:\/\/rcn-ong.be\/nl\/wp-json\/wp\/v2\/media?parent=2868"}],"curies":[{"name":"wp","href":"https:\/\/api.w.org\/{rel}","templated":true}]}}