{"id":2889,"date":"2015-03-12T11:16:10","date_gmt":"2015-03-12T11:16:10","guid":{"rendered":"https:\/\/rcn-ong.be\/?page_id=2889"},"modified":"2015-12-11T08:52:57","modified_gmt":"2015-12-11T08:52:57","slug":"2010-2012-promotion-et-protection-des-personnes-albinos-au-burundi","status":"publish","type":"page","link":"https:\/\/rcn-ong.be\/nl\/que-faisons-nous\/nos-pays-d-intervention\/realisations-anterieures\/2010-2012-promotion-et-protection-des-personnes-albinos-au-burundi\/","title":{"rendered":"2010 &#8211; 2012 : &#8220;Promotion et protection des personnes albinos au Burundi&#8221;"},"content":{"rendered":"<p>&nbsp;<\/p>\n<p>Les personnes albinos sont des personnes vuln\u00e9rables qui sont stigmatis\u00e9es et marginalis\u00e9es en raison de leur diff\u00e9rence. En outre, des croyances superstitieuses g\u00e9n\u00e8rent de v\u00e9ritables risques d\u2019atteinte \u00e0 leur int\u00e9grit\u00e9 physique et m\u00eame \u00e0 leur vie. De 2008 \u00e0 2012, plus de 17 personnes ont \u00e9t\u00e9 tu\u00e9es et mutil\u00e9es, dont des enfants, en vue de revendre des parties de leurs corps pour des rituels de sorcellerie en Tanzanie. Afin d\u2019assurer la s\u00e9curit\u00e9 des personnes albinos, les autorit\u00e9s burundaises les ont regroup\u00e9es comme au chef lieu de la province de Ruyigi. Cependant, cette mesure ne pouvait qu\u2019\u00eatre provisoire tant son caract\u00e8re contribuait \u00e0 aggraver leur marginalisation. C\u2019est le simple manque d\u2019information et de connaissance de la maladie par la soci\u00e9t\u00e9 qui a aujourd\u2019hui ces cons\u00e9quences dramatiques. La maladie et ses cons\u00e9quences sont m\u00e9connues des personnes albinos elles-m\u00eames, de la population ainsi que des structures m\u00e9dico-sociales et \u00e9ducatives. Aucune prise en charge n\u2019existe au niveau communautaire, alors que les personnes albinos peuvent vivre normalement avec un minimum d\u2019assistance. On compte pr\u00e8s de 863 albinos au Burundi.<\/p>\n<p>Ce projet financ\u00e9 par l\u2019Union Europ\u00e9enne (Initiative Europ\u00e9enne pour la D\u00e9mocratie et les Droits de l\u2019Homme) visait \u00e0 <strong>renforcer la protection et lutter contre la marginalisation des personnes albinos au Burundi. En assurant une meilleure compr\u00e9hension de la maladie pour l\u2019ensemble de la population burundaise, le projet entendait contribuer \u00e0 l\u2019\u00e9radication des croyances occultes qui menacent la s\u00e9curit\u00e9 des Albinos, tout en oeuvrant \u00e0 l\u2019int\u00e9gration socio-\u00e9conomique de ces personnes vuln\u00e9rables.<\/strong><\/p>\n<p>Au niveau strat\u00e9gique, les activit\u00e9s suivantes ont \u00e9t\u00e9 mises en \u0153uvre, en partenariat avec Albinos Sans Fronti\u00e8res (ASF) :<\/p>\n<ul>\n<li>R\u00e9alisation et remise aux autorit\u00e9s et partenaires comp\u00e9tents du 1er rapport de recensement et mapping des personnes albinos au Burundi ;<\/li>\n<li>construction du si\u00e8ge social d\u2019Albinos Sans Fronti\u00e8res \u00e0 Bujumbura : ce lieu d\u2019accueil et de prise en charge a vocation \u00e0 aider les albinos \u00e0 se sociabiliser et les accompagner dans leurs d\u00e9marches juridiques ou dans leur insertion professionnelle ;<\/li>\n<li>des campagnes de sensibilisation sur les causes et impacts de l\u2019albinisme ont \u00e9t\u00e9 men\u00e9es aupr\u00e8s de la population et des outils de sensibilisation ont \u00e9t\u00e9 produits et diffus\u00e9s (6000 affiches, 6000 fascicules,&#8230;) ;<\/li>\n<li>production et diffusion d\u2019\u00e9missions radiophoniques ;\u00a0<a href=\"https:\/\/rcn-ong.be\/wp-content\/uploads\/2015\/05\/couverture_avec_titre_Albinos.png\"><img loading=\"lazy\" decoding=\"async\" class=\"alignright size-full wp-image-3731\" src=\"https:\/\/rcn-ong.be\/wp-content\/uploads\/2015\/05\/couverture_avec_titre_Albinos.png\" alt=\"couverture_avec_titre_Albinos\" width=\"235\" height=\"235\" srcset=\"https:\/\/rcn-ong.be\/wp-content\/uploads\/2015\/05\/couverture_avec_titre_Albinos.png 235w, https:\/\/rcn-ong.be\/wp-content\/uploads\/2015\/05\/couverture_avec_titre_Albinos-150x150.png 150w, https:\/\/rcn-ong.be\/wp-content\/uploads\/2015\/05\/couverture_avec_titre_Albinos-100x100.png 100w, https:\/\/rcn-ong.be\/wp-content\/uploads\/2015\/05\/couverture_avec_titre_Albinos-200x200.png 200w\" sizes=\"auto, (max-width: 235px) 100vw, 235px\" \/><\/a><\/li>\n<li>publication d\u2019un livre de r\u00e9cits-portraits de personnes Albinos du Burundi que vous <a href=\"https:\/\/rcn-ong.be\/?p=3313\" target=\"_blank\">trouverez ici<\/a>.<\/li>\n<\/ul>\n<p><strong>Pour faciliter l\u2019int\u00e9gration socio-\u00e9conomique des personnes albinos, plusieurs activit\u00e9s ont \u00e9t\u00e9 d\u00e9velopp\u00e9es :<\/strong><\/p>\n<ul>\n<li>La formation en activit\u00e9s g\u00e9n\u00e9ratrices de revenus pour 20 groupements \u00e9conomiques comptant des personnes albinos (horticulture et menuiserie) ;<\/li>\n<li>Distribution de mat\u00e9riel (mat\u00e9riel aratoire, semences, autres outils et moulins) et b\u00e9tails (ch\u00e8vres) aux groupements d\u2019agro-\u00e9leveurs ayant int\u00e9gr\u00e9 des personnes albinos ;<\/li>\n<li>Sur base\u00a0du rapport de recensement, appui \u00e0 la scolarisation des enfants albinos : 198 uniformes et du mat\u00e9riel scolaires ont ainsi \u00e9t\u00e9 distribu\u00e9s pour la rentr\u00e9e scolaire 2011-2012 ;<\/li>\n<li>Appui aux soins de sant\u00e9 des albinos via la distribution progressive de cartes d\u2019identit\u00e9 et de cartes d\u2019acc\u00e8s gratuit aux soins.<\/li>\n<\/ul>\n<p><a href=\"https:\/\/rcn-ong.be\/wp-content\/uploads\/2015\/05\/Projet-Albinos-2-e1430990068508.jpg\"><img loading=\"lazy\" decoding=\"async\" class=\"alignnone size-medium wp-image-3818\" src=\"https:\/\/rcn-ong.be\/wp-content\/uploads\/2015\/05\/Projet-Albinos-2-300x225.jpg\" alt=\"Projet Albinos 2\" width=\"300\" height=\"225\" \/><\/a><\/p>\n","protected":false},"excerpt":{"rendered":"<p>&nbsp;<\/p>\n<p>Les personnes albinos sont des personnes vuln\u00e9rables qui sont stigmatis\u00e9es et marginalis\u00e9es en raison de leur diff\u00e9rence. En outre, des croyances superstitieuses g\u00e9n\u00e8rent de v\u00e9ritables risques d\u2019atteinte \u00e0 leur int\u00e9grit\u00e9 physique et m\u00eame \u00e0 leur vie. De 2008 \u00e0 2012,<\/p>\n<p><span class=\"ellipsis\">&hellip;<\/span><\/p>\n<div class=\"read-more\"><a href=\"https:\/\/rcn-ong.be\/nl\/que-faisons-nous\/nos-pays-d-intervention\/realisations-anterieures\/2010-2012-promotion-et-protection-des-personnes-albinos-au-burundi\/\">Lees meer &#8250;<\/a><\/div>\n<p><!-- end of .read-more --><\/p>\n","protected":false},"author":3,"featured_media":0,"parent":2880,"menu_order":0,"comment_status":"open","ping_status":"open","template":"","meta":{"footnotes":""},"class_list":["post-2889","page","type-page","status-publish","hentry"],"_links":{"self":[{"href":"https:\/\/rcn-ong.be\/nl\/wp-json\/wp\/v2\/pages\/2889","targetHints":{"allow":["GET"]}}],"collection":[{"href":"https:\/\/rcn-ong.be\/nl\/wp-json\/wp\/v2\/pages"}],"about":[{"href":"https:\/\/rcn-ong.be\/nl\/wp-json\/wp\/v2\/types\/page"}],"author":[{"embeddable":true,"href":"https:\/\/rcn-ong.be\/nl\/wp-json\/wp\/v2\/users\/3"}],"replies":[{"embeddable":true,"href":"https:\/\/rcn-ong.be\/nl\/wp-json\/wp\/v2\/comments?post=2889"}],"version-history":[{"count":6,"href":"https:\/\/rcn-ong.be\/nl\/wp-json\/wp\/v2\/pages\/2889\/revisions"}],"predecessor-version":[{"id":4054,"href":"https:\/\/rcn-ong.be\/nl\/wp-json\/wp\/v2\/pages\/2889\/revisions\/4054"}],"up":[{"embeddable":true,"href":"https:\/\/rcn-ong.be\/nl\/wp-json\/wp\/v2\/pages\/2880"}],"wp:attachment":[{"href":"https:\/\/rcn-ong.be\/nl\/wp-json\/wp\/v2\/media?parent=2889"}],"curies":[{"name":"wp","href":"https:\/\/api.w.org\/{rel}","templated":true}]}}