{"id":2962,"date":"2015-03-17T11:18:27","date_gmt":"2015-03-17T11:18:27","guid":{"rendered":"https:\/\/rcn-ong.be\/?page_id=2962"},"modified":"2015-12-11T09:04:41","modified_gmt":"2015-12-11T09:04:41","slug":"programmes-en-cours","status":"publish","type":"page","link":"https:\/\/rcn-ong.be\/nl\/que-faisons-nous\/nos-pays-d-intervention\/republique-democratique-du-congo\/programmes-en-cours\/","title":{"rendered":"Programmes en cours"},"content":{"rendered":"<ul>\n<li>&#8220;Projet d\u2019appui aux organisations paysannes pour un d\u00e9veloppement durable de l\u2019agriculture&#8221;<\/li>\n<li>&#8220;Contribuer \u00e0 la libert\u00e9 d\u2019expression en R\u00e9publique d\u00e9mocratique du Congo&#8221;<\/li>\n<li>&#8220;Pour une meilleure s\u00e9curit\u00e9 juridique en R\u00e9publique d\u00e9mocratique du Congo&#8221;<\/li>\n<li>B\u00e9n\u00e9ficiaires<\/li>\n<li>Partenaires<\/li>\n<\/ul>\n","protected":false},"excerpt":{"rendered":"<ul>\n<li>&#8220;Projet d\u2019appui aux organisations paysannes pour un d\u00e9veloppement durable de l\u2019agriculture&#8221;<\/li>\n<li>&#8220;Contribuer \u00e0 la libert\u00e9 d\u2019expression en R\u00e9publique d\u00e9mocratique du Congo&#8221;<\/li>\n<li>&#8220;Pour une meilleure s\u00e9curit\u00e9 juridique en R\u00e9publique d\u00e9mocratique du Congo&#8221;<\/li>\n<li>B\u00e9n\u00e9ficiaires<\/li>\n<li>Partenaires<\/li>\n<\/ul>\n<p><span class=\"ellipsis\">&hellip;<\/span><\/p>\n<div class=\"read-more\"><a href=\"https:\/\/rcn-ong.be\/nl\/que-faisons-nous\/nos-pays-d-intervention\/republique-democratique-du-congo\/programmes-en-cours\/\">Lees meer &#8250;<\/a><\/div>\n<p><!-- end of .read-more --><\/p>\n","protected":false},"author":3,"featured_media":0,"parent":2171,"menu_order":0,"comment_status":"open","ping_status":"open","template":"sidebar-content-page.php","meta":{"footnotes":""},"class_list":["post-2962","page","type-page","status-publish","hentry"],"_links":{"self":[{"href":"https:\/\/rcn-ong.be\/nl\/wp-json\/wp\/v2\/pages\/2962","targetHints":{"allow":["GET"]}}],"collection":[{"href":"https:\/\/rcn-ong.be\/nl\/wp-json\/wp\/v2\/pages"}],"about":[{"href":"https:\/\/rcn-ong.be\/nl\/wp-json\/wp\/v2\/types\/page"}],"author":[{"embeddable":true,"href":"https:\/\/rcn-ong.be\/nl\/wp-json\/wp\/v2\/users\/3"}],"replies":[{"embeddable":true,"href":"https:\/\/rcn-ong.be\/nl\/wp-json\/wp\/v2\/comments?post=2962"}],"version-history":[{"count":2,"href":"https:\/\/rcn-ong.be\/nl\/wp-json\/wp\/v2\/pages\/2962\/revisions"}],"predecessor-version":[{"id":4069,"href":"https:\/\/rcn-ong.be\/nl\/wp-json\/wp\/v2\/pages\/2962\/revisions\/4069"}],"up":[{"embeddable":true,"href":"https:\/\/rcn-ong.be\/nl\/wp-json\/wp\/v2\/pages\/2171"}],"wp:attachment":[{"href":"https:\/\/rcn-ong.be\/nl\/wp-json\/wp\/v2\/media?parent=2962"}],"curies":[{"name":"wp","href":"https:\/\/api.w.org\/{rel}","templated":true}]}}