{"id":2971,"date":"2015-03-17T11:30:47","date_gmt":"2015-03-17T11:30:47","guid":{"rendered":"https:\/\/rcn-ong.be\/?page_id=2971"},"modified":"2015-03-23T11:30:25","modified_gmt":"2015-03-23T11:30:25","slug":"programme-en-cours","status":"publish","type":"page","link":"https:\/\/rcn-ong.be\/nl\/que-faisons-nous\/nos-pays-d-intervention\/republique-democratique-du-congo\/est-de-la-rdc\/programme-en-cours\/","title":{"rendered":"Programme en cours"},"content":{"rendered":"<p>En Ituri, apr\u00e8s des ann\u00e9es de guerres qui ont vu de graves exactions commises contre les populations civiles, le district a connu un fragile retour \u00e0 la paix, encore r\u00e9guli\u00e8rement mise \u00e0 mal par des groupes arm\u00e9s pr\u00e9sents dans la r\u00e9gion. RCN Justice &amp; D\u00e9mocratie est intervenu dans un premier temps afin de r\u00e9instaurer une cha\u00eene judiciaire (en collaboration avec la Commission Europ\u00e9enne et la Coop\u00e9ration fran\u00e7aise notamment) qui \u00e9tait rompue suite au conflit.<\/p>\n<p><a href=\"https:\/\/rcn-ong.be\/?p=3046\" target=\"_blank\">&#8220;Programme d\u2019Appui au Renforcement de la Justice \u00e0 l\u2019Est&#8221; (\u00ab Uhaki Safi \u00bb)<\/a><\/p>\n","protected":false},"excerpt":{"rendered":"<p>En Ituri, apr\u00e8s des ann\u00e9es de guerres qui ont vu de graves exactions commises contre les populations civiles, le district a connu un fragile retour \u00e0 la paix, encore r\u00e9guli\u00e8rement mise \u00e0 mal par des groupes arm\u00e9s pr\u00e9sents dans la r\u00e9gion.<\/p>\n<p><span class=\"ellipsis\">&hellip;<\/span><\/p>\n<div class=\"read-more\"><a href=\"https:\/\/rcn-ong.be\/nl\/que-faisons-nous\/nos-pays-d-intervention\/republique-democratique-du-congo\/est-de-la-rdc\/programme-en-cours\/\">Lees meer &#8250;<\/a><\/div>\n<p><!-- end of .read-more --><\/p>\n","protected":false},"author":3,"featured_media":0,"parent":2969,"menu_order":0,"comment_status":"open","ping_status":"open","template":"sidebar-content-page.php","meta":{"footnotes":""},"class_list":["post-2971","page","type-page","status-publish","hentry"],"_links":{"self":[{"href":"https:\/\/rcn-ong.be\/nl\/wp-json\/wp\/v2\/pages\/2971","targetHints":{"allow":["GET"]}}],"collection":[{"href":"https:\/\/rcn-ong.be\/nl\/wp-json\/wp\/v2\/pages"}],"about":[{"href":"https:\/\/rcn-ong.be\/nl\/wp-json\/wp\/v2\/types\/page"}],"author":[{"embeddable":true,"href":"https:\/\/rcn-ong.be\/nl\/wp-json\/wp\/v2\/users\/3"}],"replies":[{"embeddable":true,"href":"https:\/\/rcn-ong.be\/nl\/wp-json\/wp\/v2\/comments?post=2971"}],"version-history":[{"count":3,"href":"https:\/\/rcn-ong.be\/nl\/wp-json\/wp\/v2\/pages\/2971\/revisions"}],"predecessor-version":[{"id":3052,"href":"https:\/\/rcn-ong.be\/nl\/wp-json\/wp\/v2\/pages\/2971\/revisions\/3052"}],"up":[{"embeddable":true,"href":"https:\/\/rcn-ong.be\/nl\/wp-json\/wp\/v2\/pages\/2969"}],"wp:attachment":[{"href":"https:\/\/rcn-ong.be\/nl\/wp-json\/wp\/v2\/media?parent=2971"}],"curies":[{"name":"wp","href":"https:\/\/api.w.org\/{rel}","templated":true}]}}