{"id":2975,"date":"2015-03-17T11:33:26","date_gmt":"2015-03-17T11:33:26","guid":{"rendered":"https:\/\/rcn-ong.be\/?page_id=2975"},"modified":"2015-03-23T12:38:00","modified_gmt":"2015-03-23T12:38:00","slug":"bas-congo","status":"publish","type":"page","link":"https:\/\/rcn-ong.be\/nl\/que-faisons-nous\/nos-pays-d-intervention\/republique-democratique-du-congo\/bas-congo\/","title":{"rendered":"Bas Congo"},"content":{"rendered":"<h1>R\u00e9alisations ant\u00e9rieures<\/h1>\n<ul>\n<li><a href=\"https:\/\/rcn-ong.be\/?p=3087\" target=\"_blank\">2009 &#8211; 2012 &#8220;Appui \u00e0 la justice de proximit\u00e9&#8221;<\/a><\/li>\n<li><a href=\"https:\/\/rcn-ong.be\/?p=3091\" target=\"_blank\">2009 &#8211; 2011 &#8221; Appui \u00e0 la transition vers un \u00e9tat de droit, \u00e0 la justice de proximit\u00e9 et \u00e0 la pacification sociale&#8221;<\/a><\/li>\n<\/ul>\n","protected":false},"excerpt":{"rendered":"<p>R\u00e9alisations ant\u00e9rieures<\/p>\n<ul>\n<li><a href=\"https:\/\/rcn-ong.be\/?p=3087\" target=\"_blank\">2009 &#8211; 2012 &#8220;Appui \u00e0 la justice de proximit\u00e9&#8221;<\/a><\/li>\n<li><a href=\"https:\/\/rcn-ong.be\/?p=3091\" target=\"_blank\">2009 &#8211; 2011 &#8221; Appui \u00e0 la transition vers un \u00e9tat de droit, \u00e0 la justice de proximit\u00e9 et \u00e0 la pacification sociale&#8221;<\/a><\/li>\n<\/ul>\n<p><span class=\"ellipsis\">&hellip;<\/span><\/p>\n<div class=\"read-more\"><a href=\"https:\/\/rcn-ong.be\/nl\/que-faisons-nous\/nos-pays-d-intervention\/republique-democratique-du-congo\/bas-congo\/\">Lees meer &#8250;<\/a><\/div>\n<p><!-- end of .read-more --><\/p>\n","protected":false},"author":3,"featured_media":0,"parent":2171,"menu_order":0,"comment_status":"open","ping_status":"open","template":"sidebar-content-page.php","meta":{"footnotes":""},"class_list":["post-2975","page","type-page","status-publish","hentry"],"_links":{"self":[{"href":"https:\/\/rcn-ong.be\/nl\/wp-json\/wp\/v2\/pages\/2975","targetHints":{"allow":["GET"]}}],"collection":[{"href":"https:\/\/rcn-ong.be\/nl\/wp-json\/wp\/v2\/pages"}],"about":[{"href":"https:\/\/rcn-ong.be\/nl\/wp-json\/wp\/v2\/types\/page"}],"author":[{"embeddable":true,"href":"https:\/\/rcn-ong.be\/nl\/wp-json\/wp\/v2\/users\/3"}],"replies":[{"embeddable":true,"href":"https:\/\/rcn-ong.be\/nl\/wp-json\/wp\/v2\/comments?post=2975"}],"version-history":[{"count":3,"href":"https:\/\/rcn-ong.be\/nl\/wp-json\/wp\/v2\/pages\/2975\/revisions"}],"predecessor-version":[{"id":3096,"href":"https:\/\/rcn-ong.be\/nl\/wp-json\/wp\/v2\/pages\/2975\/revisions\/3096"}],"up":[{"embeddable":true,"href":"https:\/\/rcn-ong.be\/nl\/wp-json\/wp\/v2\/pages\/2171"}],"wp:attachment":[{"href":"https:\/\/rcn-ong.be\/nl\/wp-json\/wp\/v2\/media?parent=2975"}],"curies":[{"name":"wp","href":"https:\/\/api.w.org\/{rel}","templated":true}]}}