{"id":3005,"date":"2015-03-17T12:45:15","date_gmt":"2015-03-17T12:45:15","guid":{"rendered":"https:\/\/rcn-ong.be\/?page_id=3005"},"modified":"2015-12-11T09:18:38","modified_gmt":"2015-12-11T09:18:38","slug":"pour-une-justice-de-proximite-en-republique-democratique-du-congo","status":"publish","type":"page","link":"https:\/\/rcn-ong.be\/nl\/que-faisons-nous\/nos-pays-d-intervention\/republique-democratique-du-congo\/realisations-anterieures\/pour-une-justice-de-proximite-en-republique-democratique-du-congo\/","title":{"rendered":"&#8220;Pour une justice de proximit\u00e9 en R\u00e9publique d\u00e9mocratique du Congo&#8221;"},"content":{"rendered":"<p>&nbsp;<\/p>\n<p>Dans le cadre d\u2019un nouveau financement de la DGD (Direction G\u00e9n\u00e9rale de la Coop\u00e9ration au D\u00e9veloppement, Belgique) couvrant la p\u00e9riode 2011-2013, RCN Justice &amp; D\u00e9mocratie a poursuivi ses activit\u00e9s visant le renforcement des capacit\u00e9s du personnel de base\u00a0de la justice et l\u2019am\u00e9lioration des connaissances de la population sur les droits et la justice. Le programme s\u2019est d\u00e9roul\u00e9 essentiellement \u00e0 Kinshasa, avec quelques actions dans les provinces Orientale et du Kasa\u00ef-Occidental.<\/p>\n<p>Entre ao\u00fbt (d\u00e9but du programme) et d\u00e9cembre 2011, une premi\u00e8re s\u00e9rie d\u2019activit\u00e9s de formation et de suivi a \u00e9t\u00e9 destin\u00e9e au personnel judiciaire. Le programme a poursuivi des formations permanentes de greffiers et secr\u00e9taires de parquet \u00e0 Kinshasa. Ces formations mensuelles ont rassembl\u00e9 en moyenne 228 participants sur 240 greffiers et secr\u00e9taires de parquet, soit environ 26 participants dans chacun des 9 sites de formation chaque semaine.<\/p>\n<p>Par ailleurs, le programme a \u00e9galement pr\u00e9vu un appui \u00e0 la strat\u00e9gie de d\u00e9ploiement de l\u2019EFRPJ (Ecole de formation et recyclage du personnel judiciaire) dans deux nouvelles zones, \u00e0 savoir les villes de Kisangani et Mbuji Mayi. En 2011, pr\u00e8s de 100 greffiers et secr\u00e9taires de parquet de ces villes ont b\u00e9n\u00e9fici\u00e9 de formations. Ces formations sont ponctuelles car RCN Justice &amp; D\u00e9mocratie n\u2019est pas encore implant\u00e9 au Kasa\u00ef ni en Province Orientale, mais essentielles dans des r\u00e9gions qui sont encore peu cibl\u00e9es des projets de coop\u00e9ration dans le secteur de la justice. La demande pour ce type\u00a0de formation est donc importante.<\/p>\n<p>A l\u2019issue du Programme, RCN Justice et D\u00e9mocratie a supervis\u00e9 une \u00e9tude sur &#8220;L\u2019appui technique \u00e0 l\u2019EFRPJ dans un nouveau contexte institutionnel de gestion du syst\u00e8me judiciaire&#8221;. Cette \u00e9tude est <a href=\"https:\/\/rcn-ong.be\/?p=3307\" target=\"_blank\">t\u00e9l\u00e9chargeable ici<\/a>.<\/p>\n<p>Parall\u00e8lement, RCN a poursuivi son appui \u00e0 la formation permanente des OPJ de Kinshasa. Un pool de 40 formateurs a dispens\u00e9 chaque semaine des formations \u00e0 destination d\u2019environ 350 participants en moyenne. Le projet a \u00e9galement inclus des missions de contr\u00f4le de l\u2019IPKIN (Inspection Provinciale de la Police de Kinshasa, renomm\u00e9e \u00ab Commissariat Provincial de la Police de Kinshasa \u00bb dans le courant de l\u2019ann\u00e9e 2011) ainsi que des missions de contr\u00f4le des parquets. Enfin, des ateliers mixtes entre magistrats et OPJ ont r\u00e9guli\u00e8rement \u00e9t\u00e9 organis\u00e9s et ont donn\u00e9 lieu \u00e0 des recommandations suivies avec les autorit\u00e9s hi\u00e9rarchiques \u00e0 Kinshasa.<a href=\"https:\/\/rcn-ong.be\/wp-content\/uploads\/2015\/05\/Pour-une-justice-de-proximit\u00e9-en-RDC-1.jpg\"><img loading=\"lazy\" decoding=\"async\" class=\"alignright size-full wp-image-3843\" src=\"https:\/\/rcn-ong.be\/wp-content\/uploads\/2015\/05\/Pour-une-justice-de-proximit\u00e9-en-RDC-1.jpg\" alt=\"Pour une justice de proximit\u00e9 en RDC 1\" width=\"293\" height=\"224\" srcset=\"https:\/\/rcn-ong.be\/wp-content\/uploads\/2015\/05\/Pour-une-justice-de-proximit\u00e9-en-RDC-1.jpg 293w, https:\/\/rcn-ong.be\/wp-content\/uploads\/2015\/05\/Pour-une-justice-de-proximit\u00e9-en-RDC-1-100x76.jpg 100w, https:\/\/rcn-ong.be\/wp-content\/uploads\/2015\/05\/Pour-une-justice-de-proximit\u00e9-en-RDC-1-150x115.jpg 150w, https:\/\/rcn-ong.be\/wp-content\/uploads\/2015\/05\/Pour-une-justice-de-proximit\u00e9-en-RDC-1-200x153.jpg 200w\" sizes=\"auto, (max-width: 293px) 100vw, 293px\" \/><\/a><\/p>\n<p>Le renforcement des capacit\u00e9s des OPJ a donc concern\u00e9 aussi bien ces derniers que leur encadrement et leur hi\u00e9rarchie. Un transfert de comp\u00e9tences et de m\u00e9thodologie s\u2019est fait du projet vers l\u2019IPKIN afin de lui permettre d\u2019int\u00e9grer celles-ci dans son travail.<\/p>\n<p>Concernant la dimension \u00ab soci\u00e9t\u00e9 civile \u00bb et \u00ab population \u00bb du programme, RCN Justice &amp; D\u00e9mocratie a facilit\u00e9 la vulgarisation des notions de droit : \u00e0 travers la conception et la distribution d\u2019outils de vulgarisation tels que des DVD, des d\u00e9pliants, des BD, des calendriers, des T-shirts, etc., la population est mieux inform\u00e9e de ses droits et du fonctionnement de la justice. Par exemple, en 2011, six \u00e9missions radiophoniques \u00ab Moi et\u2026 \u00bb, donnant la parole aux enfants sur des sujets de droit ont \u00e9t\u00e9 diffus\u00e9es \u00e0 Kinshasa et en province (cette activit\u00e9 a fait l\u2019objet d\u2019un cofinancement avec la Japanese International Cooperation Agency &#8211; JICA).<\/p>\n<div id=\"attachment_3844\" style=\"width: 310px\" class=\"wp-caption alignright\"><a href=\"https:\/\/rcn-ong.be\/wp-content\/uploads\/2015\/05\/Pour-une-justice-de-proximit\u00e9-en-RDC-2.jpg\"><img loading=\"lazy\" decoding=\"async\" aria-describedby=\"caption-attachment-3844\" class=\"size-medium wp-image-3844\" src=\"https:\/\/rcn-ong.be\/wp-content\/uploads\/2015\/05\/Pour-une-justice-de-proximit\u00e9-en-RDC-2-300x200.jpg\" alt=\"Amigos de la colline RCN Justice &amp; D\u00e9mocratie offre un accompagnement m\u00e9thodologique et logistique aux procureurs de la R\u00e9publique pour contr\u00f4ler r\u00e9guli\u00e8rement les cachots des commissariats de la ville de Kinshasa. En mai 2003, ce sont 45 personnes irr\u00e9guli\u00e8rement gard\u00e9es \u00e0 vue dans 8 cachots diff\u00e9rents qui ont \u00e9t\u00e9 rel\u00e2ch\u00e9es. \" width=\"300\" height=\"200\" srcset=\"https:\/\/rcn-ong.be\/wp-content\/uploads\/2015\/05\/Pour-une-justice-de-proximit\u00e9-en-RDC-2-300x200.jpg 300w, https:\/\/rcn-ong.be\/wp-content\/uploads\/2015\/05\/Pour-une-justice-de-proximit\u00e9-en-RDC-2-100x67.jpg 100w, https:\/\/rcn-ong.be\/wp-content\/uploads\/2015\/05\/Pour-une-justice-de-proximit\u00e9-en-RDC-2-150x100.jpg 150w, https:\/\/rcn-ong.be\/wp-content\/uploads\/2015\/05\/Pour-une-justice-de-proximit\u00e9-en-RDC-2-200x133.jpg 200w, https:\/\/rcn-ong.be\/wp-content\/uploads\/2015\/05\/Pour-une-justice-de-proximit\u00e9-en-RDC-2.jpg 448w\" sizes=\"auto, (max-width: 300px) 100vw, 300px\" \/><\/a><p id=\"caption-attachment-3844\" class=\"wp-caption-text\">Amigos de la colline<br \/>RCN Justice &amp; D\u00e9mocratie offre un accompagnement m\u00e9thodologique et logistique aux procureurs de la R\u00e9publique pour contr\u00f4ler r\u00e9guli\u00e8rement les cachots des commissariats de la ville de Kinshasa. En mai 2003, ce sont 45 personnes irr\u00e9guli\u00e8rement gard\u00e9es \u00e0 vue dans 8 cachots diff\u00e9rents qui ont \u00e9t\u00e9 rel\u00e2ch\u00e9es.<\/p><\/div>\n<p>Outre ces activit\u00e9s de vulgarisation et de sensibilisation \u00e0 destination de la population, le programme inclut \u00e9galement le renforcement d\u2019organisations de la soci\u00e9t\u00e9 civile congolaise \u00e0 travers, entre autres, des formations aux techniques de sensibilisation \u00e0 destination d\u2019ONG des droits de l\u2019Homme et des ateliers-rencontres avec des OPJ.<\/p>\n<p>RCN Justice &amp; D\u00e9mocratie offre un accompagnement m\u00e9thodologique et logistique aux procureurs de la R\u00e9publique pour contr\u00f4ler r\u00e9guli\u00e8rement les cachots des commissariats de la ville de Kinshasa. En mai 2013, ce sont 45 personnes irr\u00e9guli\u00e8rement gard\u00e9es \u00e0 vue dans 8 cachots diff\u00e9rents qui ont \u00e9t\u00e9 rel\u00e2ch\u00e9es.<\/p>\n<h2>B\u00e9n\u00e9ficiaires<\/h2>\n<p><strong>Au niveau des professionnels de la justice et acteurs du syst\u00e8me judiciaire :<\/strong><\/p>\n<ul>\n<li>Inspecteurs de Police Judiciaires civils et militaires ;<\/li>\n<li>Officiers de Police judiciaire et Inspecteurs de Police Judiciaire du Bas-Congo ;<\/li>\n<li>Magistrats civils et militaires ;<\/li>\n<li>Greffiers et secr\u00e9taires de Parquet civils et militaires de Kinshasa et Bas-Congo (environ 4000 personnes).<a href=\"https:\/\/rcn-ong.be\/wp-content\/uploads\/2015\/05\/Pour-une-justice-de-proximit\u00e9-en-RDC-3.jpg\"><img loading=\"lazy\" decoding=\"async\" class=\"alignright size-full wp-image-3845\" src=\"https:\/\/rcn-ong.be\/wp-content\/uploads\/2015\/05\/Pour-une-justice-de-proximit\u00e9-en-RDC-3.jpg\" alt=\"Pour une justice de proximit\u00e9 en RDC 3\" width=\"250\" height=\"188\" srcset=\"https:\/\/rcn-ong.be\/wp-content\/uploads\/2015\/05\/Pour-une-justice-de-proximit\u00e9-en-RDC-3.jpg 250w, https:\/\/rcn-ong.be\/wp-content\/uploads\/2015\/05\/Pour-une-justice-de-proximit\u00e9-en-RDC-3-100x75.jpg 100w, https:\/\/rcn-ong.be\/wp-content\/uploads\/2015\/05\/Pour-une-justice-de-proximit\u00e9-en-RDC-3-150x113.jpg 150w, https:\/\/rcn-ong.be\/wp-content\/uploads\/2015\/05\/Pour-une-justice-de-proximit\u00e9-en-RDC-3-200x150.jpg 200w\" sizes=\"auto, (max-width: 250px) 100vw, 250px\" \/><\/a><\/li>\n<\/ul>\n<p><strong>Au niveau des acteurs de la soci\u00e9t\u00e9 civile de Kinshasa et de la province du Bas-Congo :<\/strong><\/p>\n<ul>\n<li>Autorit\u00e9s administratives du Bas-Congo (administrateurs de territoires et bourgmestres) ;<\/li>\n<li>Centres de documentation associatifs et associations locales ;<\/li>\n<li>Les autorit\u00e9s locales nationales, personnalit\u00e9s intellectuelles, gouvernementales, coutumi\u00e8res, internationales\u2026<\/li>\n<\/ul>\n<p>Enfin, <strong>au niveau des justiciables et la population en g\u00e9n\u00e9ral du Kinshasa et du Bas-Congo<\/strong> :<\/p>\n<ul>\n<li>Participants au Journ\u00e9e Portes Ouvertes (1000 personnes en moyenne par journ\u00e9e) ;<\/li>\n<li>Spectateurs des repr\u00e9sentations th\u00e9\u00e2trales ;<\/li>\n<li>Lecteurs des d\u00e9pliants de vulgarisation du droit ;<\/li>\n<li>Auditeurs radiophoniques\u2026 (50 \u00e0 100.000 personnes estim\u00e9es).<\/li>\n<\/ul>\n<p>Dans l\u2019esprit d\u2019une approche consultative et participative, les b\u00e9n\u00e9ficiaires directs sont amen\u00e9s \u00e0 \u00eatre partenaires du programme.<\/p>\n<h2>Partenaires<\/h2>\n<p>La qualit\u00e9 de la concertation entretenue avec l\u2019ensemble de ces partenaires garantit la coh\u00e9rence de l\u2019intervention de RCN Justice &amp; D\u00e9mocratie en RDC.<\/p>\n<p><strong>Partenaires institutionnels<\/strong><\/p>\n<ul>\n<li>Le Minist\u00e8re de la Justice, son administration et ses services\n<ul>\n<li>Cour d\u2019appel, Tribunaux grande instance, Tribunaux de paix et parquets du\u00a0Bas-Congo et Hautes juridictions de Kinshasa<\/li>\n<\/ul>\n<\/li>\n<\/ul>\n<p>Principaux partenaires du programme, ils sont impliqu\u00e9s dans les aspects de renforcement de capacit\u00e9 des juridictions et de comp\u00e9tence du personnel judiciaire. Plus sp\u00e9cialement, RCN Justice &amp; D\u00e9mocratie collabore avec:<\/p>\n<ul>\n<ul>\n<li>L&#8217;Ecole de formation et recyclage des personnels judiciaires<\/li>\n<li>Le Service de documentation et d\u2019\u00e9tudes ;<\/li>\n<li>L\u2019Inspectorat g\u00e9n\u00e9ral des services judiciaires.<\/li>\n<\/ul>\n<\/ul>\n<p>&nbsp;<\/p>\n<ul>\n<li>Le Minist\u00e8re de l\u2019Int\u00e9rieur<\/li>\n<\/ul>\n<p>Un rapport privil\u00e9gi\u00e9 est maintenu avec le Gouvernorat provincial et la hi\u00e9rarchie de la Police nationale congolaise dans le cadre des activit\u00e9s men\u00e9es \u00e0 l\u2019intention de la police, des autorit\u00e9s administratives et coutumi\u00e8res.<\/p>\n<ul>\n<li>Administrations communales et services publics de proximit\u00e9<\/li>\n<\/ul>\n<p>Ils sont \u00e0 la fois les b\u00e9n\u00e9ficiaires et partenaires privil\u00e9gi\u00e9s dans le cadre des activit\u00e9s destin\u00e9es \u00e0 la population.<\/p>\n<ul>\n<li>Minist\u00e8re de la D\u00e9fense, Haute cour militaire, Tribunaux militaires et Auditorats de garnison<\/li>\n<\/ul>\n<p>Les relations\u00a0sont \u00e9tablies dans le cadre des actions portant sur la justice militaire.<\/p>\n<p><strong>Soci\u00e9t\u00e9 civile<\/strong><\/p>\n<p>Une collaboration r\u00e9guli\u00e8re est \u00e9tablie avec des structures locales suivantes :<\/p>\n<ul>\n<li>Ligue pour le Droit de la Femme Congolaise (LDFC) ;<\/li>\n<li>Journalistes en Danger (JED).<\/li>\n<\/ul>\n<p>Les relations\u00a0sont multiformes. Les membres des associations interviennent comme personnes ressources dans le cadre des activit\u00e9s du programme de RCN. Certaines associations re\u00e7oivent un soutien pour la mise en \u0153uvre de leurs activit\u00e9s de sensibilisation et vulgarisation du droit. Des partenariats formels sont \u00e9tablis avec les structures locales (radios et troupes de th\u00e9\u00e2tre) pour l\u2019ex\u00e9cution d\u2019activit\u00e9s sp\u00e9cifiques.<\/p>\n<p><strong>Partenaires financiers<\/strong><\/p>\n<ul>\n<li>Direction G\u00e9n\u00e9rale de la coop\u00e9ration au D\u00e9veloppement du minist\u00e8re des Affaires \u00e9trang\u00e8res, commerce\u00a0ext\u00e9rieur et Coop\u00e9ration au D\u00e9veloppement de Belgique (DGD)<\/li>\n<li>Commission europ\u00e9enne (IEDDH, FED, RRM, etc.<\/li>\n<\/ul>\n<p>Les pr\u00e9c\u00e9dents programmes de RCN Justice &amp; D\u00e9mocratie en RDC ont \u00e9t\u00e9 financ\u00e9s par :<\/p>\n<ul>\n<li>Japanese International Cooperation Agency ( JICA) ;<\/li>\n<li>Fonds des Nations Unies pour la D\u00e9mocratie (FNUD) ;<\/li>\n<li>Programme des Nations Unies pour le D\u00e9veloppement (PNUD) ;<\/li>\n<li>Haut commissariat des Nations unies pour les r\u00e9fugi\u00e9s (UNHCR) ;<\/li>\n<li>UK Department for International Development (DfID).<\/li>\n<\/ul>\n<p><strong>Partenaires internationaux<\/strong><\/p>\n<ul>\n<li>Avocats sans Fronti\u00e8res-Belgique<\/li>\n<li>Unit\u00e9 de sensibilisation de la Cour p\u00e9nale internationale en RDC<\/li>\n<\/ul>\n","protected":false},"excerpt":{"rendered":"<p>&nbsp;<\/p>\n<p>Dans le cadre d\u2019un nouveau financement de la DGD (Direction G\u00e9n\u00e9rale de la Coop\u00e9ration au D\u00e9veloppement, Belgique) couvrant la p\u00e9riode 2011-2013, RCN Justice &amp; D\u00e9mocratie a poursuivi ses activit\u00e9s visant le renforcement des capacit\u00e9s du personnel de base\u00a0de la justice et l\u2019am\u00e9lioration des connaissances de la population sur les droits et la justice.<\/p>\n<p><span class=\"ellipsis\">&hellip;<\/span><\/p>\n<div class=\"read-more\"><a href=\"https:\/\/rcn-ong.be\/nl\/que-faisons-nous\/nos-pays-d-intervention\/republique-democratique-du-congo\/realisations-anterieures\/pour-une-justice-de-proximite-en-republique-democratique-du-congo\/\">Lees meer &#8250;<\/a><\/div>\n<p><!-- end of .read-more --><\/p>\n","protected":false},"author":3,"featured_media":0,"parent":2964,"menu_order":0,"comment_status":"open","ping_status":"open","template":"sidebar-content-page.php","meta":{"footnotes":""},"class_list":["post-3005","page","type-page","status-publish","hentry"],"_links":{"self":[{"href":"https:\/\/rcn-ong.be\/nl\/wp-json\/wp\/v2\/pages\/3005","targetHints":{"allow":["GET"]}}],"collection":[{"href":"https:\/\/rcn-ong.be\/nl\/wp-json\/wp\/v2\/pages"}],"about":[{"href":"https:\/\/rcn-ong.be\/nl\/wp-json\/wp\/v2\/types\/page"}],"author":[{"embeddable":true,"href":"https:\/\/rcn-ong.be\/nl\/wp-json\/wp\/v2\/users\/3"}],"replies":[{"embeddable":true,"href":"https:\/\/rcn-ong.be\/nl\/wp-json\/wp\/v2\/comments?post=3005"}],"version-history":[{"count":6,"href":"https:\/\/rcn-ong.be\/nl\/wp-json\/wp\/v2\/pages\/3005\/revisions"}],"predecessor-version":[{"id":4081,"href":"https:\/\/rcn-ong.be\/nl\/wp-json\/wp\/v2\/pages\/3005\/revisions\/4081"}],"up":[{"embeddable":true,"href":"https:\/\/rcn-ong.be\/nl\/wp-json\/wp\/v2\/pages\/2964"}],"wp:attachment":[{"href":"https:\/\/rcn-ong.be\/nl\/wp-json\/wp\/v2\/media?parent=3005"}],"curies":[{"name":"wp","href":"https:\/\/api.w.org\/{rel}","templated":true}]}}