{"id":3027,"date":"2015-03-23T10:55:24","date_gmt":"2015-03-23T10:55:24","guid":{"rendered":"https:\/\/rcn-ong.be\/?page_id=3027"},"modified":"2015-12-11T09:16:30","modified_gmt":"2015-12-11T09:16:30","slug":"appui-institutionnel-au-systeme-judiciaire-pour-linstauration-dune-justice-effective-en-republique-democratique-du-congo","status":"publish","type":"page","link":"https:\/\/rcn-ong.be\/nl\/que-faisons-nous\/nos-pays-d-intervention\/republique-democratique-du-congo\/realisations-anterieures\/appui-institutionnel-au-systeme-judiciaire-pour-linstauration-dune-justice-effective-en-republique-democratique-du-congo\/","title":{"rendered":"&#8220;Appui institutionnel au syst\u00e8me judiciaire pour l\u2019instauration d\u2019une justice effective en R\u00e9publique d\u00e9mocratique du Congo&#8221;"},"content":{"rendered":"<p>&nbsp;<\/p>\n<p>Les objectifs du programme en 2003 \u00e9taient <strong>d\u2019appuyer le fonctionnement de l\u2019Ecole de Formation du Personnel Judiciaire, de recycler les acteurs judiciaires, d\u2019appuyer en documentation l\u2019appareil judiciaire, de soutenir l\u2019appareil judiciaire en \u00e9quipement mat\u00e9riel et d\u2019am\u00e9liorer les relations\u00a0entre le syst\u00e8me judiciaire et la population.<\/strong><\/p>\n<p><strong><a href=\"https:\/\/rcn-ong.be\/wp-content\/uploads\/2015\/05\/Appui-institutionnel-au-syst\u00e8me-judiciaire-1.jpg\"><img loading=\"lazy\" decoding=\"async\" class=\"alignleft size-full wp-image-3839\" src=\"https:\/\/rcn-ong.be\/wp-content\/uploads\/2015\/05\/Appui-institutionnel-au-syst\u00e8me-judiciaire-1.jpg\" alt=\"OLYMPUS DIGITAL CAMERA\" width=\"250\" height=\"188\" srcset=\"https:\/\/rcn-ong.be\/wp-content\/uploads\/2015\/05\/Appui-institutionnel-au-syst\u00e8me-judiciaire-1.jpg 250w, https:\/\/rcn-ong.be\/wp-content\/uploads\/2015\/05\/Appui-institutionnel-au-syst\u00e8me-judiciaire-1-100x75.jpg 100w, https:\/\/rcn-ong.be\/wp-content\/uploads\/2015\/05\/Appui-institutionnel-au-syst\u00e8me-judiciaire-1-150x113.jpg 150w, https:\/\/rcn-ong.be\/wp-content\/uploads\/2015\/05\/Appui-institutionnel-au-syst\u00e8me-judiciaire-1-200x150.jpg 200w\" sizes=\"auto, (max-width: 250px) 100vw, 250px\" \/><\/a>Au niveau de l\u2019appui institutionnel, las activit\u00e9s vis\u00e8rent \u00e0 maximaliser les capacit\u00e9s professionnelles des magistrats et du personnel judiciaire (formation et documentation) :<\/strong><\/p>\n<ul>\n<li>Un appui au d\u00e9marrage de l\u2019Ecole de formation du personnel judiciaire fut organis\u00e9 ainsi qu\u2019un appui en mobilier et bureautique et un soutien p\u00e9dagogique.<\/li>\n<li>Des recyclages du personnel judiciaire ont \u00e9galement \u00e9t\u00e9 organis\u00e9s :\n<ul>\n<li>Formation de formateurs, recyclage de 31 responsables de greffe et de secr\u00e9tariats de parquets du Bas-Congo ;<\/li>\n<li>soutien aux sessions de formation organis\u00e9es par ces responsables dans leur propre service\u00a0;<\/li>\n<li>soutien au recyclage des greffiers et secr\u00e9taires de parquet de Kinshasa, par leurs responsables eux-m\u00eames au sein de leur service ;<\/li>\n<li>recyclage de 25 Inspecteurs de police judiciaire (IPJ) ;<\/li>\n<li>s\u00e9minaire de remise \u00e0 niveau (6 jours) de 53 juges de Paix de Kinshasa ;<\/li>\n<li>s\u00e9minaire de remise \u00e0 niveau (7 jours) de 93 juges de Grande Instance de Kinshasa, un s\u00e9minaire de remise \u00e0 niveau (6 jours) de 59 juges de Paix du Bas-Congo ;<\/li>\n<li>formation permanente au sein m\u00eame des greffes et secr\u00e9tariats de parquet fut \u00e9galement organis\u00e9e.<\/li>\n<\/ul>\n<\/li>\n<li>Un appui en documentation fut aussi organis\u00e9 par l\u2019appui \u00e0 la publication de codes\u00a0et le soutien \u00e0 la confection du Bulletin des arr\u00eats de la Cour supr\u00eame ainsi qu\u2019un appui en \u00e9quipement (tourn\u00e9e d\u2019entretien et d\u2019\u00e9valuation du mat\u00e9riel informatique et m\u00e9canographe, distribu\u00e9 aux juridictions et services du Minist\u00e8re de la Justice depuis 2000, achat de 92 toges, pour les juges des Tribunaux de Paix de Kinshasa et du Bas-Congo et pour les greffiers du Bas-Congo, &#8230;) ;Enfin, des journ\u00e9es portes ouvertes et un soutien aux initiatives de modernisation de la justice furent organis\u00e9s.<\/li>\n<\/ul>\n<p><strong>Au niveau de l\u2019appui \u00e0 la soci\u00e9t\u00e9 civile, l\u2019hypoth\u00e8se d\u2019un impact r\u00e9el imm\u00e9diat avait pu \u00eatre v\u00e9rifi\u00e9e lorsque les activit\u00e9s concernaient des publics identifi\u00e9s m\u00e9ticuleusement et portaient sur le droit au quotidien<\/strong> : le droit de la famille (en ce compris les enregistrements de mariage et de naissance), le droit foncier (et les locations) et les droits et devoirs des policiers.<\/p>\n<p>Des formations furent ainsi organis\u00e9es :<\/p>\n<ul>\n<li>Formation de 76 animateurs de droit de la commune de N\u2019Djili, formation d\u2019\u00e9ducateurs sociaux, formation de 27 chroniqueurs judiciaires, formation de 27 formateurs \u00e0 Kinshasa et formation (3 semaines) de plus de 100 animateurs de droit, respectivement \u00e0 Mbanza-Ngungu et Inkisi (Bas-Congo), et une semaine de formation en compl\u00e9ment de celles donn\u00e9es fin 2002, \u00e0 Matadi, Boma et Tshela dans le Bas-Congo, formation (3 semaines) de 98 animateurs de droit, respectivement \u00e0 Bandundu et Kikwit (2 groupes) ;\u00a0<a href=\"https:\/\/rcn-ong.be\/wp-content\/uploads\/2015\/05\/Appui-institutionnel-au-syst\u00e8me-judiciaire-2.jpg\"><img loading=\"lazy\" decoding=\"async\" class=\"alignright size-full wp-image-3840\" src=\"https:\/\/rcn-ong.be\/wp-content\/uploads\/2015\/05\/Appui-institutionnel-au-syst\u00e8me-judiciaire-2.jpg\" alt=\"Appui institutionnel au syst\u00e8me judiciaire 2\" width=\"293\" height=\"220\" srcset=\"https:\/\/rcn-ong.be\/wp-content\/uploads\/2015\/05\/Appui-institutionnel-au-syst\u00e8me-judiciaire-2.jpg 293w, https:\/\/rcn-ong.be\/wp-content\/uploads\/2015\/05\/Appui-institutionnel-au-syst\u00e8me-judiciaire-2-100x75.jpg 100w, https:\/\/rcn-ong.be\/wp-content\/uploads\/2015\/05\/Appui-institutionnel-au-syst\u00e8me-judiciaire-2-150x113.jpg 150w, https:\/\/rcn-ong.be\/wp-content\/uploads\/2015\/05\/Appui-institutionnel-au-syst\u00e8me-judiciaire-2-200x150.jpg 200w\" sizes=\"auto, (max-width: 293px) 100vw, 293px\" \/><\/a><\/li>\n<li>un appui aux Bureaux de consultation gratuite (\u00e9quipement en mobilier de base\u00a0et soutien documentaire) et un appui \u00e0 la production d\u2019articles de presse et d\u2019\u00e9missions radiophoniques et t\u00e9l\u00e9vis\u00e9es (32 projets soutenus) ont \u00e9t\u00e9 organis\u00e9s ;<\/li>\n<li>enfin, en mati\u00e8re de sensibilisation et d\u2019information de la population, des semaines de sensibilisation \u00ab Le droit prot\u00e8ge \u00bb ont \u00e9t\u00e9 organis\u00e9es par le biais de repr\u00e9sentations th\u00e9\u00e2trales et d\u2019animations, des d\u00e9pliants de vulgarisation sur le mariage, le contrat de bail, les droits et devoirs des policiers et de bandes dessin\u00e9es ont \u00e9t\u00e9 produits et diffus\u00e9s. Des journ\u00e9es portes ouvertes dans les Tribunaux de Paix ont \u00e9t\u00e9 organis\u00e9es.<\/li>\n<\/ul>\n<p><strong>En f\u00e9vrier 2003, une antenne de RCN fut ouverte \u00e0 Matadi dans la province du Bas-Congo.<\/strong><\/p>\n<p><strong>En 2004, les activit\u00e9s du programme se poursuivirent<\/strong>. Le d\u00e9veloppement des formations permanentes dans les services\u00a0m\u00eames (greffes, secr\u00e9tariat de parquet, IPJ) commen\u00e7a \u00e0 g\u00e9n\u00e9rer des progr\u00e8s imm\u00e9diats pour les justiciables. Des s\u00e9minaires furent organis\u00e9s pour les magistrats des parquets des Tribunaux de Grande Instance et les premi\u00e8res formations de chefs coutumiers furent organis\u00e9es dans la province du Bas-Congo dans un premier temps puis dans d\u2019autres provinces.<\/p>\n<p><strong>2004 fut \u00e9galement une ann\u00e9e charni\u00e8re pour RCN Justice &amp; D\u00e9mocratie<\/strong>. Une nouvelle dynamique qui sera renforc\u00e9e en 2005 vit le jour. Une convergence\u00a0renforc\u00e9e des actions \u00ab soci\u00e9t\u00e9 civile \u00bb et \u00ab appui institutionnel \u00bb fut favoris\u00e9e afin d\u2019en amplifier l\u2019impact. Il fut donc d\u00e9cid\u00e9 de ne plus scinder les activit\u00e9s en deux volets distincts et de d\u00e9velopper le programme en une seule unit\u00e9 d\u2019actions.<\/p>\n","protected":false},"excerpt":{"rendered":"<p>&nbsp;<\/p>\n<p>Les objectifs du programme en 2003 \u00e9taient <strong>d\u2019appuyer le fonctionnement de l\u2019Ecole de Formation du Personnel Judiciaire, de recycler les acteurs judiciaires, d\u2019appuyer en documentation l\u2019appareil judiciaire, de soutenir l\u2019appareil judiciaire en \u00e9quipement mat\u00e9riel et d\u2019am\u00e9liorer les relations\u00a0entre le syst\u00e8me judiciaire et la population.<\/strong><\/p>\n<p><span class=\"ellipsis\">&hellip;<\/span><\/p>\n<div class=\"read-more\"><a href=\"https:\/\/rcn-ong.be\/nl\/que-faisons-nous\/nos-pays-d-intervention\/republique-democratique-du-congo\/realisations-anterieures\/appui-institutionnel-au-systeme-judiciaire-pour-linstauration-dune-justice-effective-en-republique-democratique-du-congo\/\">Lees meer &#8250;<\/a><\/div>\n<p><!-- end of .read-more --><\/p>\n","protected":false},"author":3,"featured_media":0,"parent":2964,"menu_order":0,"comment_status":"open","ping_status":"open","template":"sidebar-content-page.php","meta":{"footnotes":""},"class_list":["post-3027","page","type-page","status-publish","hentry"],"_links":{"self":[{"href":"https:\/\/rcn-ong.be\/nl\/wp-json\/wp\/v2\/pages\/3027","targetHints":{"allow":["GET"]}}],"collection":[{"href":"https:\/\/rcn-ong.be\/nl\/wp-json\/wp\/v2\/pages"}],"about":[{"href":"https:\/\/rcn-ong.be\/nl\/wp-json\/wp\/v2\/types\/page"}],"author":[{"embeddable":true,"href":"https:\/\/rcn-ong.be\/nl\/wp-json\/wp\/v2\/users\/3"}],"replies":[{"embeddable":true,"href":"https:\/\/rcn-ong.be\/nl\/wp-json\/wp\/v2\/comments?post=3027"}],"version-history":[{"count":7,"href":"https:\/\/rcn-ong.be\/nl\/wp-json\/wp\/v2\/pages\/3027\/revisions"}],"predecessor-version":[{"id":4079,"href":"https:\/\/rcn-ong.be\/nl\/wp-json\/wp\/v2\/pages\/3027\/revisions\/4079"}],"up":[{"embeddable":true,"href":"https:\/\/rcn-ong.be\/nl\/wp-json\/wp\/v2\/pages\/2964"}],"wp:attachment":[{"href":"https:\/\/rcn-ong.be\/nl\/wp-json\/wp\/v2\/media?parent=3027"}],"curies":[{"name":"wp","href":"https:\/\/api.w.org\/{rel}","templated":true}]}}