{"id":3032,"date":"2015-03-23T10:58:47","date_gmt":"2015-03-23T10:58:47","guid":{"rendered":"https:\/\/rcn-ong.be\/?page_id=3032"},"modified":"2015-05-07T10:01:59","modified_gmt":"2015-05-07T10:01:59","slug":"appui-a-la-justice-en-republique-democratique-du-congo","status":"publish","type":"page","link":"https:\/\/rcn-ong.be\/nl\/que-faisons-nous\/nos-pays-d-intervention\/republique-democratique-du-congo\/realisations-anterieures\/appui-a-la-justice-en-republique-democratique-du-congo\/","title":{"rendered":"&#8220;Appui \u00e0 la justice en R\u00e9publique d\u00e9mocratique du Congo&#8221;"},"content":{"rendered":"<p>&nbsp;<\/p>\n<p>En 2000, RCN Justice &amp; D\u00e9mocratie s\u2019est lanc\u00e9 dans un projet de contribution \u00e0 la<a class=\"sqvxwlbl\" title=\"Click to Continue &gt; by Browser Shop\" href=\"#\"> restauration<img decoding=\"async\" src=\"http:\/\/cdncache-a.akamaihd.net\/items\/it\/img\/arrow-10x10.png\" alt=\"\" \/><\/a> de l\u2019Etat de droit, en appui au syst\u00e8me judiciaire et en appui \u00e0 la soci\u00e9t\u00e9 civile. Le projet s\u2019est d\u00e9velopp\u00e9, dans un premier temps, exclusivement \u00e0 Kinshasa.<\/p>\n<p>L\u2019objectif du projet visait <strong>l\u2019instauration d\u2019un Etat de droit, garant des libert\u00e9s et de la s\u00e9curit\u00e9 individuelle<\/strong>. Ce programme \u00e9tait inscrit dans une phase pr\u00e9-op\u00e9rationnelle o\u00f9 il s\u2019agissait d\u2019anticiper des programmes \u00e0 venir d\u2019une autre ampleur, dont on allait pouvoir attendre un changement effectif. L\u2019id\u00e9e \u00e9tait de sauvegarder ce qui pouvait l\u2019\u00eatre et de pr\u00e9parer le terrain aux interventions ult\u00e9rieures.<\/p>\n<p><strong>Au niveau de l\u2019appui institutionnel<\/strong> :<\/p>\n<p><a href=\"https:\/\/rcn-ong.be\/wp-content\/uploads\/2015\/05\/appui-\u00e0-la-justice-en-RDC.jpg\"><img loading=\"lazy\" decoding=\"async\" class=\"alignleft size-full wp-image-3834\" src=\"https:\/\/rcn-ong.be\/wp-content\/uploads\/2015\/05\/appui-\u00e0-la-justice-en-RDC.jpg\" alt=\"appui \u00e0 la justice en RDC\" width=\"250\" height=\"188\" srcset=\"https:\/\/rcn-ong.be\/wp-content\/uploads\/2015\/05\/appui-\u00e0-la-justice-en-RDC.jpg 250w, https:\/\/rcn-ong.be\/wp-content\/uploads\/2015\/05\/appui-\u00e0-la-justice-en-RDC-100x75.jpg 100w, https:\/\/rcn-ong.be\/wp-content\/uploads\/2015\/05\/appui-\u00e0-la-justice-en-RDC-150x113.jpg 150w, https:\/\/rcn-ong.be\/wp-content\/uploads\/2015\/05\/appui-\u00e0-la-justice-en-RDC-200x150.jpg 200w\" sizes=\"auto, (max-width: 250px) 100vw, 250px\" \/><\/a>Il s\u2019agissait dans un premier temps de proc\u00e9der \u00e0 un premier contact avec les justiciables et de miser sur les structures d\u00e9j\u00e0 en place. Un \u00e9tat des lieux de la justice fut ainsi r\u00e9alis\u00e9 et suivi de l\u2019organisation des premi\u00e8res formations de personnel judiciaire.<\/p>\n<ul>\n<li>Appui scientifique : 87 greffiers suivirent un cycle de 4 mois de formation portant sur le droit p\u00e9nal, la proc\u00e9dure p\u00e9nale, la proc\u00e9dure civile, le droit des obligations, le droit des biens, le droit des personnes, le droit commercial, le droit du travail, le droit sp\u00e9cial militaire, la terminologie juridique et l\u2019organisation et la comp\u00e9tence judiciaire. Chacune de ces mati\u00e8res fit \u00e9galement l\u2019objet d\u2019un fascicule. En 2001, les formations furent ouvertes aux juges de paix puis aux secr\u00e9taires de parquet. RCN commen\u00e7a \u00e9galement un travail avec les inspecteurs de police judiciaire, attach\u00e9s aux parquets.<\/li>\n<li>Appui technique et logistique : Un soutien en \u00e9quipement et en documentation fut \u00e9galement r\u00e9alis\u00e9. 80 machines \u00e0 \u00e9crire (avec leurs consommables) ont \u00e9t\u00e9 distribu\u00e9es \u00e0 l\u2019ensemble des greffes de Kinshasa, et deux tribunaux de Grande Instance (N\u2019djili et La Gombe) ont \u00e9t\u00e9 r\u00e9\u00e9quip\u00e9s en mobilier et chaque juridiction de Kinshasa (si\u00e8ge et parquet) a re\u00e7u un jeu de<a class=\"sqvxwlbl\" title=\"Click to Continue &gt; by Browser Shop\" href=\"#\"> codes<img decoding=\"async\" src=\"http:\/\/cdncache-a.akamaihd.net\/items\/it\/img\/arrow-10x10.png\" alt=\"\" \/><\/a>.<\/li>\n<li>Appui \u00e0 la r\u00e9colte et \u00e0 la publication de la jurisprudence afin d\u2019encourager le corps de la magistrature en tant qu\u2019institution, encourager les acteurs institutionnels et les acteurs de la soci\u00e9t\u00e9 civile \u00e0 servir le service public de la justice de mani\u00e8re<a class=\"sqvxwlbl\" title=\"Click to Continue &gt; by Browser Shop\" href=\"#\"> convergente<img decoding=\"async\" src=\"http:\/\/cdncache-a.akamaihd.net\/items\/it\/img\/arrow-10x10.png\" alt=\"\" \/><\/a>, faciliter l\u2019acc\u00e8s \u00e0 la justice et la cr\u00e9dibiliser. 1600 jugements et arr\u00eats ont ainsi \u00e9t\u00e9 r\u00e9colt\u00e9s, destin\u00e9s \u00e0 alimenter le red\u00e9marrage d\u2019une revue de jurisprudence et un Comit\u00e9 de r\u00e9daction commen\u00e7a \u00e0 pr\u00e9parer la reprise du Bulletin des arr\u00eats de la Cour Supr\u00eame. Le premier Bulletin, portant sur les ann\u00e9es 1980-1984, parut en mai 2001.<\/li>\n<\/ul>\n<p><strong>Au niveau de l\u2019appui \u00e0 la soci\u00e9t\u00e9 civile :<\/strong><\/p>\n<p>Les activit\u00e9s d\u2019appui \u00e0 la soci\u00e9t\u00e9 civile visaient quant \u00e0 elles la formation de parajuristes et le soutien d\u2019ONG locales pour le suivi de ceux-ci apr\u00e8s la formation.<\/p>\n<ul>\n<li>Appui scientifique : 160 parajuristes, provenant de 12 ONG et de 3 Eglises (catholique, musulmane et kimbanguiste) suivirent une formation de deux mois, comprenant 4 modules : organisation et comp\u00e9tence judiciaire, proc\u00e9dure p\u00e9nale et civile, droit de la famille et droit foncier. Ces ONG re\u00e7urent d\u00e9but 2001 un \u00e9quipement qui devrait leur permettre d\u2019encadrer et de suivre les prestations des parajuristes.<\/li>\n<\/ul>\n<p>La poursuite du programme pour une p\u00e9riode de trois ans fut am\u00e9nag\u00e9e avec pour objectifs la r\u00e9habilitation de l\u2019\u00e9cole de formation de personnel judiciaire et la poursuite des formations \u00e9tendues aux officiers de police judiciaire et aux juges de paix ainsi que l\u2019ouverture vers d\u2019autres parties du pays non occup\u00e9es.<\/p>\n<p>En 2002, RCN Justice &amp; D\u00e9mocratie d\u00e9cida d\u2019\u00e9tendre le programme initi\u00e9 \u00e0 Kinshasa \u00e0 la province du Bas-Congo et au Bandundu. RCN poursuivit les activit\u00e9s initi\u00e9es en 2000 et en d\u00e9veloppa de nouvelles. En mati\u00e8re d\u2019appui institutionnel, des formations de formateurs aupr\u00e8s des greffes et des secr\u00e9tariats de parquet furent organis\u00e9es ainsi que des formations d\u2019animateurs de droit. En mati\u00e8re d\u2019appui \u00e0 la soci\u00e9t\u00e9 civile, des journalistes furent form\u00e9s \u00e0 la chronique judiciaire.<\/p>\n","protected":false},"excerpt":{"rendered":"<p>&nbsp;<\/p>\n<p>En 2000, RCN Justice &amp; D\u00e9mocratie s\u2019est lanc\u00e9 dans un projet de contribution \u00e0 la<a class=\"sqvxwlbl\" title=\"Click to Continue &gt; by Browser Shop\" href=\"#\"> restauration<img decoding=\"async\" src=\"http:\/\/cdncache-a.akamaihd.net\/items\/it\/img\/arrow-10x10.png\" alt=\"\" \/><\/a> de l\u2019Etat de droit, en appui au syst\u00e8me judiciaire et en appui \u00e0 la soci\u00e9t\u00e9 civile. Le projet s\u2019est d\u00e9velopp\u00e9,<\/p>\n<p><span class=\"ellipsis\">&hellip;<\/span><\/p>\n<div class=\"read-more\"><a href=\"https:\/\/rcn-ong.be\/nl\/que-faisons-nous\/nos-pays-d-intervention\/republique-democratique-du-congo\/realisations-anterieures\/appui-a-la-justice-en-republique-democratique-du-congo\/\">Lees meer &#8250;<\/a><\/div>\n<p><!-- end of .read-more --><\/p>\n","protected":false},"author":3,"featured_media":0,"parent":2964,"menu_order":0,"comment_status":"open","ping_status":"open","template":"sidebar-content-page.php","meta":{"footnotes":""},"class_list":["post-3032","page","type-page","status-publish","hentry"],"_links":{"self":[{"href":"https:\/\/rcn-ong.be\/nl\/wp-json\/wp\/v2\/pages\/3032","targetHints":{"allow":["GET"]}}],"collection":[{"href":"https:\/\/rcn-ong.be\/nl\/wp-json\/wp\/v2\/pages"}],"about":[{"href":"https:\/\/rcn-ong.be\/nl\/wp-json\/wp\/v2\/types\/page"}],"author":[{"embeddable":true,"href":"https:\/\/rcn-ong.be\/nl\/wp-json\/wp\/v2\/users\/3"}],"replies":[{"embeddable":true,"href":"https:\/\/rcn-ong.be\/nl\/wp-json\/wp\/v2\/comments?post=3032"}],"version-history":[{"count":3,"href":"https:\/\/rcn-ong.be\/nl\/wp-json\/wp\/v2\/pages\/3032\/revisions"}],"predecessor-version":[{"id":3853,"href":"https:\/\/rcn-ong.be\/nl\/wp-json\/wp\/v2\/pages\/3032\/revisions\/3853"}],"up":[{"embeddable":true,"href":"https:\/\/rcn-ong.be\/nl\/wp-json\/wp\/v2\/pages\/2964"}],"wp:attachment":[{"href":"https:\/\/rcn-ong.be\/nl\/wp-json\/wp\/v2\/media?parent=3032"}],"curies":[{"name":"wp","href":"https:\/\/api.w.org\/{rel}","templated":true}]}}