{"id":3058,"date":"2015-03-23T11:41:10","date_gmt":"2015-03-23T11:41:10","guid":{"rendered":"https:\/\/rcn-ong.be\/?page_id=3058"},"modified":"2015-12-11T09:21:54","modified_gmt":"2015-12-11T09:21:54","slug":"restauration-de-la-justice-dans-le-contexte-du-retour-des-deplaces","status":"publish","type":"page","link":"https:\/\/rcn-ong.be\/nl\/que-faisons-nous\/nos-pays-d-intervention\/republique-democratique-du-congo\/est-de-la-rdc\/realisations-anterieures\/restauration-de-la-justice-dans-le-contexte-du-retour-des-deplaces\/","title":{"rendered":"&#8220;Restauration de la justice dans le contexte du retour des d\u00e9plac\u00e9s&#8221;"},"content":{"rendered":"<p>&nbsp;<\/p>\n<p>Pour prolonger et \u00e9tendre les acquis d\u2019une premi\u00e8re intervention, le programme REJUSCO a \u00e9t\u00e9 con\u00e7u par un groupe de bailleurs. Apr\u00e8s une longue gestation, REJUSCO a finalement d\u00e9marr\u00e9 ses activit\u00e9s en 2007. Parall\u00e8lement, RCN Justice &amp; D\u00e9mocratie a mis en place un programme ax\u00e9 sur la pr\u00e9vention et la gestion des conflits fonciers dans la r\u00e9gion en vue de renforcer la paix sociale. En effet, les partenaires du programme mis en \u0153uvre de 2004 \u00e0 2006 ont rapidement mis en \u00e9vidence l\u2019importance de la question fonci\u00e8re en Ituri : outre les composantes ethnico-politiques, le conflit semble avoir pour origine un diff\u00e9rend foncier entre communaut\u00e9s et l\u2019acc\u00e8s aux ressources naturelles. La question fonci\u00e8re restera donc la priorit\u00e9 de RCN Justice &amp; D\u00e9mocratie dans cette zone pour les prochaines ann\u00e9es. Elle constitue effectivement une des causes de la fragilit\u00e9 politique de cette r\u00e9gion qui a connu beaucoup de mouvements de populations et en conna\u00eet encore avec le retour et la r\u00e9installation de groupes d\u00e9plac\u00e9s ou r\u00e9fugi\u00e9s [1].<\/p>\n<p><a href=\"https:\/\/rcn-ong.be\/wp-content\/uploads\/2015\/05\/Restauration-de-la-justice-dans-le-contexte-du-retour-des-d\u00e9plac\u00e9s.jpg\"><img loading=\"lazy\" decoding=\"async\" class=\"alignleft size-medium wp-image-3842\" src=\"https:\/\/rcn-ong.be\/wp-content\/uploads\/2015\/05\/Restauration-de-la-justice-dans-le-contexte-du-retour-des-d\u00e9plac\u00e9s-300x169.jpg\" alt=\"Restauration de la justice dans le contexte du retour des d\u00e9plac\u00e9s\" width=\"300\" height=\"169\" srcset=\"https:\/\/rcn-ong.be\/wp-content\/uploads\/2015\/05\/Restauration-de-la-justice-dans-le-contexte-du-retour-des-d\u00e9plac\u00e9s-300x169.jpg 300w, https:\/\/rcn-ong.be\/wp-content\/uploads\/2015\/05\/Restauration-de-la-justice-dans-le-contexte-du-retour-des-d\u00e9plac\u00e9s-100x56.jpg 100w, https:\/\/rcn-ong.be\/wp-content\/uploads\/2015\/05\/Restauration-de-la-justice-dans-le-contexte-du-retour-des-d\u00e9plac\u00e9s-150x84.jpg 150w, https:\/\/rcn-ong.be\/wp-content\/uploads\/2015\/05\/Restauration-de-la-justice-dans-le-contexte-du-retour-des-d\u00e9plac\u00e9s-200x113.jpg 200w, https:\/\/rcn-ong.be\/wp-content\/uploads\/2015\/05\/Restauration-de-la-justice-dans-le-contexte-du-retour-des-d\u00e9plac\u00e9s.jpg 350w\" sizes=\"auto, (max-width: 300px) 100vw, 300px\" \/><\/a><\/p>\n<p>Face \u00e0 cette situation, RCN Justice &amp; D\u00e9mocratie avait d\u00e9cid\u00e9, dans le cadre du pr\u00e9sent programme, d\u2019appuyer les activit\u00e9s suivantes :<\/p>\n<ul>\n<li>150 autorit\u00e9s judiciaires, administratives et coutumi\u00e8res form\u00e9es au droit foncier (Bunia, Aru, Mahagi, camps de d\u00e9plac\u00e9s de Dele Ngeti et Sultana) ;<\/li>\n<li>soutien technique et appui mat\u00e9riel aux services\u00a0fonciers de Bunia, Mahagi et Aru ;<\/li>\n<li>400 personnes ressources de la soci\u00e9t\u00e9 civile form\u00e9es aux notions \u00e9l\u00e9mentaires de droit foncier (Bunia, Aru, Mahagi) ;<\/li>\n<li>\u00e9missions radio, repr\u00e9sentations th\u00e9\u00e2trales, campagnes d\u2019affichages et de distribution de d\u00e9pliants sur les questions fonci\u00e8res en fran\u00e7ais, lingala, swahili et alur (acquisition d\u2019une parcelle, r\u00e9gularisation d\u2019un titre de propri\u00e9t\u00e9, proc\u00e9dure d\u2019enregistrement aupr\u00e8s de l\u2019administration fonci\u00e8re etc.) ;<\/li>\n<li>journ\u00e9es portes ouvertes au sein des juridictions et des administrations fonci\u00e8res de Bunia, Mahagi et Aru ;<\/li>\n<li>appui \u00e0 une vingtaine d\u2019organisations locales actives dans la vulgarisation du droit foncier (organisations f\u00e9minines, groupes d\u2019agriculteurs, d\u2019\u00e9leveurs, activistes des droits humains etc.).<\/li>\n<\/ul>\n<p><strong>R\u00e9f\u00e9rences<\/strong><\/p>\n<p><a href=\"http:\/\/www.rcn-ong.be\/IMG\/pdf\/Evaluation_RCN_Bunia_juin2007_vOUT-2.pdf\" target=\"_blank\">Rapport d\u2019\u00e9valuation du programme par Dr S. Mugangu<\/a><\/p>\n<p><strong>Notes<\/strong><\/p>\n<p>[1] Cf. Rapport Afrique n\u00b0140 de International Crisis Group, &#8220;Congo : quatre priorit\u00e9s pour une paix durable en Ituri&#8221;, 13 mai 2008.<\/p>\n<p>&nbsp;<\/p>\n","protected":false},"excerpt":{"rendered":"<p>&nbsp;<\/p>\n<p>Pour prolonger et \u00e9tendre les acquis d\u2019une premi\u00e8re intervention, le programme REJUSCO a \u00e9t\u00e9 con\u00e7u par un groupe de bailleurs. Apr\u00e8s une longue gestation, REJUSCO a finalement d\u00e9marr\u00e9 ses activit\u00e9s en 2007. Parall\u00e8lement, RCN Justice &amp; D\u00e9mocratie a mis en place un programme ax\u00e9 sur la pr\u00e9vention et la gestion des conflits fonciers dans la r\u00e9gion en vue de renforcer la paix sociale.<\/p>\n<p><span class=\"ellipsis\">&hellip;<\/span><\/p>\n<div class=\"read-more\"><a href=\"https:\/\/rcn-ong.be\/nl\/que-faisons-nous\/nos-pays-d-intervention\/republique-democratique-du-congo\/est-de-la-rdc\/realisations-anterieures\/restauration-de-la-justice-dans-le-contexte-du-retour-des-deplaces\/\">Lees meer &#8250;<\/a><\/div>\n<p><!-- end of .read-more --><\/p>\n","protected":false},"author":3,"featured_media":0,"parent":2973,"menu_order":0,"comment_status":"open","ping_status":"open","template":"sidebar-content-page.php","meta":{"footnotes":""},"class_list":["post-3058","page","type-page","status-publish","hentry"],"_links":{"self":[{"href":"https:\/\/rcn-ong.be\/nl\/wp-json\/wp\/v2\/pages\/3058","targetHints":{"allow":["GET"]}}],"collection":[{"href":"https:\/\/rcn-ong.be\/nl\/wp-json\/wp\/v2\/pages"}],"about":[{"href":"https:\/\/rcn-ong.be\/nl\/wp-json\/wp\/v2\/types\/page"}],"author":[{"embeddable":true,"href":"https:\/\/rcn-ong.be\/nl\/wp-json\/wp\/v2\/users\/3"}],"replies":[{"embeddable":true,"href":"https:\/\/rcn-ong.be\/nl\/wp-json\/wp\/v2\/comments?post=3058"}],"version-history":[{"count":3,"href":"https:\/\/rcn-ong.be\/nl\/wp-json\/wp\/v2\/pages\/3058\/revisions"}],"predecessor-version":[{"id":4085,"href":"https:\/\/rcn-ong.be\/nl\/wp-json\/wp\/v2\/pages\/3058\/revisions\/4085"}],"up":[{"embeddable":true,"href":"https:\/\/rcn-ong.be\/nl\/wp-json\/wp\/v2\/pages\/2973"}],"wp:attachment":[{"href":"https:\/\/rcn-ong.be\/nl\/wp-json\/wp\/v2\/media?parent=3058"}],"curies":[{"name":"wp","href":"https:\/\/api.w.org\/{rel}","templated":true}]}}