{"id":3108,"date":"2015-03-23T12:58:24","date_gmt":"2015-03-23T12:58:24","guid":{"rendered":"https:\/\/rcn-ong.be\/?page_id=3108"},"modified":"2015-03-26T10:00:55","modified_gmt":"2015-03-26T10:00:55","slug":"programmes-en-cours","status":"publish","type":"page","link":"https:\/\/rcn-ong.be\/nl\/que-faisons-nous\/nos-pays-d-intervention\/rwanda\/programmes-en-cours\/","title":{"rendered":"Programmes en cours"},"content":{"rendered":"<p>&nbsp;<\/p>\n<p>Depuis son arriv\u00e9e en octobre 1994, RCN Justice &amp; D\u00e9mocratie a maintenu une pr\u00e9sence presque constante afin de soutenir la reconstruction du syst\u00e8me judiciaire rwandais. Le programme actuellement en cours \u00ab Pour une justice de proximit\u00e9 \u00bb, con\u00e7u sur une base triennale, s\u2019inscrit dans la continuit\u00e9 des pr\u00e9c\u00e9dents programmes.<\/p>\n<ul>\n<li><a href=\"https:\/\/rcn-ong.be\/?p=3113\" target=\"_blank\">2011-2015 &#8220;Pour la r\u00e9solution des conflits fonciers et l\u2019acc\u00e8s des femmes \u00e0 la terre&#8221;<\/a><\/li>\n<li><a href=\"https:\/\/rcn-ong.be\/?p=3121\" target=\"_blank\">B\u00e9n\u00e9ficiaires<\/a><\/li>\n<li><a href=\"https:\/\/rcn-ong.be\/?p=3125\" target=\"_blank\">Partenaires<\/a><\/li>\n<\/ul>\n","protected":false},"excerpt":{"rendered":"<p>&nbsp;<\/p>\n<p>Depuis son arriv\u00e9e en octobre 1994, RCN Justice &amp; D\u00e9mocratie a maintenu une pr\u00e9sence presque constante afin de soutenir la reconstruction du syst\u00e8me judiciaire rwandais. Le programme actuellement en cours \u00ab Pour une justice de proximit\u00e9 \u00bb,<\/p>\n<p><span class=\"ellipsis\">&hellip;<\/span><\/p>\n<div class=\"read-more\"><a href=\"https:\/\/rcn-ong.be\/nl\/que-faisons-nous\/nos-pays-d-intervention\/rwanda\/programmes-en-cours\/\">Lees meer &#8250;<\/a><\/div>\n<p><!-- end of .read-more --><\/p>\n","protected":false},"author":3,"featured_media":0,"parent":2173,"menu_order":0,"comment_status":"open","ping_status":"open","template":"sidebar-content-page.php","meta":{"footnotes":""},"class_list":["post-3108","page","type-page","status-publish","hentry"],"_links":{"self":[{"href":"https:\/\/rcn-ong.be\/nl\/wp-json\/wp\/v2\/pages\/3108","targetHints":{"allow":["GET"]}}],"collection":[{"href":"https:\/\/rcn-ong.be\/nl\/wp-json\/wp\/v2\/pages"}],"about":[{"href":"https:\/\/rcn-ong.be\/nl\/wp-json\/wp\/v2\/types\/page"}],"author":[{"embeddable":true,"href":"https:\/\/rcn-ong.be\/nl\/wp-json\/wp\/v2\/users\/3"}],"replies":[{"embeddable":true,"href":"https:\/\/rcn-ong.be\/nl\/wp-json\/wp\/v2\/comments?post=3108"}],"version-history":[{"count":5,"href":"https:\/\/rcn-ong.be\/nl\/wp-json\/wp\/v2\/pages\/3108\/revisions"}],"predecessor-version":[{"id":3131,"href":"https:\/\/rcn-ong.be\/nl\/wp-json\/wp\/v2\/pages\/3108\/revisions\/3131"}],"up":[{"embeddable":true,"href":"https:\/\/rcn-ong.be\/nl\/wp-json\/wp\/v2\/pages\/2173"}],"wp:attachment":[{"href":"https:\/\/rcn-ong.be\/nl\/wp-json\/wp\/v2\/media?parent=3108"}],"curies":[{"name":"wp","href":"https:\/\/api.w.org\/{rel}","templated":true}]}}