{"id":3111,"date":"2015-03-23T12:59:42","date_gmt":"2015-03-23T12:59:42","guid":{"rendered":"https:\/\/rcn-ong.be\/?page_id=3111"},"modified":"2015-03-26T10:27:25","modified_gmt":"2015-03-26T10:27:25","slug":"realisations-anterieures","status":"publish","type":"page","link":"https:\/\/rcn-ong.be\/nl\/que-faisons-nous\/nos-pays-d-intervention\/rwanda\/realisations-anterieures\/","title":{"rendered":"R\u00e9alisations ant\u00e9rieures"},"content":{"rendered":"<ul>\n<li><a href=\"https:\/\/rcn-ong.be\/?p=3135\" target=\"_blank\">2009 &#8211; 2011 &#8220;Pour une justice de proximit\u00e9&#8221;<\/a><\/li>\n<li><a href=\"https:\/\/rcn-ong.be\/?p=3139\" target=\"_blank\">2006 &#8211; 2008 &#8220;Pour une justice de proximit\u00e9&#8221;<\/a><\/li>\n<li><a href=\"https:\/\/rcn-ong.be\/?p=3146\" target=\"_blank\">2004 &#8211; 2005 &#8220;Appui au r\u00e8glement du contentieux du g\u00e9nocide et \u00e0 la justice de proximit\u00e9&#8221;<\/a><\/li>\n<li><a href=\"https:\/\/rcn-ong.be\/?p=3152\" target=\"_blank\">1998 &#8211; 2003 &#8220;Justice rwandaise li\u00e9e au g\u00e9nocide et aux massacres. Programme d\u2019appuis urgents aux aveux et aux proc\u00e9dures&#8221;<\/a><\/li>\n<li><a href=\"https:\/\/rcn-ong.be\/?p=3157\" target=\"_blank\">1994 &#8211; 1996 &#8220;Appui \u00e0 la reconstruction du syst\u00e8me judiciaire&#8221;<\/a><\/li>\n<\/ul>\n","protected":false},"excerpt":{"rendered":"<ul>\n<li><a href=\"https:\/\/rcn-ong.be\/?p=3135\" target=\"_blank\">2009 &#8211; 2011 &#8220;Pour une justice de proximit\u00e9&#8221;<\/a><\/li>\n<li><a href=\"https:\/\/rcn-ong.be\/?p=3139\" target=\"_blank\">2006 &#8211; 2008 &#8220;Pour une justice de proximit\u00e9&#8221;<\/a><\/li>\n<li><a href=\"https:\/\/rcn-ong.be\/?p=3146\" target=\"_blank\">2004 &#8211; 2005 &#8220;Appui au r\u00e8glement du contentieux du g\u00e9nocide et \u00e0 la justice de proximit\u00e9&#8221;<\/a><\/li>\n<\/ul>\n<p><span class=\"ellipsis\">&hellip;<\/span><\/p>\n<div class=\"read-more\"><a href=\"https:\/\/rcn-ong.be\/nl\/que-faisons-nous\/nos-pays-d-intervention\/rwanda\/realisations-anterieures\/\">Lees meer &#8250;<\/a><\/div>\n<p><!-- end of .read-more --><\/p>\n","protected":false},"author":3,"featured_media":0,"parent":2173,"menu_order":0,"comment_status":"open","ping_status":"open","template":"sidebar-content-page.php","meta":{"footnotes":""},"class_list":["post-3111","page","type-page","status-publish","hentry"],"_links":{"self":[{"href":"https:\/\/rcn-ong.be\/nl\/wp-json\/wp\/v2\/pages\/3111","targetHints":{"allow":["GET"]}}],"collection":[{"href":"https:\/\/rcn-ong.be\/nl\/wp-json\/wp\/v2\/pages"}],"about":[{"href":"https:\/\/rcn-ong.be\/nl\/wp-json\/wp\/v2\/types\/page"}],"author":[{"embeddable":true,"href":"https:\/\/rcn-ong.be\/nl\/wp-json\/wp\/v2\/users\/3"}],"replies":[{"embeddable":true,"href":"https:\/\/rcn-ong.be\/nl\/wp-json\/wp\/v2\/comments?post=3111"}],"version-history":[{"count":6,"href":"https:\/\/rcn-ong.be\/nl\/wp-json\/wp\/v2\/pages\/3111\/revisions"}],"predecessor-version":[{"id":3160,"href":"https:\/\/rcn-ong.be\/nl\/wp-json\/wp\/v2\/pages\/3111\/revisions\/3160"}],"up":[{"embeddable":true,"href":"https:\/\/rcn-ong.be\/nl\/wp-json\/wp\/v2\/pages\/2173"}],"wp:attachment":[{"href":"https:\/\/rcn-ong.be\/nl\/wp-json\/wp\/v2\/media?parent=3111"}],"curies":[{"name":"wp","href":"https:\/\/api.w.org\/{rel}","templated":true}]}}