{"id":3125,"date":"2015-03-26T09:52:27","date_gmt":"2015-03-26T09:52:27","guid":{"rendered":"https:\/\/rcn-ong.be\/?page_id=3125"},"modified":"2015-05-07T10:38:37","modified_gmt":"2015-05-07T10:38:37","slug":"partenaires","status":"publish","type":"page","link":"https:\/\/rcn-ong.be\/nl\/que-faisons-nous\/nos-pays-d-intervention\/rwanda\/programmes-en-cours\/partenaires\/","title":{"rendered":"Partenaires"},"content":{"rendered":"<p>&nbsp;<\/p>\n<h4>Partenaires du programme pour la r\u00e9solution des conflits fonciers et l\u2019acc\u00e8s des femmes \u00e0 la terre (2012-2015)<\/h4>\n<p>&nbsp;<\/p>\n<p>Notre organisation travaille en partenariat avec les institutions gouvernementales et locales pour garantir une meilleure coordination des activit\u00e9s d\u2019intervention. Pour mettre en \u0153uvre ses activit\u00e9s et participer au renforcement des capacit\u00e9s de ses partenaires, RCN J&amp;D collabore \u00e9troitement avec la soci\u00e9t\u00e9 civile nationale.<\/p>\n<h3>Institutions<\/h3>\n<ul>\n<li>Minist\u00e8re de la Justice<\/li>\n<li>Minist\u00e8re du Genre et de la promotion de la Famille<\/li>\n<li>Conseil national des Femmes (CNF)<\/li>\n<li>Gouvernements locaux (district, secteur, cellule)<\/li>\n<\/ul>\n<h3>Soci\u00e9t\u00e9 civile<\/h3>\n<ul>\n<li><a href=\"http:\/\/aramarwanda.org\/\" target=\"_blank\">Arama<\/a><\/li>\n<li>Association Nzambazamariya Veneranda<\/li>\n<li><a href=\"http:\/\/avegaagahozo.org\/\" target=\"_blank\">Avega<\/a><\/li>\n<li>Haguruka<\/li>\n<li>Imbaraga<\/li>\n<li>Women\u2019s network for rural development<\/li>\n<li><a href=\"http:\/\/rrpplus.org\/\" target=\"_blank\">RRP +<\/a><\/li>\n<\/ul>\n<p><a href=\"https:\/\/rcn-ong.be\/wp-content\/uploads\/2015\/05\/Partenaires.jpg\"><img loading=\"lazy\" decoding=\"async\" class=\"aligncenter size-medium wp-image-3872\" src=\"https:\/\/rcn-ong.be\/wp-content\/uploads\/2015\/05\/Partenaires-300x225.jpg\" alt=\"Partenaires\" width=\"300\" height=\"225\" srcset=\"https:\/\/rcn-ong.be\/wp-content\/uploads\/2015\/05\/Partenaires-300x225.jpg 300w, https:\/\/rcn-ong.be\/wp-content\/uploads\/2015\/05\/Partenaires-1024x768.jpg 1024w, https:\/\/rcn-ong.be\/wp-content\/uploads\/2015\/05\/Partenaires-100x75.jpg 100w, https:\/\/rcn-ong.be\/wp-content\/uploads\/2015\/05\/Partenaires-150x113.jpg 150w, https:\/\/rcn-ong.be\/wp-content\/uploads\/2015\/05\/Partenaires-200x150.jpg 200w, https:\/\/rcn-ong.be\/wp-content\/uploads\/2015\/05\/Partenaires-450x338.jpg 450w, https:\/\/rcn-ong.be\/wp-content\/uploads\/2015\/05\/Partenaires-600x450.jpg 600w, https:\/\/rcn-ong.be\/wp-content\/uploads\/2015\/05\/Partenaires-900x675.jpg 900w\" sizes=\"auto, (max-width: 300px) 100vw, 300px\" \/><\/a><\/p>\n","protected":false},"excerpt":{"rendered":"<p>&nbsp;<\/p>\n<p>Partenaires du programme pour la r\u00e9solution des conflits fonciers et l\u2019acc\u00e8s des femmes \u00e0 la terre (2012-2015)<\/p>\n<p>&nbsp;<\/p>\n<p>Notre organisation travaille en partenariat avec les institutions gouvernementales et locales pour garantir une meilleure coordination des activit\u00e9s d\u2019intervention.<\/p>\n<p><span class=\"ellipsis\">&hellip;<\/span><\/p>\n<div class=\"read-more\"><a href=\"https:\/\/rcn-ong.be\/nl\/que-faisons-nous\/nos-pays-d-intervention\/rwanda\/programmes-en-cours\/partenaires\/\">Lees meer &#8250;<\/a><\/div>\n<p><!-- end of .read-more --><\/p>\n","protected":false},"author":3,"featured_media":0,"parent":3108,"menu_order":0,"comment_status":"open","ping_status":"open","template":"sidebar-content-page.php","meta":{"footnotes":""},"class_list":["post-3125","page","type-page","status-publish","hentry"],"_links":{"self":[{"href":"https:\/\/rcn-ong.be\/nl\/wp-json\/wp\/v2\/pages\/3125","targetHints":{"allow":["GET"]}}],"collection":[{"href":"https:\/\/rcn-ong.be\/nl\/wp-json\/wp\/v2\/pages"}],"about":[{"href":"https:\/\/rcn-ong.be\/nl\/wp-json\/wp\/v2\/types\/page"}],"author":[{"embeddable":true,"href":"https:\/\/rcn-ong.be\/nl\/wp-json\/wp\/v2\/users\/3"}],"replies":[{"embeddable":true,"href":"https:\/\/rcn-ong.be\/nl\/wp-json\/wp\/v2\/comments?post=3125"}],"version-history":[{"count":4,"href":"https:\/\/rcn-ong.be\/nl\/wp-json\/wp\/v2\/pages\/3125\/revisions"}],"predecessor-version":[{"id":3880,"href":"https:\/\/rcn-ong.be\/nl\/wp-json\/wp\/v2\/pages\/3125\/revisions\/3880"}],"up":[{"embeddable":true,"href":"https:\/\/rcn-ong.be\/nl\/wp-json\/wp\/v2\/pages\/3108"}],"wp:attachment":[{"href":"https:\/\/rcn-ong.be\/nl\/wp-json\/wp\/v2\/media?parent=3125"}],"curies":[{"name":"wp","href":"https:\/\/api.w.org\/{rel}","templated":true}]}}