{"id":3135,"date":"2015-03-26T10:09:31","date_gmt":"2015-03-26T10:09:31","guid":{"rendered":"https:\/\/rcn-ong.be\/?page_id=3135"},"modified":"2015-12-11T09:30:08","modified_gmt":"2015-12-11T09:30:08","slug":"pour-une-justice-de-proximite","status":"publish","type":"page","link":"https:\/\/rcn-ong.be\/nl\/que-faisons-nous\/nos-pays-d-intervention\/rwanda\/realisations-anterieures\/pour-une-justice-de-proximite\/","title":{"rendered":"2009 &#8211; 2011 &#8220;Pour une justice de proximit\u00e9&#8221;"},"content":{"rendered":"<p>&nbsp;<\/p>\n<p>RCN Justice &amp; D\u00e9mocratie a inscrit ce programme dans la continuit\u00e9\u00a0des pr\u00e9c\u00e9dents, mais en axant davantage son action sur la justice de base, les activit\u00e9s de convergence\u00a0entre les membres de la soci\u00e9t\u00e9 civile et le renforcement des capacit\u00e9s de cette derni\u00e8re, et sur l\u2019information de la population \u00e0 propos de ses droits et de ses obligations.<\/p>\n<p>Ce programme a \u00e9t\u00e9 mis en oeuvre de 2009 \u00e0 2011. Celle-ci a \u00e9t\u00e9 rendue possible gr\u00e2ce \u00e0 un financement de la Direction G\u00e9n\u00e9rale Coop\u00e9ration au D\u00e9veloppement (DGCD) de la Belgique.<\/p>\n<p>Par l\u2019interm\u00e9diaire de ce programme, RCN Justice &amp; D\u00e9mocratie a continu\u00e9\u00a0\u00e0 contribuer \u00e0 :<\/p>\n<ul>\n<li><strong>Une justice proche dans le temps, effectivement rendue, dans des d\u00e9lais raisonnables.<\/strong><\/li>\n<li><strong>Une justice proche dans l\u2019espace, dont l\u2019acc\u00e8s est op\u00e9rationnel et \u00e9quitable pour tous les justiciables.<\/strong><\/li>\n<li><strong>Une justice proche dans la confiance des justiciables, qui gagne sa l\u00e9gitimit\u00e9 dans la pratique quotidienne.<\/strong><\/li>\n<li><strong>Une justice proche dans la conscience, lisible et connue du justiciable afin qu\u2019il puisse en connaissance de cause b\u00e9n\u00e9ficier de ses services\u00a0et revendiquer ses droits et qu\u2019il resitue le processus judiciaire dans la d\u00e9marche de reconstruction personnelle et sociale.<\/strong><\/li>\n<\/ul>\n<p>L\u2019objectif sp\u00e9cifique du programme \u00e9tait de rapprocher la justice de la population en favorisant la convergence\u00a0des acteurs de justice et de la soci\u00e9t\u00e9 civile.<\/p>\n<p>Ce programme visait <strong>trois r\u00e9sultats<\/strong> :<\/p>\n<h4>Le cours de la justice est acc\u00e9l\u00e9r\u00e9 et sa qualit\u00e9 est am\u00e9lior\u00e9e.<\/h4>\n<ul>\n<li>La capacit\u00e9 de traitement des dossiers judiciaires dans des d\u00e9lais conformes \u00e0 la loi est renforc\u00e9e ;<\/li>\n<li>l\u2019articulation entre les diff\u00e9rents acteurs de justice de proximit\u00e9 est am\u00e9lior\u00e9e pour une meilleure application des principes de droit rwandais.<a href=\"https:\/\/rcn-ong.be\/wp-content\/uploads\/2015\/05\/Pour-une-justice-de-proximit\u00e9-2009.jpg\"><img loading=\"lazy\" decoding=\"async\" class=\"alignright size-full wp-image-3875\" src=\"https:\/\/rcn-ong.be\/wp-content\/uploads\/2015\/05\/Pour-une-justice-de-proximit\u00e9-2009.jpg\" alt=\"Pour une justice de proximit\u00e9 2009\" width=\"250\" height=\"230\" srcset=\"https:\/\/rcn-ong.be\/wp-content\/uploads\/2015\/05\/Pour-une-justice-de-proximit\u00e9-2009.jpg 250w, https:\/\/rcn-ong.be\/wp-content\/uploads\/2015\/05\/Pour-une-justice-de-proximit\u00e9-2009-100x92.jpg 100w, https:\/\/rcn-ong.be\/wp-content\/uploads\/2015\/05\/Pour-une-justice-de-proximit\u00e9-2009-150x138.jpg 150w, https:\/\/rcn-ong.be\/wp-content\/uploads\/2015\/05\/Pour-une-justice-de-proximit\u00e9-2009-200x184.jpg 200w\" sizes=\"auto, (max-width: 250px) 100vw, 250px\" \/><\/a><\/li>\n<\/ul>\n<h4>La soci\u00e9t\u00e9 civile \u0153uvrant \u00e0 la promotion de la justice et des droits humains voit ses capacit\u00e9s op\u00e9rationnelles renforc\u00e9es, et joue son r\u00f4le de relais entre la population et les acteurs de justice.<\/h4>\n<ul>\n<li>Les comp\u00e9tences des membres de 10 associations et des institutions locales sur des sujets de droit ayant un impact sur la paix sociale au Rwanda sont renforc\u00e9es ;<\/li>\n<li>les 10 associations participent \u00e0 de plus en plus d\u2019\u00e9changes et de concertation avec les institutions judiciaires et administratives afin de r\u00e9soudre certains probl\u00e8mes.<\/li>\n<\/ul>\n<h4>La population dispose d\u2019une meilleure connaissance de ses droits et obligations, \u00e9change et s\u2019organise pour les faire valoir.<\/h4>\n<ul>\n<li>La population est inform\u00e9e sur des sujets de droit ayant un impact sur la paix sociale au Rwanda ;<\/li>\n<li>la population \u00e9change en son sein sur des sujets de droit ayant un impact sur la paix sociale au Rwanda.<\/li>\n<\/ul>\n<p>Ce programme a donn\u00e9 lieu \u00e0 la publication d\u2019une \u00e9tude sur le fonctionnement des comit\u00e9s de conciliateurs (Abunzi), que vous <a href=\"https:\/\/rcn-ong.be\/?p=3329\" target=\"_blank\">trouverez ici<\/a>.\u00a0<a href=\"https:\/\/rcn-ong.be\/wp-content\/uploads\/2015\/05\/Abunzi-2.bmp\"><img loading=\"lazy\" decoding=\"async\" class=\"alignleft size-full wp-image-3887\" src=\"https:\/\/rcn-ong.be\/wp-content\/uploads\/2015\/05\/Abunzi-2.bmp\" alt=\"Abunzi-2\" width=\"180\" height=\"258\" \/><\/a><\/p>\n","protected":false},"excerpt":{"rendered":"<p>&nbsp;<\/p>\n<p>RCN Justice &amp; D\u00e9mocratie a inscrit ce programme dans la continuit\u00e9\u00a0des pr\u00e9c\u00e9dents, mais en axant davantage son action sur la justice de base, les activit\u00e9s de convergence\u00a0entre les membres de la soci\u00e9t\u00e9 civile et le renforcement des capacit\u00e9s de cette derni\u00e8re,<\/p>\n<p><span class=\"ellipsis\">&hellip;<\/span><\/p>\n<div class=\"read-more\"><a href=\"https:\/\/rcn-ong.be\/nl\/que-faisons-nous\/nos-pays-d-intervention\/rwanda\/realisations-anterieures\/pour-une-justice-de-proximite\/\">Lees meer &#8250;<\/a><\/div>\n<p><!-- end of .read-more --><\/p>\n","protected":false},"author":3,"featured_media":0,"parent":3111,"menu_order":0,"comment_status":"open","ping_status":"open","template":"sidebar-content-page.php","meta":{"footnotes":""},"class_list":["post-3135","page","type-page","status-publish","hentry"],"_links":{"self":[{"href":"https:\/\/rcn-ong.be\/nl\/wp-json\/wp\/v2\/pages\/3135","targetHints":{"allow":["GET"]}}],"collection":[{"href":"https:\/\/rcn-ong.be\/nl\/wp-json\/wp\/v2\/pages"}],"about":[{"href":"https:\/\/rcn-ong.be\/nl\/wp-json\/wp\/v2\/types\/page"}],"author":[{"embeddable":true,"href":"https:\/\/rcn-ong.be\/nl\/wp-json\/wp\/v2\/users\/3"}],"replies":[{"embeddable":true,"href":"https:\/\/rcn-ong.be\/nl\/wp-json\/wp\/v2\/comments?post=3135"}],"version-history":[{"count":7,"href":"https:\/\/rcn-ong.be\/nl\/wp-json\/wp\/v2\/pages\/3135\/revisions"}],"predecessor-version":[{"id":4094,"href":"https:\/\/rcn-ong.be\/nl\/wp-json\/wp\/v2\/pages\/3135\/revisions\/4094"}],"up":[{"embeddable":true,"href":"https:\/\/rcn-ong.be\/nl\/wp-json\/wp\/v2\/pages\/3111"}],"wp:attachment":[{"href":"https:\/\/rcn-ong.be\/nl\/wp-json\/wp\/v2\/media?parent=3135"}],"curies":[{"name":"wp","href":"https:\/\/api.w.org\/{rel}","templated":true}]}}