{"id":3146,"date":"2015-03-26T10:19:59","date_gmt":"2015-03-26T10:19:59","guid":{"rendered":"https:\/\/rcn-ong.be\/?page_id=3146"},"modified":"2015-12-11T09:27:35","modified_gmt":"2015-12-11T09:27:35","slug":"appui-au-reglement-du-contentieux-du-genocide-et-a-la-justice-de-proximite","status":"publish","type":"page","link":"https:\/\/rcn-ong.be\/nl\/que-faisons-nous\/nos-pays-d-intervention\/rwanda\/realisations-anterieures\/appui-au-reglement-du-contentieux-du-genocide-et-a-la-justice-de-proximite\/","title":{"rendered":"&#8220;Appui au r\u00e9glement du contentieux du g\u00e9nocide et \u00e0 la justice de proximit\u00e9&#8221;"},"content":{"rendered":"<p>&nbsp;<\/p>\n<p>L\u2019ann\u00e9e 2005 fut pour les autorit\u00e9s de la Cour supr\u00eame et de la Haute Cour de la R\u00e9publique une ann\u00e9e de mise en \u0153uvre de la r\u00e9forme judiciaire de 2004, de poursuite des sessions de formations du personnel judiciaire et de mise sur pied des Groupes Mobiles en vue de r\u00e9sorber les arri\u00e9r\u00e9s de jugement. L\u2019objectif de ce programme fut <strong>de rapprocher la justice des justiciables, en acc\u00e9l\u00e9rant son cours, en am\u00e9liorant la qualit\u00e9 de sa pratique, et en facilitant son acc\u00e8s. Le programme comportait deux volets<\/strong> : l\u2019appui institutionnel et l\u2019appui \u00e0 la soci\u00e9t\u00e9 civile.<\/p>\n<p><strong>Au niveau de l\u2019appui institutionnel, les activit\u00e9s suivantes ont \u00e9t\u00e9 d\u00e9velopp\u00e9es<\/strong> :<\/p>\n<ul>\n<li>Continuation de l\u2019appui technique et logistique \u00e0 la gestion des arri\u00e9r\u00e9s judiciaires de droit commun de la Cour supr\u00eame et du Parquet G\u00e9n\u00e9ral de la R\u00e9publique : 33. 443 dossiers trait\u00e9s ;<\/li>\n<li>appui \u00e0 l\u2019instruction des dossiers de g\u00e9nocide du Parquet G\u00e9n\u00e9ral de la R\u00e9publique et de l\u2019Auditorat Militaire ;<\/li>\n<li>appui technique et logistique aux proc\u00e8s en itin\u00e9rance via la Cour supr\u00eame et la Haute Cour Militaire. RCN Justice &amp; D\u00e9mocratie consid\u00e8re que cette justice de proximit\u00e9 favorise l\u2019\u00e9mergence de la v\u00e9rit\u00e9 et par cons\u00e9quent la rapidit\u00e9 et la qualit\u00e9 des jugements ;<\/li>\n<li>appui logistique au Parquet G\u00e9n\u00e9ral de la R\u00e9publique pour le transport des d\u00e9tenus entre les prisons et les juridictions de jugement ;<\/li>\n<li>appui technique et logistique au Parquet G\u00e9n\u00e9ral de la R\u00e9publique dans le processus des lib\u00e9rations provisoires massives des d\u00e9tenus de g\u00e9nocide et de droit commun ;<\/li>\n<li>soutien aux formations des Officiers de Police Judiciaire et des d\u00e9cideurs de la Police Nationale.<\/li>\n<\/ul>\n<p><strong>Au niveau de l\u2019appui \u00e0 la soci\u00e9t\u00e9 civile, les activit\u00e9s suivantes ont \u00e9t\u00e9 mises en \u0153uvre<\/strong> :<\/p>\n<ul>\n<li>Sensibilisation de la population de Kigali au processus Gacaca ;<\/li>\n<li>soutien au Parquet G\u00e9n\u00e9ral de la R\u00e9publique pour l\u2019information et la sensibilisation de la population sur le processus des lib\u00e9rations provisoires massives des d\u00e9tenus de g\u00e9nocide et de droit commun ;<\/li>\n<li>mise en \u0153uvre du projet \u00ab <em>lib\u00e9ration de la parole<\/em> \u00bb via la projection du film de Anne Aghion \u00ab <em>Umuryango utazimuye urazima : Au Rwanda on dit\u2026La famille qui ne parle pas meurt<\/em> \u00bb. Ce projet a permis d\u2019appuyer le processus Gacaca \u00e0 son d\u00e9marrage, notamment par la sensibilisation de 39.137 d\u00e9tenus sur la proc\u00e9dure d\u2019aveu. Les ateliers d\u2019\u00e9change sont organis\u00e9s apr\u00e8s la diffusion du film et aux d\u00e9tenus de d\u00e9battre des craintes relatives \u00e0 leur r\u00e9insertion parmi les rescap\u00e9s. Les actions men\u00e9es aupr\u00e8s de 7.651 ex-d\u00e9tenus dans les camps de solidarit\u00e9 ont permis \u00e9galement un accompagnement appropri\u00e9 du processus de lib\u00e9ration provisoire des 20.679 d\u00e9tenus ayant s\u00e9journ\u00e9 en camps de solidarit\u00e9 en 2005.<\/li>\n<\/ul>\n","protected":false},"excerpt":{"rendered":"<p>&nbsp;<\/p>\n<p>L\u2019ann\u00e9e 2005 fut pour les autorit\u00e9s de la Cour supr\u00eame et de la Haute Cour de la R\u00e9publique une ann\u00e9e de mise en \u0153uvre de la r\u00e9forme judiciaire de 2004, de poursuite des sessions de formations du personnel judiciaire et de mise sur pied des Groupes Mobiles en vue de r\u00e9sorber les arri\u00e9r\u00e9s de jugement.<\/p>\n<p><span class=\"ellipsis\">&hellip;<\/span><\/p>\n<div class=\"read-more\"><a href=\"https:\/\/rcn-ong.be\/nl\/que-faisons-nous\/nos-pays-d-intervention\/rwanda\/realisations-anterieures\/appui-au-reglement-du-contentieux-du-genocide-et-a-la-justice-de-proximite\/\">Lees meer &#8250;<\/a><\/div>\n<p><!-- end of .read-more --><\/p>\n","protected":false},"author":3,"featured_media":0,"parent":3111,"menu_order":0,"comment_status":"open","ping_status":"open","template":"sidebar-content-page.php","meta":{"footnotes":""},"class_list":["post-3146","page","type-page","status-publish","hentry"],"_links":{"self":[{"href":"https:\/\/rcn-ong.be\/nl\/wp-json\/wp\/v2\/pages\/3146","targetHints":{"allow":["GET"]}}],"collection":[{"href":"https:\/\/rcn-ong.be\/nl\/wp-json\/wp\/v2\/pages"}],"about":[{"href":"https:\/\/rcn-ong.be\/nl\/wp-json\/wp\/v2\/types\/page"}],"author":[{"embeddable":true,"href":"https:\/\/rcn-ong.be\/nl\/wp-json\/wp\/v2\/users\/3"}],"replies":[{"embeddable":true,"href":"https:\/\/rcn-ong.be\/nl\/wp-json\/wp\/v2\/comments?post=3146"}],"version-history":[{"count":4,"href":"https:\/\/rcn-ong.be\/nl\/wp-json\/wp\/v2\/pages\/3146\/revisions"}],"predecessor-version":[{"id":4091,"href":"https:\/\/rcn-ong.be\/nl\/wp-json\/wp\/v2\/pages\/3146\/revisions\/4091"}],"up":[{"embeddable":true,"href":"https:\/\/rcn-ong.be\/nl\/wp-json\/wp\/v2\/pages\/3111"}],"wp:attachment":[{"href":"https:\/\/rcn-ong.be\/nl\/wp-json\/wp\/v2\/media?parent=3146"}],"curies":[{"name":"wp","href":"https:\/\/api.w.org\/{rel}","templated":true}]}}