{"id":3157,"date":"2015-03-26T10:26:51","date_gmt":"2015-03-26T10:26:51","guid":{"rendered":"https:\/\/rcn-ong.be\/?page_id=3157"},"modified":"2015-12-11T09:26:31","modified_gmt":"2015-12-11T09:26:31","slug":"appui-a-la-reconstruction-du-systeme-judiciaire","status":"publish","type":"page","link":"https:\/\/rcn-ong.be\/nl\/que-faisons-nous\/nos-pays-d-intervention\/rwanda\/realisations-anterieures\/appui-a-la-reconstruction-du-systeme-judiciaire\/","title":{"rendered":"&#8220;Appui \u00e0 la reconstruction du syst\u00e8me judiciaire&#8221;"},"content":{"rendered":"<p>&nbsp;<\/p>\n<p>Ce programme visait <strong>la formation du nouveau personnel judiciaire rwandais<\/strong> en perspective des proc\u00e8s du contentieux du g\u00e9nocide :<\/p>\n<ul>\n<li>Plusieurs modules de formation et des s\u00e9minaires ont \u00e9t\u00e9 organis\u00e9s en faveur de 370 inspecteurs de police judiciaire, 80 officiers du Minist\u00e8re public, 100 magistrats non juristes, 50 greffiers, 50 secr\u00e9taires de parquet, 50 directeurs et directeurs adjoints de prisons et 25 secr\u00e9taires de greffes de prison.<a href=\"https:\/\/rcn-ong.be\/wp-content\/uploads\/2015\/05\/appui-\u00e0-la-reconstruction.jpg\"><img loading=\"lazy\" decoding=\"async\" class=\"alignright size-full wp-image-3868\" src=\"https:\/\/rcn-ong.be\/wp-content\/uploads\/2015\/05\/appui-\u00e0-la-reconstruction.jpg\" alt=\"appui \u00e0 la reconstruction\" width=\"250\" height=\"198\" srcset=\"https:\/\/rcn-ong.be\/wp-content\/uploads\/2015\/05\/appui-\u00e0-la-reconstruction.jpg 250w, https:\/\/rcn-ong.be\/wp-content\/uploads\/2015\/05\/appui-\u00e0-la-reconstruction-100x79.jpg 100w, https:\/\/rcn-ong.be\/wp-content\/uploads\/2015\/05\/appui-\u00e0-la-reconstruction-150x119.jpg 150w, https:\/\/rcn-ong.be\/wp-content\/uploads\/2015\/05\/appui-\u00e0-la-reconstruction-200x158.jpg 200w\" sizes=\"auto, (max-width: 250px) 100vw, 250px\" \/><\/a><\/li>\n<li>Appui documentaire au Minist\u00e8re de la Justice : \u00e9dition, impression et distribution de manuels de police judiciaire, manuel explicatif sur la poursuite des crimes de g\u00e9nocide et des crimes contre l\u2019humanit\u00e9, constitution d\u2019un fonds documentaire et publication, l\u2019impression et la traduction de textes de lois de base.<\/li>\n<li>Appui mat\u00e9riel : confection de toges pour les magistrats, appuis en mat\u00e9riels et en \u00e9quipements bureautiques et administratifs.<\/li>\n<\/ul>\n","protected":false},"excerpt":{"rendered":"<p>&nbsp;<\/p>\n<p>Ce programme visait <strong>la formation du nouveau personnel judiciaire rwandais<\/strong> en perspective des proc\u00e8s du contentieux du g\u00e9nocide :<\/p>\n<ul>\n<li>Plusieurs modules de formation et des s\u00e9minaires ont \u00e9t\u00e9 organis\u00e9s en faveur de 370 inspecteurs de police judiciaire,<\/li>\n<\/ul>\n<p><span class=\"ellipsis\">&hellip;<\/span><\/p>\n<div class=\"read-more\"><a href=\"https:\/\/rcn-ong.be\/nl\/que-faisons-nous\/nos-pays-d-intervention\/rwanda\/realisations-anterieures\/appui-a-la-reconstruction-du-systeme-judiciaire\/\">Lees meer &#8250;<\/a><\/div>\n<p><!-- end of .read-more --><\/p>\n","protected":false},"author":3,"featured_media":0,"parent":3111,"menu_order":0,"comment_status":"open","ping_status":"open","template":"sidebar-content-page.php","meta":{"footnotes":""},"class_list":["post-3157","page","type-page","status-publish","hentry"],"_links":{"self":[{"href":"https:\/\/rcn-ong.be\/nl\/wp-json\/wp\/v2\/pages\/3157","targetHints":{"allow":["GET"]}}],"collection":[{"href":"https:\/\/rcn-ong.be\/nl\/wp-json\/wp\/v2\/pages"}],"about":[{"href":"https:\/\/rcn-ong.be\/nl\/wp-json\/wp\/v2\/types\/page"}],"author":[{"embeddable":true,"href":"https:\/\/rcn-ong.be\/nl\/wp-json\/wp\/v2\/users\/3"}],"replies":[{"embeddable":true,"href":"https:\/\/rcn-ong.be\/nl\/wp-json\/wp\/v2\/comments?post=3157"}],"version-history":[{"count":4,"href":"https:\/\/rcn-ong.be\/nl\/wp-json\/wp\/v2\/pages\/3157\/revisions"}],"predecessor-version":[{"id":4090,"href":"https:\/\/rcn-ong.be\/nl\/wp-json\/wp\/v2\/pages\/3157\/revisions\/4090"}],"up":[{"embeddable":true,"href":"https:\/\/rcn-ong.be\/nl\/wp-json\/wp\/v2\/pages\/3111"}],"wp:attachment":[{"href":"https:\/\/rcn-ong.be\/nl\/wp-json\/wp\/v2\/media?parent=3157"}],"curies":[{"name":"wp","href":"https:\/\/api.w.org\/{rel}","templated":true}]}}