{"id":3207,"date":"2015-04-02T10:01:26","date_gmt":"2015-04-02T10:01:26","guid":{"rendered":"https:\/\/rcn-ong.be\/?page_id=3207"},"modified":"2015-12-11T09:36:22","modified_gmt":"2015-12-11T09:36:22","slug":"production-du-film-dits-de-justice","status":"publish","type":"page","link":"https:\/\/rcn-ong.be\/nl\/que-faisons-nous\/nos-productions-multimedias\/production-du-film-dits-de-justice\/","title":{"rendered":"Production du film &#8220;Dits de Justice&#8221;"},"content":{"rendered":"<h2>2005 R\u00e9alisation du film &#8220;Dits de Justice&#8221;<\/h2>\n<p><img loading=\"lazy\" decoding=\"async\" class=\"alignleft size-full wp-image-3893\" src=\"https:\/\/rcn-ong.be\/wp-content\/uploads\/2015\/05\/Dits_de_Justice-2-ba2dc.jpg\" alt=\"Dits_de_Justice-2-ba2dc\" width=\"160\" height=\"120\" srcset=\"https:\/\/rcn-ong.be\/wp-content\/uploads\/2015\/05\/Dits_de_Justice-2-ba2dc.jpg 160w, https:\/\/rcn-ong.be\/wp-content\/uploads\/2015\/05\/Dits_de_Justice-2-ba2dc-100x75.jpg 100w, https:\/\/rcn-ong.be\/wp-content\/uploads\/2015\/05\/Dits_de_Justice-2-ba2dc-150x113.jpg 150w\" sizes=\"auto, (max-width: 160px) 100vw, 160px\" \/>Ce film\u00a0initie des paroles relatives\u00a0\u00e0 la notion de justice \u00e0 travers les t\u00e9moignages d\u2019acteurs (juges, avocats, chefs coutumiers, psychoth\u00e9rapeutes, acteurs, etc.) du Rwanda, du Burundi, de RDC, d\u2019Ha\u00efti et de la diaspora rwandaise en exil en Belgique. Y appara\u00eet \u00e9galement la conviction que plus il y a de droit, plus \u00e9merge l\u2019humain. Le film parcourt les contextes et fait \u00e9merger la demande de justice \u00e9manant des b\u00e9n\u00e9ficiaires ainsi que des r\u00e9ponses r\u00e9fl\u00e9chies par notre organisation en collaboration avec des partenaires. Le film interroge la r\u00e9alit\u00e9 d\u2019un droit v\u00e9cu ailleurs, les difficult\u00e9s d\u2019une intervention d\u2019une ONG de juristes dans des contextes fragilis\u00e9s et les espoirs que les actions de RCN redonnent dans ces contextes.<\/p>\n<p>Lien vers <a href=\"https:\/\/www.youtube.com\/watch?v=JZvG99hblsg\" target=\"_blank\">un extrait de 6 minutes du film &#8220;Dits de Justice<\/a><a href=\"https:\/\/www.youtube.com\/watch?v=JZvG99hblsg\" target=\"_blank\">&#8220;<\/a>, sous forme de Bande-Annonce vid\u00e9o.<\/p>\n","protected":false},"excerpt":{"rendered":"<p>2005 R\u00e9alisation du film &#8220;Dits de Justice&#8221;<\/p>\n<p><img loading=\"lazy\" decoding=\"async\" class=\"alignleft size-full wp-image-3893\" src=\"https:\/\/rcn-ong.be\/wp-content\/uploads\/2015\/05\/Dits_de_Justice-2-ba2dc.jpg\" alt=\"Dits_de_Justice-2-ba2dc\" width=\"160\" height=\"120\" srcset=\"https:\/\/rcn-ong.be\/wp-content\/uploads\/2015\/05\/Dits_de_Justice-2-ba2dc.jpg 160w, https:\/\/rcn-ong.be\/wp-content\/uploads\/2015\/05\/Dits_de_Justice-2-ba2dc-100x75.jpg 100w, https:\/\/rcn-ong.be\/wp-content\/uploads\/2015\/05\/Dits_de_Justice-2-ba2dc-150x113.jpg 150w\" sizes=\"auto, (max-width: 160px) 100vw, 160px\" \/>Ce film\u00a0initie des paroles relatives\u00a0\u00e0 la notion de justice \u00e0 travers les t\u00e9moignages d\u2019acteurs (juges, avocats, chefs coutumiers, psychoth\u00e9rapeutes, acteurs, etc.) du Rwanda, du Burundi, de RDC, d\u2019Ha\u00efti et de la diaspora rwandaise en exil en Belgique.<\/p>\n<p><span class=\"ellipsis\">&hellip;<\/span><\/p>\n<div class=\"read-more\"><a href=\"https:\/\/rcn-ong.be\/nl\/que-faisons-nous\/nos-productions-multimedias\/production-du-film-dits-de-justice\/\">Lees meer &#8250;<\/a><\/div>\n<p><!-- end of .read-more --><\/p>\n","protected":false},"author":3,"featured_media":0,"parent":2073,"menu_order":0,"comment_status":"open","ping_status":"open","template":"sidebar-content-page.php","meta":{"footnotes":""},"class_list":["post-3207","page","type-page","status-publish","hentry"],"_links":{"self":[{"href":"https:\/\/rcn-ong.be\/nl\/wp-json\/wp\/v2\/pages\/3207","targetHints":{"allow":["GET"]}}],"collection":[{"href":"https:\/\/rcn-ong.be\/nl\/wp-json\/wp\/v2\/pages"}],"about":[{"href":"https:\/\/rcn-ong.be\/nl\/wp-json\/wp\/v2\/types\/page"}],"author":[{"embeddable":true,"href":"https:\/\/rcn-ong.be\/nl\/wp-json\/wp\/v2\/users\/3"}],"replies":[{"embeddable":true,"href":"https:\/\/rcn-ong.be\/nl\/wp-json\/wp\/v2\/comments?post=3207"}],"version-history":[{"count":5,"href":"https:\/\/rcn-ong.be\/nl\/wp-json\/wp\/v2\/pages\/3207\/revisions"}],"predecessor-version":[{"id":4104,"href":"https:\/\/rcn-ong.be\/nl\/wp-json\/wp\/v2\/pages\/3207\/revisions\/4104"}],"up":[{"embeddable":true,"href":"https:\/\/rcn-ong.be\/nl\/wp-json\/wp\/v2\/pages\/2073"}],"wp:attachment":[{"href":"https:\/\/rcn-ong.be\/nl\/wp-json\/wp\/v2\/media?parent=3207"}],"curies":[{"name":"wp","href":"https:\/\/api.w.org\/{rel}","templated":true}]}}