{"id":3215,"date":"2015-04-02T10:12:36","date_gmt":"2015-04-02T10:12:36","guid":{"rendered":"https:\/\/rcn-ong.be\/?page_id=3215"},"modified":"2015-04-20T10:52:58","modified_gmt":"2015-04-20T10:52:58","slug":"projet-2014-2016-transmettre-la-memoire-des-crimes-internationaux-pour-eveiller-la-conscience-citoyenne","status":"publish","type":"page","link":"https:\/\/rcn-ong.be\/nl\/que-faisons-nous\/nos-pays-d-intervention\/belgique\/projet-2014-2016-transmettre-la-memoire-des-crimes-internationaux-pour-eveiller-la-conscience-citoyenne\/","title":{"rendered":"Projet 2014 &#8211; 2016 &#8220;Transmettre la m\u00e9moire des crimes internationaux pour \u00e9veiller la conscience citoyenne&#8221;"},"content":{"rendered":"<p>&nbsp;<\/p>\n<p>Le projet \u00ab Transmettre la m\u00e9moire des crimes internationaux pour \u00e9veiller la conscience citoyenne \u00bb s\u2019\u00e9tend sur deux ans. Financ\u00e9 par la Direction G\u00e9n\u00e9rale pour le D\u00e9veloppement du Minist\u00e8re des Affaires Etrang\u00e8res du Royaume de Belgique (DGD), il s\u2019inscrit dans la continuit\u00e9 des actions d\u2019\u00e9ducation m\u00e9morielle et de pr\u00e9vention des conflits mises en \u0153uvre par RCN J&amp;D.<\/p>\n<p>Le projet 2014-2016 a pour objectif d\u2019\u00e9changer et d\u2019ouvrir la r\u00e9flexion sur la th\u00e9matique et les enjeux de la transmission de la m\u00e9moire des crimes internationaux contemporains, avec le public belge et les acteurs de la soci\u00e9t\u00e9 civile concern\u00e9s.<\/p>\n<p>Le pr\u00e9sent projet s\u2019article autour de deux r\u00e9sultats et est destin\u00e9 \u00e0 :<\/p>\n<ul>\n<li>Aux jeunes belges y inclus les jeunes issus des diasporas des Grands-Lacs) ;<\/li>\n<li>Aux enseignants du secondaire, professeurs d\u2019universit\u00e9s et animateurs associatifs ;<\/li>\n<li>Aux organisations de transmission de la m\u00e9moire et de pr\u00e9vention des crimes internationaux.<\/li>\n<\/ul>\n<p><strong>R\u00e9sultat 1 : Des espaces de r\u00e9flexion et de dialogue sur la pr\u00e9vention des crimes internationaux contemporains et les enjeux du vivre-ensemble sont organis\u00e9s.<\/strong><\/p>\n<p>Sur base de la s\u00e9rie radiophonique \u00ab Si c\u2019est l\u00e0, c\u2019est ici \u00bb r\u00e9unissant la parole de personnes ayant v\u00e9cues des crimes de masse (certains comme victimes d\u2019autres comme auteurs de crimes), des animations sont organis\u00e9es dans les \u00e9coles secondaires mais aussi aupr\u00e8s d\u2019un public plus averti (membres d\u2019associations, jeunes issus de la diaspora, \u00e9tudiants). Ces animations proposent d\u2019explorer la r\u00e9alit\u00e9 des crises meurtri\u00e8res contemporaines et de mettre en d\u00e9bat les enjeux humains et universels que ces crimes posent \u00ab l\u00e0-bas \u00bb et \u00ab ici \u00bb. Par ce projet, RCN J&amp;D propose d\u2019\u00e9tendre ses interventions au public n\u00e9erlandophone<\/p>\n<h6>\u00a0Principales activit\u00e9s<\/h6>\n<ul>\n<li>Production des supports radiophoniques en n\u00e9erlandais pour l\u2019utilisation p\u00e9dagogique<\/li>\n<li>Organisation de 50 animations dans les \u00e9coles secondaires<\/li>\n<li>Organisation de 20 animations avec un public averti<\/li>\n<\/ul>\n<p><strong>R\u00e9sultat 2 : Les acteurs belges actifs dans la transmission de la m\u00e9moire et la pr\u00e9vention des crimes internationaux contemporains se connaissent, travaillent en compl\u00e9mentarit\u00e9 et communiquent.<\/strong><\/p>\n<p>Pour atteindre le r\u00e9sultat 2, RCN J&amp;D propose d\u2019engager une s\u00e9rie de rencontres et d\u2019activit\u00e9s entre les acteurs de la transmission de la m\u00e9moire et de la pr\u00e9vention des conflits, pour valoriser les exp\u00e9riences acquises, renforcer la compl\u00e9mentarit\u00e9 de nos actions et en accro\u00eetre la port\u00e9e p\u00e9dagogique. L\u2019organisation de ces rencontres est motiv\u00e9e par les constats suivants :<\/p>\n<ul>\n<li>Le travail m\u00e9moriel peut \u00eatre un outil de pr\u00e9vention et de gestion de conflits. Mais l\u2019absence de ce travail ou l\u2019utilisation de la m\u00e9moire \u00e0 des fins partisanes peut \u00e9galement nourrir et aggraver les tensions ;<\/li>\n<li>Le traitement de la m\u00e9moire de crimes qui touchent \u00e0 des conflits r\u00e9cents, voire \u00e0 des conflits contemporains, n\u00e9cessite de la prudence et une sensibilit\u00e9 particuli\u00e8re. L\u2019expertise acquise par les acteurs de la pr\u00e9vention des conflits est donc cruciale pour les acteurs de la m\u00e9moire afin d\u2019\u00e9viter l\u2019apparition ou le renforcement des tensions.<\/li>\n<\/ul>\n<h6>Principales activit\u00e9s<\/h6>\n<ul>\n<li>Capitalisation des le\u00e7ons apprises par les structures actives dans la transmission de la m\u00e9moire et la pr\u00e9vention des crimes ;<\/li>\n<li>Cr\u00e9ation de supports de communication sur les enjeux de transmission de la m\u00e9moire et la pr\u00e9vention des crimes internationaux.<\/li>\n<\/ul>\n<h6>Organisations impliqu\u00e9es dans l\u2019action<\/h6>\n<ul>\n<li>Croix-Rouge de Belgique ;<\/li>\n<li>Commission Justice &amp; Paix ;<\/li>\n<li>Coordination Nationale d\u2019Action pour la Paix et la D\u00e9mocratie (CNAPD) ;<\/li>\n<li>Cellule D\u00e9mocratie ou Barbarie\/Conseil de transmission de la m\u00e9moire ;<\/li>\n<li>Kazerne Dossin<\/li>\n<li>Les \u00ab Territoires de la m\u00e9moire \u00bb<\/li>\n<li>Le Centre Communautaire La\u00efc Juif<\/li>\n<li>Le Groupe de recherche et d\u2019information sur la Paix et la s\u00e9curit\u00e9 (GRIP).<\/li>\n<\/ul>\n","protected":false},"excerpt":{"rendered":"<p>&nbsp;<\/p>\n<p>Le projet \u00ab Transmettre la m\u00e9moire des crimes internationaux pour \u00e9veiller la conscience citoyenne \u00bb s\u2019\u00e9tend sur deux ans. Financ\u00e9 par la Direction G\u00e9n\u00e9rale pour le D\u00e9veloppement du Minist\u00e8re des Affaires Etrang\u00e8res du Royaume de Belgique (DGD),<\/p>\n<p><span class=\"ellipsis\">&hellip;<\/span><\/p>\n<div class=\"read-more\"><a href=\"https:\/\/rcn-ong.be\/nl\/que-faisons-nous\/nos-pays-d-intervention\/belgique\/projet-2014-2016-transmettre-la-memoire-des-crimes-internationaux-pour-eveiller-la-conscience-citoyenne\/\">Lees meer &#8250;<\/a><\/div>\n<p><!-- end of .read-more --><\/p>\n","protected":false},"author":3,"featured_media":0,"parent":2175,"menu_order":0,"comment_status":"open","ping_status":"open","template":"sidebar-content-page.php","meta":{"footnotes":""},"class_list":["post-3215","page","type-page","status-publish","hentry"],"_links":{"self":[{"href":"https:\/\/rcn-ong.be\/nl\/wp-json\/wp\/v2\/pages\/3215","targetHints":{"allow":["GET"]}}],"collection":[{"href":"https:\/\/rcn-ong.be\/nl\/wp-json\/wp\/v2\/pages"}],"about":[{"href":"https:\/\/rcn-ong.be\/nl\/wp-json\/wp\/v2\/types\/page"}],"author":[{"embeddable":true,"href":"https:\/\/rcn-ong.be\/nl\/wp-json\/wp\/v2\/users\/3"}],"replies":[{"embeddable":true,"href":"https:\/\/rcn-ong.be\/nl\/wp-json\/wp\/v2\/comments?post=3215"}],"version-history":[{"count":4,"href":"https:\/\/rcn-ong.be\/nl\/wp-json\/wp\/v2\/pages\/3215\/revisions"}],"predecessor-version":[{"id":3552,"href":"https:\/\/rcn-ong.be\/nl\/wp-json\/wp\/v2\/pages\/3215\/revisions\/3552"}],"up":[{"embeddable":true,"href":"https:\/\/rcn-ong.be\/nl\/wp-json\/wp\/v2\/pages\/2175"}],"wp:attachment":[{"href":"https:\/\/rcn-ong.be\/nl\/wp-json\/wp\/v2\/media?parent=3215"}],"curies":[{"name":"wp","href":"https:\/\/api.w.org\/{rel}","templated":true}]}}