{"id":3250,"date":"2015-04-02T10:39:11","date_gmt":"2015-04-02T10:39:11","guid":{"rendered":"https:\/\/rcn-ong.be\/?page_id=3250"},"modified":"2015-12-11T09:00:31","modified_gmt":"2015-12-11T09:00:31","slug":"2006-2008-realisation-de-la-serie-radiophonique-si-cest-la-cest-ici","status":"publish","type":"page","link":"https:\/\/rcn-ong.be\/nl\/que-faisons-nous\/nos-pays-d-intervention\/belgique\/realisations-anterieures\/2006-2008-realisation-de-la-serie-radiophonique-si-cest-la-cest-ici\/","title":{"rendered":"2006 &#8211; 2008 R\u00e9alisation de la s\u00e9rie radiophonique &#8220;Si c\u2019est l\u00e0, c\u2019est ici&#8221;"},"content":{"rendered":"<p>&nbsp;<\/p>\n<p><strong>Dialogue avec les diasporas et les autres citoyens au sein de l\u2019espace public radiophonique belge.<\/strong><\/p>\n<p>Poursuivant son effort de pr\u00e9servation de la m\u00e9moire des crimes internationaux et de dialogue, RCN J&amp;D a engag\u00e9 en 2006 un travail de collecte de t\u00e9moignages de personnes qui ont v\u00e9cu des crimes de g\u00e9nocide, de guerre ou crimes contre l\u2019humanit\u00e9.<\/p>\n<p>En effet, la plan\u00e8te est travers\u00e9e de crises proches ou lointaines, collectives ou individuelles, \u00e9trang\u00e8res ou famili\u00e8res. La mani\u00e8re dont les m\u00e9dias les relayent entra\u00eenent des solidarit\u00e9s ou des empathies individuelles mais g\u00e9n\u00e8rent \u00e9galement des r\u00e9actions de replis : la r\u00e9signation, le refoulement ou encore, l\u2019illusion. Ces crises impensables ne peuvent \u00eatre \u00ab saisies \u00bb par un simple expos\u00e9 des faits. Tout ce qui est dit, n\u2019est pas toujours \u00ab assimilable \u00bb. Le m\u00e9dia doit ici, plus que jamais, exercer sa fonction \u00ab m\u00e9diatrice \u00bb.<\/p>\n<p>Mais comment ? Gr\u00e2ce au temps. Le temps de l\u2019\u00e9change, le temps de la rencontre, le temps d\u2019\u00e9couter l\u2019autre, de le comprendre. Prendre le temps de rencontrer une personne remarquable mais \u00ab peu remarqu\u00e9e \u00bb, qui a invent\u00e9 un mode d\u2019\u00eatre face \u00e0 ces crises : ce dont on parle ce n\u2019est plus un million de morts mais un million de visages, un million d\u2019histoires, un million de vies, un million \u00ab de vous et de moi \u00bb.<\/p>\n<p>La s\u00e9rie radiophonique rassemble les paroles citoyennes de 11 personnes du Rwanda, du Burundi, de la RDC, de la Bosnie et du Cambodge. Chaque \u00e9mission est construite sur la rencontre\u00a0d\u2019une personne : une personne qui a subi une violence judiciaire ou politique, qui s\u2019est construite comme sujet \u00e0 travers son histoire, dont la trajectoire est extraordinaire, comme une qu\u00eate de soi, un voyage citoyen.<\/p>\n<p>Le concept de l\u2019\u00e9mission repose sur la transformation du r\u00e9cit individuel du personnage en histoire collective, qui se concr\u00e9tise dans la derni\u00e8re \u00e9mission qui en m\u00ealant les onze voix fait \u00e9merger une <a href=\"https:\/\/rcn-ong.be\/wp-content\/uploads\/2015\/05\/si-cest-l\u00e0-cest-ici.jpg\"><img loading=\"lazy\" decoding=\"async\" class=\"alignright size-medium wp-image-3903\" src=\"https:\/\/rcn-ong.be\/wp-content\/uploads\/2015\/05\/si-cest-l\u00e0-cest-ici-300x216.jpg\" alt=\"si c'est l\u00e0 c'est ici\" width=\"300\" height=\"216\" srcset=\"https:\/\/rcn-ong.be\/wp-content\/uploads\/2015\/05\/si-cest-l\u00e0-cest-ici-300x216.jpg 300w, https:\/\/rcn-ong.be\/wp-content\/uploads\/2015\/05\/si-cest-l\u00e0-cest-ici-100x72.jpg 100w, https:\/\/rcn-ong.be\/wp-content\/uploads\/2015\/05\/si-cest-l\u00e0-cest-ici-150x108.jpg 150w, https:\/\/rcn-ong.be\/wp-content\/uploads\/2015\/05\/si-cest-l\u00e0-cest-ici-200x144.jpg 200w, https:\/\/rcn-ong.be\/wp-content\/uploads\/2015\/05\/si-cest-l\u00e0-cest-ici.jpg 448w\" sizes=\"auto, (max-width: 300px) 100vw, 300px\" \/><\/a>histoire collective.<\/p>\n<p>Par cette s\u00e9rie, RCN Justice &amp; D\u00e9mocratie propose de raconter l\u2019Histoire autrement, de montrer comment les histoires dans l\u2019Histoire nous (re-)connectent \u00e0 nous-m\u00eames, \u00e0 nos crises et \u00e0 celles du monde et aussi d\u2019accompagner l\u2019auditeur souhaitant se positionner comme citoyen agissant.<\/p>\n<p>Pour une pr\u00e9sentation des 11 portraits choisis et une \u00e9coute d\u2019extraits de notre s\u00e9rie radiophonique, veuillez <a href=\"https:\/\/rcn-ong.be\/?p=3202\" target=\"_blank\">cliquer ici<\/a>.<\/p>\n","protected":false},"excerpt":{"rendered":"<p>&nbsp;<\/p>\n<p><strong>Dialogue avec les diasporas et les autres citoyens au sein de l\u2019espace public radiophonique belge.<\/strong><\/p>\n<p>Poursuivant son effort de pr\u00e9servation de la m\u00e9moire des crimes internationaux et de dialogue, RCN J&amp;D a engag\u00e9 en 2006 un travail de collecte de t\u00e9moignages de personnes qui ont v\u00e9cu des crimes de g\u00e9nocide,<\/p>\n<p><span class=\"ellipsis\">&hellip;<\/span><\/p>\n<div class=\"read-more\"><a href=\"https:\/\/rcn-ong.be\/nl\/que-faisons-nous\/nos-pays-d-intervention\/belgique\/realisations-anterieures\/2006-2008-realisation-de-la-serie-radiophonique-si-cest-la-cest-ici\/\">Lees meer &#8250;<\/a><\/div>\n<p><!-- end of .read-more --><\/p>\n","protected":false},"author":3,"featured_media":0,"parent":3177,"menu_order":0,"comment_status":"open","ping_status":"open","template":"sidebar-content-page.php","meta":{"footnotes":""},"class_list":["post-3250","page","type-page","status-publish","hentry"],"_links":{"self":[{"href":"https:\/\/rcn-ong.be\/nl\/wp-json\/wp\/v2\/pages\/3250","targetHints":{"allow":["GET"]}}],"collection":[{"href":"https:\/\/rcn-ong.be\/nl\/wp-json\/wp\/v2\/pages"}],"about":[{"href":"https:\/\/rcn-ong.be\/nl\/wp-json\/wp\/v2\/types\/page"}],"author":[{"embeddable":true,"href":"https:\/\/rcn-ong.be\/nl\/wp-json\/wp\/v2\/users\/3"}],"replies":[{"embeddable":true,"href":"https:\/\/rcn-ong.be\/nl\/wp-json\/wp\/v2\/comments?post=3250"}],"version-history":[{"count":4,"href":"https:\/\/rcn-ong.be\/nl\/wp-json\/wp\/v2\/pages\/3250\/revisions"}],"predecessor-version":[{"id":4062,"href":"https:\/\/rcn-ong.be\/nl\/wp-json\/wp\/v2\/pages\/3250\/revisions\/4062"}],"up":[{"embeddable":true,"href":"https:\/\/rcn-ong.be\/nl\/wp-json\/wp\/v2\/pages\/3177"}],"wp:attachment":[{"href":"https:\/\/rcn-ong.be\/nl\/wp-json\/wp\/v2\/media?parent=3250"}],"curies":[{"name":"wp","href":"https:\/\/api.w.org\/{rel}","templated":true}]}}