{"id":3280,"date":"2015-04-09T09:26:37","date_gmt":"2015-04-09T09:26:37","guid":{"rendered":"https:\/\/rcn-ong.be\/?page_id=3280"},"modified":"2015-05-04T11:54:20","modified_gmt":"2015-05-04T11:54:20","slug":"decembre-2006-publication-burundi-la-justice-de-proximite-au-burundi-realites-et-perspectives","status":"publish","type":"page","link":"https:\/\/rcn-ong.be\/nl\/publications\/etudes\/decembre-2006-publication-burundi-la-justice-de-proximite-au-burundi-realites-et-perspectives\/","title":{"rendered":"D\u00e9cembre 2006 &#8211; Publication Burundi &#8220;La justice de proximit\u00e9 au Burundi. R\u00e9alit\u00e9s et perspectives&#8221;"},"content":{"rendered":"<p>&nbsp;<\/p>\n<p><strong>Ouvrage publi\u00e9 sous la direction du docteur Sylvestre Barancira, coordonnateur du programme RCN Justice &amp; D\u00e9mocratie au Burundi.<\/strong><\/p>\n<p><a href=\"https:\/\/rcn-ong.be\/wp-content\/uploads\/2015\/05\/Burundi-Projet-2006-2008.jpg\"><img loading=\"lazy\" decoding=\"async\" class=\"alignleft size-full wp-image-3750\" src=\"https:\/\/rcn-ong.be\/wp-content\/uploads\/2015\/05\/Burundi-Projet-2006-2008.jpg\" alt=\"Burundi - Projet 2006-2008\" width=\"180\" height=\"259\" srcset=\"https:\/\/rcn-ong.be\/wp-content\/uploads\/2015\/05\/Burundi-Projet-2006-2008.jpg 180w, https:\/\/rcn-ong.be\/wp-content\/uploads\/2015\/05\/Burundi-Projet-2006-2008-100x144.jpg 100w, https:\/\/rcn-ong.be\/wp-content\/uploads\/2015\/05\/Burundi-Projet-2006-2008-150x216.jpg 150w\" sizes=\"auto, (max-width: 180px) 100vw, 180px\" \/><\/a>Ce rapport proc\u00e8de de la volont\u00e9 de mieux conna\u00eetre la r\u00e9alit\u00e9 du lien entre la population, les citoyens et l\u2019institution judiciaire et a \u00e9t\u00e9 \u00e9labor\u00e9 sur base des \u00e9changes et des recommandations des principaux acteurs de la justice de proximit\u00e9 au Burundi. Il propose un \u00e9tat des lieux de la justice de proximit\u00e9 \u00e0 travers cinq th\u00e9matiques : les acteurs de la justice de proximit\u00e9, les principales cat\u00e9gories de litiges de proximit\u00e9, les particularit\u00e9s locales des litiges, les conflits de comp\u00e9tence entre les autorit\u00e9s et les articulations entre le droit \u00e9crit, la coutume et les pratiques sociales.<\/p>\n<p>Cet ouvrage a \u00e9t\u00e9 publi\u00e9 sous la direction du Docteur Sylvestre Barancira, coordonnateur du programme RCN Justice et D\u00e9mocratie au Burundi. Ont collabor\u00e9 \u00e0 la r\u00e9daction de cette publication : Gilbert Bigirimana, H\u00e9l\u00e8ne Morvan, C\u00e9line Manceau Rabarijaona, Thierry Peguet, Janouk Belanger et Sylvestre Barancira.<\/p>\n<ul>\n<li>Le Rapport est <a href=\"http:\/\/www.rcn-ong.be\/IMG\/pdf\/Etude_sur_le_fonctionnement_de_la_chaine_penale_au_Burundi.pdf\" target=\"_blank\">t\u00e9l\u00e9chargeable ici<\/a>.<\/li>\n<li>Pour un aper\u00e7u du Programme en lien avec cette publication, veuillez <a href=\"https:\/\/rcn-ong.be\/que-faisons-nous\/nos-pays-d-intervention\/burundi\/realisations-anterieures\/2006-2008-pour-une-justice-legitimee\/\" target=\"_blank\">cliquer ici<\/a>.<\/li>\n<\/ul>\n<p>&nbsp;<\/p>\n<p>&nbsp;<\/p>\n","protected":false},"excerpt":{"rendered":"<p>&nbsp;<\/p>\n<p><strong>Ouvrage publi\u00e9 sous la direction du docteur Sylvestre Barancira, coordonnateur du programme RCN Justice &amp; D\u00e9mocratie au Burundi.<\/strong><\/p>\n<p><a href=\"https:\/\/rcn-ong.be\/wp-content\/uploads\/2015\/05\/Burundi-Projet-2006-2008.jpg\"><img loading=\"lazy\" decoding=\"async\" class=\"alignleft size-full wp-image-3750\" src=\"https:\/\/rcn-ong.be\/wp-content\/uploads\/2015\/05\/Burundi-Projet-2006-2008.jpg\" alt=\"Burundi - Projet 2006-2008\" width=\"180\" height=\"259\" srcset=\"https:\/\/rcn-ong.be\/wp-content\/uploads\/2015\/05\/Burundi-Projet-2006-2008.jpg 180w, https:\/\/rcn-ong.be\/wp-content\/uploads\/2015\/05\/Burundi-Projet-2006-2008-100x144.jpg 100w, https:\/\/rcn-ong.be\/wp-content\/uploads\/2015\/05\/Burundi-Projet-2006-2008-150x216.jpg 150w\" sizes=\"auto, (max-width: 180px) 100vw, 180px\" \/><\/a>Ce rapport proc\u00e8de de la volont\u00e9 de mieux conna\u00eetre la r\u00e9alit\u00e9 du lien entre la population,<\/p>\n<p><span class=\"ellipsis\">&hellip;<\/span><\/p>\n<div class=\"read-more\"><a href=\"https:\/\/rcn-ong.be\/nl\/publications\/etudes\/decembre-2006-publication-burundi-la-justice-de-proximite-au-burundi-realites-et-perspectives\/\">Lees meer &#8250;<\/a><\/div>\n<p><!-- end of .read-more --><\/p>\n","protected":false},"author":3,"featured_media":0,"parent":2077,"menu_order":0,"comment_status":"open","ping_status":"open","template":"","meta":{"footnotes":""},"class_list":["post-3280","page","type-page","status-publish","hentry"],"_links":{"self":[{"href":"https:\/\/rcn-ong.be\/nl\/wp-json\/wp\/v2\/pages\/3280","targetHints":{"allow":["GET"]}}],"collection":[{"href":"https:\/\/rcn-ong.be\/nl\/wp-json\/wp\/v2\/pages"}],"about":[{"href":"https:\/\/rcn-ong.be\/nl\/wp-json\/wp\/v2\/types\/page"}],"author":[{"embeddable":true,"href":"https:\/\/rcn-ong.be\/nl\/wp-json\/wp\/v2\/users\/3"}],"replies":[{"embeddable":true,"href":"https:\/\/rcn-ong.be\/nl\/wp-json\/wp\/v2\/comments?post=3280"}],"version-history":[{"count":3,"href":"https:\/\/rcn-ong.be\/nl\/wp-json\/wp\/v2\/pages\/3280\/revisions"}],"predecessor-version":[{"id":3795,"href":"https:\/\/rcn-ong.be\/nl\/wp-json\/wp\/v2\/pages\/3280\/revisions\/3795"}],"up":[{"embeddable":true,"href":"https:\/\/rcn-ong.be\/nl\/wp-json\/wp\/v2\/pages\/2077"}],"wp:attachment":[{"href":"https:\/\/rcn-ong.be\/nl\/wp-json\/wp\/v2\/media?parent=3280"}],"curies":[{"name":"wp","href":"https:\/\/api.w.org\/{rel}","templated":true}]}}