{"id":3287,"date":"2015-04-09T09:35:36","date_gmt":"2015-04-09T09:35:36","guid":{"rendered":"https:\/\/rcn-ong.be\/?page_id=3287"},"modified":"2015-05-04T11:59:19","modified_gmt":"2015-05-04T11:59:19","slug":"mars-2008-publication-burundi-le-tribunal-face-au-terrain-les-problemes-dexecution-des-jugements-au-mugamba-dans-une-perspective-juridique-et-anthropologique","status":"publish","type":"page","link":"https:\/\/rcn-ong.be\/nl\/publications\/etudes\/mars-2008-publication-burundi-le-tribunal-face-au-terrain-les-problemes-dexecution-des-jugements-au-mugamba-dans-une-perspective-juridique-et-anthropologique\/","title":{"rendered":"Mars 2008 &#8211;  Publication Burundi &#8220;Le tribunal face au terrain : les probl\u00e8mes d\u2019ex\u00e9cution des jugements au Mugamba dans une perspective juridique et anthropologique&#8221;"},"content":{"rendered":"<p>&nbsp;<\/p>\n<p><strong>Etude r\u00e9alis\u00e9e par Dominik Kohlhagen, chercheur doctorant \u00e0 l\u2019universit\u00e9 Paris 1 Panth\u00e9on-Sorbonne.<\/strong><\/p>\n<p><a href=\"https:\/\/rcn-ong.be\/wp-content\/uploads\/2015\/05\/Tribunal_face_terrain.bmp\"><img loading=\"lazy\" decoding=\"async\" class=\"alignleft size-full wp-image-3800\" src=\"https:\/\/rcn-ong.be\/wp-content\/uploads\/2015\/05\/Tribunal_face_terrain.bmp\" alt=\"Tribunal_face_terrain\" width=\"180\" height=\"255\" \/><\/a>Les difficult\u00e9s relatives \u00e0 l\u2019ex\u00e9cution des jugements constituent une des pr\u00e9occupations majeures des praticiens du droit et des justiciables burundais. Pour cette raison, RCN Justice &amp; D\u00e9mocratie les a inscrites au coeur de ses programmes d\u2019action. Cette \u00e9tude, concentr\u00e9e sur la zone du Mugamba, s\u2019articule dans un premier temps autour des probl\u00e8mes de proc\u00e9dure pour ensuite analyser les probl\u00e8mes d\u2019ex\u00e9cution des jugements dans une perspective socio-anthropologique.<\/p>\n<p>L\u2019\u00e9tude a \u00e9t\u00e9 r\u00e9alis\u00e9e sous la responsabilit\u00e9 de Dominik Kohlhagen, chercheur doctorant \u00e0 l\u2019Universit\u00e9 Paris 1 Panth\u00e9on-Sorbonne. Les enqu\u00eates &#8220;population locale&#8221; ont \u00e9t\u00e9 men\u00e9es par : Diane Niyakire et Alain-Pascal Rwamavubi. Les enqu\u00eates &#8220;juridictions&#8221; ont \u00e9t\u00e9 men\u00e9es par : Rapha\u00ebl Horumpende, Elodie Inamahoro, Thierry Nahindorera, Eddy-Michel Ntirenganya et Maurice Nzosaba.<\/p>\n<ul>\n<li>L\u2019Etude est <a href=\"http:\/\/www.rcn-ong.be\/IMG\/pdf\/Les_20probl_E8mes_20d_27ex_E9cution_20des_20jugements_20au_20Burundi_20mars_202008.pdf\" target=\"_blank\">t\u00e9l\u00e9chargeable ici<\/a>.<\/li>\n<li>Pour un aper\u00e7u du Programme en lien avec cette publication, veuillez <a href=\"https:\/\/rcn-ong.be\/que-faisons-nous\/nos-pays-d-intervention\/burundi\/realisations-anterieures\/2006-2008-pour-une-justice-legitimee\/\" target=\"_blank\">cliquer ici<\/a>.<\/li>\n<\/ul>\n<p>&nbsp;<\/p>\n<p>&nbsp;<\/p>\n","protected":false},"excerpt":{"rendered":"<p>&nbsp;<\/p>\n<p><strong>Etude r\u00e9alis\u00e9e par Dominik Kohlhagen, chercheur doctorant \u00e0 l\u2019universit\u00e9 Paris 1 Panth\u00e9on-Sorbonne.<\/strong><\/p>\n<p><a href=\"https:\/\/rcn-ong.be\/wp-content\/uploads\/2015\/05\/Tribunal_face_terrain.bmp\"><img loading=\"lazy\" decoding=\"async\" class=\"alignleft size-full wp-image-3800\" src=\"https:\/\/rcn-ong.be\/wp-content\/uploads\/2015\/05\/Tribunal_face_terrain.bmp\" alt=\"Tribunal_face_terrain\" width=\"180\" height=\"255\" \/><\/a>Les difficult\u00e9s relatives \u00e0 l\u2019ex\u00e9cution des jugements constituent une des pr\u00e9occupations majeures des praticiens du droit et des justiciables burundais.<\/p>\n<p><span class=\"ellipsis\">&hellip;<\/span><\/p>\n<div class=\"read-more\"><a href=\"https:\/\/rcn-ong.be\/nl\/publications\/etudes\/mars-2008-publication-burundi-le-tribunal-face-au-terrain-les-problemes-dexecution-des-jugements-au-mugamba-dans-une-perspective-juridique-et-anthropologique\/\">Lees meer &#8250;<\/a><\/div>\n<p><!-- end of .read-more --><\/p>\n","protected":false},"author":3,"featured_media":0,"parent":2077,"menu_order":0,"comment_status":"open","ping_status":"open","template":"","meta":{"footnotes":""},"class_list":["post-3287","page","type-page","status-publish","hentry"],"_links":{"self":[{"href":"https:\/\/rcn-ong.be\/nl\/wp-json\/wp\/v2\/pages\/3287","targetHints":{"allow":["GET"]}}],"collection":[{"href":"https:\/\/rcn-ong.be\/nl\/wp-json\/wp\/v2\/pages"}],"about":[{"href":"https:\/\/rcn-ong.be\/nl\/wp-json\/wp\/v2\/types\/page"}],"author":[{"embeddable":true,"href":"https:\/\/rcn-ong.be\/nl\/wp-json\/wp\/v2\/users\/3"}],"replies":[{"embeddable":true,"href":"https:\/\/rcn-ong.be\/nl\/wp-json\/wp\/v2\/comments?post=3287"}],"version-history":[{"count":3,"href":"https:\/\/rcn-ong.be\/nl\/wp-json\/wp\/v2\/pages\/3287\/revisions"}],"predecessor-version":[{"id":3801,"href":"https:\/\/rcn-ong.be\/nl\/wp-json\/wp\/v2\/pages\/3287\/revisions\/3801"}],"up":[{"embeddable":true,"href":"https:\/\/rcn-ong.be\/nl\/wp-json\/wp\/v2\/pages\/2077"}],"wp:attachment":[{"href":"https:\/\/rcn-ong.be\/nl\/wp-json\/wp\/v2\/media?parent=3287"}],"curies":[{"name":"wp","href":"https:\/\/api.w.org\/{rel}","templated":true}]}}