{"id":3622,"date":"2015-04-23T10:20:16","date_gmt":"2015-04-23T10:20:16","guid":{"rendered":"https:\/\/rcn-ong.be\/?page_id=3622"},"modified":"2020-05-26T12:35:14","modified_gmt":"2020-05-26T10:35:14","slug":"laurien-ntezimana-vivre-a-lendroit","status":"publish","type":"page","link":"https:\/\/rcn-ong.be\/nl\/que-faisons-nous\/nos-outils-pedagogiques\/la-mallette-pedagogique\/si-cest-la-cest-ici-onze-portraits-radiophoniques-et-leur-histoire-a-onze-voix\/laurien-ntezimana-vivre-a-lendroit\/","title":{"rendered":"Laurien Ntezimana, &#8220;Vivre \u00e0 l\u2019endroit&#8221;"},"content":{"rendered":"<p><a href=\"https:\/\/rcn-ong.be\/wp-content\/uploads\/2015\/04\/1_Laurien-Ntezimana-e1430126132545.jpg\"><img loading=\"lazy\" decoding=\"async\" class=\"alignright size-medium wp-image-3610\" src=\"https:\/\/rcn-ong.be\/wp-content\/uploads\/2015\/04\/1_Laurien-Ntezimana-300x300.jpg\" alt=\"1_Laurien Ntezimana\" width=\"300\" height=\"300\" \/><\/a>Th\u00e9ologien et sociologue rwandais, Laurien NTEZIMANA a sauv\u00e9 beaucoup de gens pendant le g\u00e9nocide, ce qui l\u2019a d\u2019ailleurs sauv\u00e9 lui-m\u00eame. De son jardin \u00e0 Quevaucamps, il dit. Ce qu\u2019il raconte est dur mais la force qu\u2019il transmet encourage ; sa parole est profonde et son engagement r\u00e9el ; d\u2019un chaos qui d\u00e9passe l\u2019entendement, il est parvenu \u00e0 faire \u00e9merger des pistes \u00e9clairantes par rapport \u00e0 la notion de crise ; pour lui, pour les Rwandais, pour les auditeurs, pour chacun. Le dos bien droit, les \u00e9paules apais\u00e9es, les paumes d\u00e9pos\u00e9es sur ses cuisses et les pieds bien ancr\u00e9s dans le sol, Laurien livre ici un r\u00e9cit qui interroge, qui \u00e9meut, qui bouscule et qui affine incontestablement notre imaginaire face \u00e0 la notion de chaos et \u00e0 la posture constructive qui peut s\u2019en d\u00e9gager.<\/p>\n<p>Il nous aide \u00e0 mieux nous comprendre nous-m\u00eames et nous ouvre des pistes d\u2019introspection de qualit\u00e9 face \u00e0 un monde dans lequel nous semblons parfois nous perdre. \u00ab Alors pendant le g\u00e9nocide, j\u2019avais peur comme tout le monde, j\u2019\u00e9tais en col\u00e8re contre les gens qui tuaient les autres mais quand je les avais en face de moi, je devais justement travailler \u00e0 l\u2019int\u00e9rieur, pas pour les consid\u00e9rer comme des\u2026 comment dire ? comme des m\u00e9chants\u2026 parce que si je les consid\u00e8re comme des m\u00e9chants, je vais augmenter leur m\u00e9chancet\u00e9, je les consid\u00e8re comme des humains qui sont en train de faire fausse route et je vais essayer de toucher la partie humaine qu\u2019ils ont en eux parce que tout humain garde en lui une partie humaine, personne n\u2019est condamn\u00e9. On a toujours une conscience qui peut s\u2019\u00e9veiller. \u00bb<\/p>\n<p>Vous trouverez un extrait du r\u00e9cit (25 min) de Laurien Ntezimana ici :<\/p>\n<!--[if lt IE 9]><script>document.createElement('audio');<\/script><![endif]-->\n<audio class=\"wp-audio-shortcode\" id=\"audio-3622-1\" preload=\"none\" style=\"width: 100%;\" controls=\"controls\"><source type=\"audio\/mpeg\" src=\"https:\/\/rcn-ong.be\/wp-content\/uploads\/2017\/08\/1_LaurienNtezimana_Capsule.mp3?_=1\" \/><a href=\"https:\/\/rcn-ong.be\/wp-content\/uploads\/2017\/08\/1_LaurienNtezimana_Capsule.mp3\">https:\/\/rcn-ong.be\/wp-content\/uploads\/2017\/08\/1_LaurienNtezimana_Capsule.mp3<\/a><\/audio>\n","protected":false},"excerpt":{"rendered":"<p><a href=\"https:\/\/rcn-ong.be\/wp-content\/uploads\/2015\/04\/1_Laurien-Ntezimana-e1430126132545.jpg\"><img loading=\"lazy\" decoding=\"async\" class=\"alignright size-medium wp-image-3610\" src=\"https:\/\/rcn-ong.be\/wp-content\/uploads\/2015\/04\/1_Laurien-Ntezimana-300x300.jpg\" alt=\"1_Laurien Ntezimana\" width=\"300\" height=\"300\" \/><\/a>Th\u00e9ologien et sociologue rwandais, Laurien NTEZIMANA a sauv\u00e9 beaucoup de gens pendant le g\u00e9nocide, ce qui l\u2019a d\u2019ailleurs sauv\u00e9 lui-m\u00eame. De son jardin \u00e0 Quevaucamps, il dit. Ce qu\u2019il raconte est dur mais la force qu\u2019il transmet encourage ;<\/p>\n<p><span class=\"ellipsis\">&hellip;<\/span><\/p>\n<div class=\"read-more\"><a href=\"https:\/\/rcn-ong.be\/nl\/que-faisons-nous\/nos-outils-pedagogiques\/la-mallette-pedagogique\/si-cest-la-cest-ici-onze-portraits-radiophoniques-et-leur-histoire-a-onze-voix\/laurien-ntezimana-vivre-a-lendroit\/\">Lees meer &#8250;<\/a><\/div>\n<p><!-- end of .read-more --><\/p>\n","protected":false},"author":3,"featured_media":0,"parent":3202,"menu_order":0,"comment_status":"open","ping_status":"open","template":"","meta":{"footnotes":""},"class_list":["post-3622","page","type-page","status-publish","hentry"],"_links":{"self":[{"href":"https:\/\/rcn-ong.be\/nl\/wp-json\/wp\/v2\/pages\/3622","targetHints":{"allow":["GET"]}}],"collection":[{"href":"https:\/\/rcn-ong.be\/nl\/wp-json\/wp\/v2\/pages"}],"about":[{"href":"https:\/\/rcn-ong.be\/nl\/wp-json\/wp\/v2\/types\/page"}],"author":[{"embeddable":true,"href":"https:\/\/rcn-ong.be\/nl\/wp-json\/wp\/v2\/users\/3"}],"replies":[{"embeddable":true,"href":"https:\/\/rcn-ong.be\/nl\/wp-json\/wp\/v2\/comments?post=3622"}],"version-history":[{"count":6,"href":"https:\/\/rcn-ong.be\/nl\/wp-json\/wp\/v2\/pages\/3622\/revisions"}],"predecessor-version":[{"id":6415,"href":"https:\/\/rcn-ong.be\/nl\/wp-json\/wp\/v2\/pages\/3622\/revisions\/6415"}],"up":[{"embeddable":true,"href":"https:\/\/rcn-ong.be\/nl\/wp-json\/wp\/v2\/pages\/3202"}],"wp:attachment":[{"href":"https:\/\/rcn-ong.be\/nl\/wp-json\/wp\/v2\/media?parent=3622"}],"curies":[{"name":"wp","href":"https:\/\/api.w.org\/{rel}","templated":true}]}}