{"id":3633,"date":"2015-04-23T10:41:49","date_gmt":"2015-04-23T10:41:49","guid":{"rendered":"https:\/\/rcn-ong.be\/?page_id=3633"},"modified":"2020-05-26T12:33:53","modified_gmt":"2020-05-26T10:33:53","slug":"marie-goretti-mukakalisa-vivre-en-liberte","status":"publish","type":"page","link":"https:\/\/rcn-ong.be\/nl\/que-faisons-nous\/nos-outils-pedagogiques\/la-mallette-pedagogique\/si-cest-la-cest-ici-onze-portraits-radiophoniques-et-leur-histoire-a-onze-voix\/marie-goretti-mukakalisa-vivre-en-liberte\/","title":{"rendered":"Marie Goretti Mukakalisa, &#8220;Vivre en libert\u00e9&#8221;"},"content":{"rendered":"<p><a href=\"https:\/\/rcn-ong.be\/wp-content\/uploads\/2015\/04\/4_Marie-Mukakalisa-e1430126054352.jpg\"><img loading=\"lazy\" decoding=\"async\" class=\"alignright size-medium wp-image-3613\" src=\"https:\/\/rcn-ong.be\/wp-content\/uploads\/2015\/04\/4_Marie-Mukakalisa-300x300.jpg\" alt=\"4_Marie Mukakalisa\" width=\"300\" height=\"300\" \/><\/a><\/p>\n<p>Economiste de formation, Marie Goretti MUKAKALISA est une rwandaise exil\u00e9e. Apr\u00e8s un parcours chaotique suite\u00a0au g\u00e9nocide au Rwanda, elle se r\u00e9fugie d\u2019abord en Belgique. Aujourd\u2019hui r\u00e9fugi\u00e9e \u00e0 Niort, dans le sud-ouest de la France, elle vit avec ses deux enfants et son mari. C\u2019est dans cette ambiance joyeuse, dans cette famille reconstitu\u00e9e, qui grouille d\u2019enfants de tous \u00e2ges et de toutes couleurs, que Marie a d\u00e9voil\u00e9 son histoire.<\/p>\n<p>Son portrait, c\u2019est la pluie. Cette pluie qui va et qui vient, et qui rappelle \u00e9trangement les mois d\u2019avril au Rwanda. C\u2019est le r\u00e9cit d\u2019une femme mari\u00e9e \u00e0 l\u2019\u00e9poque du g\u00e9nocide avec un militaire ; une femme oblig\u00e9e de fuir, dormant dans les voitures ou dans les sheetings des camps de r\u00e9fugi\u00e9s congolais. C\u2019est \u00ab cette chose qui court avec un enfant \u00e0 la main et un autre dans le dos, un thermos de bouillie pris au vol et qui se cache \u00bb\u2026 C\u2019est aussi une douceur, une force tranquille, une tendresse et une \u00e9motion troublantes.<\/p>\n<p>Vous trouverez un extrait du r\u00e9cit (22 min) de Marie Goretti Mukakalisa ici :<\/p>\n<!--[if lt IE 9]><script>document.createElement('audio');<\/script><![endif]-->\n<audio class=\"wp-audio-shortcode\" id=\"audio-3633-1\" preload=\"none\" style=\"width: 100%;\" controls=\"controls\"><source type=\"audio\/mpeg\" src=\"https:\/\/rcn-ong.be\/wp-content\/uploads\/2017\/08\/4_MarieGorettiMukakalisa_Capsule.mp3?_=1\" \/><a href=\"https:\/\/rcn-ong.be\/wp-content\/uploads\/2017\/08\/4_MarieGorettiMukakalisa_Capsule.mp3\">https:\/\/rcn-ong.be\/wp-content\/uploads\/2017\/08\/4_MarieGorettiMukakalisa_Capsule.mp3<\/a><\/audio>\n","protected":false},"excerpt":{"rendered":"<p><a href=\"https:\/\/rcn-ong.be\/wp-content\/uploads\/2015\/04\/4_Marie-Mukakalisa-e1430126054352.jpg\"><img loading=\"lazy\" decoding=\"async\" class=\"alignright size-medium wp-image-3613\" src=\"https:\/\/rcn-ong.be\/wp-content\/uploads\/2015\/04\/4_Marie-Mukakalisa-300x300.jpg\" alt=\"4_Marie Mukakalisa\" width=\"300\" height=\"300\" \/><\/a><\/p>\n<p>Economiste de formation, Marie Goretti MUKAKALISA est une rwandaise exil\u00e9e. Apr\u00e8s un parcours chaotique suite\u00a0au g\u00e9nocide au Rwanda, elle se r\u00e9fugie d\u2019abord en Belgique. Aujourd\u2019hui r\u00e9fugi\u00e9e \u00e0 Niort, dans le sud-ouest de la France,<\/p>\n<p><span class=\"ellipsis\">&hellip;<\/span><\/p>\n<div class=\"read-more\"><a href=\"https:\/\/rcn-ong.be\/nl\/que-faisons-nous\/nos-outils-pedagogiques\/la-mallette-pedagogique\/si-cest-la-cest-ici-onze-portraits-radiophoniques-et-leur-histoire-a-onze-voix\/marie-goretti-mukakalisa-vivre-en-liberte\/\">Lees meer &#8250;<\/a><\/div>\n<p><!-- end of .read-more --><\/p>\n","protected":false},"author":3,"featured_media":0,"parent":3202,"menu_order":0,"comment_status":"open","ping_status":"open","template":"","meta":{"footnotes":""},"class_list":["post-3633","page","type-page","status-publish","hentry"],"_links":{"self":[{"href":"https:\/\/rcn-ong.be\/nl\/wp-json\/wp\/v2\/pages\/3633","targetHints":{"allow":["GET"]}}],"collection":[{"href":"https:\/\/rcn-ong.be\/nl\/wp-json\/wp\/v2\/pages"}],"about":[{"href":"https:\/\/rcn-ong.be\/nl\/wp-json\/wp\/v2\/types\/page"}],"author":[{"embeddable":true,"href":"https:\/\/rcn-ong.be\/nl\/wp-json\/wp\/v2\/users\/3"}],"replies":[{"embeddable":true,"href":"https:\/\/rcn-ong.be\/nl\/wp-json\/wp\/v2\/comments?post=3633"}],"version-history":[{"count":7,"href":"https:\/\/rcn-ong.be\/nl\/wp-json\/wp\/v2\/pages\/3633\/revisions"}],"predecessor-version":[{"id":6412,"href":"https:\/\/rcn-ong.be\/nl\/wp-json\/wp\/v2\/pages\/3633\/revisions\/6412"}],"up":[{"embeddable":true,"href":"https:\/\/rcn-ong.be\/nl\/wp-json\/wp\/v2\/pages\/3202"}],"wp:attachment":[{"href":"https:\/\/rcn-ong.be\/nl\/wp-json\/wp\/v2\/media?parent=3633"}],"curies":[{"name":"wp","href":"https:\/\/api.w.org\/{rel}","templated":true}]}}