{"id":3638,"date":"2015-04-23T10:50:57","date_gmt":"2015-04-23T10:50:57","guid":{"rendered":"https:\/\/rcn-ong.be\/?page_id=3638"},"modified":"2020-05-26T12:36:04","modified_gmt":"2020-05-26T10:36:04","slug":"antoine-kaburahe-vivre-cest-transmettre","status":"publish","type":"page","link":"https:\/\/rcn-ong.be\/nl\/que-faisons-nous\/nos-outils-pedagogiques\/la-mallette-pedagogique\/si-cest-la-cest-ici-onze-portraits-radiophoniques-et-leur-histoire-a-onze-voix\/antoine-kaburahe-vivre-cest-transmettre\/","title":{"rendered":"Antoine Kaburahe, &#8220;Vivre, c\u2019est transmettre&#8221;"},"content":{"rendered":"<p><a href=\"https:\/\/rcn-ong.be\/wp-content\/uploads\/2015\/04\/5_AntoineKaburahe-e1430125947559.jpg\"><img loading=\"lazy\" decoding=\"async\" class=\"alignright size-medium wp-image-3614\" src=\"https:\/\/rcn-ong.be\/wp-content\/uploads\/2015\/04\/5_AntoineKaburahe-300x300.jpg\" alt=\"5_AntoineKaburahe\" width=\"300\" height=\"300\" \/><\/a><\/p>\n<p>Antoine KABURAHE est journaliste burundais. Sur les traces de son p\u00e8re &#8211; fondateur du premier journal catholique du Burundi &#8211; il devient journaliste, accompagne les premi\u00e8res \u00e9lections d\u00e9mocratiques au Burundi et assiste impuissant \u00e0 l\u2019assassinat de Ndadaye en 1993. Il \u00e9crit, il fait de la radio, il travaille dans ce contexte o\u00f9 la mort est omnipr\u00e9sente et la violence devenue quotidienne ; \u00ab la vie est alors un contrat de 24h renouvelables \u00bb\u2026 Il r\u00e9alise soudain que sa libert\u00e9, SUITE \u00e0 un article, est menac\u00e9e.<\/p>\n<p>Il prend peur et se r\u00e9fugie en Belgique. Une rencontre dans son petit bureau \u00e0 Bruxelles, ainsi qu\u2019\u00e0 Bujumbura. Rentr\u00e9 au pays, il monte d\u00e9sormais son propre journal mod\u00e9r\u00e9. Antoine, c\u2019est un militant pour une libert\u00e9 de la presse ; c\u2019est un membre actif de la diaspora lorsqu\u2019il revient ; c\u2019est un homme investi d\u2019une mission ; c\u2019est un journaliste plein d\u2019espoir qui incarne l\u2019histoire douloureuse du Burundi qu\u2019il ch\u00e9rit. L\u2019\u00e9mission est poignante et po\u00e9tique parce qu\u2019elle retrace des histoires dans l\u2019Histoire qui permettent d\u2019appr\u00e9hender les acteurs et les enjeux d\u2019un autre Burundi.<\/p>\n<p>Vous trouverez un extrait du r\u00e9cit (24 min) d\u2019Antoine Kaburahe ici :<\/p>\n<!--[if lt IE 9]><script>document.createElement('audio');<\/script><![endif]-->\n<audio class=\"wp-audio-shortcode\" id=\"audio-3638-1\" preload=\"none\" style=\"width: 100%;\" controls=\"controls\"><source type=\"audio\/mpeg\" src=\"https:\/\/rcn-ong.be\/wp-content\/uploads\/2017\/08\/5_AntoineKaburahe_Capsule.mp3?_=1\" \/><a href=\"https:\/\/rcn-ong.be\/wp-content\/uploads\/2017\/08\/5_AntoineKaburahe_Capsule.mp3\">https:\/\/rcn-ong.be\/wp-content\/uploads\/2017\/08\/5_AntoineKaburahe_Capsule.mp3<\/a><\/audio>\n","protected":false},"excerpt":{"rendered":"<p><a href=\"https:\/\/rcn-ong.be\/wp-content\/uploads\/2015\/04\/5_AntoineKaburahe-e1430125947559.jpg\"><img loading=\"lazy\" decoding=\"async\" class=\"alignright size-medium wp-image-3614\" src=\"https:\/\/rcn-ong.be\/wp-content\/uploads\/2015\/04\/5_AntoineKaburahe-300x300.jpg\" alt=\"5_AntoineKaburahe\" width=\"300\" height=\"300\" \/><\/a><\/p>\n<p>Antoine KABURAHE est journaliste burundais. Sur les traces de son p\u00e8re &#8211; fondateur du premier journal catholique du Burundi &#8211; il devient journaliste, accompagne les premi\u00e8res \u00e9lections d\u00e9mocratiques au Burundi et assiste impuissant \u00e0 l\u2019assassinat de Ndadaye en 1993.<\/p>\n<p><span class=\"ellipsis\">&hellip;<\/span><\/p>\n<div class=\"read-more\"><a href=\"https:\/\/rcn-ong.be\/nl\/que-faisons-nous\/nos-outils-pedagogiques\/la-mallette-pedagogique\/si-cest-la-cest-ici-onze-portraits-radiophoniques-et-leur-histoire-a-onze-voix\/antoine-kaburahe-vivre-cest-transmettre\/\">Lees meer &#8250;<\/a><\/div>\n<p><!-- end of .read-more --><\/p>\n","protected":false},"author":3,"featured_media":0,"parent":3202,"menu_order":0,"comment_status":"open","ping_status":"open","template":"","meta":{"footnotes":""},"class_list":["post-3638","page","type-page","status-publish","hentry"],"_links":{"self":[{"href":"https:\/\/rcn-ong.be\/nl\/wp-json\/wp\/v2\/pages\/3638","targetHints":{"allow":["GET"]}}],"collection":[{"href":"https:\/\/rcn-ong.be\/nl\/wp-json\/wp\/v2\/pages"}],"about":[{"href":"https:\/\/rcn-ong.be\/nl\/wp-json\/wp\/v2\/types\/page"}],"author":[{"embeddable":true,"href":"https:\/\/rcn-ong.be\/nl\/wp-json\/wp\/v2\/users\/3"}],"replies":[{"embeddable":true,"href":"https:\/\/rcn-ong.be\/nl\/wp-json\/wp\/v2\/comments?post=3638"}],"version-history":[{"count":5,"href":"https:\/\/rcn-ong.be\/nl\/wp-json\/wp\/v2\/pages\/3638\/revisions"}],"predecessor-version":[{"id":6420,"href":"https:\/\/rcn-ong.be\/nl\/wp-json\/wp\/v2\/pages\/3638\/revisions\/6420"}],"up":[{"embeddable":true,"href":"https:\/\/rcn-ong.be\/nl\/wp-json\/wp\/v2\/pages\/3202"}],"wp:attachment":[{"href":"https:\/\/rcn-ong.be\/nl\/wp-json\/wp\/v2\/media?parent=3638"}],"curies":[{"name":"wp","href":"https:\/\/api.w.org\/{rel}","templated":true}]}}