{"id":3641,"date":"2015-04-23T10:53:31","date_gmt":"2015-04-23T10:53:31","guid":{"rendered":"https:\/\/rcn-ong.be\/?page_id=3641"},"modified":"2020-05-26T12:37:16","modified_gmt":"2020-05-26T10:37:16","slug":"petronille-vaweka-vivre-cest-oser","status":"publish","type":"page","link":"https:\/\/rcn-ong.be\/nl\/que-faisons-nous\/nos-outils-pedagogiques\/la-mallette-pedagogique\/si-cest-la-cest-ici-onze-portraits-radiophoniques-et-leur-histoire-a-onze-voix\/petronille-vaweka-vivre-cest-oser\/","title":{"rendered":"P\u00e9tronille Vaweka, &#8220;Vivre, c\u2019est oser&#8221;"},"content":{"rendered":"<p><a href=\"https:\/\/rcn-ong.be\/wp-content\/uploads\/2015\/04\/6_PetronilleVaweka-e1430125381584.jpg\"><img loading=\"lazy\" decoding=\"async\" class=\"alignright size-medium wp-image-3615\" src=\"https:\/\/rcn-ong.be\/wp-content\/uploads\/2015\/04\/6_PetronilleVaweka-300x300.jpg\" alt=\"6_PetronilleVaweka\" width=\"300\" height=\"300\" \/><\/a><\/p>\n<p>Femme politique congolaise, P\u00e9tronille VAWEKA est Commissaire de District de l\u2019Ituri. L\u2019Ituri est une vaste province de l\u2019est du Congo, dans laquelle les affrontements de groupes arm\u00e9s rebelles sont fr\u00e9quents et violents depuis de longues ann\u00e9es. P\u00e9tronille, c\u2019est un bel exemple de d\u00e9mocratie ; les gens sont venus la chercher, alors qu\u2019elle entamait une carri\u00e8re d\u2019infirmi\u00e8re. \u00ab Gouverne-nous, car tu es la seule capable de nous g\u00e9rer \u00bb !<\/p>\n<p>Et c\u2019est ainsi qu\u2019elle est devenue un r\u00e9f\u00e9rent politique incontournable en Ituri. P\u00e9tronille, lorsqu\u2019elle entend des tirs, ne se contente pas de d\u00e9crocher son t\u00e9l\u00e9phone ; elle prend une voiture et va sur le terrain, cherche les combattants, leur parle, r\u00e9cup\u00e8re les armes et rentre \u00e0 la maison. Lors de son mandat, elle a fait le tour de tous les camps de r\u00e9fugi\u00e9s de la province, d\u00e9couvrant parfois m\u00eame des populations dont elle ignorait l\u2019existence, perdues au milieu des montagnes congolaises. Malicieuse et t\u00eatue, elle accepte d\u2019\u00eatre imparfaite et ne cache pas ses frustrations ; elle parle avec son c\u0153ur et force le respect. Cette \u00e9mission montre \u00e0 quel point la politique est une affaire d\u2019humains ; c\u2019est un enseignement immense qu\u2019elle nous transmet \u00e0 travers son courage, sa t\u00e9nacit\u00e9 et sa rage de vie.<\/p>\n<p>Vous trouverez un extrait du r\u00e9cit (24 min) de P\u00e9tronille Vaweka ici :<\/p>\n<!--[if lt IE 9]><script>document.createElement('audio');<\/script><![endif]-->\n<audio class=\"wp-audio-shortcode\" id=\"audio-3641-1\" preload=\"none\" style=\"width: 100%;\" controls=\"controls\"><source type=\"audio\/mpeg\" src=\"https:\/\/rcn-ong.be\/wp-content\/uploads\/2017\/08\/6_PetronilleVaweka_Capsule.mp3?_=1\" \/><a href=\"https:\/\/rcn-ong.be\/wp-content\/uploads\/2017\/08\/6_PetronilleVaweka_Capsule.mp3\">https:\/\/rcn-ong.be\/wp-content\/uploads\/2017\/08\/6_PetronilleVaweka_Capsule.mp3<\/a><\/audio>\n","protected":false},"excerpt":{"rendered":"<p><a href=\"https:\/\/rcn-ong.be\/wp-content\/uploads\/2015\/04\/6_PetronilleVaweka-e1430125381584.jpg\"><img loading=\"lazy\" decoding=\"async\" class=\"alignright size-medium wp-image-3615\" src=\"https:\/\/rcn-ong.be\/wp-content\/uploads\/2015\/04\/6_PetronilleVaweka-300x300.jpg\" alt=\"6_PetronilleVaweka\" width=\"300\" height=\"300\" \/><\/a><\/p>\n<p>Femme politique congolaise, P\u00e9tronille VAWEKA est Commissaire de District de l\u2019Ituri. L\u2019Ituri est une vaste province de l\u2019est du Congo, dans laquelle les affrontements de groupes arm\u00e9s rebelles sont fr\u00e9quents et violents depuis de longues ann\u00e9es.<\/p>\n<p><span class=\"ellipsis\">&hellip;<\/span><\/p>\n<div class=\"read-more\"><a href=\"https:\/\/rcn-ong.be\/nl\/que-faisons-nous\/nos-outils-pedagogiques\/la-mallette-pedagogique\/si-cest-la-cest-ici-onze-portraits-radiophoniques-et-leur-histoire-a-onze-voix\/petronille-vaweka-vivre-cest-oser\/\">Lees meer &#8250;<\/a><\/div>\n<p><!-- end of .read-more --><\/p>\n","protected":false},"author":3,"featured_media":0,"parent":3202,"menu_order":0,"comment_status":"open","ping_status":"open","template":"","meta":{"footnotes":""},"class_list":["post-3641","page","type-page","status-publish","hentry"],"_links":{"self":[{"href":"https:\/\/rcn-ong.be\/nl\/wp-json\/wp\/v2\/pages\/3641","targetHints":{"allow":["GET"]}}],"collection":[{"href":"https:\/\/rcn-ong.be\/nl\/wp-json\/wp\/v2\/pages"}],"about":[{"href":"https:\/\/rcn-ong.be\/nl\/wp-json\/wp\/v2\/types\/page"}],"author":[{"embeddable":true,"href":"https:\/\/rcn-ong.be\/nl\/wp-json\/wp\/v2\/users\/3"}],"replies":[{"embeddable":true,"href":"https:\/\/rcn-ong.be\/nl\/wp-json\/wp\/v2\/comments?post=3641"}],"version-history":[{"count":4,"href":"https:\/\/rcn-ong.be\/nl\/wp-json\/wp\/v2\/pages\/3641\/revisions"}],"predecessor-version":[{"id":6425,"href":"https:\/\/rcn-ong.be\/nl\/wp-json\/wp\/v2\/pages\/3641\/revisions\/6425"}],"up":[{"embeddable":true,"href":"https:\/\/rcn-ong.be\/nl\/wp-json\/wp\/v2\/pages\/3202"}],"wp:attachment":[{"href":"https:\/\/rcn-ong.be\/nl\/wp-json\/wp\/v2\/media?parent=3641"}],"curies":[{"name":"wp","href":"https:\/\/api.w.org\/{rel}","templated":true}]}}