{"id":3644,"date":"2015-04-23T10:55:49","date_gmt":"2015-04-23T10:55:49","guid":{"rendered":"https:\/\/rcn-ong.be\/?page_id=3644"},"modified":"2020-05-26T12:38:18","modified_gmt":"2020-05-26T10:38:18","slug":"gasana-ndoba-vivre-cest-se-battre","status":"publish","type":"page","link":"https:\/\/rcn-ong.be\/nl\/que-faisons-nous\/nos-outils-pedagogiques\/la-mallette-pedagogique\/si-cest-la-cest-ici-onze-portraits-radiophoniques-et-leur-histoire-a-onze-voix\/gasana-ndoba-vivre-cest-se-battre\/","title":{"rendered":"Gasana Ndoba, &#8220;Vivre, c\u2019est se battre&#8221;"},"content":{"rendered":"<p><a href=\"https:\/\/rcn-ong.be\/wp-content\/uploads\/2015\/04\/7_GasanaNdoba-e1430125793311.jpg\"><img loading=\"lazy\" decoding=\"async\" class=\"alignright size-medium wp-image-3616\" src=\"https:\/\/rcn-ong.be\/wp-content\/uploads\/2015\/04\/7_GasanaNdoba-e1430125793311-300x300.jpg\" alt=\"7_GasanaNdoba\" width=\"300\" height=\"300\" srcset=\"https:\/\/rcn-ong.be\/wp-content\/uploads\/2015\/04\/7_GasanaNdoba-e1430125793311-300x300.jpg 300w, https:\/\/rcn-ong.be\/wp-content\/uploads\/2015\/04\/7_GasanaNdoba-e1430125793311-150x150.jpg 150w, https:\/\/rcn-ong.be\/wp-content\/uploads\/2015\/04\/7_GasanaNdoba-e1430125793311-100x100.jpg 100w, https:\/\/rcn-ong.be\/wp-content\/uploads\/2015\/04\/7_GasanaNdoba-e1430125793311-200x200.jpg 200w, https:\/\/rcn-ong.be\/wp-content\/uploads\/2015\/04\/7_GasanaNdoba-e1430125793311-450x450.jpg 450w, https:\/\/rcn-ong.be\/wp-content\/uploads\/2015\/04\/7_GasanaNdoba-e1430125793311.jpg 500w\" sizes=\"auto, (max-width: 300px) 100vw, 300px\" \/><\/a><\/p>\n<p>Gasana NDOBA est philologue de formation, reconnu aujourd\u2019hui comme un grand militant des droits de l\u2019homme au Rwanda. R\u00e9fugi\u00e9 en Belgique pendant de nombreuses ann\u00e9es, il est retourn\u00e9 \u00e0 Kigali o\u00f9 il vit d\u00e9sormais avec sa fille Sasa. La rencontre\u00a0s\u2019est pass\u00e9e au Rwanda, dans sa grande maison pleine de livres et de lumi\u00e8re\u2026 Gasana, c\u2019est le symbole de l\u2019homme rwandais \u2013 r\u00e9sidant en Belgique en 1994 &#8211; impuissant face \u00e0 l\u2019apathie de la communaut\u00e9 internationale pendant le g\u00e9nocide du Rwanda.<\/p>\n<p>A Bruxelles, il recevait des fax, des lettres, des appels au secours ; il tirait des sonnettes d\u2019alarme dans tous les sens sans que personne ne bouge. Repr\u00e9sentant du collectif des victimes et assistant les parties civiles au proc\u00e8s des Quatre de Butare \u00e0 Bruxelles en 2001, Pr\u00e9sident de la Commission Nationale des Droits de l\u2019Homme au Rwanda, ou encore charg\u00e9 de cours \u00e0 l\u2019Universit\u00e9 Nationale du Rwanda aussi, Gasana est d\u2019abord un homme simple, paradoxalement serein ; il pose ses mots, ses gestes et ses pens\u00e9es. Il inspire la confiance que nous tenterons de refl\u00e9ter dans ce septi\u00e8me portrait.<\/p>\n<p>Vous trouverez un extrait du r\u00e9cit (25 min) de Gasana Ndoba ici :<\/p>\n<!--[if lt IE 9]><script>document.createElement('audio');<\/script><![endif]-->\n<audio class=\"wp-audio-shortcode\" id=\"audio-3644-1\" preload=\"none\" style=\"width: 100%;\" controls=\"controls\"><source type=\"audio\/mpeg\" src=\"https:\/\/rcn-ong.be\/wp-content\/uploads\/2017\/08\/7_GasanaNdoba_Capsule.mp3?_=1\" \/><a href=\"https:\/\/rcn-ong.be\/wp-content\/uploads\/2017\/08\/7_GasanaNdoba_Capsule.mp3\">https:\/\/rcn-ong.be\/wp-content\/uploads\/2017\/08\/7_GasanaNdoba_Capsule.mp3<\/a><\/audio>\n","protected":false},"excerpt":{"rendered":"<p><a href=\"https:\/\/rcn-ong.be\/wp-content\/uploads\/2015\/04\/7_GasanaNdoba-e1430125793311.jpg\"><img loading=\"lazy\" decoding=\"async\" class=\"alignright size-medium wp-image-3616\" src=\"https:\/\/rcn-ong.be\/wp-content\/uploads\/2015\/04\/7_GasanaNdoba-e1430125793311-300x300.jpg\" alt=\"7_GasanaNdoba\" width=\"300\" height=\"300\" srcset=\"https:\/\/rcn-ong.be\/wp-content\/uploads\/2015\/04\/7_GasanaNdoba-e1430125793311-300x300.jpg 300w, https:\/\/rcn-ong.be\/wp-content\/uploads\/2015\/04\/7_GasanaNdoba-e1430125793311-150x150.jpg 150w, https:\/\/rcn-ong.be\/wp-content\/uploads\/2015\/04\/7_GasanaNdoba-e1430125793311-100x100.jpg 100w, https:\/\/rcn-ong.be\/wp-content\/uploads\/2015\/04\/7_GasanaNdoba-e1430125793311-200x200.jpg 200w, https:\/\/rcn-ong.be\/wp-content\/uploads\/2015\/04\/7_GasanaNdoba-e1430125793311-450x450.jpg 450w, https:\/\/rcn-ong.be\/wp-content\/uploads\/2015\/04\/7_GasanaNdoba-e1430125793311.jpg 500w\" sizes=\"auto, (max-width: 300px) 100vw, 300px\" \/><\/a><\/p>\n<p>Gasana NDOBA est philologue de formation, reconnu aujourd\u2019hui comme un grand militant des droits de l\u2019homme au Rwanda. R\u00e9fugi\u00e9 en Belgique pendant de nombreuses ann\u00e9es, il est retourn\u00e9 \u00e0 Kigali o\u00f9 il vit d\u00e9sormais avec sa fille Sasa.<\/p>\n<p><span class=\"ellipsis\">&hellip;<\/span><\/p>\n<div class=\"read-more\"><a href=\"https:\/\/rcn-ong.be\/nl\/que-faisons-nous\/nos-outils-pedagogiques\/la-mallette-pedagogique\/si-cest-la-cest-ici-onze-portraits-radiophoniques-et-leur-histoire-a-onze-voix\/gasana-ndoba-vivre-cest-se-battre\/\">Lees meer &#8250;<\/a><\/div>\n<p><!-- end of .read-more --><\/p>\n","protected":false},"author":3,"featured_media":0,"parent":3202,"menu_order":0,"comment_status":"open","ping_status":"open","template":"","meta":{"footnotes":""},"class_list":["post-3644","page","type-page","status-publish","hentry"],"_links":{"self":[{"href":"https:\/\/rcn-ong.be\/nl\/wp-json\/wp\/v2\/pages\/3644","targetHints":{"allow":["GET"]}}],"collection":[{"href":"https:\/\/rcn-ong.be\/nl\/wp-json\/wp\/v2\/pages"}],"about":[{"href":"https:\/\/rcn-ong.be\/nl\/wp-json\/wp\/v2\/types\/page"}],"author":[{"embeddable":true,"href":"https:\/\/rcn-ong.be\/nl\/wp-json\/wp\/v2\/users\/3"}],"replies":[{"embeddable":true,"href":"https:\/\/rcn-ong.be\/nl\/wp-json\/wp\/v2\/comments?post=3644"}],"version-history":[{"count":6,"href":"https:\/\/rcn-ong.be\/nl\/wp-json\/wp\/v2\/pages\/3644\/revisions"}],"predecessor-version":[{"id":6428,"href":"https:\/\/rcn-ong.be\/nl\/wp-json\/wp\/v2\/pages\/3644\/revisions\/6428"}],"up":[{"embeddable":true,"href":"https:\/\/rcn-ong.be\/nl\/wp-json\/wp\/v2\/pages\/3202"}],"wp:attachment":[{"href":"https:\/\/rcn-ong.be\/nl\/wp-json\/wp\/v2\/media?parent=3644"}],"curies":[{"name":"wp","href":"https:\/\/api.w.org\/{rel}","templated":true}]}}