{"id":3648,"date":"2015-04-23T10:59:02","date_gmt":"2015-04-23T10:59:02","guid":{"rendered":"https:\/\/rcn-ong.be\/?page_id=3648"},"modified":"2020-05-26T12:39:32","modified_gmt":"2020-05-26T10:39:32","slug":"pie-ntakarutimana-vivre-debout","status":"publish","type":"page","link":"https:\/\/rcn-ong.be\/nl\/que-faisons-nous\/nos-outils-pedagogiques\/la-mallette-pedagogique\/si-cest-la-cest-ici-onze-portraits-radiophoniques-et-leur-histoire-a-onze-voix\/pie-ntakarutimana-vivre-debout\/","title":{"rendered":"Pie Ntakarutimana, &#8220;Vivre debout&#8221;"},"content":{"rendered":"<p><a href=\"https:\/\/rcn-ong.be\/wp-content\/uploads\/2015\/04\/8_PieNtakarutimana-e1430125100163.jpg\"><img loading=\"lazy\" decoding=\"async\" class=\"alignright size-medium wp-image-3617\" src=\"https:\/\/rcn-ong.be\/wp-content\/uploads\/2015\/04\/8_PieNtakarutimana-300x300.jpg\" alt=\"8_PieNtakarutimana\" width=\"300\" height=\"300\" \/><\/a><\/p>\n<p>Pie NTAKARUTIMANA est un militant des droits de l\u2019homme au Burundi. Ing\u00e9nieur en \u00e9lectrom\u00e9canique, Pie travaillera dans une verrerie \u00e0 Bujumbura et dans la soci\u00e9t\u00e9 P\u00e9trobu. En 1993, sa famille est d\u00e9cim\u00e9e et il commence alors son combat de d\u00e9fense des droits humains. Successivement Pr\u00e9sident de la Ligue Iteka, repr\u00e9sentant de diverses associations de victimes entre autres, Pie est un homme public rest\u00e9 discret. C\u2019est la d\u00e9couverte d\u2019un homme calme et souffrant, enthousiaste et croyant.<\/p>\n<p>A la fois sombre et lumineux, je l\u2019ai enregistr\u00e9 les nuits, lorsque Bujumbura s\u2019endort, alors que les chiens hurlent, les criquets chantent et les crapauds les rejoignent. Dans cette ambiance nocturne, Pie va nous d\u00e9voiler son histoire ; ses relations\u00a0avec les criminels de sa famille, la difficult\u00e9 des circonlocutions burundaises, les deuils avort\u00e9s, ou encore les raisons obscures d\u2019un conflit larv\u00e9 depuis des ann\u00e9es. Pie se pr\u00e9sente, dans ses rapports complexes et fins avec la justice, qui nous d\u00e9cale dans notre mani\u00e8re de penser le monde au quotidien.<\/p>\n<p>Vous trouverez un extrait du r\u00e9cit (25 min) de Pie Ntakarutimana ici :<\/p>\n<!--[if lt IE 9]><script>document.createElement('audio');<\/script><![endif]-->\n<audio class=\"wp-audio-shortcode\" id=\"audio-3648-1\" preload=\"none\" style=\"width: 100%;\" controls=\"controls\"><source type=\"audio\/mpeg\" src=\"https:\/\/rcn-ong.be\/wp-content\/uploads\/2017\/08\/8_PieNtakarutimana_Capsule.mp3?_=1\" \/><a href=\"https:\/\/rcn-ong.be\/wp-content\/uploads\/2017\/08\/8_PieNtakarutimana_Capsule.mp3\">https:\/\/rcn-ong.be\/wp-content\/uploads\/2017\/08\/8_PieNtakarutimana_Capsule.mp3<\/a><\/audio>\n","protected":false},"excerpt":{"rendered":"<p><a href=\"https:\/\/rcn-ong.be\/wp-content\/uploads\/2015\/04\/8_PieNtakarutimana-e1430125100163.jpg\"><img loading=\"lazy\" decoding=\"async\" class=\"alignright size-medium wp-image-3617\" src=\"https:\/\/rcn-ong.be\/wp-content\/uploads\/2015\/04\/8_PieNtakarutimana-300x300.jpg\" alt=\"8_PieNtakarutimana\" width=\"300\" height=\"300\" \/><\/a><\/p>\n<p>Pie NTAKARUTIMANA est un militant des droits de l\u2019homme au Burundi. Ing\u00e9nieur en \u00e9lectrom\u00e9canique, Pie travaillera dans une verrerie \u00e0 Bujumbura et dans la soci\u00e9t\u00e9 P\u00e9trobu. En 1993, sa famille est d\u00e9cim\u00e9e et il commence alors son combat de d\u00e9fense des droits humains.<\/p>\n<p><span class=\"ellipsis\">&hellip;<\/span><\/p>\n<div class=\"read-more\"><a href=\"https:\/\/rcn-ong.be\/nl\/que-faisons-nous\/nos-outils-pedagogiques\/la-mallette-pedagogique\/si-cest-la-cest-ici-onze-portraits-radiophoniques-et-leur-histoire-a-onze-voix\/pie-ntakarutimana-vivre-debout\/\">Lees meer &#8250;<\/a><\/div>\n<p><!-- end of .read-more --><\/p>\n","protected":false},"author":3,"featured_media":0,"parent":3202,"menu_order":0,"comment_status":"open","ping_status":"open","template":"","meta":{"footnotes":""},"class_list":["post-3648","page","type-page","status-publish","hentry"],"_links":{"self":[{"href":"https:\/\/rcn-ong.be\/nl\/wp-json\/wp\/v2\/pages\/3648","targetHints":{"allow":["GET"]}}],"collection":[{"href":"https:\/\/rcn-ong.be\/nl\/wp-json\/wp\/v2\/pages"}],"about":[{"href":"https:\/\/rcn-ong.be\/nl\/wp-json\/wp\/v2\/types\/page"}],"author":[{"embeddable":true,"href":"https:\/\/rcn-ong.be\/nl\/wp-json\/wp\/v2\/users\/3"}],"replies":[{"embeddable":true,"href":"https:\/\/rcn-ong.be\/nl\/wp-json\/wp\/v2\/comments?post=3648"}],"version-history":[{"count":6,"href":"https:\/\/rcn-ong.be\/nl\/wp-json\/wp\/v2\/pages\/3648\/revisions"}],"predecessor-version":[{"id":6433,"href":"https:\/\/rcn-ong.be\/nl\/wp-json\/wp\/v2\/pages\/3648\/revisions\/6433"}],"up":[{"embeddable":true,"href":"https:\/\/rcn-ong.be\/nl\/wp-json\/wp\/v2\/pages\/3202"}],"wp:attachment":[{"href":"https:\/\/rcn-ong.be\/nl\/wp-json\/wp\/v2\/media?parent=3648"}],"curies":[{"name":"wp","href":"https:\/\/api.w.org\/{rel}","templated":true}]}}