{"id":3652,"date":"2015-04-23T11:02:16","date_gmt":"2015-04-23T11:02:16","guid":{"rendered":"https:\/\/rcn-ong.be\/?page_id=3652"},"modified":"2020-05-26T12:40:47","modified_gmt":"2020-05-26T10:40:47","slug":"jasmina-musabegovic-vivre-en-cercle","status":"publish","type":"page","link":"https:\/\/rcn-ong.be\/nl\/que-faisons-nous\/nos-outils-pedagogiques\/la-mallette-pedagogique\/si-cest-la-cest-ici-onze-portraits-radiophoniques-et-leur-histoire-a-onze-voix\/jasmina-musabegovic-vivre-en-cercle\/","title":{"rendered":"Jasmina Musabegovic, &#8220;Vivre en cercle&#8221;"},"content":{"rendered":"<p><a href=\"https:\/\/rcn-ong.be\/wp-content\/uploads\/2015\/04\/10_Jasmina-Musabegovic-e1430125038743.jpg\"><img loading=\"lazy\" decoding=\"async\" class=\"alignright size-medium wp-image-3619\" src=\"https:\/\/rcn-ong.be\/wp-content\/uploads\/2015\/04\/10_Jasmina-Musabegovic-300x300.jpg\" alt=\"10_Jasmina Musabegovic\" width=\"300\" height=\"300\" \/><\/a><\/p>\n<p>Jasmina Musabegovi\u0107 est une \u00e9crivain bosniaque ; une rencontre\u00a0\u00e0 Sarajevo, dans sa tour, encore cribl\u00e9e de balles et d\u2019obus, comme beaucoup d\u2019autres d\u2019ailleurs. Elle a v\u00e9cu deux guerres. Elle \u00e9crit. Elle raconte. Aux portes de l\u2019Europe, ce g\u00e9nocide nous interpelle, \u00f4 combien, dans la dramaturgie du \u00ab Si c\u2019est l\u00e0, c\u2019est ici \u00bb. Elle \u00e9voque le si\u00e8ge de Sarajevo, qui a ghetto\u00efs\u00e9 la ville et ses gens pendant plus de quatre ans. Jasmina est belle et malicieuse, mais son parcours est surr\u00e9aliste.<\/p>\n<p>Vous trouverez un extrait du r\u00e9cit (25 min) de Jasmina Musabegovic ici :<\/p>\n<!--[if lt IE 9]><script>document.createElement('audio');<\/script><![endif]-->\n<audio class=\"wp-audio-shortcode\" id=\"audio-3652-1\" preload=\"none\" style=\"width: 100%;\" controls=\"controls\"><source type=\"audio\/mpeg\" src=\"https:\/\/rcn-ong.be\/wp-content\/uploads\/2017\/08\/10_JasminaMusabegovic_Capsule.mp3?_=1\" \/><a href=\"https:\/\/rcn-ong.be\/wp-content\/uploads\/2017\/08\/10_JasminaMusabegovic_Capsule.mp3\">https:\/\/rcn-ong.be\/wp-content\/uploads\/2017\/08\/10_JasminaMusabegovic_Capsule.mp3<\/a><\/audio>\n","protected":false},"excerpt":{"rendered":"<p><a href=\"https:\/\/rcn-ong.be\/wp-content\/uploads\/2015\/04\/10_Jasmina-Musabegovic-e1430125038743.jpg\"><img loading=\"lazy\" decoding=\"async\" class=\"alignright size-medium wp-image-3619\" src=\"https:\/\/rcn-ong.be\/wp-content\/uploads\/2015\/04\/10_Jasmina-Musabegovic-300x300.jpg\" alt=\"10_Jasmina Musabegovic\" width=\"300\" height=\"300\" \/><\/a><\/p>\n<p>Jasmina Musabegovi\u0107 est une \u00e9crivain bosniaque ; une rencontre\u00a0\u00e0 Sarajevo, dans sa tour, encore cribl\u00e9e de balles et d\u2019obus, comme beaucoup d\u2019autres d\u2019ailleurs. Elle a v\u00e9cu deux guerres. Elle \u00e9crit. Elle raconte. Aux portes de l\u2019Europe,<\/p>\n<p><span class=\"ellipsis\">&hellip;<\/span><\/p>\n<div class=\"read-more\"><a href=\"https:\/\/rcn-ong.be\/nl\/que-faisons-nous\/nos-outils-pedagogiques\/la-mallette-pedagogique\/si-cest-la-cest-ici-onze-portraits-radiophoniques-et-leur-histoire-a-onze-voix\/jasmina-musabegovic-vivre-en-cercle\/\">Lees meer &#8250;<\/a><\/div>\n<p><!-- end of .read-more --><\/p>\n","protected":false},"author":3,"featured_media":0,"parent":3202,"menu_order":0,"comment_status":"open","ping_status":"open","template":"","meta":{"footnotes":""},"class_list":["post-3652","page","type-page","status-publish","hentry"],"_links":{"self":[{"href":"https:\/\/rcn-ong.be\/nl\/wp-json\/wp\/v2\/pages\/3652","targetHints":{"allow":["GET"]}}],"collection":[{"href":"https:\/\/rcn-ong.be\/nl\/wp-json\/wp\/v2\/pages"}],"about":[{"href":"https:\/\/rcn-ong.be\/nl\/wp-json\/wp\/v2\/types\/page"}],"author":[{"embeddable":true,"href":"https:\/\/rcn-ong.be\/nl\/wp-json\/wp\/v2\/users\/3"}],"replies":[{"embeddable":true,"href":"https:\/\/rcn-ong.be\/nl\/wp-json\/wp\/v2\/comments?post=3652"}],"version-history":[{"count":5,"href":"https:\/\/rcn-ong.be\/nl\/wp-json\/wp\/v2\/pages\/3652\/revisions"}],"predecessor-version":[{"id":6436,"href":"https:\/\/rcn-ong.be\/nl\/wp-json\/wp\/v2\/pages\/3652\/revisions\/6436"}],"up":[{"embeddable":true,"href":"https:\/\/rcn-ong.be\/nl\/wp-json\/wp\/v2\/pages\/3202"}],"wp:attachment":[{"href":"https:\/\/rcn-ong.be\/nl\/wp-json\/wp\/v2\/media?parent=3652"}],"curies":[{"name":"wp","href":"https:\/\/api.w.org\/{rel}","templated":true}]}}