{"id":3655,"date":"2015-04-23T11:04:56","date_gmt":"2015-04-23T11:04:56","guid":{"rendered":"https:\/\/rcn-ong.be\/?page_id=3655"},"modified":"2020-05-26T12:42:09","modified_gmt":"2020-05-26T10:42:09","slug":"thong-hoeung-ong-vivre-cest-comprendre","status":"publish","type":"page","link":"https:\/\/rcn-ong.be\/nl\/que-faisons-nous\/nos-outils-pedagogiques\/la-mallette-pedagogique\/si-cest-la-cest-ici-onze-portraits-radiophoniques-et-leur-histoire-a-onze-voix\/thong-hoeung-ong-vivre-cest-comprendre\/","title":{"rendered":"Thong Hoeung Ong, &#8220;Vivre, c\u2019est comprendre&#8221;"},"content":{"rendered":"<p><a href=\"https:\/\/rcn-ong.be\/wp-content\/uploads\/2015\/04\/9_Thong-Hoeung-Ong-e1430125067458.jpg\"><img loading=\"lazy\" decoding=\"async\" class=\"alignright size-medium wp-image-3618\" src=\"https:\/\/rcn-ong.be\/wp-content\/uploads\/2015\/04\/9_Thong-Hoeung-Ong-300x300.jpg\" alt=\"9_Thong Hoeung Ong\" width=\"300\" height=\"300\" \/><\/a><\/p>\n<p>Archiviste cambodgien, Thong Hoeung Ong a surv\u00e9cu aux nombreux camps de r\u00e9\u00e9ducation sous le r\u00e9gime des Khmers Rouges. Aujourd\u2019hui, il s\u2019appr\u00eate \u00e0 t\u00e9moigner dans les premiers proc\u00e8s des Khmers Rouges qui d\u00e9butent dans quelques mois. Apr\u00e8s un g\u00e9nocide d\u2019une barbarie indicible, il est devenu archiviste du camp S21, transform\u00e9 petit \u00e0 petit en lieu de m\u00e9moire. Il raconte le pi\u00e8ge dans lequel il est tomb\u00e9, et tente de comprendre l\u2019endoctrinement politique dont il souffre encore aujourd\u2019hui.<\/p>\n<p>Vous trouverez un extrait du r\u00e9cit (25 min) de Thong Hoeung Ong ici :<\/p>\n<!--[if lt IE 9]><script>document.createElement('audio');<\/script><![endif]-->\n<audio class=\"wp-audio-shortcode\" id=\"audio-3655-1\" preload=\"none\" style=\"width: 100%;\" controls=\"controls\"><source type=\"audio\/mpeg\" src=\"https:\/\/rcn-ong.be\/wp-content\/uploads\/2017\/08\/9_ThongHoeungOng_Capsule.mp3?_=1\" \/><a href=\"https:\/\/rcn-ong.be\/wp-content\/uploads\/2017\/08\/9_ThongHoeungOng_Capsule.mp3\">https:\/\/rcn-ong.be\/wp-content\/uploads\/2017\/08\/9_ThongHoeungOng_Capsule.mp3<\/a><\/audio>\n","protected":false},"excerpt":{"rendered":"<p><a href=\"https:\/\/rcn-ong.be\/wp-content\/uploads\/2015\/04\/9_Thong-Hoeung-Ong-e1430125067458.jpg\"><img loading=\"lazy\" decoding=\"async\" class=\"alignright size-medium wp-image-3618\" src=\"https:\/\/rcn-ong.be\/wp-content\/uploads\/2015\/04\/9_Thong-Hoeung-Ong-300x300.jpg\" alt=\"9_Thong Hoeung Ong\" width=\"300\" height=\"300\" \/><\/a><\/p>\n<p>Archiviste cambodgien, Thong Hoeung Ong a surv\u00e9cu aux nombreux camps de r\u00e9\u00e9ducation sous le r\u00e9gime des Khmers Rouges. Aujourd\u2019hui, il s\u2019appr\u00eate \u00e0 t\u00e9moigner dans les premiers proc\u00e8s des Khmers Rouges qui d\u00e9butent dans quelques mois.<\/p>\n<p><span class=\"ellipsis\">&hellip;<\/span><\/p>\n<div class=\"read-more\"><a href=\"https:\/\/rcn-ong.be\/nl\/que-faisons-nous\/nos-outils-pedagogiques\/la-mallette-pedagogique\/si-cest-la-cest-ici-onze-portraits-radiophoniques-et-leur-histoire-a-onze-voix\/thong-hoeung-ong-vivre-cest-comprendre\/\">Lees meer &#8250;<\/a><\/div>\n<p><!-- end of .read-more --><\/p>\n","protected":false},"author":3,"featured_media":0,"parent":3202,"menu_order":0,"comment_status":"open","ping_status":"open","template":"","meta":{"footnotes":""},"class_list":["post-3655","page","type-page","status-publish","hentry"],"_links":{"self":[{"href":"https:\/\/rcn-ong.be\/nl\/wp-json\/wp\/v2\/pages\/3655","targetHints":{"allow":["GET"]}}],"collection":[{"href":"https:\/\/rcn-ong.be\/nl\/wp-json\/wp\/v2\/pages"}],"about":[{"href":"https:\/\/rcn-ong.be\/nl\/wp-json\/wp\/v2\/types\/page"}],"author":[{"embeddable":true,"href":"https:\/\/rcn-ong.be\/nl\/wp-json\/wp\/v2\/users\/3"}],"replies":[{"embeddable":true,"href":"https:\/\/rcn-ong.be\/nl\/wp-json\/wp\/v2\/comments?post=3655"}],"version-history":[{"count":4,"href":"https:\/\/rcn-ong.be\/nl\/wp-json\/wp\/v2\/pages\/3655\/revisions"}],"predecessor-version":[{"id":6439,"href":"https:\/\/rcn-ong.be\/nl\/wp-json\/wp\/v2\/pages\/3655\/revisions\/6439"}],"up":[{"embeddable":true,"href":"https:\/\/rcn-ong.be\/nl\/wp-json\/wp\/v2\/pages\/3202"}],"wp:attachment":[{"href":"https:\/\/rcn-ong.be\/nl\/wp-json\/wp\/v2\/media?parent=3655"}],"curies":[{"name":"wp","href":"https:\/\/api.w.org\/{rel}","templated":true}]}}