{"id":3658,"date":"2015-04-23T11:10:04","date_gmt":"2015-04-23T11:10:04","guid":{"rendered":"https:\/\/rcn-ong.be\/?page_id=3658"},"modified":"2020-05-26T12:43:18","modified_gmt":"2020-05-26T10:43:18","slug":"pierre-vincke-vivre-cest-douter","status":"publish","type":"page","link":"https:\/\/rcn-ong.be\/nl\/que-faisons-nous\/nos-outils-pedagogiques\/la-mallette-pedagogique\/si-cest-la-cest-ici-onze-portraits-radiophoniques-et-leur-histoire-a-onze-voix\/pierre-vincke-vivre-cest-douter\/","title":{"rendered":"Pierre Vincke, &#8220;Vivre, c\u2019est douter&#8221;"},"content":{"rendered":"<p><a href=\"https:\/\/rcn-ong.be\/wp-content\/uploads\/2015\/04\/11_Pierre-Vincke-e1430124930817.jpg\"><img loading=\"lazy\" decoding=\"async\" class=\"alignright size-medium wp-image-3620\" src=\"https:\/\/rcn-ong.be\/wp-content\/uploads\/2015\/04\/11_Pierre-Vincke-300x298.jpg\" alt=\"11_Pierre Vincke\" width=\"300\" height=\"298\" \/><\/a><\/p>\n<p>Juriste, acteur, metteur en sc\u00e8ne, socioth\u00e9rapeute, Pierre Vincke a \u00e9t\u00e9 aussi le directeur de RCN Justice &amp; D\u00e9mocratie pendant dix ans. Apr\u00e8s une enfance pass\u00e9e\u00a0au Congo et un retour violent en Belgique, il entame des \u00e9tudes de droit qu\u2019il abandonne au profit d\u2019une carri\u00e8re th\u00e9\u00e2trale. Il reprendra ses \u00e9tudes bien plus tard, pour s\u2019engager dans la d\u00e9fense des droits de l\u2019homme dans les Grands Lacs Africains. Je me suis entretenue avec lui dans l\u2019espace vide de la Chapelle des Brigittines \u00e0 Bruxelles, qui lui rem\u00e9more par ailleurs, des spectacles qu\u2019il y a jou\u00e9s. La parole\u2026 Un art ? Un besoin ? Une justice ? Pierre Vincke pr\u00e9sente la posture du Belge \u00ab qui n\u2019a pas v\u00e9cu le g\u00e9nocide \u00bb, mais qui prend part \u00e0 la reconstruction collective de peuples meurtris.<\/p>\n<p>Vous trouverez un extrait du r\u00e9cit (25 min) de Pierre Vincke ici :<\/p>\n<!--[if lt IE 9]><script>document.createElement('audio');<\/script><![endif]-->\n<audio class=\"wp-audio-shortcode\" id=\"audio-3658-1\" preload=\"none\" style=\"width: 100%;\" controls=\"controls\"><source type=\"audio\/mpeg\" src=\"https:\/\/rcn-ong.be\/wp-content\/uploads\/2017\/08\/11_PierreVincke_Capsule.mp3?_=1\" \/><a href=\"https:\/\/rcn-ong.be\/wp-content\/uploads\/2017\/08\/11_PierreVincke_Capsule.mp3\">https:\/\/rcn-ong.be\/wp-content\/uploads\/2017\/08\/11_PierreVincke_Capsule.mp3<\/a><\/audio>\n","protected":false},"excerpt":{"rendered":"<p><a href=\"https:\/\/rcn-ong.be\/wp-content\/uploads\/2015\/04\/11_Pierre-Vincke-e1430124930817.jpg\"><img loading=\"lazy\" decoding=\"async\" class=\"alignright size-medium wp-image-3620\" src=\"https:\/\/rcn-ong.be\/wp-content\/uploads\/2015\/04\/11_Pierre-Vincke-300x298.jpg\" alt=\"11_Pierre Vincke\" width=\"300\" height=\"298\" \/><\/a><\/p>\n<p>Juriste, acteur, metteur en sc\u00e8ne, socioth\u00e9rapeute, Pierre Vincke a \u00e9t\u00e9 aussi le directeur de RCN Justice &amp; D\u00e9mocratie pendant dix ans. Apr\u00e8s une enfance pass\u00e9e\u00a0au Congo et un retour violent en Belgique, il entame des \u00e9tudes de droit qu\u2019il abandonne au profit d\u2019une carri\u00e8re th\u00e9\u00e2trale.<\/p>\n<p><span class=\"ellipsis\">&hellip;<\/span><\/p>\n<div class=\"read-more\"><a href=\"https:\/\/rcn-ong.be\/nl\/que-faisons-nous\/nos-outils-pedagogiques\/la-mallette-pedagogique\/si-cest-la-cest-ici-onze-portraits-radiophoniques-et-leur-histoire-a-onze-voix\/pierre-vincke-vivre-cest-douter\/\">Lees meer &#8250;<\/a><\/div>\n<p><!-- end of .read-more --><\/p>\n","protected":false},"author":3,"featured_media":0,"parent":3202,"menu_order":0,"comment_status":"open","ping_status":"open","template":"","meta":{"footnotes":""},"class_list":["post-3658","page","type-page","status-publish","hentry"],"_links":{"self":[{"href":"https:\/\/rcn-ong.be\/nl\/wp-json\/wp\/v2\/pages\/3658","targetHints":{"allow":["GET"]}}],"collection":[{"href":"https:\/\/rcn-ong.be\/nl\/wp-json\/wp\/v2\/pages"}],"about":[{"href":"https:\/\/rcn-ong.be\/nl\/wp-json\/wp\/v2\/types\/page"}],"author":[{"embeddable":true,"href":"https:\/\/rcn-ong.be\/nl\/wp-json\/wp\/v2\/users\/3"}],"replies":[{"embeddable":true,"href":"https:\/\/rcn-ong.be\/nl\/wp-json\/wp\/v2\/comments?post=3658"}],"version-history":[{"count":5,"href":"https:\/\/rcn-ong.be\/nl\/wp-json\/wp\/v2\/pages\/3658\/revisions"}],"predecessor-version":[{"id":6440,"href":"https:\/\/rcn-ong.be\/nl\/wp-json\/wp\/v2\/pages\/3658\/revisions\/6440"}],"up":[{"embeddable":true,"href":"https:\/\/rcn-ong.be\/nl\/wp-json\/wp\/v2\/pages\/3202"}],"wp:attachment":[{"href":"https:\/\/rcn-ong.be\/nl\/wp-json\/wp\/v2\/media?parent=3658"}],"curies":[{"name":"wp","href":"https:\/\/api.w.org\/{rel}","templated":true}]}}