{"id":4502,"date":"2018-01-11T16:26:30","date_gmt":"2018-01-11T16:26:30","guid":{"rendered":"https:\/\/rcn-ong.be\/?page_id=4502\/"},"modified":"2018-01-11T16:33:59","modified_gmt":"2018-01-11T16:33:59","slug":"mars-2016-note-de-plaidoyer-pour-un-meilleur-acces-des-femmes-a-la-justice-au-burundi","status":"publish","type":"page","link":"https:\/\/rcn-ong.be\/nl\/publications\/etudes\/mars-2016-note-de-plaidoyer-pour-un-meilleur-acces-des-femmes-a-la-justice-au-burundi\/","title":{"rendered":"Mars 2016 &#8211; Note de plaidoyer : pour un meilleur acc\u00e8s des femmes \u00e0 la justice au Burundi"},"content":{"rendered":"<p>En d\u00e9pit des efforts affich\u00e9s par le Gouvernement Burundais en mati\u00e8re de renforcement d\u2019acc\u00e8s \u00e0 la justice et de promotion l\u2019\u00e9galit\u00e9 de genre, l\u2019acc\u00e8s effectif \u00e0 la justice demeure un processus complexe et peu transparent pour la majorit\u00e9 de la population, et en particulier pour les femmes. Le manque d\u2019adaptation de certains m\u00e9canismes aux besoins r\u00e9els de la population et le manque de connaissance du droit par cette derni\u00e8re, aggrav\u00e9 par le \u2018pluralisme juridique\u2019 de la justice de proximit\u00e9, entre droit moderne et droit coutumier, sont des facteurs de cette difficult\u00e9 d\u2019acc\u00e8s. Parmi les usticiables, les femmes rencontrent des difficult\u00e9s plus grandes que les hommes pour faire valoir leurs droits et acc\u00e9der \u00e0 la justice au Burundi. En effet, la faible repr\u00e9sentativit\u00e9 f\u00e9minine au sein des institutions de proximit\u00e9, des obstacles socioculturels fond\u00e9s sur un mod\u00e8le patriarcal de la soci\u00e9t\u00e9, l\u2019absence de lois sur les successions, r\u00e9gimes matrimoniaux et lib\u00e9ralit\u00e9s et sur la pr\u00e9vention, protection des victimes et r\u00e9pressions des violences bas\u00e9es sur le genre, sont autant de facteurs expliquant les difficult\u00e9s d\u2019acc\u00e8s \u00e0 la justice des femmes, notamment en mati\u00e8re de violences sexuelles et domestiques, de droits fonciers et de succession.<\/p>\n<p>Partant de ces constats, fruit du travail de terrain de plusieurs dizaines d\u2019ann\u00e9es, RCN Justice &amp; D\u00e9mocratie (RCN J&amp;D), l\u2019Association Dushirehamwe et le Collectif des Associations et ONG F\u00e9minines du Burundi (CAFOB), dans le cadre du projet &#8220;Renforcement de la concertation et du plaidoyer pour<br class=\"autobr\" \/>l\u2019am\u00e9lioration de l\u2019acc\u00e8s des femmes \u00e0 la justice&#8221;, financ\u00e9 par l\u2019Union europ\u00e9enne, ont r\u00e9alis\u00e9 plusieurs activit\u00e9s ayant pour but de porter les dol\u00e9ances des femmes en mati\u00e8re d\u2019acc\u00e8s \u00e0 la justice au sein des cadres de concertation et de plaider pour les droits des femmes aux niveaux local et national.<\/p>\n<p>Pour consulter la note, <a href=\"https:\/\/rcn-ong.be\/wp-content\/uploads\/2018\/01\/20160225_BUR-Note_de_plaidoyer_VOUT.pdf\" target=\"_blank\" rel=\"noopener\">cliquez ici<\/a><\/p>\n","protected":false},"excerpt":{"rendered":"<p>En d\u00e9pit des efforts affich\u00e9s par le Gouvernement Burundais en mati\u00e8re de renforcement d\u2019acc\u00e8s \u00e0 la justice et de promotion l\u2019\u00e9galit\u00e9 de genre, l\u2019acc\u00e8s effectif \u00e0 la justice demeure un processus complexe et peu transparent pour la majorit\u00e9 de la population,<\/p>\n<p><span class=\"ellipsis\">&hellip;<\/span><\/p>\n<div class=\"read-more\"><a href=\"https:\/\/rcn-ong.be\/nl\/publications\/etudes\/mars-2016-note-de-plaidoyer-pour-un-meilleur-acces-des-femmes-a-la-justice-au-burundi\/\">Lees meer &#8250;<\/a><\/div>\n<p><!-- end of .read-more --><\/p>\n","protected":false},"author":3,"featured_media":0,"parent":2077,"menu_order":0,"comment_status":"closed","ping_status":"closed","template":"","meta":{"footnotes":""},"class_list":["post-4502","page","type-page","status-publish","hentry"],"_links":{"self":[{"href":"https:\/\/rcn-ong.be\/nl\/wp-json\/wp\/v2\/pages\/4502","targetHints":{"allow":["GET"]}}],"collection":[{"href":"https:\/\/rcn-ong.be\/nl\/wp-json\/wp\/v2\/pages"}],"about":[{"href":"https:\/\/rcn-ong.be\/nl\/wp-json\/wp\/v2\/types\/page"}],"author":[{"embeddable":true,"href":"https:\/\/rcn-ong.be\/nl\/wp-json\/wp\/v2\/users\/3"}],"replies":[{"embeddable":true,"href":"https:\/\/rcn-ong.be\/nl\/wp-json\/wp\/v2\/comments?post=4502"}],"version-history":[{"count":3,"href":"https:\/\/rcn-ong.be\/nl\/wp-json\/wp\/v2\/pages\/4502\/revisions"}],"predecessor-version":[{"id":4510,"href":"https:\/\/rcn-ong.be\/nl\/wp-json\/wp\/v2\/pages\/4502\/revisions\/4510"}],"up":[{"embeddable":true,"href":"https:\/\/rcn-ong.be\/nl\/wp-json\/wp\/v2\/pages\/2077"}],"wp:attachment":[{"href":"https:\/\/rcn-ong.be\/nl\/wp-json\/wp\/v2\/media?parent=4502"}],"curies":[{"name":"wp","href":"https:\/\/api.w.org\/{rel}","templated":true}]}}