{"id":4627,"date":"2019-01-17T15:15:00","date_gmt":"2019-01-17T15:15:00","guid":{"rendered":"https:\/\/rcn-ong.be\/?page_id=4627\/"},"modified":"2019-01-17T15:15:00","modified_gmt":"2019-01-17T15:15:00","slug":"stage-thematique-etat-de-droit-et-migration-a-bruxelles","status":"publish","type":"page","link":"https:\/\/rcn-ong.be\/nl\/agir-participer\/offres-demploi\/postes-ouverts\/stage-thematique-etat-de-droit-et-migration-a-bruxelles\/","title":{"rendered":"Stage th\u00e9matique Etat de droit et Migration \u00e0 Bruxelles"},"content":{"rendered":"<p>RCN J&amp;D est une ONG belge qui m\u00e8ne depuis 1994 des projets de reconstruction de l\u2019Etat de droit dans diff\u00e9rents pays en transition ou en d\u00e9veloppement. Pour servir la soci\u00e9t\u00e9 et les personnes, la justice doit s\u2019adapter aux r\u00e9alit\u00e9s et besoins sociaux, \u00e9conomiques et culturels\u00a0; permettre le dialogue et le maintien du lien social\u00a0; \u00eatre accessible \u00e0 tous\u00a0; instituer des normes et des pratiques positives garantissant les libert\u00e9s et l\u2019\u00e9galit\u00e9 devant la loi\u00a0; lutter contre l\u2019impunit\u00e9 des crimes les plus graves et enfin respecter les principes de l\u2019Etat de droit.<\/p>\n<p>La mission de RCN J&amp;D est de \u00ab\u00a0Promouvoir et appuyer une Justice de Proximit\u00e9 et une Justice Transitionnelle, ainsi que des pratiques d\u00e9mocratiques dans des soci\u00e9t\u00e9s et des Etats en transition ou en d\u00e9veloppement et sensibiliser le public europ\u00e9en \u00e0 la pr\u00e9vention des conflits.\u00a0\u00bb. RCN J&amp;D identifie le renforcement des principes et m\u00e9canismes de la justice comme vecteur essentiel pour le d\u00e9veloppement et la paix durables.<\/p>\n<p>Ses actions de soutien \u00e0 la reconstruction du syst\u00e8me judiciaire s\u2019adressent tant aux op\u00e9rateurs institutionnels qu\u2019\u00e0 la soci\u00e9t\u00e9 civile. A travers ses activit\u00e9s, RCN J&amp;D contribue \u00e0 l\u2019institution d\u2019une justice au service de la soci\u00e9t\u00e9 et des personnes, garantissant les droits des plus vuln\u00e9rables.<\/p>\n<p>RCN J&amp;D intervient actuellement en RDC, au Rwanda, au Burundi, au Maroc et en Europe.<\/p>\n<p>RCN Justice &amp; D\u00e9mocratie recrute un stagiaire Direction.<\/p>\n<p><strong>Profil recherch\u00e9<\/strong><\/p>\n<ul class=\"spip\">\n<li>Dipl\u00f4m\u00e9 en droit, sciences politiques ou comparables<\/li>\n<li>Avoir des connaissances de base des th\u00e9matiques\u00a0: Migration et Etat de droit<\/li>\n<li>Niveau d\u2019\u00e9tudes\u00a0: Master<\/li>\n<li>Capacit\u00e9 de synth\u00e8se et d\u2019analyse<\/li>\n<li>Capacit\u00e9 r\u00e9dactionnelle<\/li>\n<li>Ma\u00eetrise des logiciels informatiques courants (Word, Excel, power point\u2026)<\/li>\n<li>Bonne ma\u00eetrise du fran\u00e7ais et de l\u2019anglais<\/li>\n<\/ul>\n<p><strong>T\u00e2ches<\/strong><\/p>\n<ul class=\"spip\">\n<li>Le stagiaire travaille sous la responsabilit\u00e9 de la Direction<\/li>\n<li>Le stagiaire contribue \u00e0 la recherche et la pr\u00e9paration d\u2019interventions sur 2 th\u00e9matiques\u00a0:\n<ul class=\"spip\">\n<li>Etat de droit<\/li>\n<li>Migration<\/li>\n<\/ul>\n<\/li>\n<li>participe \u00e0 la recherche contextuelle et \u00e0 d\u2019autres analyses juridiques<\/li>\n<li>participe aux r\u00e9unions d\u2019\u00e9quipe et programmatique<\/li>\n<li>Effectue d\u2019autres t\u00e2ches ponctuelles<\/li>\n<\/ul>\n<p><strong>Conditions<\/strong><\/p>\n<ul class=\"spip\">\n<li>Dur\u00e9e du stage\u00a0: temps plein ou 4\/5 pour 3 mois minimum<\/li>\n<li>Lieu\u00a0: Bruxelles (si\u00e8ge de RCN J&amp;D)<\/li>\n<li>Conditions\u00a0: Remboursement des frais de transport, sur pr\u00e9sentation des pi\u00e8ces justificatives<\/li>\n<li>RCN J&amp;D n\u2019intervient pas dans la proc\u00e9dure \u00e9ventuelle pour obtenir un visa<\/li>\n<\/ul>\n<p>Une lettre de motivation accompagn\u00e9e d\u2019un CV doit \u00eatre adress\u00e9e en fran\u00e7ais \u00e0 Martien Schotsmans en mentionnant \u00ab\u00a0Stage Direction\u00a0\u00bb \u00e0 l\u2019adresse suivante\u00a0: job@rcn-ong.be. Les candidats sont invit\u00e9s \u00e0 pr\u00e9ciser leurs disponibilit\u00e9s dans la lettre de motivation.<\/p>\n<p><strong>Seuls les candidats retenus seront contact\u00e9s.<\/strong><\/p>\n","protected":false},"excerpt":{"rendered":"<p>RCN J&amp;D est une ONG belge qui m\u00e8ne depuis 1994 des projets de reconstruction de l\u2019Etat de droit dans diff\u00e9rents pays en transition ou en d\u00e9veloppement. Pour servir la soci\u00e9t\u00e9 et les personnes, la justice doit s\u2019adapter aux r\u00e9alit\u00e9s et besoins sociaux,<\/p>\n<p><span class=\"ellipsis\">&hellip;<\/span><\/p>\n<div class=\"read-more\"><a href=\"https:\/\/rcn-ong.be\/nl\/agir-participer\/offres-demploi\/postes-ouverts\/stage-thematique-etat-de-droit-et-migration-a-bruxelles\/\">Lees meer &#8250;<\/a><\/div>\n<p><!-- end of .read-more --><\/p>\n","protected":false},"author":3,"featured_media":0,"parent":2810,"menu_order":0,"comment_status":"closed","ping_status":"closed","template":"","meta":{"footnotes":""},"class_list":["post-4627","page","type-page","status-publish","hentry"],"_links":{"self":[{"href":"https:\/\/rcn-ong.be\/nl\/wp-json\/wp\/v2\/pages\/4627","targetHints":{"allow":["GET"]}}],"collection":[{"href":"https:\/\/rcn-ong.be\/nl\/wp-json\/wp\/v2\/pages"}],"about":[{"href":"https:\/\/rcn-ong.be\/nl\/wp-json\/wp\/v2\/types\/page"}],"author":[{"embeddable":true,"href":"https:\/\/rcn-ong.be\/nl\/wp-json\/wp\/v2\/users\/3"}],"replies":[{"embeddable":true,"href":"https:\/\/rcn-ong.be\/nl\/wp-json\/wp\/v2\/comments?post=4627"}],"version-history":[{"count":1,"href":"https:\/\/rcn-ong.be\/nl\/wp-json\/wp\/v2\/pages\/4627\/revisions"}],"predecessor-version":[{"id":4628,"href":"https:\/\/rcn-ong.be\/nl\/wp-json\/wp\/v2\/pages\/4627\/revisions\/4628"}],"up":[{"embeddable":true,"href":"https:\/\/rcn-ong.be\/nl\/wp-json\/wp\/v2\/pages\/2810"}],"wp:attachment":[{"href":"https:\/\/rcn-ong.be\/nl\/wp-json\/wp\/v2\/media?parent=4627"}],"curies":[{"name":"wp","href":"https:\/\/api.w.org\/{rel}","templated":true}]}}