{"id":4773,"date":"2019-10-07T13:08:36","date_gmt":"2019-10-07T11:08:36","guid":{"rendered":"https:\/\/rcn-ong.be\/?page_id=4773"},"modified":"2019-10-07T13:08:36","modified_gmt":"2019-10-07T11:08:36","slug":"une-stagiaire-en-communication","status":"publish","type":"page","link":"https:\/\/rcn-ong.be\/nl\/agir-participer\/offres-demploi\/une-stagiaire-en-communication\/","title":{"rendered":"Un(e) stagiaire en Communication"},"content":{"rendered":"\n<p>RCN J&amp;D est une ONG belge qui m\u00e8ne depuis 1994 des projets de reconstruction de l\u2019Etat de droit dans diff\u00e9rents pays en transition ou en d\u00e9veloppement. RCN J&amp;D intervient actuellement en RDC, au Rwanda, au Burundi, au Maroc et en Europe. La mission de RCN J&amp;D est de \u00ab&nbsp;Promouvoir et appuyer une Justice de Proximit\u00e9 et une Justice Transitionnelle, ainsi que des pratiques d\u00e9mocratiques dans des soci\u00e9t\u00e9s et des Etats en transition ou en d\u00e9veloppement, et sensibiliser le public europ\u00e9en \u00e0 la pr\u00e9vention des conflits&nbsp;\u00bb. RCN J&amp;D identifie le renforcement des principes et m\u00e9canismes de la justice comme vecteur essentiel pour le d\u00e9veloppement et la paix durables.<\/p>\n\n\n\n<p>RCN Justice &amp; D\u00e9mocratie recherche un(e) stagiaire en Communication&nbsp;:<br>\nLa fonction du stagiaire en communication vise, en externe, \u00e0 renforcer la visibilit\u00e9 et la cr\u00e9dibilit\u00e9 de l\u2019action de RCN Justice &amp; D\u00e9mocratie. En interne, elle vise \u00e0 permettre une communication fluide et efficace.<\/p>\n\n\n\n<p>En collaboration avec les Responsables Programmes, les T\u00e2ches principales du stagiaire sont&nbsp;:<\/p>\n\n\n\n<p>1.\tCommunication externe&nbsp;:<\/p>\n\n\n\n<p> \tContribuer \u00e0 la r\u00e9alisation de la strat\u00e9gie de communication globale de l\u2019organisation, cr\u00e9ation d\u2019outils et mise en \u0153uvre des activit\u00e9s&nbsp;;<br>\n \tS\u2019assurer de la coh\u00e9rence des messages et de l\u2019identit\u00e9 visuelle de l\u2019organisation, notamment en veillant au respect de la ligne \u00e9ditoriale et de la charte graphique&nbsp;;<br>\n \tGestion du site web et des plateformes en ligne&nbsp;: mise \u00e0 jour, mise en ligne, organisation des pages, enrichissement du contenu (textes, vid\u00e9os, photos)&nbsp;;<br>\n \tPr\u00e9paration des communiqu\u00e9s&nbsp;: collecte d\u2019info, mis en page, relecture, diffusion&nbsp;;<br>\n \tGestion de la newsletter et participation \u00e0 la r\u00e9daction des rapports&nbsp;: collecte d\u2019info et\/ou de t\u00e9moignages, r\u00e9daction d\u2019articles, relecture, mise en ligne, diffusion, gestion de la liste de contacts&nbsp;;<br>\n \tCorrection, relecture, projets sp\u00e9ciaux (\u00e9dition de livres, brochures, d\u00e9pliants, etc.)&nbsp;;<br>\n \tRelations prestataires (maquettistes, imprimeurs et autres)&nbsp;;<br>\n \tSuivi des m\u00e9dias sociaux&nbsp;;<br>\n \tSupport administratif et logistique selon les besoins.<\/p>\n\n\n\n<p>2.\tCommunication interne&nbsp;:<\/p>\n\n\n\n<p> \tContribue \u00e0 la d\u00e9finition, la coordination et la mise en \u0153uvre la strat\u00e9gie de communication interne&nbsp;;<br>\n \tIdentifie, d\u00e9veloppe et anime des outils de communication ayant pour but d\u2019informer et de motiver les \u00e9quipes, d\u2019assurer une communication optimale entre tous les collaborateurs de RCN J&amp;D.<br>\nProfil recherch\u00e9&nbsp;:<\/p>\n\n\n\n<p> \tEtudiant(e) ou dipl\u00f4m\u00e9(e) ayant un int\u00e9r\u00eat av\u00e9r\u00e9 pour la communication, le journalisme, l\u2019infographie ou toute autre exp\u00e9rience pouvant s\u2019av\u00e9rer utile pour la fonction&nbsp;;<br>\n \tCapacit\u00e9 de synth\u00e8se et d\u2019analyse&nbsp;;<br>\n \tCapacit\u00e9 r\u00e9dactionnelle en fran\u00e7ais, une connaissance du n\u00e9erlandais et de l\u2019anglais est un atout&nbsp;;<br>\n \tMa\u00eetrise des logiciels courants (MS Office), bases en graphisme (Publisher, InDesign, etc.), et bonne ma\u00eetrise des m\u00e9dias sociaux&nbsp;;<br>\n \tLa connaissance de Worpdress et Mailchimp (ou autre logiciel d\u2019emailing) est un atout&nbsp;;<br>\n \tAvoir le sens de l\u2019initiative, \u00eatre curieux et dynamique&nbsp;;<br>\n \tPouvoir travailler de mani\u00e8re autonome&nbsp;;<br>\n \tMontrer un int\u00e9r\u00eat certain pour le secteur de la coop\u00e9ration au d\u00e9veloppement et la justice&nbsp;;<br>\n \tR\u00e9sider en Belgique.<br>\nNous invitons les personnes int\u00e9ress\u00e9es \u00e0 nous envoyer une lettre de motivation et un C.V. (tous deux en fran\u00e7ais) avant le 15 juin 2019 par email \u00e0 job@rcn-ong.be en indiquant \u00ab&nbsp;Stage Communication&nbsp;\u00bb dans l\u2019objet du mail. Les candidats sont invit\u00e9s \u00e0 mentionner leurs disponibilit\u00e9s dans la lettre de motivation. Seuls les candidats s\u00e9lectionn\u00e9s pour un entretien seront recontact\u00e9s. <br>\n \tDur\u00e9e&nbsp;: RCN Justice &amp; D\u00e9mocratie propose un stage d\u2019une dur\u00e9e minimum de trois mois (\u00e0 d\u00e9finir en fonction des disponibilit\u00e9s de la personne retenue) en 4\/5 temps.<\/p>\n\n\n\n<p> \tQuand&nbsp;: Poste \u00e0 pourvoir d\u00e8s que possible. Si un bon candidat se pr\u00e9sente l\u2019appel \u00e0 candidatures peut \u00eatre cl\u00f4tur\u00e9 avant la date indiqu\u00e9e.<\/p>\n\n\n\n<p> \tLieu du stage&nbsp;: 13\/17 Boulevard Adolphe Max \u2013 1000 Bruxelles \u2013 Belgique<\/p>\n\n\n\n<p> \tConditions&nbsp;: convention de stage\/volontariat, non r\u00e9mun\u00e9r\u00e9, indemnisation des frais de transport.<\/p>\n\n\n\n<p>Des informations sur RCN Justice &amp; D\u00e9mocratie sont accessibles sur le site <a rel=\"noreferrer noopener\" href=\"http:\/\/www.rcn-ong.be\/\" target=\"_blank\">www.rcn-ong.be<\/a><\/p>\n\n\n\n<p><a href=\"https:\/\/rcn-ong.be\/201905_stage_en_communication\/\">PDF<\/a><\/p>\n","protected":false},"excerpt":{"rendered":"<p>RCN J&amp;D est une ONG belge qui m\u00e8ne depuis 1994 des projets de reconstruction de l\u2019Etat de droit dans diff\u00e9rents pays en transition ou en d\u00e9veloppement. RCN J&amp;D intervient actuellement en RDC, au Rwanda, au Burundi, au Maroc et en Europe.<\/p>\n<p><span class=\"ellipsis\">&hellip;<\/span><\/p>\n<div class=\"read-more\"><a href=\"https:\/\/rcn-ong.be\/nl\/agir-participer\/offres-demploi\/une-stagiaire-en-communication\/\">Lees meer &#8250;<\/a><\/div>\n<p><!-- end of .read-more --><\/p>\n","protected":false},"author":3,"featured_media":0,"parent":2085,"menu_order":0,"comment_status":"closed","ping_status":"closed","template":"","meta":{"footnotes":""},"class_list":["post-4773","page","type-page","status-publish","hentry"],"_links":{"self":[{"href":"https:\/\/rcn-ong.be\/nl\/wp-json\/wp\/v2\/pages\/4773","targetHints":{"allow":["GET"]}}],"collection":[{"href":"https:\/\/rcn-ong.be\/nl\/wp-json\/wp\/v2\/pages"}],"about":[{"href":"https:\/\/rcn-ong.be\/nl\/wp-json\/wp\/v2\/types\/page"}],"author":[{"embeddable":true,"href":"https:\/\/rcn-ong.be\/nl\/wp-json\/wp\/v2\/users\/3"}],"replies":[{"embeddable":true,"href":"https:\/\/rcn-ong.be\/nl\/wp-json\/wp\/v2\/comments?post=4773"}],"version-history":[{"count":1,"href":"https:\/\/rcn-ong.be\/nl\/wp-json\/wp\/v2\/pages\/4773\/revisions"}],"predecessor-version":[{"id":4774,"href":"https:\/\/rcn-ong.be\/nl\/wp-json\/wp\/v2\/pages\/4773\/revisions\/4774"}],"up":[{"embeddable":true,"href":"https:\/\/rcn-ong.be\/nl\/wp-json\/wp\/v2\/pages\/2085"}],"wp:attachment":[{"href":"https:\/\/rcn-ong.be\/nl\/wp-json\/wp\/v2\/media?parent=4773"}],"curies":[{"name":"wp","href":"https:\/\/api.w.org\/{rel}","templated":true}]}}