{"id":4835,"date":"2019-10-08T16:48:53","date_gmt":"2019-10-08T14:48:53","guid":{"rendered":"https:\/\/rcn-ong.be\/?page_id=4835"},"modified":"2025-04-24T13:07:45","modified_gmt":"2025-04-24T11:07:45","slug":"anciens-pays","status":"publish","type":"page","link":"https:\/\/rcn-ong.be\/nl\/que-faisons-nous\/nos-pays-d-intervention\/anciens-pays\/","title":{"rendered":"Anciens pays d&#8217;intervention"},"content":{"rendered":"<p><span style=\"color: #808080;\"><em>Derni\u00e8re mise \u00e0 jour D\u00e9cembre 2024<\/em><\/span><\/p>\n\n\n<h2 class=\"wp-block-heading\">Burkina Faso<\/h2>\n\n\n\n<ul class=\"wp-block-list\"><li><a rel=\"noreferrer noopener\" href=\"https:\/\/rcn-ong.be\/burkina-faso\/\" target=\"_blank\">Programme 2022-2024 \u00ab Justice de proximit\u00e9, Justice plurielle : concilier et juger pour une paix durable \u00bb<\/a><\/li><li><a rel=\"noreferrer noopener\" href=\"https:\/\/rcn-ong.be\/burkina-faso\/\" target=\"_blank\">Projet 2020-2022 \u00ab Renforcement des moyens d&#8217;accessibilit\u00e9 \u00e0 la Justice et de promotion de la coh\u00e9sion sociale et de la paix \u00bb<\/a><\/li><\/ul>\n\n\n\n<h2 class=\"wp-block-heading\">Chambres Africaines Extraordinaires (Tchad et S\u00e9n\u00e9gal)<\/h2>\n\n\n\n<ul class=\"wp-block-list\"><li><a href=\"https:\/\/rcn-ong.be\/que-faisons-nous\/nos-pays-d-intervention\/chambres-africaines-extraordinaires\/\" target=\"_blank\" rel=\"noreferrer noopener\">Programme 2014 \u2013 2017 \u00ab&nbsp;Sensibilisation de la population aux activit\u00e9s men\u00e9es par les Chambres Africaines Extraordinaires&nbsp;\u00bb<\/a><\/li><\/ul>\n\n\n\n<h2 class=\"wp-block-heading\">Tchad<\/h2>\n\n\n\n<ul class=\"wp-block-list\"><li><a href=\"https:\/\/rcn-ong.be\/wp-content\/uploads\/2019\/10\/Projet-2010.pdf\" target=\"_blank\" rel=\"noreferrer noopener\">Projet 2010 &#8220;Promotion des droits des personnes d\u00e9tenues par un appui \u00e0 la mise en place d\u2019un Observatoire ind\u00e9pendant des prisons&#8221;<\/a> <\/li><\/ul>\n\n\n\n<ul class=\"wp-block-list\"><li><a href=\"https:\/\/rcn-ong.be\/wp-content\/uploads\/2019\/10\/Projet-2009.pdf\" target=\"_blank\" rel=\"noreferrer noopener\">Projet 2009 &#8220;Formation \u00e0 l\u2019Aide Juridique et \u00e0 l\u2019Assistance Judiciaire&#8221;<\/a>  <\/li><\/ul>\n\n\n\n<h2 class=\"wp-block-heading\">Sud Soudan <\/h2>\n\n\n\n<ul class=\"wp-block-list\"><li><a href=\"https:\/\/rcn-ong.be\/wp-content\/uploads\/2019\/10\/SudSoudanProgrammes-2009-.pdf\" target=\"_blank\" rel=\"noreferrer noopener\">Programmes 2009 &#8220;Appui au syst\u00e8me judiciaire du Sud-Soudan et au syst\u00e8me d\u2019application des lois \u00e0 travers le renforcement des capacit\u00e9s procureurs et des officiers de police judiciaire&#8221; et &#8220;Am\u00e9liorer les ressources humaines et des capacit\u00e9s du Minist\u00e8re de la Justice et des D\u00e9veloppements Constitutionnels (Ministry of Legal Affairs and Constitutionnal Developments (MoLACD)&#8221; <\/a><\/li><\/ul>\n\n\n\n<ul class=\"wp-block-list\"><li> <a href=\"https:\/\/rcn-ong.be\/wp-content\/uploads\/2019\/10\/Programme-cl\u00f4tur\u00e9-Sud-Soudan-2007-2008.pdf\" target=\"_blank\" rel=\"noreferrer noopener\">Programme 2007 &#8211; 2008 &#8220;Assistance au syst\u00e8me judiciaire du Sud-Soudan au travers de l\u2019am\u00e9lioration des capacit\u00e9s des ressources humaines et le renforcement des capacit\u00e9s op\u00e9rationnelles&#8221;  <\/a><\/li><\/ul>\n\n\n\n<h2 class=\"wp-block-heading\">Burundi<\/h2>\n\n\n\n<ul class=\"wp-block-list\"><li>2014 &#8211; 2016 : <a rel=\"noreferrer noopener\" href=\"https:\/\/rcn-ong.be\/que-faisons-nous\/nos-pays-d-intervention\/programmes-en-cours\/programme-2014-2016-pour-une-justice-de-proximite-renforcee\/\" target=\"_blank\">&#8220;Pour une justice de proximit\u00e9 renforc\u00e9e&#8221;<\/a><\/li><li>2011 &#8211; 2013 : <a rel=\"noreferrer noopener\" href=\"https:\/\/rcn-ong.be\/?p=2877\" target=\"_blank\">&#8220;Pour une justice conciliatrice de proximit\u00e9&#8221;<\/a><\/li><li>2010 &#8211; 2012 : <a rel=\"noreferrer noopener\" href=\"https:\/\/rcn-ong.be\/?p=2889\" target=\"_blank\">&#8220;Promotion et protection des personnes albinos au Burundi&#8221;<\/a><\/li><li>2009 &#8211; 2011 : <a rel=\"noreferrer noopener\" href=\"https:\/\/rcn-ong.be\/?p=2908\" target=\"_blank\">&#8220;Pour une justice rassurante&#8221;<\/a><\/li><li>2006 &#8211; 2008 : <a rel=\"noreferrer noopener\" href=\"https:\/\/rcn-ong.be\/?p=2913\" target=\"_blank\">&#8220;Pour une justice l\u00e9gitim\u00e9e&#8221;<\/a><\/li><li>2003 &#8211; 2005 : <a rel=\"noreferrer noopener\" href=\"https:\/\/rcn-ong.be\/?p=2917\" target=\"_blank\">&#8220;Pour une \u00e9gale protection devant la loi&#8221;<\/a><\/li><li>2000 &#8211; 2002 : <a rel=\"noreferrer noopener\" href=\"https:\/\/rcn-ong.be\/?p=2921\" target=\"_blank\">&#8220;Appui \u00e0 la Justice au Burundi&#8221;<\/a><\/li><\/ul>\n\n\n\n<h2 class=\"wp-block-heading\"><strong>Ha\u00efti <\/strong><\/h2>\n\n\n\n<ul class=\"wp-block-list\"><li><a href=\"https:\/\/rcn-ong.be\/wp-content\/uploads\/2019\/10\/Haiti2011.pdf\" target=\"_blank\" rel=\"noreferrer noopener\">2011 &#8211; 2012 &#8220;Missions exploratoires dans le contexte post-s\u00e9isme&nbsp;: Renforcer la s\u00e9curit\u00e9 juridique des citoyens en mati\u00e8re fonci\u00e8re et en mati\u00e8re d\u2019\u00e9tat-civil&#8221; <\/a><\/li><\/ul>\n\n\n\n<ul class=\"wp-block-list\"><li><a href=\"https:\/\/rcn-ong.be\/wp-content\/uploads\/2019\/10\/Programme-cl\u00f4tur\u00e9-Ha\u00efti-1996-1997.pdf\" target=\"_blank\" rel=\"noreferrer noopener\">Programme 1996 \u2013 1999 &#8220;Mise en place d\u2019un programme national d\u2019assistance l\u00e9gale en Ha\u00efti&#8221;<\/a><\/li><\/ul>\n","protected":false},"excerpt":{"rendered":"<p><span style=\"color: #808080;\"><em>Derni\u00e8re mise \u00e0 jour D\u00e9cembre 2024<\/em><\/span><\/p>\n<p>Burkina Faso<\/p>\n<ul class=\"wp-block-list\">\n<li><a rel=\"noreferrer noopener\" href=\"https:\/\/rcn-ong.be\/burkina-faso\/\" target=\"_blank\">Programme 2022-2024 \u00ab Justice de proximit\u00e9, Justice plurielle : concilier et juger pour une paix durable \u00bb<\/a><\/li>\n<li><a rel=\"noreferrer noopener\" href=\"https:\/\/rcn-ong.be\/burkina-faso\/\" target=\"_blank\">Projet 2020-2022 \u00ab Renforcement des moyens d&#8217;accessibilit\u00e9 \u00e0 la Justice et de promotion de la coh\u00e9sion sociale et de la paix \u00bb<\/a><\/li>\n<\/ul>\n<p>Chambres Africaines Extraordinaires (Tchad et S\u00e9n\u00e9gal)<\/p>\n<ul class=\"wp-block-list\">\n<li><a href=\"https:\/\/rcn-ong.be\/que-faisons-nous\/nos-pays-d-intervention\/chambres-africaines-extraordinaires\/\" target=\"_blank\" rel=\"noreferrer noopener\">Programme 2014 \u2013 2017 \u00ab&nbsp;Sensibilisation de la population aux activit\u00e9s men\u00e9es par les Chambres Africaines Extraordinaires&nbsp;\u00bb<\/a><\/li>\n<\/ul>\n<p>Tchad<\/p>\n<ul class=\"wp-block-list\">\n<li><a href=\"https:\/\/rcn-ong.be\/wp-content\/uploads\/2019\/10\/Projet-2010.pdf\" target=\"_blank\" rel=\"noreferrer noopener\">Projet 2010 &#8220;Promotion des droits des personnes d\u00e9tenues par un appui \u00e0 la mise en place d\u2019un Observatoire ind\u00e9pendant des prisons&#8221;<\/a><\/li>\n<\/ul>\n<p><span class=\"ellipsis\">&hellip;<\/span><\/p>\n<div class=\"read-more\"><a href=\"https:\/\/rcn-ong.be\/nl\/que-faisons-nous\/nos-pays-d-intervention\/anciens-pays\/\">Lees meer &#8250;<\/a><\/div>\n<p><!-- end of .read-more --><\/p>\n","protected":false},"author":3,"featured_media":0,"parent":2069,"menu_order":0,"comment_status":"closed","ping_status":"closed","template":"","meta":{"footnotes":""},"class_list":["post-4835","page","type-page","status-publish","hentry"],"_links":{"self":[{"href":"https:\/\/rcn-ong.be\/nl\/wp-json\/wp\/v2\/pages\/4835","targetHints":{"allow":["GET"]}}],"collection":[{"href":"https:\/\/rcn-ong.be\/nl\/wp-json\/wp\/v2\/pages"}],"about":[{"href":"https:\/\/rcn-ong.be\/nl\/wp-json\/wp\/v2\/types\/page"}],"author":[{"embeddable":true,"href":"https:\/\/rcn-ong.be\/nl\/wp-json\/wp\/v2\/users\/3"}],"replies":[{"embeddable":true,"href":"https:\/\/rcn-ong.be\/nl\/wp-json\/wp\/v2\/comments?post=4835"}],"version-history":[{"count":18,"href":"https:\/\/rcn-ong.be\/nl\/wp-json\/wp\/v2\/pages\/4835\/revisions"}],"predecessor-version":[{"id":11768,"href":"https:\/\/rcn-ong.be\/nl\/wp-json\/wp\/v2\/pages\/4835\/revisions\/11768"}],"up":[{"embeddable":true,"href":"https:\/\/rcn-ong.be\/nl\/wp-json\/wp\/v2\/pages\/2069"}],"wp:attachment":[{"href":"https:\/\/rcn-ong.be\/nl\/wp-json\/wp\/v2\/media?parent=4835"}],"curies":[{"name":"wp","href":"https:\/\/api.w.org\/{rel}","templated":true}]}}