{"id":4877,"date":"2019-10-10T13:56:46","date_gmt":"2019-10-10T11:56:46","guid":{"rendered":"https:\/\/rcn-ong.be\/?page_id=4877"},"modified":"2019-10-10T14:00:18","modified_gmt":"2019-10-10T12:00:18","slug":"mars-2016-etude-sur-les-fonctionnements-de-la-garde-a-vue-en-rdc","status":"publish","type":"page","link":"https:\/\/rcn-ong.be\/nl\/publications\/etudes\/mars-2016-etude-sur-les-fonctionnements-de-la-garde-a-vue-en-rdc\/","title":{"rendered":"Mars 2016 : Etude sur les fonctionnements de la garde \u00e0 vue en RDC"},"content":{"rendered":"\n<p>Cette \u00e9tude analyse les pratiques des policiers en mati\u00e8re de garde \u00e0 vue dans la province du Kasa\u00ef-Occidental et dans la ville-province de Kinshasa.<\/p>\n\n\n\n<p>La tr\u00e8s grande majorit\u00e9 des discours recueillis au cours des 135 entretiens r\u00e9alis\u00e9s se r\u00e9partissent entre justification des pratiques et d\u00e9nonciation ou marginalisation des pratiques \u00ab&nbsp;ill\u00e9gales&nbsp;\u00bb. En premier lieu, la d\u00e9ficience des moyens mat\u00e9riels et humains vient souvent justifier les entorses \u00e0 la proc\u00e9dure.<\/p>\n\n\n\n<p>Les entretiens font \u00e9tat d\u2019une conflictualit\u00e9 importante entre les officiers de police judiciaire et leur hi\u00e9rarchie directe. Par ailleurs, dans leurs relations avec les usagers, les OPJ d\u00e9crivent leur r\u00f4le de conciliation entre les parties. La circulation de flux financiers autour de la garde \u00e0 vue (saisies, amendes, etc.), et les pratiques de la corruption d\u00e9crites, montrent autant une rh\u00e9torique de justification (principalement la survie) qu\u2019une d\u00e9nonciation, et ce, souvent au sein d\u2019un m\u00eame entretien, confirmant une \u00ab&nbsp;\u00e9conomie morale&nbsp;\u00bb de la corruption.<\/p>\n\n\n\n<p>\u00c0 partir des pratiques observ\u00e9es et d\u00e9crites par les acteurs, cette \u00e9tude pr\u00e9sente des recommandations, proposant ainsi une nouvelle distribution des pouvoirs et des contrepouvoirs.  Il s\u2019agit notamment de dispositifs susceptibles de modifier les interactions entre les acteurs, tels que des Commissions mixtes de contr\u00f4le des activit\u00e9s des OPJ et des modalit\u00e9s de reversement des amendes transactionnelles, une clarification des modalit\u00e9s de  d\u00e9militarisation de la police, ou encore l\u2019\u00e9laboration de plans de r\u00e9novation des infrastructures.<\/p>\n\n\n\n<figure class=\"wp-block-image\"><a href=\"http:\/\/www.rcn-ong.be\/IMG\/pdf\/2016_-_rcn_jd_rdc_etude_garde_a_vue.pdf\"><img decoding=\"async\" src=\"http:\/\/www.rcn-ong.be\/local\/cache-vignettes\/L100xH142\/etude_gav-644e5.jpg?1489048335\" alt=\"\"\/><\/a><\/figure>\n\n\n\n<p><strong>Mars 2016&nbsp;: Etude garde \u00e0 vue<\/strong><\/p>\n","protected":false},"excerpt":{"rendered":"<p>Cette \u00e9tude analyse les pratiques des policiers en mati\u00e8re de garde \u00e0 vue dans la province du Kasa\u00ef-Occidental et dans la ville-province de Kinshasa.<\/p>\n<p>La tr\u00e8s grande majorit\u00e9 des discours recueillis au cours des 135 entretiens r\u00e9alis\u00e9s se r\u00e9partissent entre justification des pratiques et d\u00e9nonciation ou marginalisation des pratiques \u00ab&nbsp;ill\u00e9gales&nbsp;\u00bb.<\/p>\n<p><span class=\"ellipsis\">&hellip;<\/span><\/p>\n<div class=\"read-more\"><a href=\"https:\/\/rcn-ong.be\/nl\/publications\/etudes\/mars-2016-etude-sur-les-fonctionnements-de-la-garde-a-vue-en-rdc\/\">Lees meer &#8250;<\/a><\/div>\n<p><!-- end of .read-more --><\/p>\n","protected":false},"author":3,"featured_media":0,"parent":2077,"menu_order":0,"comment_status":"closed","ping_status":"closed","template":"","meta":{"footnotes":""},"class_list":["post-4877","page","type-page","status-publish","hentry"],"_links":{"self":[{"href":"https:\/\/rcn-ong.be\/nl\/wp-json\/wp\/v2\/pages\/4877","targetHints":{"allow":["GET"]}}],"collection":[{"href":"https:\/\/rcn-ong.be\/nl\/wp-json\/wp\/v2\/pages"}],"about":[{"href":"https:\/\/rcn-ong.be\/nl\/wp-json\/wp\/v2\/types\/page"}],"author":[{"embeddable":true,"href":"https:\/\/rcn-ong.be\/nl\/wp-json\/wp\/v2\/users\/3"}],"replies":[{"embeddable":true,"href":"https:\/\/rcn-ong.be\/nl\/wp-json\/wp\/v2\/comments?post=4877"}],"version-history":[{"count":1,"href":"https:\/\/rcn-ong.be\/nl\/wp-json\/wp\/v2\/pages\/4877\/revisions"}],"predecessor-version":[{"id":4878,"href":"https:\/\/rcn-ong.be\/nl\/wp-json\/wp\/v2\/pages\/4877\/revisions\/4878"}],"up":[{"embeddable":true,"href":"https:\/\/rcn-ong.be\/nl\/wp-json\/wp\/v2\/pages\/2077"}],"wp:attachment":[{"href":"https:\/\/rcn-ong.be\/nl\/wp-json\/wp\/v2\/media?parent=4877"}],"curies":[{"name":"wp","href":"https:\/\/api.w.org\/{rel}","templated":true}]}}